{"id":894,"date":"2025-04-15T09:42:47","date_gmt":"2025-04-15T09:42:47","guid":{"rendered":"https:\/\/red-lighttherapy.com\/?post_type=product&#038;p=894"},"modified":"2025-04-16T16:37:17","modified_gmt":"2025-04-16T16:37:17","slug":"bespoke-clamshell-gift-box-for-1-gram-concentrate-live-resin","status":"publish","type":"product","link":"https:\/\/red-lighttherapy.com\/sv\/bespoke-clamshell-gift-box-for-1-gram-concentrate-live-resin\/","title":{"rendered":"Skr\u00e4ddarsydd Clamshell-presentask f\u00f6r 1 gram koncentrat Live Resin"},"content":{"rendered":"<h2 id=\"-customized-flip-top-gift-box-1g-concentrated-active-resin-exclusive-protection-solution-\"><strong>Anpassad flip-top presentf\u00f6rpackning 1 g koncentrerad aktiv harts exklusiv skyddsl\u00f6sning<\/strong><\/h2>\n<h2 id=\"-1-ergonomic-flip-top-design-one-handed-operation-without-burden-\"><strong>1. Ergonomisk flip-top-design, enhandsman\u00f6vrering utan belastning<\/strong><\/h2>\n<ul>\n<li>Med hj\u00e4lp av precisionsg\u00e5ngj\u00e4rn och magnetiskt sp\u00e4nne kan man med enhandsgrepp smidigt \u00f6ppna och st\u00e4nga, vilket g\u00f6r att man slipper problemet med att traditionella vikl\u00e5dor l\u00e4tt fastnar eller lossnar.<\/li>\n<li>Flip-topens livsl\u00e4ngd har testats f\u00f6r 10.000 \u00f6ppningar och st\u00e4ngningar, och h\u00e5llbarheten har \u00f6kat med 300%, vilket uppfyller behoven vid h\u00f6gfrekvent anv\u00e4ndning.<\/li>\n<\/ul>\n<h2 id=\"-2-environmentally-friendly-coated-paper-material-taking-into-account-strength-and-sustainability-\"><strong>2. Milj\u00f6v\u00e4nligt bestruket pappersmaterial, med h\u00e4nsyn tagen till styrka och h\u00e5llbarhet<\/strong><\/h2>\n<ul>\n<li>Valt FSC-certifierat tjockbestruket papper (tillval matt film\/bright film), h\u00e5rdhet 400 g\/m\u00b2, b\u00e4rf\u00f6rm\u00e5ga \u00f6ver 500 g, skyddar 1 g hartsprodukter ordentligt.<\/li>\n<li>St\u00f6dja milj\u00f6v\u00e4nlig bl\u00e4cktryckning och nedbrytbar bel\u00e4ggningsprocess, i linje med milj\u00f6skyddskraven p\u00e5 de europeiska och amerikanska marknaderna.<\/li>\n<\/ul>\n<h2 id=\"-3-precision-die-cutting-process-millimeter-level-precision-adaptation-\"><strong>3. Precisionsstansningsprocess, anpassning av precision p\u00e5 millimeterniv\u00e5<\/strong><\/h2>\n<ul>\n<li>Lasersk\u00e4rningsteknik s\u00e4kerst\u00e4ller att det inte finns n\u00e5gra grader p\u00e5 kanten av l\u00e5dan, s\u00f6mtoleransen \u00e4r \u22640,3 mm, ber\u00f6ringen \u00e4r k\u00e4nslig och undviker risken f\u00f6r repor.<\/li>\n<li>Djupet p\u00e5 det inbyggda cirkul\u00e4ra sp\u00e5ret \u00e4r anpassat till den vanliga 1 gram koncentratstorleken i branschen (diameter 20 mm \/ justerbar), och EVA-buffertskiktet av livsmedelskvalitet anv\u00e4nds, vilket \u00e4r st\u00f6tt\u00e5ligt och tryckt\u00e5ligt och har noll f\u00f6rskjutning under transport.<\/li>\n<\/ul>\n<h2 id=\"-4-minimalist-blank-design-interpreting-high-end-tonality-\"><strong>4. Minimalistisk blank design, tolkar high-end tonalitet<\/strong><\/h2>\n<ul>\n<li>Den rena f\u00e4rgmatta basen matchas med en tom design utan LOGO, vilket framh\u00e4ver v\u00e4rdet av inneh\u00e5llet och st\u00f6der varmst\u00e4mpling, pr\u00e4gling, UV-partial ljus yta och annan processanpassning.<\/li>\n<li>Valfritt magnetiskt sammetsfoder, namnskylt i metall eller anpassad kortplats f\u00f6r att f\u00f6rst\u00e4rka k\u00e4nslan av uppackningsceremoni.<\/li>\n<\/ul>\n<h2 id=\"-customized-service-\"><strong>5. Anpassad service<\/strong><\/h2>\n<ul>\n<li><strong>Flexibel storlek<\/strong>: St\u00f6der justering av sp\u00e5r med en diameter p\u00e5 15-30 mm, vilket anpassar sig till specialformade vaxburkar eller f\u00f6rpackningsbehov med flera galler.<\/li>\n<li><strong>Strukturell uppgradering<\/strong>: F\u00f6rseglingar mot f\u00f6rfalskning, utdragbara innerbackar eller stapling i dubbla lager kan l\u00e4ggas till.<\/li>\n<li><strong>L\u00f6sning f\u00f6r utskrift<\/strong>: Pantone spotf\u00e4rger, fluorescerande f\u00e4rger, pr\u00e4glat tryck och andra nischprocesser tillhandah\u00e5lls, och hela boxytans visuella anpassning av varum\u00e4rket st\u00f6ds.<\/li>\n<li><strong>Tillbeh\u00f6r merv\u00e4rde<\/strong>: Med anpassade verktyg (t.ex. mikrospatlar), instruktionsblad eller elektroniska chip (NFC-sp\u00e5rbarhet).<\/li>\n<\/ul>\n<h3 id=\"-application-scenarios-\"><strong>6. Till\u00e4mpningsscenarier<\/strong><\/h3>\n<ul>\n<li>H\u00f6gkvalitativa presentf\u00f6rpackningar med koncentrerad harts<\/li>\n<li>F\u00f6rpackningar f\u00f6r co-brandade produkter i begr\u00e4nsad upplaga<\/li>\n<li>F\u00f6rseglad f\u00f6rvaring av aktiva ingredienser av medicinsk kvalitet<\/li>\n<li>Exklusiva skr\u00e4ddarsydda presentaskar f\u00f6r varum\u00e4rkesmedlemmar<\/li>\n<\/ul>","protected":false},"excerpt":{"rendered":"<p>Clamshell-presentf\u00f6rpackningen som \u00e4r speciellt utformad f\u00f6r h\u00f6gv\u00e4rdigt koncentrerat levande harts (Live Resin) kombinerar minimalistisk estetik med funktionell design och anv\u00e4nder precisionshantverk f\u00f6r att uppn\u00e5 en trippel uppgradering av produktskydd, b\u00e4rbar upplevelse och varum\u00e4rkesstruktur. Den \u00e4r l\u00e4mplig f\u00f6r exklusiva g\u00e5vor, begr\u00e4nsade upplagor eller nischade anpassningsbehov.<\/p>","protected":false},"featured_media":896,"template":"","meta":{"_kad_post_transparent":"default","_kad_post_title":"","_kad_post_layout":"default","_kad_post_sidebar_id":"","_kad_post_content_style":"default","_kad_post_vertical_padding":"default","_kad_post_feature":"","_kad_post_feature_position":"","_kad_post_header":false,"_kad_post_footer":false,"_kad_post_classname":""},"product_brand":[],"product_cat":[15,27,17],"product_tag":[339,340,338],"class_list":{"0":"post-894","1":"product","2":"type-product","3":"status-publish","4":"has-post-thumbnail","6":"product_cat-red-light-therapy","7":"product_cat-red-light-therapy-belt","8":"product_cat-services","9":"product_tag-bespoke-live-resin-gift-box","10":"product_tag-clamshell-gift-box-for-concentrate","11":"product_tag-gift-box-for-1-gram-concentrate","13":"first","14":"instock","15":"shipping-taxable","16":"product-type-simple","17":"entry","18":"content-bg","19":"loop-entry"},"_links":{"self":[{"href":"https:\/\/red-lighttherapy.com\/sv\/wp-json\/wp\/v2\/product\/894","targetHints":{"allow":["GET"]}}],"collection":[{"href":"https:\/\/red-lighttherapy.com\/sv\/wp-json\/wp\/v2\/product"}],"about":[{"href":"https:\/\/red-lighttherapy.com\/sv\/wp-json\/wp\/v2\/types\/product"}],"wp:featuredmedia":[{"embeddable":true,"href":"https:\/\/red-lighttherapy.com\/sv\/wp-json\/wp\/v2\/media\/896"}],"wp:attachment":[{"href":"https:\/\/red-lighttherapy.com\/sv\/wp-json\/wp\/v2\/media?parent=894"}],"wp:term":[{"taxonomy":"product_brand","embeddable":true,"href":"https:\/\/red-lighttherapy.com\/sv\/wp-json\/wp\/v2\/product_brand?post=894"},{"taxonomy":"product_cat","embeddable":true,"href":"https:\/\/red-lighttherapy.com\/sv\/wp-json\/wp\/v2\/product_cat?post=894"},{"taxonomy":"product_tag","embeddable":true,"href":"https:\/\/red-lighttherapy.com\/sv\/wp-json\/wp\/v2\/product_tag?post=894"}],"curies":[{"name":"wp","href":"https:\/\/api.w.org\/{rel}","templated":true}]}}