{"id":893,"date":"2025-04-15T09:26:53","date_gmt":"2025-04-15T09:26:53","guid":{"rendered":"https:\/\/red-lighttherapy.com\/?post_type=product&#038;p=893"},"modified":"2025-04-16T16:38:38","modified_gmt":"2025-04-16T16:38:38","slug":"customized-clamshell-magnetic-perfume-box-gift-box-sourcing","status":"publish","type":"product","link":"https:\/\/red-lighttherapy.com\/sv\/customized-clamshell-magnetic-perfume-box-gift-box-sourcing\/","title":{"rendered":"Anpassad Clamshell Magnetisk parfyml\u00e5da Presentask Sourcing"},"content":{"rendered":"<h3 id=\"1-material-selection-the-golden-combination-of-coated-paper-and-cardboard-\">1.\u00a0<strong>Materialval: den gyllene kombinationen av bestruket papper och kartong<\/strong><\/h3>\n<p>Presentf\u00f6rpackningen inneh\u00e5ller\u00a0<strong>bestruket papper<\/strong>\u00a0som ytpapper. Dess yta \u00e4r sl\u00e4t och absorberande. Det kan exakt \u00e5terst\u00e4lla h\u00f6gprecisionsm\u00f6nster och k\u00e4nsliga gradienteffekter. Det \u00e4r s\u00e4rskilt l\u00e4mpligt f\u00f6r m\u00f6nster med metalliska texturer eller ljus- och skuggniv\u00e5er.\u00a0<strong>1200g enkelsidig kartong<\/strong>\u00a0anv\u00e4nds f\u00f6r botten. Tjockleken och b\u00e4rf\u00f6rm\u00e5gan m\u00e4ts strikt f\u00f6r att s\u00e4kerst\u00e4lla att l\u00e5dans kropp \u00e4r stabil och inte l\u00e4tt att deformera. Samtidigt anv\u00e4nds den interna strukturdesignen (s\u00e5som bikakekartongstoppning) f\u00f6r att f\u00f6rb\u00e4ttra fixeringen av parfymen f\u00f6r att undvika skador som orsakas av skakning under transporten.<\/p>\n<h3 id=\"2-appearance-design-deep-purple-tone-and-four-color-spot-color-technology-fusion-\">2.\u00a0<strong>Utseende: djupt lila ton och fusion av fyrf\u00e4rgsteknik och spotf\u00e4rgsteknik<\/strong><\/h3>\n<p>Basf\u00e4rgen anv\u00e4nder\u00a0<strong>djupt lila<\/strong>som symboliserar elegans och mystik och som passar parfymprodukternas positionering i high-endsegmentet.\u00a0<strong>Fyrf\u00e4rgstryck (CMYK)<\/strong>\u00a0anv\u00e4nds f\u00f6r att uppn\u00e5 grundl\u00e4ggande f\u00e4rgt\u00e4ckning, och\u00a0<strong>tryck i spotf\u00e4rg<\/strong>\u00a0(t.ex. Pantone f\u00e4rgkort anpassad f\u00e4rg) l\u00e4ggs \u00f6ver f\u00f6r att markera varum\u00e4rkets LOGO eller speciell struktur f\u00f6r att s\u00e4kerst\u00e4lla f\u00e4rgm\u00e4ttnad och konsistens. Till exempel antar LOGO-delen den heta st\u00e4mplingens speciella f\u00e4rgprocess f\u00f6r att bilda ett visuellt fokus p\u00e5 den matta bakgrunden, och den \u00f6vergripande stilen \u00e4r enkel men \u00e4nd\u00e5 lyxig.<\/p>\n<h3 id=\"3-surface-treatment-matt-film-process-improves-practicality-and-protection-\">3.\u00a0<strong>Ytbehandling: Matt filmprocess f\u00f6rb\u00e4ttrar anv\u00e4ndbarhet och skydd<\/strong><\/h3>\n<p>L\u00e5dans yta \u00e4r t\u00e4ckt med\u00a0<strong>matt film<\/strong>, som har egenskaper som antifouling, anti-fingeravtryck och n\u00f6tningsbest\u00e4ndighet. Ytan \u00e4r t\u00e4ckt med matt film f\u00f6r att bilda en h\u00f6gkvalitativ matt yta, som kan undvika st\u00f6rning av reflektion och samtidigt f\u00f6rhindra erosion av fukt, olja och alkohol och f\u00f6rl\u00e4nga presentf\u00f6rpackningens livsl\u00e4ngd.<\/p>\n<h3 id=\"4-structural-design-the-convenience-and-aesthetic-balance-of-the-top-and-bottom-box-flap-\">4.\u00a0<strong>Strukturell design: bekv\u00e4mligheten och den estetiska balansen mellan den \u00f6vre och nedre l\u00e5dfliken<\/strong><\/h3>\n<p>Antagande av\u00a0<strong>\u00f6vre och undre boxklaffstruktur<\/strong>, den \u00f6vre l\u00e5dan och den nedre l\u00e5dan st\u00e4ngs av den magnetiska sugstrukturen, och \u00f6ppnings- och st\u00e4ngningsvinkeln \u00e4r upp till 180 \u00b0, vilket \u00e4r l\u00e4tt att ta och s\u00e4tta parfym. F\u00f6rh\u00e5llandet mellan l\u00e5dans lock och l\u00e5dkroppen har optimerats ergonomiskt, vilket kan \u00f6ppnas och st\u00e4ngas med en hand, vilket \u00e4r enkelt och snabbt, vilket sparar tid.<\/p>\n<h3 id=\"5-personalized-customization-flexibly-adapt-to-brand-creative-needs-\">5.\u00a0<strong>Personlig anpassning: flexibel anpassning till varum\u00e4rkets kreativa behov<\/strong><\/h3>\n<p>L\u00e5dans yta st\u00f6der\u00a0<strong>utskrift i fullbredd<\/strong>och kan skr\u00e4ddarsy m\u00f6nster, texter och varum\u00e4rkesber\u00e4ttelser. Till exempel kan digital tryckteknik anv\u00e4ndas f\u00f6r att uppn\u00e5 sm\u00e5 partier med h\u00f6g precision, eller pr\u00e4gling och varmst\u00e4mplingsprocesser kan kombineras f\u00f6r att f\u00f6rb\u00e4ttra den taktila niv\u00e5n. Kunderna kan tillhandah\u00e5lla designutkast eller l\u00e5ta professionella team utf\u00f6ra kreativ design f\u00f6r att s\u00e4kerst\u00e4lla att presentf\u00f6rpackningen f\u00f6rmedlar varum\u00e4rkesv\u00e4rde fr\u00e5n utseende till inneh\u00e5ll.<\/p>\n<h3 id=\"6-box-type-adaptation-flexibility-of-multi-scenario-applications-\">6.\u00a0<strong>Anpassning av l\u00e5dtyp: flexibilitet f\u00f6r till\u00e4mpningar med flera scenarier<\/strong><\/h3>\n<p>F\u00f6rutom de vanliga topp- och bottenl\u00e5dorna,\u00a0<strong>l\u00e5dtyp, vikningstyp, magnetisk sp\u00e4nnetyp<\/strong>\u00a0och andra diversifierade l\u00e5dtyper finns tillg\u00e4ngliga. Till exempel kan den avancerade linjen anv\u00e4nda en nestningsstruktur med dubbla lager f\u00f6r att f\u00f6rb\u00e4ttra k\u00e4nslan av mysterium, medan den begr\u00e4nsade upplagan kan integreras med en avtagbar liner eller dofttestanordning f\u00f6r att f\u00f6rb\u00e4ttra den interaktiva upplevelsen. Alla typer av l\u00e5dor har klarat fall- och tryckbest\u00e4ndighetstester f\u00f6r att s\u00e4kerst\u00e4lla transports\u00e4kerheten.<\/p>\n<h3 id=\"7-capacity-guarantee-full-process-quality-control-of-5320-workshop-\">7.\u00a0<strong>Kapacitetsgaranti: kvalitetskontroll av 5320\u33a1-verkstaden i hela processen<\/strong><\/h3>\n<p>Vi har v\u00e5ra egna\u00a0<strong>5320 kvadratmeter intelligent produktionsbas<\/strong>, utrustad med avancerad utrustning som Heidelberg sexf\u00e4rgstryckmaskiner och helautomatiska stansmaskiner, som st\u00f6der full processkontroll fr\u00e5n design till leverans. F\u00f6lj strikt ISO-kvalitetsstyrningssystemet, med en daglig produktionskapacitet p\u00e5 mer \u00e4n 30 000 stycken, och br\u00e5dskande best\u00e4llningar kan levereras p\u00e5 7 dagar. Det digitala hanteringssystemet \u00f6vervakar temperatur, luftfuktighet, bl\u00e4ckkoncentration och andra parametrar i realtid f\u00f6r att s\u00e4kerst\u00e4lla produktkonsistens.<\/p>","protected":false},"excerpt":{"rendered":"<p>Denna presentf\u00f6rpackning \u00e4r en gemensam innovation av material, hantverk och design, med h\u00e4nsyn till funktionalitet, estetik och varum\u00e4rkeston. Den \u00e4r l\u00e4mplig f\u00f6r avancerade parfymer, presentf\u00f6rpackningar f\u00f6r semester eller begr\u00e4nsade gemensamma produkter. Genom en flexibel leveranskedja och strikt kvalitetskontroll ger den kunderna effektiva och tillf\u00f6rlitliga skr\u00e4ddarsydda l\u00f6sningar.<\/p>","protected":false},"featured_media":920,"template":"","meta":{"_kad_post_transparent":"default","_kad_post_title":"","_kad_post_layout":"default","_kad_post_sidebar_id":"","_kad_post_content_style":"default","_kad_post_vertical_padding":"default","_kad_post_feature":"","_kad_post_feature_position":"","_kad_post_header":false,"_kad_post_footer":false,"_kad_post_classname":""},"product_brand":[],"product_cat":[15,27,17],"product_tag":[341,342,343],"class_list":{"0":"post-893","1":"product","2":"type-product","3":"status-publish","4":"has-post-thumbnail","6":"product_cat-red-light-therapy","7":"product_cat-red-light-therapy-belt","8":"product_cat-services","9":"product_tag-customized-clamshell-box","10":"product_tag-magnetic-perfume-box","11":"product_tag-perfume-gift-box-sourcing","13":"first","14":"instock","15":"shipping-taxable","16":"product-type-simple","17":"entry","18":"content-bg","19":"loop-entry"},"_links":{"self":[{"href":"https:\/\/red-lighttherapy.com\/sv\/wp-json\/wp\/v2\/product\/893","targetHints":{"allow":["GET"]}}],"collection":[{"href":"https:\/\/red-lighttherapy.com\/sv\/wp-json\/wp\/v2\/product"}],"about":[{"href":"https:\/\/red-lighttherapy.com\/sv\/wp-json\/wp\/v2\/types\/product"}],"wp:featuredmedia":[{"embeddable":true,"href":"https:\/\/red-lighttherapy.com\/sv\/wp-json\/wp\/v2\/media\/920"}],"wp:attachment":[{"href":"https:\/\/red-lighttherapy.com\/sv\/wp-json\/wp\/v2\/media?parent=893"}],"wp:term":[{"taxonomy":"product_brand","embeddable":true,"href":"https:\/\/red-lighttherapy.com\/sv\/wp-json\/wp\/v2\/product_brand?post=893"},{"taxonomy":"product_cat","embeddable":true,"href":"https:\/\/red-lighttherapy.com\/sv\/wp-json\/wp\/v2\/product_cat?post=893"},{"taxonomy":"product_tag","embeddable":true,"href":"https:\/\/red-lighttherapy.com\/sv\/wp-json\/wp\/v2\/product_tag?post=893"}],"curies":[{"name":"wp","href":"https:\/\/api.w.org\/{rel}","templated":true}]}}