{"id":871,"date":"2025-04-15T06:50:34","date_gmt":"2025-04-15T06:50:34","guid":{"rendered":"https:\/\/red-lighttherapy.com\/?post_type=product&#038;p=871"},"modified":"2025-04-15T07:42:52","modified_gmt":"2025-04-15T07:42:52","slug":"satin-lined-magnetic-closure-box-wigs-hair-extension-online","status":"publish","type":"product","link":"https:\/\/red-lighttherapy.com\/sv\/satin-lined-magnetic-closure-box-wigs-hair-extension-online\/","title":{"rendered":"Satinfodrad magnetisk f\u00f6rslutning Box peruker h\u00e5rf\u00f6rl\u00e4ngning online"},"content":{"rendered":"<h2 id=\"-satin-magnetic-buckle-wig-hair-extension-magnetic-box-product-description-\"><strong>Satin Magnetic Closure Peruk H\u00e5rf\u00f6rl\u00e4ngning Magnetisk l\u00e5da Produktbeskrivning<\/strong><\/h2>\n<h2 id=\"1-magnetic-box-design-quiet-and-convenient-\">1.\u00a0<strong>L\u00e5ddesign med magnetisk st\u00e4ngning, tyst och bekv\u00e4m<\/strong><\/h2>\n<p>Den innovativa tekniken med tysta magnetiska sp\u00e4nnen g\u00f6r det enkelt att \u00f6ppna och st\u00e4nga med en hand, vilket helt l\u00f6ser problemen med traditionella sp\u00e4nnen som \u00e4r l\u00e4tta att b\u00e4ra och besv\u00e4rliga att anv\u00e4nda. Den magnetiska strukturen har testats exakt f\u00f6r att s\u00e4kerst\u00e4lla att den uppr\u00e4tth\u00e5ller stabil adsorptionskraft under h\u00f6gfrekvent anv\u00e4ndning och \u00e4r l\u00e4mplig f\u00f6r dagliga anv\u00e4ndningsscenarier f\u00f6r peruker och h\u00e5rf\u00f6rl\u00e4ngningsprodukter, vilket avsev\u00e4rt f\u00f6rb\u00e4ttrar anv\u00e4ndarupplevelsen och varum\u00e4rkets serviceeffektivitet.<\/p>\n<h2 id=\"2-hot-stamping-process-and-three-dimensional-pattern-\">2.\u00a0<strong>Varm st\u00e4mplingsprocess och tredimensionellt m\u00f6nster<\/strong><\/h2>\n<p>L\u00e5dans yta anv\u00e4nder h\u00f6gprecisions varmst\u00e4mplingsteknik f\u00f6r att presentera varum\u00e4rkets LOGO eller anpassat tredimensionellt m\u00f6nster (t.ex. blommor, geometriska m\u00f6nster etc.), vilket bildar en delikat glansig kontrast p\u00e5 satinmaterialet, vilket f\u00f6rb\u00e4ttrar den visuella skiktningen och den avancerade strukturen.<\/p>\n<h2 id=\"3-pink-main-color-stimulates-purchasing-desire-\">3.\u00a0<strong>Rosa huvudf\u00e4rg stimulerar k\u00f6plusten<\/strong><\/h2>\n<p>L\u00e5dans kropp \u00e4r huvudsakligen i mjukt rosa, kombinerat med en matt satintouch, som f\u00f6rmedlar elegans och flickighet, exakt matchar de kvinnliga konsumenternas estetiska preferenser och stimulerar impulsk\u00f6p.<\/p>\n<h2 id=\"4-replaceable-ribbon-accessory-design-\">4.\u00a0<strong>Design f\u00f6r utbytbara tillbeh\u00f6r f\u00f6r f\u00e4rgband<\/strong><\/h2>\n<p>Standard satinband i samma f\u00e4rg st\u00f6der s\u00e4songsbetonade tematillbeh\u00f6rsbyte (t.ex. semesterbegr\u00e4nsade broderade band, avtagbara h\u00e4ngen), inget behov av att byta ut hela f\u00f6rpackningsl\u00e5dan, vilket avsev\u00e4rt minskar iterationskostnaderna. Kunderna kan flexibelt anpassa bandets text och f\u00e4rgmatchning f\u00f6r att m\u00f6ta behoven hos marknadsf\u00f6ringsaktiviteter.<\/p>\n<h2 id=\"5-eva-impact-resistant-lining-protection-\">5.\u00a0<strong>EVA-st\u00f6td\u00e4mpande foderskydd<\/strong><\/h2>\n<p>Inb\u00e4ddat EVA-buffertlager med h\u00f6g densitet, bikakestrukturen absorberar st\u00f6tar under transport eller fall f\u00f6r att undvika deformation av peruken eller skador p\u00e5 tillbeh\u00f6r. Fodret kan tas bort och reng\u00f6ras f\u00f6r att f\u00f6rl\u00e4nga f\u00f6rpackningens livsl\u00e4ngd.<\/p>\n<h2 id=\"6-customized-service-and-supply-chain-advantages-\">6.\u00a0<strong>Kundanpassad service och f\u00f6rdelar med leveranskedjan<\/strong><\/h2>\n<ul>\n<li><strong>Flexibel parameterjustering<\/strong>: St\u00f6d f\u00f6r onlineanpassning av storlek (anpassningsbar till korta h\u00e5rstycken till l\u00e5nga h\u00e5rupps\u00e4ttningar), boxstruktur (rutn\u00e4t \/ enkelskikt), material (milj\u00f6v\u00e4nligt \u00e5tervunnet l\u00e4der \/ h\u00e5rd pappersbas) kombination f\u00f6r att m\u00f6ta olika behov.<\/li>\n<li><strong>L\u00e5g minsta orderkvantitet<\/strong>: MOQ s\u00e5 l\u00e5g som 500 st, sm\u00e5 batchorder kan ocks\u00e5 produceras f\u00f6r att minska kundens lagertryck.<\/li>\n<li><strong>Snabb leverans<\/strong>: F\u00f6rlitar sig p\u00e5 intelligenta produktionslinjer, det tar 7-15 dagar fr\u00e5n provproduktion till massproduktion och samarbetar med det globala logistikn\u00e4tverket f\u00f6r att uppn\u00e5 effektiv leverans.<\/li>\n<\/ul>\n<h2 id=\"7-applicable-scenarios-and-brand-value-\">7.\u00a0<strong>Till\u00e4mpliga scenarier och varum\u00e4rkesv\u00e4rde<\/strong><\/h2>\n<ul>\n<li><strong>Konsumentens slut<\/strong>: Kan anv\u00e4ndas f\u00f6r personlig f\u00f6rvaring av peruker och f\u00f6r presentutdelning, vilket f\u00f6rst\u00e4rker k\u00e4nslan av en ceremoni n\u00e4r produkten packas upp;<\/li>\n<li><strong>Aff\u00e4rsavslut<\/strong>: Sk\u00f6nhetssalonger och perukkedjor kan st\u00e4rka sin exklusiva image genom enhetliga f\u00f6rpackningar;<\/li>\n<li><strong>Koncept f\u00f6r milj\u00f6skydd<\/strong>: Materialet \u00e4r FSC-certifierat, och bandet och fodret kan \u00e5teranv\u00e4ndas, vilket svarar mot trenden med h\u00e5llbar konsumtion.<\/li>\n<\/ul>","protected":false},"excerpt":{"rendered":"<p>Magnetisk st\u00e4ngning box typ Tyst magnetiskt sp\u00e4nne inser bekv\u00e4mligheten med enhands\u00f6ppning och st\u00e4ngning, vilket undviker sm\u00e4rtpunkten med l\u00e4tt slitage av traditionella sp\u00e4nnen. Det \u00e4r l\u00e4mpligt f\u00f6r h\u00f6gfrekvent \u00f6ppning och st\u00e4ngning av peruker och h\u00e5r, vilket f\u00f6rb\u00e4ttrar anv\u00e4ndarupplevelsen och varum\u00e4rkets serviceeffektivitet.<\/p>","protected":false},"featured_media":872,"template":"","meta":{"_kad_post_transparent":"default","_kad_post_title":"","_kad_post_layout":"default","_kad_post_sidebar_id":"","_kad_post_content_style":"default","_kad_post_vertical_padding":"default","_kad_post_feature":"","_kad_post_feature_position":"","_kad_post_header":false,"_kad_post_footer":false,"_kad_post_classname":""},"product_brand":[],"product_cat":[15,27,17],"product_tag":[330,322,331],"class_list":{"0":"post-871","1":"product","2":"type-product","3":"status-publish","4":"has-post-thumbnail","6":"product_cat-red-light-therapy","7":"product_cat-red-light-therapy-belt","8":"product_cat-services","9":"product_tag-hair-extension-box","10":"product_tag-magnetic-closure-box-for-wigs","11":"product_tag-wigs-hair-extension-rigid-box-online","13":"first","14":"instock","15":"shipping-taxable","16":"product-type-simple","17":"entry","18":"content-bg","19":"loop-entry"},"_links":{"self":[{"href":"https:\/\/red-lighttherapy.com\/sv\/wp-json\/wp\/v2\/product\/871","targetHints":{"allow":["GET"]}}],"collection":[{"href":"https:\/\/red-lighttherapy.com\/sv\/wp-json\/wp\/v2\/product"}],"about":[{"href":"https:\/\/red-lighttherapy.com\/sv\/wp-json\/wp\/v2\/types\/product"}],"wp:featuredmedia":[{"embeddable":true,"href":"https:\/\/red-lighttherapy.com\/sv\/wp-json\/wp\/v2\/media\/872"}],"wp:attachment":[{"href":"https:\/\/red-lighttherapy.com\/sv\/wp-json\/wp\/v2\/media?parent=871"}],"wp:term":[{"taxonomy":"product_brand","embeddable":true,"href":"https:\/\/red-lighttherapy.com\/sv\/wp-json\/wp\/v2\/product_brand?post=871"},{"taxonomy":"product_cat","embeddable":true,"href":"https:\/\/red-lighttherapy.com\/sv\/wp-json\/wp\/v2\/product_cat?post=871"},{"taxonomy":"product_tag","embeddable":true,"href":"https:\/\/red-lighttherapy.com\/sv\/wp-json\/wp\/v2\/product_tag?post=871"}],"curies":[{"name":"wp","href":"https:\/\/api.w.org\/{rel}","templated":true}]}}