{"id":865,"date":"2025-04-15T06:34:05","date_gmt":"2025-04-15T06:34:05","guid":{"rendered":"https:\/\/red-lighttherapy.com\/?post_type=product&#038;p=865"},"modified":"2025-04-15T07:43:08","modified_gmt":"2025-04-15T07:43:08","slug":"custom-commercial-clamshell-gift-cannabis-packaging-boxes","status":"publish","type":"product","link":"https:\/\/red-lighttherapy.com\/sv\/custom-commercial-clamshell-gift-cannabis-packaging-boxes\/","title":{"rendered":"Kommersiella Clamshell-f\u00f6rpackningar f\u00f6r cannabisf\u00f6rpackningar med tryck"},"content":{"rendered":"<h2 id=\"customized-product-description-for-commercial-clamshell-gift-box-cannabis-gift-box-\">Anpassad produktbeskrivning f\u00f6r kommersiell clamshell presentf\u00f6rpackning cannabis presentf\u00f6rpackning:<\/h2>\n<h2 id=\"1-magnetic-clamshell-gift-box-system-\">1.\u00a0<strong>Magnetiskt clamshell presentf\u00f6rpackningssystem<\/strong><\/h2>\n<p>Den antar magnetisk sn\u00e4ppstruktur med h\u00f6g precision, med en \u00f6ppnings- och st\u00e4ngningsvinkel p\u00e5 120 \u00b0, utrustad med 0,8 mm f\u00f6rtjockat tennpl\u00e5tg\u00e5ngj\u00e4rn och uppr\u00e4tth\u00e5ller 98% magnetisk stabilitet efter 10 000 utmattningstest. L\u00e5dans kroppslinjer anv\u00e4nder m\u00f6gelsk\u00e4rningsteknik av milit\u00e4r kvalitet, med ett kantfel p\u00e5 \u22640,1 mm, och ett tufft utseende uppn\u00e5s med CNC-precisionssnidningsteknik. Det kr\u00e4vs endast 1,2N tryck f\u00f6r att \u00f6ppna och st\u00e4nga med en hand, vilket \u00e4r l\u00e4mpligt f\u00f6r snabb \u00e5tkomst i aff\u00e4rssituationer.<\/p>\n<h2 id=\"2-modular-lining-configuration-\">2.\u00a0<strong>Modul\u00e4r konfiguration av foder<\/strong><\/h2>\n<p>Fodret antar EVA-svamp av livsmedelskvalitet, med en densitet p\u00e5 45 \u00b1 5 kg \/ m\u00b3, en h\u00e5lnoggrannhet p\u00e5 \u00b1 0,5 mm och st\u00f6der 12 beh\u00e5llarformer som cylindriska och fyrkantiga. Foderformen kan bytas ut enligt orderkraven och den enda formbytestiden \u00e4r \u226430 minuter. Den \u00e4r l\u00e4mplig f\u00f6r f\u00f6rfyllda cannabisgummier, cigaretter, eteriska oljeflaskor och andra produkter i flera former.<\/p>\n<h2 id=\"3-color-and-pattern-technology-\">3.\u00a0<strong>F\u00e4rg- och m\u00f6nsterteknik<\/strong><\/h2>\n<p>Huvudf\u00e4rgen anv\u00e4nder den ljusgula f\u00e4rgen med h\u00f6g m\u00e4ttnad i Pantones speciella f\u00e4rgbibliotek PANTONE 109C. Den matta bel\u00e4ggningen \u00f6verlagras av en 6-f\u00e4rgs offsettryckmaskin och ytber\u00f6ringen n\u00e5r friktionskoefficienten f\u00f6r 400-600 mesh sandpapper. Det svarta handm\u00e5lade m\u00f6nstret anv\u00e4nder UV-pr\u00e4glingsteknik, linjens utskjutningsh\u00f6jd \u00e4r 0,3 mm, och Braille-igenk\u00e4nningsomr\u00e5det \u00e4r dessutom \u00f6verlagrat med nanopr\u00e4gling, vilket \u00f6kar den taktila igenk\u00e4nningen med 60%.<\/p>\n<h2 id=\"4-process-combination-solution-\">4.\u00a0<strong>L\u00f6sning f\u00f6r processkombination<\/strong><\/h2>\n<p>St\u00f6der lasergravyr (justerbart djup 0,1-0,5 mm), kallst\u00e4mpling (guld \/ silver \/ laserfolie), tredimensionell pr\u00e4gling (3D-pr\u00e4gling noggrannhet 0,02 mm) och andra processmixar. LOGO-omr\u00e5det p\u00e5 l\u00e5dskyddet reserverar ett anpassningsomr\u00e5de p\u00e5 2 \u00d7 3 cm, som samtidigt kan realisera QR-kodlasergravering och varmst\u00e4mplingstext, vilket uppfyller de dubbla behoven av f\u00f6rfalskning och varum\u00e4rkesvisning.<\/p>\n<h2 id=\"5-printing-and-production-capacity-guarantee-\">5.\u00a0<strong>Garanti f\u00f6r tryck- och produktionskapacitet<\/strong><\/h2>\n<p>Anta Heidelberg XL106-8 + L offsetpress, st\u00f6d CMYK + 3 spotf\u00e4rg samtidig utskrift, f\u00e4rgskillnadskontroll \u0394E\u22641.5. Fabriken \u00e4r utrustad med 18 helautomatiska produktionslinjer, med en daglig produktionskapacitet p\u00e5 1 miljon bitar, och 72 timmars kontinuerlig produktion kan slutf\u00f6ra 500 000 br\u00e5dskande best\u00e4llningar. Korrekturprocessen integrerar 3D-modellering och CNC-sk\u00e4rning, och fysiska provl\u00e5dor tillhandah\u00e5lls inom 24 timmar efter att designutkastet har bekr\u00e4ftats.<\/p>\n<h2 id=\"6-customized-service-terms-\">6.\u00a0<strong>Anpassade servicevillkor<\/strong><\/h2>\n<p>Minsta orderkvantitet \u00e4r 500 stycken, och SKU blandade partier st\u00f6ds. Standardleveranscykeln \u00e4r 7 dagar, och den snabba best\u00e4llningen kan komprimeras till 3 dagar. Erbjud FSC-certifierat milj\u00f6v\u00e4nligt papper och nedbrytbara PLA-foderalternativ, som uppfyller standarderna f\u00f6r marknadstilltr\u00e4de i Nordamerika och Europeiska unionen.<\/p>\n<h2 id=\"-technical-parameters-\"><strong>Tekniska parametrar<\/strong><\/h2>\n<table>\n<thead>\n<tr>\n<th>Projekt<\/th>\n<th>Parametrar<\/th>\n<\/tr>\n<\/thead>\n<tbody>\n<tr>\n<td>L\u00e5dans storlek<\/td>\n<td>Anpassningsbar<\/td>\n<\/tr>\n<tr>\n<td>Materialets tjocklek<\/td>\n<td>Pl\u00e5t 0,25 mm + foder 2 mm EVA<\/td>\n<\/tr>\n<tr>\n<td>Magnetisk attraktion<\/td>\n<td>800-1200 Gauss<\/td>\n<\/tr>\n<tr>\n<td>Lastb\u00e4rande kapacitet<\/td>\n<td>Statisk belastning \u22655kg\/dynamiskt fallmotst\u00e5nd 1,2m<\/td>\n<\/tr>\n<\/tbody>\n<\/table>","protected":false},"excerpt":{"rendered":"<p>Clamshell-presentf\u00f6rpackningens struktur kombinerar stabilitet och utrymmesutnyttjande. L\u00e5dan har skarpa och rena linjer. Den magnetiska \u00f6ppnings- och st\u00e4ngningsdesignen m\u00f6jligg\u00f6r enkel anv\u00e4ndning med en hand. \u00d6ppnings- och st\u00e4ngningslivet \u00e4r mer \u00e4n tusen g\u00e5nger. Huvudf\u00e4rgen \u00e4r gul, med handm\u00e5lade svarta m\u00f6nster. Den har ett starkt taktilt erk\u00e4nnande, vilket s\u00e4kerst\u00e4ller att dina cannabisprodukter kommer att locka konsumenternas uppm\u00e4rksamhet p\u00e5 displayhyllan.<\/p>","protected":false},"featured_media":866,"template":"","meta":{"_kad_post_transparent":"default","_kad_post_title":"","_kad_post_layout":"default","_kad_post_sidebar_id":"","_kad_post_content_style":"default","_kad_post_vertical_padding":"default","_kad_post_feature":"","_kad_post_feature_position":"","_kad_post_header":false,"_kad_post_footer":false,"_kad_post_classname":""},"product_brand":[],"product_cat":[15,27,17],"product_tag":[327,329,328],"class_list":{"0":"post-865","1":"product","2":"type-product","3":"status-publish","4":"has-post-thumbnail","6":"product_cat-red-light-therapy","7":"product_cat-red-light-therapy-belt","8":"product_cat-services","9":"product_tag-clamshell-gift-boxes","10":"product_tag-commercial-cannabis-packaging","11":"product_tag-custom-cannabis-packaging","13":"first","14":"instock","15":"shipping-taxable","16":"product-type-simple","17":"entry","18":"content-bg","19":"loop-entry"},"_links":{"self":[{"href":"https:\/\/red-lighttherapy.com\/sv\/wp-json\/wp\/v2\/product\/865","targetHints":{"allow":["GET"]}}],"collection":[{"href":"https:\/\/red-lighttherapy.com\/sv\/wp-json\/wp\/v2\/product"}],"about":[{"href":"https:\/\/red-lighttherapy.com\/sv\/wp-json\/wp\/v2\/types\/product"}],"wp:featuredmedia":[{"embeddable":true,"href":"https:\/\/red-lighttherapy.com\/sv\/wp-json\/wp\/v2\/media\/866"}],"wp:attachment":[{"href":"https:\/\/red-lighttherapy.com\/sv\/wp-json\/wp\/v2\/media?parent=865"}],"wp:term":[{"taxonomy":"product_brand","embeddable":true,"href":"https:\/\/red-lighttherapy.com\/sv\/wp-json\/wp\/v2\/product_brand?post=865"},{"taxonomy":"product_cat","embeddable":true,"href":"https:\/\/red-lighttherapy.com\/sv\/wp-json\/wp\/v2\/product_cat?post=865"},{"taxonomy":"product_tag","embeddable":true,"href":"https:\/\/red-lighttherapy.com\/sv\/wp-json\/wp\/v2\/product_tag?post=865"}],"curies":[{"name":"wp","href":"https:\/\/api.w.org\/{rel}","templated":true}]}}