{"id":859,"date":"2025-04-15T06:21:33","date_gmt":"2025-04-15T06:21:33","guid":{"rendered":"https:\/\/red-lighttherapy.com\/?post_type=product&#038;p=859"},"modified":"2025-04-15T07:43:45","modified_gmt":"2025-04-15T07:43:45","slug":"distribute-magnetic-lid-rigid-box-for-lipstick-mini-perfume","status":"publish","type":"product","link":"https:\/\/red-lighttherapy.com\/sv\/distribute-magnetic-lid-rigid-box-for-lipstick-mini-perfume\/","title":{"rendered":"Distribuera styv l\u00e5da med magnetiskt lock f\u00f6r l\u00e4ppstift miniparfym"},"content":{"rendered":"<h2 id=\"-product-description-of-magnetic-lid-lipstick-mini-perfume-hard-box-\"><strong>Produktbeskrivning av Magnetiskt lock l\u00e4ppstift mini parfym fast l\u00e5da<\/strong><\/h2>\n<h2 id=\"-1-magnetic-lid-design-easy-and-stable-opening-and-closing-\"><strong>1. Magnetisk lockdesign, enkel och stabil \u00f6ppning och st\u00e4ngning<\/strong><\/h2>\n<p>Locket och l\u00e5dan har en h\u00f6gh\u00e5llfast magnetisk struktur och \u00e4r s\u00f6ml\u00f6st f\u00f6rbundna med precisionsmagnetkomponenter, \u00f6ppnas och st\u00e4ngs smidigt och adsorberas ordentligt efter st\u00e4ngning, och det f\u00f6rblir t\u00e4tt monterat \u00e4ven efter upprepad anv\u00e4ndning utan risk f\u00f6r att lossna. Den magnetiska styrkan kan anpassas efter varum\u00e4rkets krav f\u00f6r att anpassa sig till inneh\u00e5ll av olika storlekar och vikter f\u00f6r att s\u00e4kerst\u00e4lla s\u00e4kerheten under transport och daglig anv\u00e4ndning.<\/p>\n<h2 id=\"-2-modern-and-simple-box-shape-with-neat-lines-\"><strong>2. Modern och enkel boxform med snygga linjer<\/strong><\/h2>\n<p>L\u00e5dans stomme \u00e4r baserad p\u00e5 geometrisk tredimensionell form och visar modern industriell estetik genom minimalistiska linjer och r\u00e4tvinklig vikning av ytan. Det bestrukna pappersmaterialet ger l\u00e5dan en l\u00e4ttviktsegenskap, samtidigt som den har utm\u00e4rkt b\u00e4rf\u00f6rm\u00e5ga, med h\u00e4nsyn till milj\u00f6skydd och praktiska egenskaper.<\/p>\n<h2 id=\"-3-high-precision-craftsmanship-details-highlight-quality-\"><strong>3. H\u00f6gprecisionshantverk, detaljer framh\u00e4ver kvalitet<\/strong><\/h2>\n<p>L\u00e5dkroppen antar lasersk\u00e4rning och indragningsteknik, s\u00f6mmarna \u00e4r plana och burrfria, h\u00f6rnen \u00e4r skarpa och icke-deformerade, vilket s\u00e4kerst\u00e4ller att l\u00e5dformen \u00e4r rak och stabil. Fodret \u00e4r en svart milj\u00f6v\u00e4nlig svamp med h\u00f6g densitet, som \u00e4r exakt r\u00e4fflad enligt formen p\u00e5 l\u00e4ppstift eller parfymprov, fixerar inneh\u00e5llet t\u00e4tt, d\u00e4mpar och motst\u00e5r st\u00f6tar och undviker skador orsakade av skakningar under transporten.<\/p>\n<h2 id=\"-4-two-color-collision-design-to-enhance-brand-recognition-\"><strong>4. Tv\u00e5f\u00e4rgskollisionsdesign f\u00f6r att f\u00f6rb\u00e4ttra varum\u00e4rkesigenk\u00e4nningen<\/strong><\/h2>\n<ul>\n<li><strong>Extern design<\/strong>: L\u00e5dans lock har en rent svart matt UV-bel\u00e4ggning, som \u00e4r k\u00e4nslig vid ber\u00f6ring och fingeravtrycksskyddande och ger en l\u00e5gm\u00e4ld lyxig textur.<\/li>\n<li><strong>H\u00f6jdpunkter p\u00e5 interi\u00f6ren och l\u00e5dstommen<\/strong>: Sidorna och insidan av l\u00e5dkroppen \u00e4r ljusgr\u00f6n h\u00f6gglansbel\u00e4ggning, med en m\u00e4ttnad p\u00e5 mer \u00e4n 95%, som bildar en stark visuell kontrast med matt svart, vilket framh\u00e4ver varum\u00e4rkets huvudf\u00e4rg och f\u00f6rb\u00e4ttrar konsumenternas minnespunkter.<\/li>\n<\/ul>\n<h2 id=\"-5-flexible-customization-to-meet-brand-needs-\"><strong>5. Flexibel anpassning f\u00f6r att m\u00f6ta varum\u00e4rkets behov<\/strong><\/h2>\n<ul>\n<li><strong>Storlek och struktur<\/strong>: St\u00f6der anpassning av olika specifikationer, t.ex. minil\u00e4ppstift (diameter 1,5-2 cm) eller parfymprover (h\u00f6jd 5-8 cm), och l\u00e5dans kropp kan utformas som en enskikts- eller flerskiktsv\u00e4ggstruktur.<\/li>\n<li><strong>Teknisk uppgradering<\/strong>: Valfri logotyppr\u00e4gling, varmst\u00e4mpling i guld\/silver eller lokalt UV-m\u00f6nster f\u00f6r att f\u00f6rb\u00e4ttra varum\u00e4rkets exklusivitet.<\/li>\n<li><strong>Milj\u00f6certifiering<\/strong>: Det bestrukna pappersmaterialet \u00f6verensst\u00e4mmer med FSC-skogsf\u00f6rvaltningscertifieringen och den matta bel\u00e4ggningen har klarat REACH-milj\u00f6skyddstestet, som \u00e4r giftfritt och ofarligt.<\/li>\n<\/ul>\n<h2 id=\"-applicable-scenarios-\"><strong>Till\u00e4mpliga scenarier<\/strong><\/h2>\n<p>Utformad f\u00f6r l\u00e4tta lyxprodukter som avancerade kosmetika, parfymprover, smyckestillbeh\u00f6r etc., l\u00e4mplig f\u00f6r varum\u00e4rkes offline-diskar, presentf\u00f6rpackningar f\u00f6r e-handel och produktf\u00f6rpackningar i begr\u00e4nsad upplaga, som kombinerar sk\u00f6nhet och praktiskt skydd<\/p>","protected":false},"excerpt":{"rendered":"<p>Med magnetisk st\u00e4ngning, milj\u00f6v\u00e4nliga material och visuell p\u00e5verkan som k\u00e4rnan skapas varum\u00e4rkesdifferentiering genom hantverksdetaljer och f\u00e4rgkontrast, samtidigt som h\u00e4nsyn tas till skydd och h\u00e5llbara koncept, vilket hj\u00e4lper produkterna att sticka ut p\u00e5 terminalmarknaden.<\/p>","protected":false},"featured_media":860,"template":"","meta":{"_kad_post_transparent":"default","_kad_post_title":"","_kad_post_layout":"default","_kad_post_sidebar_id":"","_kad_post_content_style":"default","_kad_post_vertical_padding":"default","_kad_post_feature":"","_kad_post_feature_position":"","_kad_post_header":false,"_kad_post_footer":false,"_kad_post_classname":""},"product_brand":[],"product_cat":[15,28,27,17],"product_tag":[326,324,325],"class_list":{"0":"post-859","1":"product","2":"type-product","3":"status-publish","4":"has-post-thumbnail","6":"product_cat-red-light-therapy","7":"product_cat-customize","8":"product_cat-red-light-therapy-belt","9":"product_cat-services","10":"product_tag-distribute-custom-lipstick-mini-perfume-boxes","11":"product_tag-magnetic-lid-lipstick-box","12":"product_tag-rigid-box-for-perfume","14":"first","15":"instock","16":"shipping-taxable","17":"product-type-simple","18":"entry","19":"content-bg","20":"loop-entry"},"_links":{"self":[{"href":"https:\/\/red-lighttherapy.com\/sv\/wp-json\/wp\/v2\/product\/859","targetHints":{"allow":["GET"]}}],"collection":[{"href":"https:\/\/red-lighttherapy.com\/sv\/wp-json\/wp\/v2\/product"}],"about":[{"href":"https:\/\/red-lighttherapy.com\/sv\/wp-json\/wp\/v2\/types\/product"}],"wp:featuredmedia":[{"embeddable":true,"href":"https:\/\/red-lighttherapy.com\/sv\/wp-json\/wp\/v2\/media\/860"}],"wp:attachment":[{"href":"https:\/\/red-lighttherapy.com\/sv\/wp-json\/wp\/v2\/media?parent=859"}],"wp:term":[{"taxonomy":"product_brand","embeddable":true,"href":"https:\/\/red-lighttherapy.com\/sv\/wp-json\/wp\/v2\/product_brand?post=859"},{"taxonomy":"product_cat","embeddable":true,"href":"https:\/\/red-lighttherapy.com\/sv\/wp-json\/wp\/v2\/product_cat?post=859"},{"taxonomy":"product_tag","embeddable":true,"href":"https:\/\/red-lighttherapy.com\/sv\/wp-json\/wp\/v2\/product_tag?post=859"}],"curies":[{"name":"wp","href":"https:\/\/api.w.org\/{rel}","templated":true}]}}