{"id":853,"date":"2025-04-15T06:10:00","date_gmt":"2025-04-15T06:10:00","guid":{"rendered":"https:\/\/red-lighttherapy.com\/?post_type=product&#038;p=853"},"modified":"2025-04-15T07:44:04","modified_gmt":"2025-04-15T07:44:04","slug":"luxury-brand-manufacturer-magnetic-closure-box-for-hair-wigs","status":"publish","type":"product","link":"https:\/\/red-lighttherapy.com\/sv\/luxury-brand-manufacturer-magnetic-closure-box-for-hair-wigs\/","title":{"rendered":"Lyxigt varum\u00e4rke Tillverkare Magnetisk st\u00e4ngningsl\u00e5da f\u00f6r h\u00e5rperuker"},"content":{"rendered":"<h2 id=\"-magnetic-luxury-wig-storage-box-product-description-\"><strong>Lyxig perukbox med magnetisk st\u00e4ngning Produktbeskrivning<\/strong><\/h2>\n<h2 id=\"-i-innovative-magnetic-opening-and-closing-system-guarding-exquisite-art-\"><strong>1. Innovativt magnetiskt \u00f6ppnings- och st\u00e4ngningssystem som skyddar uts\u00f6kt konst<\/strong><\/h2>\n<p>Antagande\u00a0<strong>design av magnetbox<\/strong>F\u00f6r att uppn\u00e5 enhands\u00f6ppning och -st\u00e4ngning anv\u00e4nds h\u00f6gh\u00e5llfasta magnetiska komponenter, som \u00e4r l\u00e4tta att anv\u00e4nda och har utm\u00e4rkt t\u00e4tning. Kontaktytan mellan l\u00e5dans lock och l\u00e5dkroppen \u00e4r exakt matchad, vilket effektivt isolerar damm, fukt och yttre tryck, vilket ger en konstant temperatur- och luftfuktighetslagringsmilj\u00f6 f\u00f6r peruker och f\u00f6rl\u00e4nger livsl\u00e4ngden. Det inb\u00e4ddade dammt\u00e4ta flanellskiktet och den elektrostatiska avsk\u00e4rmningsfilmen undviker ytterligare fiberfriktionsskador och s\u00e4kerst\u00e4ller att perukformen \u00e4r lika bra som tidigare.<\/p>\n<h2 id=\"-ii-visual-language-that-emphasizes-both-aesthetics-and-function-\"><strong>2. Visuellt spr\u00e5k som betonar b\u00e5de estetik och funktion<\/strong><\/h2>\n<ul>\n<li>Med\u00a0<strong>centrerad symmetrisk komposition<\/strong>\u00a0som k\u00e4rna vecklar l\u00e5dkroppen ut sig med en j\u00e4mn hastighet l\u00e4ngs den centrala axeln n\u00e4r l\u00e5dan \u00f6ppnas, vilket ger l\u00e5dan en k\u00e4nsla av ritual och varum\u00e4rkesexklusiva minnespunkter. \u00d6ppningsvinkeln p\u00e5 l\u00e5dans lock \u00e4r exakt kontrollerad vid 90 \u00b0, vilket \u00e4r l\u00e4mpligt f\u00f6r hyllvisning och presentgivande scener, och f\u00f6rb\u00e4ttrar den visuella sp\u00e4nningen i produktdisplayen.<\/li>\n<li>L\u00e5dans kropp antar\u00a0<strong>snygg geometrisk sk\u00e4rteknik<\/strong>Det \u00e4r ett designf\u00f6rem\u00e5l utan \u00f6verfl\u00f6dig dekoration p\u00e5 ytan och med en smidig \u00f6verg\u00e5ng mellan r\u00e4tvinkliga kanter och plan, vilket passar det moderna lyxiga designspr\u00e5ket. Den modul\u00e4ra staplingsstrukturen kan spara 40% lagringsutrymme och minska transportf\u00f6rlusten.<\/li>\n<\/ul>\n<h2 id=\"-three-sustainable-materials-and-process-innovation-\"><strong>3. H\u00e5llbara material och processinnovation<\/strong><\/h2>\n<ul>\n<li>Huvudmaterialet \u00e4r\u00a0<strong>FSC-certifierat bestruket papper<\/strong>och den femskiktade kompositpr\u00e4glingen anv\u00e4nds f\u00f6r att \u00f6ka tryckh\u00e5llfastheten med 300%, och b\u00e4rf\u00f6rm\u00e5gan \u00e4r upp till 5 kg utan deformation. Den l\u00e4tta bikake-sandwichdesignen tar h\u00e4nsyn till b\u00e4rbarheten och vikten p\u00e5 en enda l\u00e5da \u00e4r endast 280 g.<\/li>\n<li>Logotypen f\u00f6r varum\u00e4rket antar\u00a0<strong>tredimensionell varmpressningsteknik p\u00e5 nanoniv\u00e5<\/strong>\u00e4r kantnoggrannhetsfelet \u22640,1 mm och ljusbrytningen ger en delikat metallisk lyster. Den matta, rent svarta f\u00e4rgen \u00e4r lugn och \u00e5terh\u00e5llsam, och den \u00e4r matchad med\u00a0<strong>ljusgult satinband<\/strong>\u00a0som l\u00f6per genom l\u00e5dkroppen, bildar en stark visuell kontrast och f\u00f6rb\u00e4ttrar hylligenk\u00e4nningen med 70%.<\/li>\n<\/ul>\n<h2 id=\"-four-humanized-lining-system-\"><strong>4. Humaniserat fodersystem<\/strong><\/h2>\n<ul>\n<li><strong>Stansat sp\u00e5r f\u00f6r inre st\u00f6d<\/strong>\u00a0\u00e4r anpassad efter perukens b\u00e5ge, och h\u00e5ret fixeras av EVA-minnesskum och b\u00e5gst\u00f6dram f\u00f6r att undvika extrudering och deformation. Sp\u00e5rets yta \u00e4r t\u00e4ckt med andningsbart sidenfoder f\u00f6r att bibeh\u00e5lla perukens naturliga fluffiga tillst\u00e5nd och den kan b\u00e4ras ur l\u00e5dan.<\/li>\n<\/ul>\n<h2 id=\"-v-environmental-commitment-and-brand-value-\"><strong>5. Milj\u00f6engagemang och varum\u00e4rkesv\u00e4rde<\/strong><\/h2>\n<ul>\n<li>Hela processen fr\u00e5n r\u00e5material till produktion implementerar\u00a0<strong>Standard f\u00f6r gr\u00f6n leveranskedja<\/strong>. F\u00f6rpackningsf\u00e4rgen \u00e4r en v\u00e4xtbaserad vattenbaserad formula med en biologisk nedbrytbarhet p\u00e5 98%. F\u00f6r varje s\u00e5ld produkt kommer 1% av int\u00e4kterna att doneras till ett projekt f\u00f6r skydd av den tropiska regnskogen, vilket understryker varum\u00e4rkets sociala ansvar.<\/li>\n<\/ul>\n<h2 id=\"-product-parameters-\"><strong>Produktparametrar<\/strong><\/h2>\n<table>\n<thead>\n<tr>\n<th>Projekt<\/th>\n<th>Specifikationer<\/th>\n<\/tr>\n<\/thead>\n<tbody>\n<tr>\n<td>Material<\/td>\n<td>FSC-certifierat bestruket papper<\/td>\n<\/tr>\n<tr>\n<td>Foder<\/td>\n<td>Anpassad b\u00f6jd EVA + silkesfoder<\/td>\n<\/tr>\n<tr>\n<td>Magnetisk sugkomponent<\/td>\n<td>Stark magnet<\/td>\n<\/tr>\n<tr>\n<td>Storlek<\/td>\n<td>Anpassningsbar<\/td>\n<\/tr>\n<\/tbody>\n<\/table>","protected":false},"excerpt":{"rendered":"<p>Den magnetiska f\u00f6rslutningsboxen g\u00f6r det enkelt att \u00f6ppna och st\u00e4nga med en hand. Den \u00e4r l\u00e4tt att anv\u00e4nda och har starka t\u00e4tningsegenskaper som skyddar peruken fr\u00e5n damm och fukt. Den centrerade symmetriska kompositionen framh\u00e4ver produktkroppen och f\u00f6rst\u00e4rker k\u00e4nslan av ceremoni n\u00e4r du \u00f6ppnar l\u00e5dan. Den \u00e4r l\u00e4mplig f\u00f6r hylldisplay eller presentscener.<\/p>","protected":false},"featured_media":854,"template":"","meta":{"_kad_post_transparent":"default","_kad_post_title":"","_kad_post_layout":"default","_kad_post_sidebar_id":"","_kad_post_content_style":"default","_kad_post_vertical_padding":"default","_kad_post_feature":"","_kad_post_feature_position":"","_kad_post_header":false,"_kad_post_footer":false,"_kad_post_classname":""},"product_brand":[],"product_cat":[15,27,17],"product_tag":[323,321,322],"class_list":{"0":"post-853","1":"product","2":"type-product","3":"status-publish","4":"has-post-thumbnail","6":"product_cat-red-light-therapy","7":"product_cat-red-light-therapy-belt","8":"product_cat-services","9":"product_tag-brand-manufacturer-hair-wigs-box","10":"product_tag-luxury-box-for-hair","11":"product_tag-magnetic-closure-box-for-wigs","13":"first","14":"instock","15":"shipping-taxable","16":"product-type-simple","17":"entry","18":"content-bg","19":"loop-entry"},"_links":{"self":[{"href":"https:\/\/red-lighttherapy.com\/sv\/wp-json\/wp\/v2\/product\/853","targetHints":{"allow":["GET"]}}],"collection":[{"href":"https:\/\/red-lighttherapy.com\/sv\/wp-json\/wp\/v2\/product"}],"about":[{"href":"https:\/\/red-lighttherapy.com\/sv\/wp-json\/wp\/v2\/types\/product"}],"wp:featuredmedia":[{"embeddable":true,"href":"https:\/\/red-lighttherapy.com\/sv\/wp-json\/wp\/v2\/media\/854"}],"wp:attachment":[{"href":"https:\/\/red-lighttherapy.com\/sv\/wp-json\/wp\/v2\/media?parent=853"}],"wp:term":[{"taxonomy":"product_brand","embeddable":true,"href":"https:\/\/red-lighttherapy.com\/sv\/wp-json\/wp\/v2\/product_brand?post=853"},{"taxonomy":"product_cat","embeddable":true,"href":"https:\/\/red-lighttherapy.com\/sv\/wp-json\/wp\/v2\/product_cat?post=853"},{"taxonomy":"product_tag","embeddable":true,"href":"https:\/\/red-lighttherapy.com\/sv\/wp-json\/wp\/v2\/product_tag?post=853"}],"curies":[{"name":"wp","href":"https:\/\/api.w.org\/{rel}","templated":true}]}}