{"id":847,"date":"2025-04-15T05:57:09","date_gmt":"2025-04-15T05:57:09","guid":{"rendered":"https:\/\/red-lighttherapy.com\/?post_type=product&#038;p=847"},"modified":"2025-04-15T07:44:32","modified_gmt":"2025-04-15T07:44:32","slug":"fabrication-hair-wigs-extension-magnetic-lid-boxes-packaging","status":"publish","type":"product","link":"https:\/\/red-lighttherapy.com\/sv\/fabrication-hair-wigs-extension-magnetic-lid-boxes-packaging\/","title":{"rendered":"Tillverkning H\u00e5rperuker F\u00f6rl\u00e4ngning Magnetiskt lock L\u00e5dor F\u00f6rpackning"},"content":{"rendered":"<h2 id=\"-wig-and-hair-extension-magnetic-cover-box-packaging-product-description-\"><strong>Peruk- och h\u00e5rf\u00f6rl\u00e4ngningsf\u00f6rpackning med magnetiskt lock produktbeskrivning<\/strong><\/h2>\n<h2 id=\"1-three-dimensional-structure-design-stability-and-space-efficiency-coexist\">1. Tredimensionell strukturdesign: stabilitet och utrymmeseffektivitet samexisterar<\/h2>\n<p>Denna magnetiska t\u00e4ckbox anv\u00e4nder en\u00a0<strong>tredimensionell vikbar struktur<\/strong>, baserat p\u00e5 ergonomisk optimering av den interna utrymmeslayouten, som rymmer 1-2 peruker eller h\u00e5rf\u00f6rl\u00e4ngningsprodukter, och samtidigt f\u00f6rb\u00e4ttrar den \u00f6vergripande stabiliteten genom precisionsl\u00e5set och st\u00f6dribbdesignen. Den\u00a0<strong>f\u00f6rst\u00e4rkningsprocess f\u00f6r dubbelskiktad kartong<\/strong>\u00a0anv\u00e4nds i h\u00f6rnen p\u00e5 l\u00e5dkroppen, i kombination med den rundade kantbehandlingen, f\u00f6r att helt eliminera risken f\u00f6r repor, vilket garanterar s\u00e4kerhet och h\u00e5llbarhet under transport och anv\u00e4ndning.<\/p>\n<h2 id=\"2-magnetic-opening-and-closing-system-convenience-and-sealing-double-guarantee\">2. Magnetiskt \u00f6ppnings- och st\u00e4ngningssystem: bekv\u00e4mlighet och t\u00e4tning med dubbel garanti<\/h2>\n<p>Utrustad med en\u00a0<strong>magnetisk modul med h\u00f6g precision<\/strong>kan den \u00f6ppnas och st\u00e4ngas med en hand och kan fortfarande automatiskt absorbera och st\u00e4nga n\u00e4r \u00f6ppnings- och st\u00e4ngningsvinkeln n\u00e5r 120\u00b0. Den tysta glidskenedesignen g\u00f6r \u00f6ppnings- och st\u00e4ngningsprocessen utan mekaniskt brus och bildar en\u00a0<strong>helt f\u00f6rpackad f\u00f6rseglad struktur<\/strong>\u00a0efter st\u00e4ngning, vilket effektivt f\u00f6rhindrar dammintr\u00e5ng och oavsiktlig \u00f6ppning under transport. Den har testats f\u00f6r att motst\u00e5 3 kg vertikalt tryck utan deformation.<\/p>\n<h2 id=\"3-environmentally-friendly-materials-and-crafts-fsc-certification-leads-the-green-trend\">3. Milj\u00f6v\u00e4nliga material och hantverk: FSC-certifiering leder den gr\u00f6na trenden<\/h2>\n<p>L\u00e5dans stomme \u00e4r tillverkad av\u00a0<strong>FSC-certifierat bestruket papper<\/strong>, ytan \u00e4r t\u00e4ckt med matt milj\u00f6v\u00e4nligt bl\u00e4ck och materialet \u00e4r 100% \u00e5tervinningsbart och nedbrytbart. Fodret anv\u00e4nder EVA-d\u00e4mpande bomull och l\u00f6stagbara partitioner, som inte bara skyddar produkten utan ocks\u00e5 st\u00f6der personlig omorganisering av rymden och minskar f\u00f6rpackningsavfallet. Hela produktionsprocessen har genomg\u00e5tt ISO14001-certifiering av milj\u00f6ledningssystem och koldioxidavtrycket \u00e4r 40% l\u00e4gre \u00e4n f\u00f6r traditionella f\u00f6rpackningar.<\/p>\n<h2 id=\"4-visual-aesthetics-and-brand-extension\">4. Visuell estetik och varum\u00e4rkesf\u00f6rl\u00e4ngning<\/h2>\n<ol>\n<li><strong>Huvudf\u00e4rg i lavendel-serien<\/strong>: Den l\u00e5gm\u00e4ttade lavendeln \u00e4r inspirerad av f\u00e4rgsystemet och har en avancerad textur som matchas med den p\u00e4rlemorskimrande bel\u00e4ggningsprocessen. Den ger en gradientglanseffekt under naturligt ljus och ljus, vilket g\u00f6r hylldisplayen mer attraktiv.<\/li>\n<li><strong>Visuella element i samma f\u00e4rg som varum\u00e4rket<\/strong>:<\/li>\n<li>Det handh\u00e5llna bandet \u00e4r tillverkat av \u00e5tervunnen polyester, med en bredd p\u00e5 2,5 cm och en b\u00e4rf\u00f6rm\u00e5ga p\u00e5 8 kg, vilket \u00e4r s\u00f6ml\u00f6st kopplat till f\u00e4rgen p\u00e5 l\u00e5dans kropp.<\/li>\n<li>I mitten av locket p\u00e5 l\u00e5dan finns en inlagd\u00a0<strong>magnetisk dekorlist i satin<\/strong>och varum\u00e4rkeslogotypen trycks och pressas, vilket skapar en visuell kontinuitet fr\u00e5n f\u00f6rpackning till varum\u00e4rkeslogotyp.<\/li>\n<\/ol>\n<h2 id=\"5-professional-manufacturing-and-fast-delivery\">5. Professionell tillverkning och snabb leverans<\/h2>\n<p>F\u00f6rlita sig p\u00e5\u00a0<strong>16 \u00e5rs erfarenhet av tillverkning av f\u00f6rpackningar<\/strong>\u00e4r fabriken utrustad med ett ERP intelligent ledningssystem f\u00f6r att uppn\u00e5 digital kontroll av hela processen fr\u00e5n design och korrektur till massproduktion. St\u00f6der en minsta best\u00e4llning p\u00e5 500 stycken, slutf\u00f6r produktion och leverans inom 7 dagar, med en genomsnittlig daglig produktionskapacitet p\u00e5 1 miljon stycken och en stabil avkastningsgrad p\u00e5 mer \u00e4n 99,8%.<\/p>\n<h2 id=\"-technical-parameters-\"><strong>Tekniska parametrar<\/strong><\/h2>\n<table>\n<thead>\n<tr>\n<th>Projekt<\/th>\n<th>Specifikationer<\/th>\n<\/tr>\n<\/thead>\n<tbody>\n<tr>\n<td>Storlek p\u00e5 ytterkartong<\/td>\n<td>Anpassningsbar<\/td>\n<\/tr>\n<tr>\n<td>Magnetisk styrka<\/td>\n<td>\u2265800GS<\/td>\n<\/tr>\n<tr>\n<td>Milj\u00f6certifiering<\/td>\n<td>FSC, RoHS, REACH<\/td>\n<\/tr>\n<tr>\n<td>Leveranscykel<\/td>\n<td>7 dagar (inklusive bekr\u00e4ftelse av provtryck)<\/td>\n<\/tr>\n<\/tbody>\n<\/table>","protected":false},"excerpt":{"rendered":"<p>Den magnetiska st\u00e4ngningsl\u00e5dan m\u00f6jligg\u00f6r bekv\u00e4m enhandsman\u00f6vrering, och \u00f6ppnings- och st\u00e4ngningsprocessen \u00e4r tyst och smidig. Den \u00e4r l\u00e4mplig f\u00f6r avancerade perukm\u00e4rken, presentupps\u00e4ttningar f\u00f6r fris\u00f6rsalonger, gr\u00e4ns\u00f6verskridande h\u00e5rf\u00f6rl\u00e4ngningsprodukter f\u00f6r e-handel och andra scenarier, och st\u00f6der anpassade tj\u00e4nster som LOGO-varmst\u00e4mpling \/ UV-utskrift och laserf\u00f6rfalskning.<\/p>","protected":false},"featured_media":848,"template":"","meta":{"_kad_post_transparent":"default","_kad_post_title":"","_kad_post_layout":"default","_kad_post_sidebar_id":"","_kad_post_content_style":"default","_kad_post_vertical_padding":"default","_kad_post_feature":"","_kad_post_feature_position":"","_kad_post_header":false,"_kad_post_footer":false,"_kad_post_classname":""},"product_brand":[],"product_cat":[15,27,17],"product_tag":[319,320,318],"class_list":{"0":"post-847","1":"product","2":"type-product","3":"status-publish","4":"has-post-thumbnail","6":"product_cat-red-light-therapy","7":"product_cat-red-light-therapy-belt","8":"product_cat-services","9":"product_tag-custom-wig-packaging-boxes-wholesale","10":"product_tag-notable-wig-packaging","11":"product_tag-wig-boxes","13":"first","14":"instock","15":"shipping-taxable","16":"product-type-simple","17":"entry","18":"content-bg","19":"loop-entry"},"_links":{"self":[{"href":"https:\/\/red-lighttherapy.com\/sv\/wp-json\/wp\/v2\/product\/847","targetHints":{"allow":["GET"]}}],"collection":[{"href":"https:\/\/red-lighttherapy.com\/sv\/wp-json\/wp\/v2\/product"}],"about":[{"href":"https:\/\/red-lighttherapy.com\/sv\/wp-json\/wp\/v2\/types\/product"}],"wp:featuredmedia":[{"embeddable":true,"href":"https:\/\/red-lighttherapy.com\/sv\/wp-json\/wp\/v2\/media\/848"}],"wp:attachment":[{"href":"https:\/\/red-lighttherapy.com\/sv\/wp-json\/wp\/v2\/media?parent=847"}],"wp:term":[{"taxonomy":"product_brand","embeddable":true,"href":"https:\/\/red-lighttherapy.com\/sv\/wp-json\/wp\/v2\/product_brand?post=847"},{"taxonomy":"product_cat","embeddable":true,"href":"https:\/\/red-lighttherapy.com\/sv\/wp-json\/wp\/v2\/product_cat?post=847"},{"taxonomy":"product_tag","embeddable":true,"href":"https:\/\/red-lighttherapy.com\/sv\/wp-json\/wp\/v2\/product_tag?post=847"}],"curies":[{"name":"wp","href":"https:\/\/api.w.org\/{rel}","templated":true}]}}