{"id":836,"date":"2025-04-15T03:39:51","date_gmt":"2025-04-15T03:39:51","guid":{"rendered":"https:\/\/red-lighttherapy.com\/?post_type=product&#038;p=836"},"modified":"2025-04-15T04:18:39","modified_gmt":"2025-04-15T04:18:39","slug":"magnetic-closure-scissors-boxes-packaging-solution-with-eva","status":"publish","type":"product","link":"https:\/\/red-lighttherapy.com\/sv\/magnetic-closure-scissors-boxes-packaging-solution-with-eva\/","title":{"rendered":"Saxl\u00e5dor med magnetisk f\u00f6rslutning F\u00f6rpackningsl\u00f6sning med Eva"},"content":{"rendered":"<h2 id=\"-eva-magnetic-sealing-scissors-box-packaging-solution-\">Saxl\u00e5dor med magnetisk f\u00f6rslutning F\u00f6rpackningsl\u00f6sning med Eva<\/h2>\n<h2 id=\"1-magnetic-flip-cover-structure-one-hand-operation-ultimate-sealing-\">1.\u00a0<strong>Magnetisk st\u00e4ngning av lockets struktur: enhandsman\u00f6vrering, ultimat t\u00e4tning<\/strong><\/h2>\n<p>Det magnetiska f\u00f6rslutningslocket \u00e4r designat. N\u00e4r locket \u00e4r st\u00e4ngt \u00e4r N52-magnetenheten och metallpl\u00e5ten exakt matchade f\u00f6r att uppn\u00e5 s\u00f6ml\u00f6s t\u00e4tning, som enkelt kan \u00f6ppnas och st\u00e4ngas med en hand. Den magnetiska sugkraften har verifierats med 5000 \u00f6ppnings- och st\u00e4ngningstester, och den bibeh\u00e5ller fortfarande en stabil sugkraft (magnetstyrkan \u00e4r mer \u00e4n 14 kg\/cm\u00b2), vilket vida \u00f6verstiger industristandarden. Kanten p\u00e5 l\u00e5dans lock har en b\u00e5gformad \u00f6verg\u00e5ngsprocess f\u00f6r att f\u00f6rb\u00e4ttra smidigheten vid \u00f6ppning och st\u00e4ngning och undvika risken f\u00f6r att kl\u00e4mma h\u00e4nderna.<\/p>\n<h2 id=\"2-stepped-eva-sponge-lining-precise-shockproof-suitable-for-high-end-scissors-\">2.\u00a0<strong>EVA-svampfoder med trappsteg: exakt st\u00f6ts\u00e4kert, l\u00e4mpligt f\u00f6r avancerade saxar<\/strong><\/h2>\n<p>Fodret \u00e4r tillverkat av EVA-material med h\u00f6g densitet (milj\u00f6v\u00e4nligt och utm\u00e4rkt slagt\u00e5lighet), som sk\u00e4rs exakt genom den stegvisa form\u00f6ppningsprocessen f\u00f6r att passa perfekt till saxens kontur. Interi\u00f6ren \u00e4r uppdelad i tre lager: det \u00f6vre fasta handtaget, det mellersta buffertbladet och det nedre f\u00f6rst\u00e4rkta st\u00f6det, f\u00f6r att uppn\u00e5 360 \u00b0 anti-seismiskt skydd, och tryckh\u00e5llfastheten under transport \u00e4r mer \u00e4n 50 kg.<\/p>\n<h2 id=\"3-golden-section-box-design-balanced-aesthetics-of-visual-and-function-\">3.\u00a0<strong>Golden Section Box Design: Balanserad estetik av visuell och funktionell karakt\u00e4r<\/strong><\/h2>\n<p>F\u00f6rpackningsl\u00e5dans l\u00e4ngd-, bredd- och h\u00f6jdf\u00f6rh\u00e5llande f\u00f6ljer strikt det gyllene snittet 1:0,618, kombinerat med den svarta huvudf\u00e4rgen och den matta strukturen, vilket framh\u00e4ver den avancerade lyxen. Kanten p\u00e5 l\u00e5dkroppen bearbetas med 5 mm rundade h\u00f6rn f\u00f6r att f\u00f6rb\u00e4ttra komforten att h\u00e5lla, samtidigt som den geometriska estetikens logik ekar. L\u00e5dans \u00f6ppningsvinkel \u00e4r 110\u00b0, vilket \u00e4r ergonomiskt och ger en elegant \u00f6ppnings- och st\u00e4ngningsst\u00e4llning n\u00e4r den visas.<\/p>\n<h2 id=\"4-customized-surface-technology-in-depth-transmission-of-brand-value-\">4.\u00a0<strong>Anpassad ytteknik: Djupg\u00e5ende \u00f6verf\u00f6ring av varum\u00e4rkesv\u00e4rde<\/strong><\/h2>\n<ul>\n<li><strong>Lasergravyr<\/strong>: UV-laserlasergraveringsteknik anv\u00e4nds i det centrala omr\u00e5det p\u00e5 l\u00e5dans lock, som kan presentera en varum\u00e4rkeslogotyp eller textur med en noggrannhet p\u00e5 0,1 mm och st\u00f6der kontrasteffekten av metallstruktur och matt.<\/li>\n<li><strong>Varm st\u00e4mplingsprocess<\/strong>: Lokal varmst\u00e4mpling i guld\/silver f\u00f6rst\u00e4rker den visuella niv\u00e5n, t.ex. linjedekoration eller slogantext p\u00e5 kanten av l\u00e5dans lock.<\/li>\n<li><strong>UV-bel\u00e4ggning<\/strong>: Ytan \u00e4r t\u00e4ckt med matt UV-bl\u00e4ck, som \u00e4r k\u00e4nsligt och slitstarkt f\u00f6r att undvika fingeravtrycksrester.<\/li>\n<\/ul>\n<h2 id=\"5-efficient-production-and-verification-system-48-hour-ultra-fast-proofing-\">5.\u00a0<strong>Effektivt produktions- och verifieringssystem: 48 timmars ultrasnabb korrekturl\u00e4sning<\/strong><\/h2>\n<p>Med hj\u00e4lp av det intelligenta boxbiblioteket och den automatiserade produktionslinjen kan man snabbt reagera p\u00e5 hela processen fr\u00e5n design till prov:<\/p>\n<ul>\n<li><strong>Strukturell verifiering<\/strong>: 3D-modellering genererar vikningsanimationer och simulerar \u00f6ppnings- och st\u00e4ngningseffekterna i realtid.<\/li>\n<li><strong>Materialmatchning<\/strong>: 10 EVA-densiteter (20-60 kg\/m\u00b3) och 5 magnetspecifikationer (diameter 5-20 mm) finns tillg\u00e4ngliga.<\/li>\n<li><strong>Tryckning av korrektur<\/strong>: Genom att anta digitalt tryck + produktionsl\u00e4ge f\u00f6r sm\u00e5 satsf\u00f6rs\u00f6k levereras fysiska prover med processverifiering inom 48 timmar.<\/li>\n<\/ul>\n<h2 id=\"-technical-parameters-and-applicable-scenarios-\"><strong>Tekniska parametrar och till\u00e4mpliga scenarier<\/strong><\/h2>\n<table>\n<thead>\n<tr>\n<th><strong>Projekt<\/strong><\/th>\n<th><strong>Specifikationer<\/strong><\/th>\n<\/tr>\n<\/thead>\n<tbody>\n<tr>\n<td>Material<\/td>\n<td>Yttre l\u00e5da: 450 g svart kartong + EVA-foder (tjocklek 10 mm)<\/td>\n<\/tr>\n<tr>\n<td>Magnetkonfiguration<\/td>\n<td>N52 NdFeB-magnet \u00d7 2 (diameter 12 mm, tjocklek 3 mm)<\/td>\n<\/tr>\n<tr>\n<td>Ytbehandling<\/td>\n<td>UV-matt + varmst\u00e4mpling\/lasergravyr (valfri kombination)<\/td>\n<\/tr>\n<tr>\n<td>Till\u00e4mplig saxstorlek<\/td>\n<td>L\u00e4ngd 150-250 mm (st\u00f6djer kundanpassat rutn\u00e4tsfoder)<\/td>\n<\/tr>\n<tr>\n<td>Skyddsniv\u00e5<\/td>\n<td>Fallskyddsh\u00f6jd 1,5 m, lastb\u00e4rande 50 kg utan deformation<\/td>\n<\/tr>\n<\/tbody>\n<\/table>\n<p><strong>Till\u00e4mpliga omr\u00e5den<\/strong>: avancerade hush\u00e5llssaxar, professionella fris\u00f6rverktyg, medicinska kirurgiska instrument och andra f\u00f6rpackningar f\u00f6r precisionsverktyg.<\/p>\n<h2 id=\"-value-proposition-\"><strong>V\u00e4rdeerbjudande<\/strong><\/h2>\n<ul>\n<li><strong>Premium varum\u00e4rke<\/strong>: Den svarta minimalistiska designen matchas med magnetisk interaktion f\u00f6r att skapa en avancerad upplevelse av \"att \u00f6ppna l\u00e5dan \u00e4r en k\u00e4nsla av ceremoni\".<\/li>\n<li><strong>Kostnadsoptimering<\/strong>: Den integrerade gjutningsprocessen f\u00f6r EVA-foder minskar monteringsstegen och massproduktionskostnaden \u00e4r 15% l\u00e4gre \u00e4n den traditionella skuml\u00f6sningen.<\/li>\n<li><strong>\u00c5tagande f\u00f6r milj\u00f6skydd<\/strong>: EVA-material \u00e4r \u00e5tervinningsbara och nedbrytbara och uppfyller EU:s RoHS-normer.<\/li>\n<\/ul>","protected":false},"excerpt":{"rendered":"<p>Den magnetiska f\u00f6rslutningsstrukturen anv\u00e4nds, som \u00e4r t\u00e4tt st\u00e4ngd utan n\u00e5gra luckor och l\u00e4tt kan man\u00f6vreras med en hand. Det inre trappade svampfodret \u00e4r exakt gjutet f\u00f6r att uppfylla de st\u00f6ts\u00e4kra kraven p\u00e5 saxf\u00f6rpackningsprodukter.<\/p>","protected":false},"featured_media":837,"template":"","meta":{"_kad_post_transparent":"default","_kad_post_title":"","_kad_post_layout":"default","_kad_post_sidebar_id":"","_kad_post_content_style":"default","_kad_post_vertical_padding":"default","_kad_post_feature":"","_kad_post_feature_position":"","_kad_post_header":false,"_kad_post_footer":false,"_kad_post_classname":""},"product_brand":[],"product_cat":[15,17],"product_tag":[315,316,317],"class_list":{"0":"post-836","1":"product","2":"type-product","3":"status-publish","4":"has-post-thumbnail","6":"product_cat-red-light-therapy","7":"product_cat-services","8":"product_tag-magnetic-closure-boxes-for-scissors","9":"product_tag-scissors-boxes-packaging-solution","10":"product_tag-scissors-packaging-with-eva","12":"first","13":"instock","14":"shipping-taxable","15":"product-type-simple","16":"entry","17":"content-bg","18":"loop-entry"},"_links":{"self":[{"href":"https:\/\/red-lighttherapy.com\/sv\/wp-json\/wp\/v2\/product\/836","targetHints":{"allow":["GET"]}}],"collection":[{"href":"https:\/\/red-lighttherapy.com\/sv\/wp-json\/wp\/v2\/product"}],"about":[{"href":"https:\/\/red-lighttherapy.com\/sv\/wp-json\/wp\/v2\/types\/product"}],"wp:featuredmedia":[{"embeddable":true,"href":"https:\/\/red-lighttherapy.com\/sv\/wp-json\/wp\/v2\/media\/837"}],"wp:attachment":[{"href":"https:\/\/red-lighttherapy.com\/sv\/wp-json\/wp\/v2\/media?parent=836"}],"wp:term":[{"taxonomy":"product_brand","embeddable":true,"href":"https:\/\/red-lighttherapy.com\/sv\/wp-json\/wp\/v2\/product_brand?post=836"},{"taxonomy":"product_cat","embeddable":true,"href":"https:\/\/red-lighttherapy.com\/sv\/wp-json\/wp\/v2\/product_cat?post=836"},{"taxonomy":"product_tag","embeddable":true,"href":"https:\/\/red-lighttherapy.com\/sv\/wp-json\/wp\/v2\/product_tag?post=836"}],"curies":[{"name":"wp","href":"https:\/\/api.w.org\/{rel}","templated":true}]}}