{"id":830,"date":"2025-04-15T03:26:39","date_gmt":"2025-04-15T03:26:39","guid":{"rendered":"https:\/\/red-lighttherapy.com\/?post_type=product&#038;p=830"},"modified":"2025-04-15T03:39:42","modified_gmt":"2025-04-15T03:39:42","slug":"maker-holographic-paper-lid-lift-off-box-for-candle-perfume","status":"publish","type":"product","link":"https:\/\/red-lighttherapy.com\/sv\/maker-holographic-paper-lid-lift-off-box-for-candle-perfume\/","title":{"rendered":"Holografisk pappersl\u00e5da med lyftfunktion f\u00f6r ljus parfym"},"content":{"rendered":"<h2 id=\"-maker-candle-perfume-holographic-paper-lid-box-product-description-\"><strong>Maker Candle Perfume Holografisk pappersl\u00e5da med lock och botten Produktbeskrivning<\/strong><\/h2>\n<h2 id=\"-1-classic-top-and-bottom-lid-box-design-both-stable-and-aesthetic-\"><strong>1. Klassisk design med topp- och bottenlock, b\u00e5de stabil och estetisk<\/strong><\/h2>\n<p>Med den klassiska topp- och bottenlockstrukturen formas locket och botten av l\u00e5dan av precisionsformar f\u00f6r att uppn\u00e5 millimeterprecisionsanpassning. L\u00e5dans kropp kombinerar konceptet med dubbelskiktsskydd och det anpassade sp\u00e5ret inuti omsluter ljuset t\u00e4tt. Den anti-seismiska och anti-kompressionsprestandan \u00e4r b\u00e4ttre \u00e4n vanliga svampmaterial, vilket garanterar noll skada under l\u00e5ngv\u00e4ga transport. L\u00e5dans mun antar en magnetisk sp\u00e4nne eller sn\u00e4ppsp\u00e4nne design, som \u00e4r smidig att \u00f6ppna och st\u00e4nga och har stark t\u00e4tning, vilket effektivt undviker oavsiktlig \u00f6ppning under transport och ger en k\u00e4nsla av unboxing ceremoni.<\/p>\n<h2 id=\"-2-humanized-interactive-experience-efficient-adaptation-to-retail-scenarios-\"><strong>2. Humaniserad interaktiv upplevelse, effektiv anpassning till butiksscenarier<\/strong><\/h2>\n<p>Den praktiska designen som kan \u00f6ppnas med ett enkelt handgrepp kr\u00e4ver inga komplicerade steg f\u00f6r att tillgodose konsumenternas behov av att snabbt kunna se produkterna i detaljhandeln. L\u00e5dans kropp har styva linjer och antar en kompositprocess av h\u00f6gh\u00e5llfast milj\u00f6v\u00e4nlig kartong och bambufiberlager. Den \u00e4r inte l\u00e4tt att deformera n\u00e4r den visas och \u00e4r l\u00e4mplig f\u00f6r flera scenarier som hyllor, presentf\u00f6rpackningar och konstutst\u00e4llningar. Fodret st\u00f6der fackdesign, som flexibelt kan rymma parfymer, tillbeh\u00f6r eller instruktioner f\u00f6r att f\u00f6rb\u00e4ttra funktionalitet och praktiska egenskaper.<\/p>\n<h2 id=\"-3-environmentally-friendly-materials-and-holographic-vision-create-advanced-sensory-memory-\"><strong>3. Milj\u00f6v\u00e4nliga material och holografisk vision skapar avancerat sensoriskt minne<\/strong><\/h2>\n<p>L\u00e5dans kropp anv\u00e4nder 183g Holographic milj\u00f6v\u00e4nligt holografiskt papper, kombinerat med en nedbrytbar lamineringsprocess, och den silkeslena ber\u00f6ringen och laserfantasif\u00e4rgeffekten bildar en dubbel visuell och taktil minnespunkt. Silverbasen l\u00e4gger grunden f\u00f6r k\u00e4nslan av teknik och framtid, och laserhoppf\u00e4rgen injicerar vitalitet genom dynamiska ljus- och skuggf\u00f6r\u00e4ndringar och n\u00e5r exakt den k\u00e4nslom\u00e4ssiga resonansen hos kvinnor och unga kunder. Lamineringsprocessen har b\u00e5de antifouling- och slitstarka egenskaper f\u00f6r att s\u00e4kerst\u00e4lla att glansen \u00e4r l\u00e5ngvarig och ny n\u00e4r den visas.<\/p>\n<h2 id=\"-4-customized-accessories-empower-brand-premium-\"><strong>4. Anpassade tillbeh\u00f6r st\u00e4rker varum\u00e4rkets premium<\/strong><\/h2>\n<p>St\u00f6djer installation av tillbeh\u00f6r som magnetiska sp\u00e4nnen, band och logotyper med varmst\u00e4mpling, som \u00e4r l\u00e4mpliga f\u00f6r produkter med h\u00f6gt merv\u00e4rde som presentf\u00f6rpackningar f\u00f6r h\u00f6gtider, begr\u00e4nsade upplagor och co-brandade modeller. Fodret kan uppgraderas till flockning eller \u00e5tervinningsbart EVA-material, och fackdesignen kan rymma en m\u00e4ngd olika dofter f\u00f6r att uppfylla marknadsf\u00f6ringsscenarier som \"doftsatser\" och \"s\u00e4songsbegr\u00e4nsade\". F\u00f6rpackningsl\u00e5dans sida kan f\u00f6rses med ett doftf\u00f6nster s\u00e5 att konsumenterna kan k\u00e4nna doftniv\u00e5n innan de packar upp f\u00f6rpackningen, vilket f\u00f6rb\u00e4ttrar upplevelsen.<\/p>\n<h2 id=\"-5-strengthening-sustainable-concept-and-brand-recognition-\"><strong>5. F\u00f6rst\u00e4rkning av h\u00e5llbart koncept och varum\u00e4rkesigenk\u00e4nning<\/strong><\/h2>\n<p>Hela processen anv\u00e4nder milj\u00f6v\u00e4nlig teknik, och bambufiberskiktet och de nedbrytbara bel\u00e4ggningsmaterialen uppfyller FSC-certifieringsstandarderna, med h\u00e4nsyn till b\u00e5de estetik och h\u00e5llbara koncept. Lasereffekten i kombination med varum\u00e4rkets exklusiva f\u00e4rgsystem bildar ett starkt visuellt erk\u00e4nnande och har \u00e4mnesattributet \"laser spot\" i kommunikation p\u00e5 sociala medier, vilket hj\u00e4lper varum\u00e4rket att bryta cirkeln. F\u00f6rpackningsl\u00e5dan kan omvandlas till hemf\u00f6rvaring eller konstprydnader f\u00f6r att f\u00f6rl\u00e4nga livscykeln och f\u00f6rdjupa milj\u00f6skyddsimagen.<\/p>\n<h2 id=\"-application-scenario-example-\"><strong>6. Exempel p\u00e5 till\u00e4mpningsscenario<\/strong><\/h2>\n<ul>\n<li><strong>Display f\u00f6r detaljhandeln<\/strong>: Den styva l\u00e5dtypen \u00e4r l\u00e4mplig f\u00f6r stormarknadshyllor och sk\u00f6nhetssamlingsbutiker, och laserglansen v\u00e4cker uppm\u00e4rksamhet.<\/li>\n<li><strong>Presentf\u00f6rpackning<\/strong>: L\u00e4gg till band och guldst\u00e4mplade gratulationskort f\u00f6r att skapa en k\u00e4nsla av julklappsceremoni.<\/li>\n<li><strong>Co-branding av varum\u00e4rke<\/strong>: Genom utformningen av fackfoder och magnetiskt sp\u00e4nne, integrera produkter med flera varum\u00e4rken f\u00f6r att \u00f6ka premiumutrymmet.<\/li>\n<\/ul>\n<h2 id=\"-technical-parameters-\"><strong>7. Tekniska parametrar<\/strong><\/h2>\n<ul>\n<li>Material: 183g holografiskt papper + kompositlager av bambufiber<\/li>\n<li>Process: laminering med sojab\u00f6nvax vid l\u00e5g temperatur, precisionssk\u00e4rning med laser<\/li>\n<li>Storlek: st\u00f6d f\u00f6r anpassning (standardversionen \u00e4r l\u00e4mplig f\u00f6r ljus med en diameter p\u00e5 8 cm)<\/li>\n<li>Milj\u00f6certifiering: FSC, nedbrytbar etikett<\/li>\n<\/ul>","protected":false},"excerpt":{"rendered":"<p>Maker holografiska lock- och basl\u00e5da har \"futuristisk ritual\" som sin k\u00e4rna. Genom kollisionen mellan tekniskt silver och laserf\u00e4rg balanserar den rationell estetik och k\u00e4nslom\u00e4ssig upplevelse och blir ett tyst medium f\u00f6r varum\u00e4rket att f\u00f6rmedla sina v\u00e4rden.<\/p>","protected":false},"featured_media":832,"template":"","meta":{"_kad_post_transparent":"default","_kad_post_title":"","_kad_post_layout":"default","_kad_post_sidebar_id":"","_kad_post_content_style":"default","_kad_post_vertical_padding":"default","_kad_post_feature":"","_kad_post_feature_position":"","_kad_post_header":false,"_kad_post_footer":false,"_kad_post_classname":""},"product_brand":[],"product_cat":[15,19,17],"product_tag":[312,313,314],"class_list":{"0":"post-830","1":"product","2":"type-product","3":"status-publish","4":"has-post-thumbnail","6":"product_cat-red-light-therapy","7":"product_cat-red-light-therapy-stand","8":"product_cat-services","9":"product_tag-holographic-paper-candle-box","10":"product_tag-lid-lift-off-box-for-perfume","11":"product_tag-maker-box-for-candle-perfume","13":"first","14":"instock","15":"shipping-taxable","16":"product-type-simple","17":"entry","18":"content-bg","19":"loop-entry"},"_links":{"self":[{"href":"https:\/\/red-lighttherapy.com\/sv\/wp-json\/wp\/v2\/product\/830","targetHints":{"allow":["GET"]}}],"collection":[{"href":"https:\/\/red-lighttherapy.com\/sv\/wp-json\/wp\/v2\/product"}],"about":[{"href":"https:\/\/red-lighttherapy.com\/sv\/wp-json\/wp\/v2\/types\/product"}],"wp:featuredmedia":[{"embeddable":true,"href":"https:\/\/red-lighttherapy.com\/sv\/wp-json\/wp\/v2\/media\/832"}],"wp:attachment":[{"href":"https:\/\/red-lighttherapy.com\/sv\/wp-json\/wp\/v2\/media?parent=830"}],"wp:term":[{"taxonomy":"product_brand","embeddable":true,"href":"https:\/\/red-lighttherapy.com\/sv\/wp-json\/wp\/v2\/product_brand?post=830"},{"taxonomy":"product_cat","embeddable":true,"href":"https:\/\/red-lighttherapy.com\/sv\/wp-json\/wp\/v2\/product_cat?post=830"},{"taxonomy":"product_tag","embeddable":true,"href":"https:\/\/red-lighttherapy.com\/sv\/wp-json\/wp\/v2\/product_tag?post=830"}],"curies":[{"name":"wp","href":"https:\/\/api.w.org\/{rel}","templated":true}]}}