{"id":824,"date":"2025-04-15T03:12:20","date_gmt":"2025-04-15T03:12:20","guid":{"rendered":"https:\/\/red-lighttherapy.com\/?post_type=product&#038;p=824"},"modified":"2025-04-15T03:26:31","modified_gmt":"2025-04-15T03:26:31","slug":"custom-luxury-sliding-drawer-wigs-packaging-boxes-bulk","status":"publish","type":"product","link":"https:\/\/red-lighttherapy.com\/sv\/custom-luxury-sliding-drawer-wigs-packaging-boxes-bulk\/","title":{"rendered":"Anpassade lyxiga peruker med skjutl\u00e5dor F\u00f6rpackningar L\u00e5dor Bulk"},"content":{"rendered":"<h2 id=\"customized-luxury-sliding-drawer-style-wig-packaging-box-product-description\">Anpassad lyxig peruk med skjutl\u00e5da F\u00f6rpackningsl\u00e5dor Bulk Produktbeskrivning<\/h2>\n<h2><strong>1. Innovativ s<\/strong>utdragbar l\u00e5da <strong>\u00f6ppningsdesign<\/strong><\/h2>\n<p>Med hj\u00e4lp av en precisionsglidskenestruktur kan du \u00f6ppna och st\u00e4nga den smidigt med ett enda tryck, med h\u00e4nsyn tagen till\u00a0<strong>rituell k\u00e4nsla och bekv\u00e4mlighet<\/strong>. L\u00e5dans design \u00e4r inspirerad av avancerade perukboxar. Det interna sp\u00e5ret har testats upprepade g\u00e5nger och optimerats f\u00f6r att s\u00e4kerst\u00e4lla smidig drift utan fastk\u00f6rning. Samtidigt anv\u00e4nds magnetsp\u00e4nnet f\u00f6r att uppn\u00e5 st\u00e4ngningsstabilitet f\u00f6r att undvika oavsiktlig glidning.<\/p>\n<h2 id=\"-2-scientific-lining-support-system-\"><strong>2. Vetenskapligt st\u00f6dsystem f\u00f6r foder<\/strong><\/h2>\n<p>Fodret \u00e4r tillverkat av ett kompositmaterial av EVA-svamp med h\u00f6g densitet och flockduk. Genomg\u00e5ende\u00a0<strong>3D-modellering f\u00f6r att simulera perukens form<\/strong>, anpassad partition design tillhandah\u00e5lls:<\/p>\n<ul>\n<li><strong>Stabilitet<\/strong>: Precis slits enligt perukens storlek, passa h\u00e5rstyckets kr\u00f6kning och undvik skakning och slitage under transport;<\/li>\n<li><strong>Skyddande<\/strong>: Den flockade ytan minskar statisk adsorption och f\u00f6rl\u00e4nger perukens livsl\u00e4ngd.<\/li>\n<\/ul>\n<h2 id=\"-three-laser-precision-and-detail-processing-\"><strong>3. Laserprecision och detaljbearbetning<\/strong><\/h2>\n<ul>\n<li><strong>Nollfelssk\u00e4rning<\/strong>: Med hj\u00e4lp av tysk TRUMPF laserutrustning kontrolleras felet inom \u00b10,1 mm f\u00f6r att s\u00e4kerst\u00e4lla s\u00f6ml\u00f6s dockning av l\u00e5dkroppen;<\/li>\n<li><strong>Humaniserad touch<\/strong>: Kanten bearbetas med R vinkelslipningsprocess, ber\u00f6ringen \u00e4r k\u00e4nslig och burrfri och den \u00f6verensst\u00e4mmer med den ergonomiska greppupplevelsen.<\/li>\n<\/ul>\n<h2 id=\"-four-soothing-visual-aesthetic-design-\"><strong>4. Lugnande visuell estetisk design<\/strong><\/h2>\n<ul>\n<li><strong>Huvudf\u00e4rg<\/strong>: Baserat p\u00e5 gr\u00f6nt anv\u00e4nds matt UV-bel\u00e4ggningsprocess och f\u00e4rg med l\u00e5g m\u00e4ttnad kan minska det visuella trycket, vilket passar tonaliteten hos avancerade perukm\u00e4rken;<\/li>\n<li><strong>Dekorativa element<\/strong>: Med svart satinband uppn\u00e5s exakt positionering av box\u00f6ppningen genom f\u00f6rinst\u00e4llda styrsp\u00e5r f\u00f6r att f\u00f6rb\u00e4ttra k\u00e4nslan av uppackningsceremoni.<\/li>\n<\/ul>\n<h2 id=\"-v-multi-dimensional-free-customization-solution-\"><strong>5. Flerdimensionell l\u00f6sning f\u00f6r fri anpassning<\/strong><\/h2>\n<p>St\u00f6der flexibel kombination av\u00a0<strong>storlek, struktur och funktion<\/strong>\u00a0moduler:<\/p>\n<ol>\n<li><strong>Anpassning av storlek<\/strong>: 15-60 cm i l\u00e4ngd, 3-15 cm i h\u00f6jd, kompatibel med korta h\u00e5rstycken till hela huvudskydd;<\/li>\n<li><strong>Funktionsexpansion<\/strong>: Valfria fukts\u00e4kra kortplatser, LED-spegelskikt, m\u00e4rkeskortplats etc;<\/li>\n<li><strong>Strukturell uppgradering<\/strong>: Tillhandah\u00e5ller derivatformer som topp- och bottenlock, dubbeld\u00f6rrar och vikbara stilar.<\/li>\n<\/ol>\n<h2 id=\"-sixth-flexible-supply-chain-service-\"><strong>6. Flexibla tj\u00e4nster i leveranskedjan<\/strong><\/h2>\n<ul>\n<li><strong>Snabbt svar<\/strong>: Fullst\u00e4ndig korrektur inom 72 timmar, st\u00f6d f\u00f6r samtidig bekr\u00e4ftelse av 3D-renderingar och fysiska objekt;<\/li>\n<li><strong>Flexibel minsta best\u00e4llning<\/strong>: 500 stycken f\u00f6r batchproduktion, 10 specifikationer kan blandas i en enda batch f\u00f6r att minska lagertrycket;<\/li>\n<li><strong>Merv\u00e4rdesskapande tj\u00e4nster<\/strong>: Gratis varum\u00e4rke VI-fusionsdesign, gr\u00e4ns\u00f6verskridande logistikl\u00f6sningar och garanti efter f\u00f6rs\u00e4ljning.<\/li>\n<\/ul>\n<h2 id=\"-vii-environmental-protection-and-quality-commitment-\"><strong>7. Milj\u00f6skydd och kvalitets\u00e5tagande<\/strong><\/h2>\n<ul>\n<li><strong>Certifiering av material<\/strong>: L\u00e5dkroppen anv\u00e4nder FSC-certifierad vit kartong och vattenbaserat milj\u00f6v\u00e4nligt lim och har klarat SGS tungmetalltestning;<\/li>\n<li><strong>Produktivitetsgaranti<\/strong>: Den egen\u00e4gda fabriken \u00e4r utrustad med helautomatiska stansmaskiner och produktionslinjer f\u00f6r offsettryck, med en genomsnittlig daglig produktionskapacitet p\u00e5 \u00f6ver 10.000.000 stycken.<\/li>\n<\/ul>","protected":false},"excerpt":{"rendered":"<p>Pappersl\u00e5dans \u00f6ppningsdesign m\u00f6jligg\u00f6r smidig anv\u00e4ndning med en hand, vilket kombinerar en k\u00e4nsla av ceremoni med bekv\u00e4mlighet. Fodret har ber\u00e4knats exakt f\u00f6r att stabilt st\u00f6dja peruker av olika storlekar f\u00f6r att undvika skakningar och slitage.<\/p>","protected":false},"featured_media":825,"template":"","meta":{"_kad_post_transparent":"default","_kad_post_title":"","_kad_post_layout":"default","_kad_post_sidebar_id":"","_kad_post_content_style":"default","_kad_post_vertical_padding":"default","_kad_post_feature":"","_kad_post_feature_position":"","_kad_post_header":false,"_kad_post_footer":false,"_kad_post_classname":""},"product_brand":[],"product_cat":[15,20,17],"product_tag":[311,309,310],"class_list":{"0":"post-824","1":"product","2":"type-product","3":"status-publish","4":"has-post-thumbnail","6":"product_cat-red-light-therapy","7":"product_cat-led-face-light-therapy","8":"product_cat-services","9":"product_tag-bulk-wigs-boxes","10":"product_tag-custom-wigs-packaging-boxes","11":"product_tag-luxury-sliding-wigs-boxes","13":"first","14":"instock","15":"shipping-taxable","16":"product-type-simple","17":"entry","18":"content-bg","19":"loop-entry"},"_links":{"self":[{"href":"https:\/\/red-lighttherapy.com\/sv\/wp-json\/wp\/v2\/product\/824","targetHints":{"allow":["GET"]}}],"collection":[{"href":"https:\/\/red-lighttherapy.com\/sv\/wp-json\/wp\/v2\/product"}],"about":[{"href":"https:\/\/red-lighttherapy.com\/sv\/wp-json\/wp\/v2\/types\/product"}],"wp:featuredmedia":[{"embeddable":true,"href":"https:\/\/red-lighttherapy.com\/sv\/wp-json\/wp\/v2\/media\/825"}],"wp:attachment":[{"href":"https:\/\/red-lighttherapy.com\/sv\/wp-json\/wp\/v2\/media?parent=824"}],"wp:term":[{"taxonomy":"product_brand","embeddable":true,"href":"https:\/\/red-lighttherapy.com\/sv\/wp-json\/wp\/v2\/product_brand?post=824"},{"taxonomy":"product_cat","embeddable":true,"href":"https:\/\/red-lighttherapy.com\/sv\/wp-json\/wp\/v2\/product_cat?post=824"},{"taxonomy":"product_tag","embeddable":true,"href":"https:\/\/red-lighttherapy.com\/sv\/wp-json\/wp\/v2\/product_tag?post=824"}],"curies":[{"name":"wp","href":"https:\/\/api.w.org\/{rel}","templated":true}]}}