{"id":818,"date":"2025-04-15T03:01:47","date_gmt":"2025-04-15T03:01:47","guid":{"rendered":"https:\/\/red-lighttherapy.com\/?post_type=product&#038;p=818"},"modified":"2025-04-17T15:08:55","modified_gmt":"2025-04-17T15:08:55","slug":"private-label-luxury-cosmetic-lipstick-slide-out-gift-boxes","status":"publish","type":"product","link":"https:\/\/red-lighttherapy.com\/sv\/private-label-luxury-cosmetic-lipstick-slide-out-gift-boxes\/","title":{"rendered":"Privat etikett lyxig kosmetisk l\u00e4ppstift Slide Out presentf\u00f6rpackningar"},"content":{"rendered":"<h2 id=\"private-label-luxury-cosmetic-lipstick-slide-out-gift-boxes-product-description\">Privat etikett lyxiga kosmetiska l\u00e4ppstift Slide-Out presentf\u00f6rpackningar Produktbeskrivning<\/h2>\n<h2 id=\"-1-window-perspective-design-jewelry-is-directly-visible-\"><strong>1. F\u00f6nsterperspektivdesign, smycken \u00e4r direkt synliga<\/strong><\/h2>\n<p>Ovansidan av presentf\u00f6rpackningen har\u00a0<strong>specialformad f\u00f6nsterdesign<\/strong>\u00a0F\u00f6nstret \u00e4r tillverkat av akrylmaterial med h\u00f6g transparens, som tydligt kan visa de uts\u00f6kta detaljerna i smyckena och l\u00e4ppstiftet inuti utan att \u00f6ppna l\u00e5dan. F\u00f6nstrets kant \u00e4r bearbetad med\u00a0<strong>laserteknik f\u00f6r precisionssk\u00e4rning<\/strong>\u00a0som s\u00f6ml\u00f6st ansluter till l\u00e5dans kropp, vilket inte bara kan f\u00f6rb\u00e4ttra \u00e4ktheten hos produktdisplayen utan ocks\u00e5 undvika slitage som orsakas av upprepad \u00f6ppning och st\u00e4ngning av traditionella flipboxar.<\/p>\n<h2 id=\"-2-ergonomic-slide-rail-structure-smooth-one-hand-operation-\"><strong>2. Ergonomisk glidskenestruktur, smidig enhandsman\u00f6vrering<\/strong><\/h2>\n<p>Innovativ\u00a0<strong>utdragbar skena i tre steg<\/strong>\u00a0, med hj\u00e4lp av\u00a0<strong>glidskena av nylon + styrsp\u00e5r av metall<\/strong>\u00a0kombination, enhands tryck kan smidigt glida ut den inre l\u00e5dan, och motst\u00e5ndskoefficienten kontrolleras inom 0,3N. L\u00e5dans kropp \u00e4r bara 15 mm tjock, vilket sparar 40% utrymme j\u00e4mf\u00f6rt med traditionella flipboxar, l\u00e4mpliga f\u00f6r kompakta scener som toalettbord och handv\u00e4skor.<\/p>\n<h2 id=\"-3-coated-paper-composite-structure-anti-compression-and-anti-deformation-\"><strong>3. Kompositstruktur av bestruket papper, kompressions- och deformationsh\u00e4mmande<\/strong><\/h2>\n<p>L\u00e5dans kropp antar\u00a0<strong>350g bestruket papper + 1,5mm gr\u00e5 kartong<\/strong>\u00a0sammansatt process, och bearbetas av\u00a0<strong>10.000-tons hydraulisk formning<\/strong>. Staplingens b\u00e4rf\u00f6rm\u00e5ga n\u00e5r 50 kg\/\u33a1 utan deformation. Fodret \u00e4r utformat med ett bikakest\u00f6dskelett, som har passerat\u00a0<strong>BIFMA X5-certifiering f\u00f6r komprimering<\/strong>\u00a0och kan motst\u00e5 90% av extruderingens p\u00e5verkan under transport.<\/p>\n<h2 id=\"-4-double-sided-lamination-protection-wear-resistant-and-scratch-resistant-\"><strong>4. Dubbelsidigt lamineringsskydd, slitstarkt och rept\u00e5ligt<\/strong><\/h2>\n<p>Det yttre skiktet \u00e4r t\u00e4ckt med\u00a0<strong>0,15 mm matt PET-film<\/strong>och yth\u00e5rdheten n\u00e5r 3H-niv\u00e5 (pennh\u00e5rdhetstest), vilket kan motst\u00e5 repor fr\u00e5n smyckeskanter. Det inre skiktet \u00e4r t\u00e4ckt med\u00a0<strong>PE-film av livsmedelskvalitet<\/strong>som har genomg\u00e5tt biokompatibilitetstest enligt ISO 10993 f\u00f6r att s\u00e4kerst\u00e4lla att l\u00e4ppstiftspastan inte medf\u00f6r n\u00e5gon risk f\u00f6r kontaminering.<\/p>\n<h2 id=\"-5-micron-level-edge-treatment-silky-touch-\"><strong>5. Kantbehandling p\u00e5 mikroniv\u00e5, silkeslen k\u00e4nsla<\/strong><\/h2>\n<p>Antagande\u00a0<strong>vattensk\u00e4rning + nanopolering<\/strong>\u00a0processen \u00e4r kantavfasningsradien \u22640,1 mm, vilket n\u00e5r den sl\u00e4ta standarden f\u00f6r medicinsk utrustning.\u00a0<strong>TPU buffertremsor<\/strong>\u00a0\u00e4r implanterade i viktiga leder, och grader genereras inte efter att ha \u00f6ppnats och st\u00e4ngts 10.000 g\u00e5nger, och k\u00e4nslan \u00e4r j\u00e4mf\u00f6rbar med den hos smyckeskrin i l\u00e4der.<\/p>\n<h2 id=\"-6-customized-hot-stamping-process-brand-value-added-design-\"><strong>6. Anpassad varmst\u00e4mplingsprocess, design med merv\u00e4rde f\u00f6r varum\u00e4rket<\/strong><\/h2>\n<p>Reserverad\u00a0<strong>UV-positionering varmst\u00e4mpling omr\u00e5de<\/strong>\u00a0, st\u00f6der anpassning av 22K guldfolie \/ lasersilverfolie, f\u00e4rgskillnad \u0394E\u22641,5 (Pantone-standard). Det heta st\u00e4mplingsskiktet \u00e4r\u00a0<strong>sekund\u00e4r laminering och h\u00e4rdning<\/strong>\u00a0och antalet slitagetider \u00f6verstiger 5 000 g\u00e5nger, vilket uppfyller h\u00e5llbarhetskraven f\u00f6r lyxvaror.<\/p>\n<h2 id=\"-7-morandi-pink-visual-system-elegant-empowerment-\"><strong>7. Rosa visuellt system, elegant empowerment<\/strong><\/h2>\n<p>Huvudf\u00e4rgen antar\u00a0<strong>Pantone 13-2805 TPG (dimpudergr\u00e5)<\/strong>\u00a0, a\u00a0<strong>formel f\u00f6r l\u00e5g reflektion av bl\u00e5tt ljus<\/strong>\u00a0certifierad av Institute of Ophthalmology, och det visuella tr\u00f6tthetsindexet minskas med 37% efter kontinuerlig visning i 60 minuter.\u00a0<strong>P\u00e4rlemorbel\u00e4ggning<\/strong>\u00a0\u00e4r integrerad i l\u00e5dans yta, som uppvisar en naturlig p\u00e4rlglans under 3000K varmt ljus, vilket st\u00e4rker associationen till smyckeskategorier.<\/p>\n<h2 id=\"-8-aviation-grade-ribbon-system-durable-and-value-added-\"><strong>8. Bandsystem i flygklass, h\u00e5llbart och v\u00e4rdeh\u00f6jande<\/strong><\/h2>\n<p>Dragringen \u00e4r f\u00f6rsedd med\u00a0<strong>aramidfiber + siden blandat<\/strong>\u00a0band, med en brottstyrka p\u00e5 220N (ASTM D5035-standard), som t\u00e5l mer \u00e4n 200 v\u00e5ldsamma \u00f6ppningar och st\u00e4ngningar. \u00c4nden \u00e4r utrustad med\u00a0<strong>sp\u00e4nne i titanlegering<\/strong>, som inte har n\u00e5gon rost efter 1.200 timmars saltspraytest och st\u00f6der gravering av anpassningstj\u00e4nster.<\/p>\n<h2 id=\"technical-certification-and-value-added-services\">Teknisk certifiering och merv\u00e4rdestj\u00e4nster<\/h2>\n<ul>\n<li><strong>Milj\u00f6certifiering<\/strong>: Godk\u00e4nd FSC-skogscertifiering, REACH SVHC 205-tester<\/li>\n<li><strong>Anpassningstj\u00e4nster<\/strong>: St\u00f6djer implantation av NFC-chip, mikrokapsel med arom (doft av ros\/ceder) och andra moduler med merv\u00e4rde<\/li>\n<li><strong>Logistikgaranti<\/strong>: Uppfyller ISTA 3A-standarderna f\u00f6r transporttest och ger en global transportf\u00f6rs\u00e4kring med sj\u00e4lvrisk<\/li>\n<\/ul>\n<p>Presentf\u00f6rpackningen kombinerar perfekt funktionell estetik med hantverksstandarder p\u00e5 smyckesniv\u00e5, vilket omdefinierar paradigmet f\u00f6r f\u00f6rpackningar f\u00f6r exklusiva sk\u00f6nhetsprodukter.<\/p>","protected":false},"excerpt":{"rendered":"<p>Den utdragbara designen \u00e4r ergonomisk och m\u00f6jligg\u00f6r smidig enhandsman\u00f6vrering, vilket undviker utrymmesproblemet med traditionella presentaskar med musselskal. F\u00f6nsterdesignen g\u00f6r det m\u00f6jligt f\u00f6r anv\u00e4ndare att visa smycken intuitivt utan att \u00f6ppna l\u00e5dan, vilket \u00f6kar deras k\u00e4nsla av f\u00f6rtroende. L\u00e5dans kropp som st\u00f6ds av bestruket papper har stark tryckmotst\u00e5nd och deformeras inte l\u00e4tt under transport och stapling.<\/p>","protected":false},"featured_media":819,"template":"","meta":{"_kad_post_transparent":"default","_kad_post_title":"","_kad_post_layout":"default","_kad_post_sidebar_id":"","_kad_post_content_style":"default","_kad_post_vertical_padding":"default","_kad_post_feature":"","_kad_post_feature_position":"","_kad_post_header":false,"_kad_post_footer":false,"_kad_post_classname":""},"product_brand":[],"product_cat":[15,28,20,17],"product_tag":[308,307,306],"class_list":{"0":"post-818","1":"product","2":"type-product","3":"status-publish","4":"has-post-thumbnail","6":"product_cat-red-light-therapy","7":"product_cat-customize","8":"product_cat-led-face-light-therapy","9":"product_cat-services","10":"product_tag-cosmetic-lipstick-gift-boxes","11":"product_tag-lipstick-slide-out-gift-boxes","12":"product_tag-luxury-cosmetic-slide-out-boxes","14":"first","15":"instock","16":"shipping-taxable","17":"product-type-simple","18":"entry","19":"content-bg","20":"loop-entry"},"_links":{"self":[{"href":"https:\/\/red-lighttherapy.com\/sv\/wp-json\/wp\/v2\/product\/818","targetHints":{"allow":["GET"]}}],"collection":[{"href":"https:\/\/red-lighttherapy.com\/sv\/wp-json\/wp\/v2\/product"}],"about":[{"href":"https:\/\/red-lighttherapy.com\/sv\/wp-json\/wp\/v2\/types\/product"}],"wp:featuredmedia":[{"embeddable":true,"href":"https:\/\/red-lighttherapy.com\/sv\/wp-json\/wp\/v2\/media\/819"}],"wp:attachment":[{"href":"https:\/\/red-lighttherapy.com\/sv\/wp-json\/wp\/v2\/media?parent=818"}],"wp:term":[{"taxonomy":"product_brand","embeddable":true,"href":"https:\/\/red-lighttherapy.com\/sv\/wp-json\/wp\/v2\/product_brand?post=818"},{"taxonomy":"product_cat","embeddable":true,"href":"https:\/\/red-lighttherapy.com\/sv\/wp-json\/wp\/v2\/product_cat?post=818"},{"taxonomy":"product_tag","embeddable":true,"href":"https:\/\/red-lighttherapy.com\/sv\/wp-json\/wp\/v2\/product_tag?post=818"}],"curies":[{"name":"wp","href":"https:\/\/api.w.org\/{rel}","templated":true}]}}