{"id":812,"date":"2025-04-15T02:51:47","date_gmt":"2025-04-15T02:51:47","guid":{"rendered":"https:\/\/red-lighttherapy.com\/?post_type=product&#038;p=812"},"modified":"2025-04-15T03:01:39","modified_gmt":"2025-04-15T03:01:39","slug":"bespoke-soft-touch-lamination-match-style-necklaces-box","status":"publish","type":"product","link":"https:\/\/red-lighttherapy.com\/sv\/bespoke-soft-touch-lamination-match-style-necklaces-box\/","title":{"rendered":"Skr\u00e4ddarsydd Soft Touch Laminering Match Style Halsband L\u00e5da"},"content":{"rendered":"<h2 id=\"customized-soft-touch-coating-matching-style-necklace-box-product-description\">Skr\u00e4ddarsydd halsbandsask med soft touch-bel\u00e4ggning i matchande stil produktbeskrivning<\/h2>\n<h2 id=\"1-cuboid-drawer-structure-\">1. Papper<strong> l\u00e5dans struktur<\/strong><\/h2>\n<ul>\n<li>Genom att anta en exakt ber\u00e4knad rektangul\u00e4r l\u00e5dform \u00f6kas den interna rymdutnyttjandegraden med 30%, vilket \u00e4r l\u00e4mpligt f\u00f6r smyckesbutikens diskdisplay och f\u00f6rvaringsscener f\u00f6r toalettbord i hemmet. Den skiktade designen av l\u00e5dtyp kan lagra olika smycken som halsband, ringar, \u00f6rh\u00e4ngen etc. i kategorier f\u00f6r att undvika trassel och slitage.<\/li>\n<li>L\u00e5dkroppen har varit\u00a0<strong>geometriskt optimerad<\/strong>och kanterna \u00e4r bearbetade med 0,5 mm rundade h\u00f6rn, vilket inte bara bibeh\u00e5ller den tredimensionella k\u00e4nslan utan ocks\u00e5 f\u00f6rb\u00e4ttrar staplingsstabiliteten. Den t\u00e5l 5 lager av \u00f6verlagrat tryck under transport och samarbetar med antikollisionsbuffertmaterial (s\u00e5som EPE p\u00e4rlbomull) f\u00f6r att uppn\u00e5 transports\u00e4kerhet med full l\u00e4nk.<\/li>\n<\/ul>\n<h2 id=\"2-slide-rail-pull-out-one-hand-operation-\">2.\u00a0<strong>Utdragbar glidskena med enhandsfattning<\/strong><\/h2>\n<ul>\n<li>Utrustad med\u00a0<strong>tyst d\u00e4mpande glidskena<\/strong>\u00f6ppnings- och st\u00e4ngningsmotst\u00e5ndet \u00e4r \u22641,5 N och den kan \u00f6ppnas smidigt med ett enda handtryck, vilket \u00e4r 40% effektivare \u00e4n den traditionella flip-top-operationen. Livsl\u00e4ngdstestet f\u00f6r glidskenan \u00e4r mer \u00e4n 100 000 g\u00e5nger, vilket \u00e4r l\u00e4mpligt f\u00f6r h\u00f6gfrekventa anv\u00e4ndningsscenarier.<\/li>\n<li>L\u00e5dan \u00e4r inb\u00e4ddad med en\u00a0<strong>magnetiskt positioneringssystem<\/strong>\u00a0som automatiskt justeras n\u00e4r den st\u00e4ngs f\u00f6r att undvika oavsiktlig glidning p\u00e5 grund av vibrationer.<\/li>\n<\/ul>\n<h2 id=\"-second-surface-technology-and-visual-presentation-\"><strong>3. Ytteknik och visuell presentation<\/strong><\/h2>\n<ol>\n<li><strong>Soft touch-bel\u00e4ggning och tredimensionell struktur<\/strong><\/li>\n<li>L\u00e5dans kropp antar\u00a0<strong>PU-bel\u00e4ggningsteknik<\/strong>\u00a0och ytan k\u00e4nns lika delikat som sammet, och den har ocks\u00e5 egenskaper som motverkar repor och fingeravtryck. Genom\u00a0<strong>3D-pr\u00e4glingsteknik<\/strong>\u00a0bildas en tredimensionell struktur av diamant-\/krokodilm\u00f6nster f\u00f6r att f\u00f6rst\u00e4rka den visuella skiktningen och varum\u00e4rkesigenk\u00e4nningen.<\/li>\n<\/ol>\n<h2 id=\"4-dark-blue-main-color-and-hot-stamping-luxury-\">4.\u00a0<strong>M\u00f6rkbl\u00e5 huvudf\u00e4rg och lyxig varmst\u00e4mpling<\/strong><\/h2>\n<ul>\n<li>L\u00e5dkroppen \u00e4r huvudsakligen i\u00a0<strong>Pantone 19-4052 klassisk m\u00f6rkbl\u00e5<\/strong>\u00a0som symboliserar tillit och evighet, och som i h\u00f6g grad \u00f6verensst\u00e4mmer med det visuella spr\u00e5ket f\u00f6r lyxvaror. Med\u00a0<strong>delvis varmst\u00e4mplingsteknik<\/strong>\u00a0, 24K guldfolie och laserpositioneringsteknik anv\u00e4nds, metallglansen \u0394E\u22641,5 och texten \/ logotypens kantnoggrannhet n\u00e5r \u00b1 0,1 mm, vilket framh\u00e4ver den \u00e4dla strukturen.<\/li>\n<\/ul>\n<h2 id=\"5-eva-velvet-composite-inner-support-\">5.\u00a0<strong>Inre st\u00f6d av EVA+velourkomposit<\/strong><\/h2>\n<ul>\n<li>Innerfodret \u00e4r tillverkat av\u00a0<strong>EVA-svamp med h\u00f6g densitet<\/strong>\u00a0(h\u00e5rdhet 40\u00b15 Shore C) och\u00a0<strong>600D sammet<\/strong>\u00a0kompositstruktur, som \u00e4r mjuk att ta p\u00e5 och har stark tryckbest\u00e4ndighet, vilket skyddar smyckena fr\u00e5n st\u00f6tar.<\/li>\n<li><strong>Modul\u00e4r design f\u00f6r kortplatser<\/strong>:<\/li>\n<li><strong>Halsband slot<\/strong>: U-format sp\u00e5rdjup 15mm, l\u00e4mpligt f\u00f6r halsband med kedjel\u00e4ngd 40-70cm;<\/li>\n<li><strong>Ringh\u00e5llare<\/strong>: Justerbar fixeringsposition f\u00f6r silikonringar, kompatibel med ringar 4-20;<\/li>\n<li><strong>Uttag f\u00f6r \u00f6ronsmycken<\/strong>: Stifth\u00e5l med 2 mm diameter och magnetisk f\u00f6rvaringsplats f\u00f6r \u00f6ronproppar i kombinerad design.<\/li>\n<\/ul>\n<h2 id=\"6-highly-customized-solutions-\">6.\u00a0<strong>Mycket kundanpassade l\u00f6sningar<\/strong><\/h2>\n<ul>\n<li><strong>Anpassning av storlek<\/strong>: St\u00f6der justering av boxstorlek fr\u00e5n 5 cm \u00d7 5 cm till 30 cm \u00d7 30 cm, l\u00e4mplig f\u00f6r br\u00f6llopssatser, presentf\u00f6rpackningar med enstaka artiklar och andra scenarier;<\/li>\n<li><strong>Integration av varum\u00e4rkeselement<\/strong>: Kan b\u00e4dda in RFID-chips, lasergravera varum\u00e4rkeslogotyper eller justera pr\u00e4glade m\u00f6nster och varmst\u00e4mplingspositioner i kombination med kundens VI-system;<\/li>\n<li><strong>Massproduktion och f\u00f6rpackning<\/strong>: St\u00f6der en minsta best\u00e4llning p\u00e5 500 stycken och tillhandah\u00e5ller integrerade f\u00f6rpackningsl\u00f6sningar som t.ex. dammp\u00e5sar, presentf\u00f6rpackningar och transportpallar.<\/li>\n<\/ul>\n<h2 id=\"7-technical-parameters-and-environmental-standards-\">7.\u00a0<strong>Tekniska parametrar och milj\u00f6standarder<\/strong><\/h2>\n<ul>\n<li><strong>Material<\/strong>: Substrat av livsmedelsgodk\u00e4nd ABS-plast + milj\u00f6v\u00e4nlig PU-bel\u00e4ggning (REACH\/SVHC-certifierad);<\/li>\n<li><strong>Processstandarder<\/strong>: ISO 9001 kvalitetsstyrningssystem, noggrannhetsfel vid varmst\u00e4mpling \u22640,2 mm;<\/li>\n<li><strong>Till\u00e4mpliga scenarier<\/strong>: Flaggskeppsbutiker f\u00f6r smyckesm\u00e4rken, anpassning av exklusiva g\u00e5vor, f\u00f6rpackning av smycken f\u00f6r auktionshus.<\/li>\n<\/ul>","protected":false},"excerpt":{"rendered":"<p>Skapa en l\u00f6sning f\u00f6r pappersl\u00e5dor f\u00f6r smycken som \u00e4r b\u00e5de praktisk och konstn\u00e4rlig och som uppfyller behoven hos exklusiva smyckesm\u00e4rken f\u00f6r raffinerade, funktionella och anpassade f\u00f6rpackningar<\/p>","protected":false},"featured_media":813,"template":"","meta":{"_kad_post_transparent":"default","_kad_post_title":"","_kad_post_layout":"default","_kad_post_sidebar_id":"","_kad_post_content_style":"default","_kad_post_vertical_padding":"default","_kad_post_feature":"","_kad_post_feature_position":"","_kad_post_header":false,"_kad_post_footer":false,"_kad_post_classname":""},"product_brand":[],"product_cat":[15,20,17],"product_tag":[303,305,304],"class_list":{"0":"post-812","1":"product","2":"type-product","3":"status-publish","4":"has-post-thumbnail","6":"product_cat-red-light-therapy","7":"product_cat-led-face-light-therapy","8":"product_cat-services","9":"product_tag-bespoke-necklaces-box","10":"product_tag-match-style-necklaces-box","11":"product_tag-soft-touch-lamination-necklaces-box","13":"first","14":"instock","15":"shipping-taxable","16":"product-type-simple","17":"entry","18":"content-bg","19":"loop-entry"},"_links":{"self":[{"href":"https:\/\/red-lighttherapy.com\/sv\/wp-json\/wp\/v2\/product\/812","targetHints":{"allow":["GET"]}}],"collection":[{"href":"https:\/\/red-lighttherapy.com\/sv\/wp-json\/wp\/v2\/product"}],"about":[{"href":"https:\/\/red-lighttherapy.com\/sv\/wp-json\/wp\/v2\/types\/product"}],"wp:featuredmedia":[{"embeddable":true,"href":"https:\/\/red-lighttherapy.com\/sv\/wp-json\/wp\/v2\/media\/813"}],"wp:attachment":[{"href":"https:\/\/red-lighttherapy.com\/sv\/wp-json\/wp\/v2\/media?parent=812"}],"wp:term":[{"taxonomy":"product_brand","embeddable":true,"href":"https:\/\/red-lighttherapy.com\/sv\/wp-json\/wp\/v2\/product_brand?post=812"},{"taxonomy":"product_cat","embeddable":true,"href":"https:\/\/red-lighttherapy.com\/sv\/wp-json\/wp\/v2\/product_cat?post=812"},{"taxonomy":"product_tag","embeddable":true,"href":"https:\/\/red-lighttherapy.com\/sv\/wp-json\/wp\/v2\/product_tag?post=812"}],"curies":[{"name":"wp","href":"https:\/\/api.w.org\/{rel}","templated":true}]}}