{"id":806,"date":"2025-04-15T02:36:36","date_gmt":"2025-04-15T02:36:36","guid":{"rendered":"https:\/\/red-lighttherapy.com\/?post_type=product&#038;p=806"},"modified":"2025-04-15T02:51:40","modified_gmt":"2025-04-15T02:51:40","slug":"oem-odm-rigid-slide-drawer-style-jewelry-earring-gift-boxes","status":"publish","type":"product","link":"https:\/\/red-lighttherapy.com\/sv\/oem-odm-rigid-slide-drawer-style-jewelry-earring-gift-boxes\/","title":{"rendered":"OEM ODM Styv slide l\u00e5da stil smycken \u00f6rh\u00e4nge presentaskar"},"content":{"rendered":"<h2><strong>OEM ODM Styv skjutl\u00e5da <\/strong><strong>Smycken \u00d6rh\u00e4ngen Presentask Produktbeskrivning<\/strong><\/h2>\n<h2 id=\"1-classic-box-type-and-slide-rail-nesting-design-\">1.\u00a0<strong>Klassisk l\u00e5dtyp och design med glidskenor<\/strong><\/h2>\n<ul>\n<li>Den\u00a0<strong>typ av l\u00e5da med botten och bottenlock<\/strong>\u00a0och l\u00e5dans kropp har enkla och tuffa linjer, som passar den avancerade tonen i smyckesprodukter. L\u00e5dans lock och l\u00e5dans kropp \u00e4r kapslade genom\u00a0<strong>precisionssystem f\u00f6r glidskenor<\/strong>och de kan glida smidigt n\u00e4r de \u00f6ppnas och st\u00e4ngs med bara ett l\u00e4tt drag, vilket sparar utrymme och ger en k\u00e4nsla av ritual n\u00e4r du \u00f6ppnar l\u00e5dan. Glidskenan har en sp\u00e4nnekonstruktion som f\u00f6rhindrar fall och har inte lossnat efter 5000 utdragstester.<\/li>\n<\/ul>\n<h2 id=\"2-scientific-partition-and-protective-inner-box-\">2.\u00a0<strong>Vetenskaplig partition och skyddande innerl\u00e5da<\/strong><\/h2>\n<ul>\n<li>Innerl\u00e5dan \u00e4r tillverkad av ljusgr\u00e5tt EVA-material med h\u00f6g densitet. Skiljev\u00e4ggens utformning omfattar\u00a0<strong>f\u00e4st\u00f6glor f\u00f6r \u00f6rh\u00e4ngen, upph\u00e4ngningsst\u00e5ng f\u00f6r halsband och platt lager f\u00f6r armband<\/strong>, vilket effektivt undviker friktionsskador p\u00e5 smycken. Den inre foderytan \u00e4r t\u00e4ckt med ett 0,8 mm flocklager, som har b\u00e5de buffrande och antistatiska funktioner och \u00e4r l\u00e4mpligt f\u00f6r l\u00e4ttoxiderade material som silversmycken och \u00e4delstenar.<\/li>\n<\/ul>\n<h2 id=\"3-material-and-surface-technology-\">3.\u00a0<strong>Material- och ytteknik<\/strong><\/h2>\n<ul>\n<li>L\u00e5dans stomme \u00e4r tillverkad av\u00a0<strong>bestruket papper med h\u00f6g densitet<\/strong>, med h\u00f6g tryckh\u00e5llfasthet och s\u00e4kerhetscertifiering enligt EU REACH och RoHS. Ytan \u00e4r t\u00e4ckt med\u00a0<strong>slitstark nano-bel\u00e4ggning<\/strong>som k\u00e4nns lika skir som sammet, \u00e4r rept\u00e5lig och t\u00e5l fingeravtryck, med en f\u00e4rg\u00e5tergivning p\u00e5 mer \u00e4n 95% av Pantone.<\/li>\n<li>Valfritt\u00a0<strong>varmstansning\/pr\u00e4gling\/lasergravyr<\/strong>\u00a0teknik: varmst\u00e4mpling anv\u00e4nder 24K guldfolie, pr\u00e4glingsdjupet \u00e4r 0,2 mm och lasergraveringsnoggrannheten \u00e4r 0,015 mm, vilket st\u00f6der personlig anpassning som varum\u00e4rkeslogotyper och m\u00f6nster.<\/li>\n<\/ul>\n<h2 id=\"4-ergonomics-and-aesthetic-design-\">4.\u00a0<strong>Ergonomi och estetisk design<\/strong><\/h2>\n<ul>\n<li><strong>Huvudf\u00e4rgen i brunt och rosa \u00e4r inspirerad av estetiken i nudef\u00e4rger, och den matta texturen f\u00f6rmedlar en varm och lyxig k\u00e4nsla. Handtaget \u00e4r tillverkat av\u00a0<\/strong>C-formad rund r\u00f6rdesign**, med en bredd p\u00e5 \uff1e20cm, l\u00e4mplig f\u00f6r vuxna att h\u00e5lla med fyra fingrar, med enhetlig kraft och arbetsbesparing, och komforten vid \u00f6ppning och st\u00e4ngning \u00f6kar med 40%. H\u00f6rnen \u00e4r R-behandlade, rundade och gradfria och uppfyller ISO 9001-standarderna f\u00f6r kvalitetskontroll.<\/li>\n<\/ul>\n<h2 id=\"5-flexible-production-and-quality-control-process-\">5.\u00a0<strong>Flexibel produktions- och kvalitetskontrollprocess<\/strong><\/h2>\n<ul>\n<li>St\u00f6d\u00a0<strong>500 stycken minsta best\u00e4llning<\/strong>, cykel 8-15 dagar (inklusive 4-7 dagar f\u00f6r korrektur). Produktionsprocessen omfattar mer \u00e4n 20 processer s\u00e5som formst\u00e4mpling, lasersk\u00e4rning, CNC-gjutning etc. med f\u00f6ljande h\u00f6jdpunkter:<\/li>\n<li><strong>Tre manuella kvalitetsinspektioner<\/strong>: SGS-inspektion av r\u00e5varor, verifiering av halvfabrikatstruktur och inspektion av ytintegritet f\u00f6r f\u00e4rdig produkt;<\/li>\n<li><strong>Sprutning av slitstark bel\u00e4ggning<\/strong>: Polymerkompositbel\u00e4ggning, saltspraytest &gt; 72 timmar utan att falla av;<\/li>\n<li><strong>Finslipning av kanter och h\u00f6rn<\/strong>: R-vinkelfel \u2264 0,1 mm, genom projektorns 3D-detektering.<\/li>\n<\/ul>\n<h2 id=\"6-environmental-protection-and-compliance-\">6.\u00a0<strong>Milj\u00f6skydd och efterlevnad<\/strong><\/h2>\n<ul>\n<li>Materialet har genomg\u00e5tt FSC-skogscertifiering, lamineringsprocessen anv\u00e4nder vattenbaserade limmer och VOC-utsl\u00e4ppen \u00e4r 50% l\u00e4gre \u00e4n EU:s gr\u00e4nsv\u00e4rde.<\/li>\n<\/ul>\n<h2 id=\"-application-scenarios-and-customized-services-\"><strong>Applikationsscenarier och kundanpassade tj\u00e4nster<\/strong><\/h2>\n<ul>\n<li><strong>Till\u00e4mpliga scenarier<\/strong>: avancerade smycken detaljhandel, varum\u00e4rkesg\u00e5vor, lyxiga joint ventures, br\u00f6llopsanpassning, etc;<\/li>\n<li><strong>Merv\u00e4rdestj\u00e4nster<\/strong>: tillhandah\u00e5ller f\u00f6rseglade p\u00e5sar mot oxidation, l\u00f6sningar f\u00f6r s\u00e4ker anpassning med konstant fuktighet och AR-etikettlaser mot f\u00f6rfalskning;<\/li>\n<li><strong>Leveransstandarder<\/strong>: varje sats \u00e5tf\u00f6ljs av en materialtestrapport, som st\u00f6der globala logistik DDP-tj\u00e4nster.<\/li>\n<\/ul>\n<h2 id=\"-technical-parameters-\"><strong>Tekniska parametrar<\/strong><\/h2>\n<table>\n<thead>\n<tr>\n<th>Projekt<\/th>\n<th>Parametrar<\/th>\n<\/tr>\n<\/thead>\n<tbody>\n<tr>\n<td>Material<\/td>\n<td>450g bestruket papper + EVA-foder<\/td>\n<\/tr>\n<tr>\n<td>L\u00e5dans storlek<\/td>\n<td>240 \u00d7 160 \u00d7 60 mm<\/td>\n<\/tr>\n<tr>\n<td>Lastb\u00e4rande kapacitet<\/td>\n<td>Statisk 5kg\/dynamisk 2kg<\/td>\n<\/tr>\n<tr>\n<td>H\u00e5rdhet p\u00e5 ytan<\/td>\n<td>3H h\u00e5rdhet hos blyertspenna<\/td>\n<\/tr>\n<tr>\n<td>Minsta orderkvantitet<\/td>\n<td>500 stycken<\/td>\n<\/tr>\n<tr>\n<td>Leveranscykel<\/td>\n<td>15 dagar f\u00f6r vanliga modeller<\/td>\n<\/tr>\n<\/tbody>\n<\/table>\n<p><strong>Slutsats<\/strong>\u00a0Denna produkt tar\u00a0<strong>\"visuell estetik + funktionellt skydd\"<\/strong>\u00a0som sin k\u00e4rna och f\u00f6rser varum\u00e4rken med en helhetsl\u00f6sning fr\u00e5n f\u00f6rpackning till anv\u00e4ndarupplevelse genom precisionsteknik och flexibla produktionssystem. Oavsett om det \u00e4r klassisk varmst\u00e4mpling eller anpassad pr\u00e4gling, kan det bli ett tyst medium f\u00f6r att f\u00f6rmedla varum\u00e4rkesv\u00e4rde.<\/p>","protected":false},"excerpt":{"rendered":"<p>Denna presentask f\u00f6r smycken och \u00f6rh\u00e4ngen i pappersl\u00e5destil \u00e4r speciellt utformad f\u00f6r exklusiva smyckesm\u00e4rken. Den kombinerar klassisk estetik med modernt hantverk. Baserat p\u00e5 den \u00f6vre och nedre lockboxen skapar den en lagringsl\u00f6sning som \u00e4r b\u00e5de ceremoniell och praktisk genom snygga geometriska linjer och exakt struktur. Produkten har genomg\u00e5tt \u00e5tta kvalitetskontrollprocesser och kombinerats med EU:s s\u00e4kerhetsnormer f\u00f6r f\u00f6rpackningar f\u00f6r att uppn\u00e5 fullst\u00e4ndig kvalitetss\u00e4kring fr\u00e5n material till f\u00e4rdiga produkter. Den \u00e4r l\u00e4mplig f\u00f6r anpassade behov inom omr\u00e5dena smycken, klockor, lyxvaror etc.<\/p>","protected":false},"featured_media":810,"template":"","meta":{"_kad_post_transparent":"default","_kad_post_title":"","_kad_post_layout":"default","_kad_post_sidebar_id":"","_kad_post_content_style":"default","_kad_post_vertical_padding":"default","_kad_post_feature":"","_kad_post_feature_position":"","_kad_post_header":false,"_kad_post_footer":false,"_kad_post_classname":""},"product_brand":[],"product_cat":[15,20,17],"product_tag":[301,300,302],"class_list":{"0":"post-806","1":"product","2":"type-product","3":"status-publish","4":"has-post-thumbnail","6":"product_cat-red-light-therapy","7":"product_cat-led-face-light-therapy","8":"product_cat-services","9":"product_tag-earring-drawer-style-boxes","10":"product_tag-jewelry-gift-boxes","11":"product_tag-oem-odm-rigid-boxes","13":"first","14":"instock","15":"shipping-taxable","16":"product-type-simple","17":"entry","18":"content-bg","19":"loop-entry"},"_links":{"self":[{"href":"https:\/\/red-lighttherapy.com\/sv\/wp-json\/wp\/v2\/product\/806","targetHints":{"allow":["GET"]}}],"collection":[{"href":"https:\/\/red-lighttherapy.com\/sv\/wp-json\/wp\/v2\/product"}],"about":[{"href":"https:\/\/red-lighttherapy.com\/sv\/wp-json\/wp\/v2\/types\/product"}],"wp:featuredmedia":[{"embeddable":true,"href":"https:\/\/red-lighttherapy.com\/sv\/wp-json\/wp\/v2\/media\/810"}],"wp:attachment":[{"href":"https:\/\/red-lighttherapy.com\/sv\/wp-json\/wp\/v2\/media?parent=806"}],"wp:term":[{"taxonomy":"product_brand","embeddable":true,"href":"https:\/\/red-lighttherapy.com\/sv\/wp-json\/wp\/v2\/product_brand?post=806"},{"taxonomy":"product_cat","embeddable":true,"href":"https:\/\/red-lighttherapy.com\/sv\/wp-json\/wp\/v2\/product_cat?post=806"},{"taxonomy":"product_tag","embeddable":true,"href":"https:\/\/red-lighttherapy.com\/sv\/wp-json\/wp\/v2\/product_tag?post=806"}],"curies":[{"name":"wp","href":"https:\/\/api.w.org\/{rel}","templated":true}]}}