{"id":795,"date":"2025-04-14T16:43:08","date_gmt":"2025-04-14T16:43:08","guid":{"rendered":"https:\/\/red-lighttherapy.com\/?post_type=product&#038;p=795"},"modified":"2025-04-15T02:12:49","modified_gmt":"2025-04-15T02:12:49","slug":"customized-child-resistant-rigid-paperboard-slider-box-supplier","status":"publish","type":"product","link":"https:\/\/red-lighttherapy.com\/sv\/customized-child-resistant-rigid-paperboard-slider-box-supplier\/","title":{"rendered":"Anpassad barnresistent styv kartong Slider Box Leverant\u00f6r"},"content":{"rendered":"<h3 id=\"1-cannabis-e-cigarette-style-design-childproof-buckle-both-safe-and-fashionable-\">1.\u00a0<strong>Cannabis e-cigarett stil design \u00d7 barns\u00e4kert sp\u00e4nne, b\u00e5de s\u00e4kert och moderiktigt<\/strong><\/h3>\n<p>Skjutl\u00e5dan antar det klassiska designspr\u00e5ket f\u00f6r cannabis e-cigaretter (CBD e-cigaretter), med minimalistiska linjer och teknisk form som k\u00e4rnan, och \u00e4r utrustad med en barns\u00e4ker sp\u00e4nneanordning, som inte bara uppfyller behoven f\u00f6r barnskydd utan ocks\u00e5 f\u00f6rmedlar en avancerad och avantgardistisk varum\u00e4rkeston. Det barns\u00e4kra sp\u00e4nnet uppfyller internationella s\u00e4kerhetsstandarder (t.ex. EN 71-3). Genom fysiska sp\u00e4nnen och dolda uppl\u00e5sningsstrukturer hindrar det effektivt barn fr\u00e5n att oavsiktligt r\u00f6ra vid det, samtidigt som utseendet bibeh\u00e5lls smidigt. Det \u00f6vergripande f\u00e4rgschemat domineras av vitt och skogsgr\u00f6nt, vilket simulerar den friska atmosf\u00e4ren i den ursprungliga skogen, f\u00f6rmedlar en naturlig och lugn visuell upplevelse och i linje med trenden med h\u00e4lsosam konsumtion.<\/p>\n<h3 id=\"2-material-technology-350g-cardboard-1000g-cardboard-enhanced-pull-out-experience-\">2.\u00a0<strong>Materialteknik: 350 g kartong \u00d7 1000 g kartong, f\u00f6rb\u00e4ttrad utdragsupplevelse<\/strong><\/h3>\n<p>Den yttre l\u00e5dan best\u00e5r av 350 g h\u00f6gviktskartong med en matt film p\u00e5 ytan, som \u00e4r b\u00e5de slitstark och k\u00e4nslig; den inre l\u00e5dan best\u00e5r av 1000 g f\u00f6rtjockad kartong, som skarvas s\u00f6ml\u00f6st genom precisionsstansningsteknik, och motst\u00e5ndet under utdragningsprocessen \u00e4r enhetligt. Med d\u00e4mpningsbuffertens design ger den en avancerad anv\u00e4ndarupplevelse av \"l\u00e4tt tryck f\u00f6r att starta, stadigt stopp utan skakningar\". Kontrasten mellan de inre och yttre materialen skapar en k\u00e4nsla av hierarki och \u00f6kar produktens merv\u00e4rde.<\/p>\n<h3 id=\"3-primitive-forest-theme-visual-design-3d-green-leaf-uv-technology-\">3.\u00a0<strong>Visuell design med primitivt skogstema, UV-teknik f\u00f6r gr\u00f6na blad i 3D<\/strong><\/h3>\n<p>De gr\u00f6na bladelementen har en tredimensionell reliefverkan genom lokal UV-tryckteknik och bildar en gradientglans under ljus och skugga, vilket simulerar texturen och k\u00e4nslan hos riktiga blad. Presentf\u00f6rpackningens nyckelpositioner (t.ex. l\u00e5somr\u00e5det och varum\u00e4rkeslogotypens omr\u00e5de) anv\u00e4nder guld-\/silvervarm st\u00e4mplingsteknik, kombinerat med stansning med h\u00f6g precision f\u00f6r att s\u00e4kerst\u00e4lla att m\u00f6nstret \u00e4r tydligt och slitstarkt. Varum\u00e4rkeslogotypen \u00e4r integrerad i bladnervsdesignen f\u00f6r att f\u00f6rst\u00e4rka bilden av integrationen av natur och teknik och \u00f6ka igenk\u00e4nningen.<\/p>\n<h3 id=\"4-flexible-mold-development-capabilities-quick-response-to-customization-needs-\">4.\u00a0<strong>Flexibel kapacitet f\u00f6r utveckling av formverktyg, snabb respons p\u00e5 kundanpassningsbehov<\/strong><\/h3>\n<p>Leverant\u00f6ren \u00e4r utrustad med ett fullprocessformutvecklingssystem som st\u00f6der snabb konvertering fr\u00e5n 2D-ritningar till 3D-modellering och kan anpassa specialformade formar (t.ex. b\u00f6jda utdragbara sp\u00e5r, flerskiktade kapslade strukturer), med en minsta orderkvantitet s\u00e5 l\u00e5g som 500 stycken. Genom modul\u00e4r design kan presentf\u00f6rpackningens storlek, l\u00e5sposition och tryckinneh\u00e5ll justeras flexibelt, och leveranscykeln f\u00f6rkortas till 12-15 dagar, vilket tillgodoser de br\u00e5dskande behoven hos e-cigarettm\u00e4rken f\u00f6r f\u00f6rpackningsdifferentiering.<\/p>\n<h3 id=\"5-industry-technology-frontier-exploration-continuous-innovation-and-upgrading-\">5.\u00a0<strong>Utforskning av industrins tekniska gr\u00e4nser, kontinuerlig innovation och uppgradering<\/strong><\/h3>\n<p>Aktivt delta i internationella e-cigarettutst\u00e4llningar som tyska EVO NXT och italienska InterTabac, j\u00e4mf\u00f6ra teknik med ledande f\u00f6retag som British American Tobacco och Philip Morris International och introducera innovativ teknik som AI-f\u00e4rgmatchningsalgoritmer och nedbrytbara biobaserade bel\u00e4ggningar. L\u00f6sningen \"UV-bl\u00e4ck utan l\u00f6sningsmedel\" som lanserades 2024 har klarat EU:s REACH-certifiering, vilket minskar VOC-utsl\u00e4ppen med 90% och fr\u00e4mjar den gr\u00f6na omvandlingen av branschen.<\/p>\n<h3 id=\"6-full-link-environmentally-friendly-production-system-\">6.\u00a0<strong>Milj\u00f6v\u00e4nligt produktionssystem med full koppling<\/strong><\/h3>\n<p>Fabriken anv\u00e4nder vattenbaserad filmbel\u00e4ggningsutrustning importerad fr\u00e5n Tyskland f\u00f6r att ers\u00e4tta traditionella l\u00f6sningsmedelsbaserade processer, vilket minskar 90% skadliga flyktiga \u00e4mnen; etablerar ett slutet avloppsreningssystem f\u00f6r att uppn\u00e5 95% \u00e5teranv\u00e4ndning av vattenresurser. 100% av f\u00f6rpackningsmaterialen anv\u00e4nder FSC-certifierad massa och 30% \u00e5tervunnen fiber l\u00e4ggs till i innerl\u00e5dan, vilket \u00f6verensst\u00e4mmer med ISO 14001 milj\u00f6ledningssystem. Godk\u00e4nd certifiering av koldioxidavtryck 2024, och koldioxidutsl\u00e4ppen per l\u00e5da \u00e4r 40% l\u00e4gre \u00e4n branschgenomsnittet.<\/p>\n<h3 id=\"7-compliance-and-sustainable-development-dual-drive-\">7.\u00a0<strong>Efterlevnad och h\u00e5llbar utveckling dual drive<\/strong><\/h3>\n<p>F\u00f6lj strikt \"Electronic Cigarette Management Measures\" och EU TPD-direktivet, och alla produkter klarar EN 71-1 mekaniska fysiska s\u00e4kerhetstester och ISO 9001 kvalitetssystemcertifiering.<\/p>","protected":false},"excerpt":{"rendered":"<p>Genom att integrera industriell designestetik, h\u00f6ga s\u00e4kerhetsstandarder och koncept f\u00f6r cirkul\u00e4r ekonomi f\u00f6rser vi varum\u00e4rken f\u00f6r elektroniska cigaretter med produktl\u00f6sningar som \u00e4r b\u00e5de konkurrenskraftiga p\u00e5 marknaden och socialt ansvarsfulla, s\u00e4rskilt f\u00f6r CBD-f\u00f6retag f\u00f6r elektroniska cigaretter som \u00e4r positionerade i den \u00f6vre delen av prisskalan och fokuserar p\u00e5 ESG-image.<\/p>","protected":false},"featured_media":800,"template":"","meta":{"_kad_post_transparent":"default","_kad_post_title":"","_kad_post_layout":"default","_kad_post_sidebar_id":"","_kad_post_content_style":"default","_kad_post_vertical_padding":"default","_kad_post_feature":"","_kad_post_feature_position":"","_kad_post_header":false,"_kad_post_footer":false,"_kad_post_classname":""},"product_brand":[],"product_cat":[15,20,40,17],"product_tag":[295,294,296],"class_list":{"0":"post-795","1":"product","2":"type-product","3":"status-publish","4":"has-post-thumbnail","6":"product_cat-red-light-therapy","7":"product_cat-led-face-light-therapy","8":"product_cat-red-light-therapy-panel","9":"product_cat-services","10":"product_tag-child-resistant-box","11":"product_tag-customized-paperboard-box","12":"product_tag-slider-box-supplier","14":"first","15":"instock","16":"shipping-taxable","17":"product-type-simple","18":"entry","19":"content-bg","20":"loop-entry"},"_links":{"self":[{"href":"https:\/\/red-lighttherapy.com\/sv\/wp-json\/wp\/v2\/product\/795","targetHints":{"allow":["GET"]}}],"collection":[{"href":"https:\/\/red-lighttherapy.com\/sv\/wp-json\/wp\/v2\/product"}],"about":[{"href":"https:\/\/red-lighttherapy.com\/sv\/wp-json\/wp\/v2\/types\/product"}],"wp:featuredmedia":[{"embeddable":true,"href":"https:\/\/red-lighttherapy.com\/sv\/wp-json\/wp\/v2\/media\/800"}],"wp:attachment":[{"href":"https:\/\/red-lighttherapy.com\/sv\/wp-json\/wp\/v2\/media?parent=795"}],"wp:term":[{"taxonomy":"product_brand","embeddable":true,"href":"https:\/\/red-lighttherapy.com\/sv\/wp-json\/wp\/v2\/product_brand?post=795"},{"taxonomy":"product_cat","embeddable":true,"href":"https:\/\/red-lighttherapy.com\/sv\/wp-json\/wp\/v2\/product_cat?post=795"},{"taxonomy":"product_tag","embeddable":true,"href":"https:\/\/red-lighttherapy.com\/sv\/wp-json\/wp\/v2\/product_tag?post=795"}],"curies":[{"name":"wp","href":"https:\/\/api.w.org\/{rel}","templated":true}]}}