{"id":788,"date":"2025-04-14T16:24:13","date_gmt":"2025-04-14T16:24:13","guid":{"rendered":"https:\/\/red-lighttherapy.com\/?post_type=product&#038;p=788"},"modified":"2025-04-15T02:13:05","modified_gmt":"2025-04-15T02:13:05","slug":"custom-child-resistant-boxes-drawer-rigid-box-manufacturer","status":"publish","type":"product","link":"https:\/\/red-lighttherapy.com\/sv\/custom-child-resistant-boxes-drawer-rigid-box-manufacturer\/","title":{"rendered":"Anpassade barns\u00e4kra l\u00e5dor L\u00e5da Styv l\u00e5da Tillverkare"},"content":{"rendered":"<h3 id=\"1-selected-high-quality-coated-paper-printing-touch-film-enhances-texture-\">1.\u00a0<strong>Utskrift p\u00e5 bestruket papper av h\u00f6g kvalitet, touchfilm som f\u00f6rb\u00e4ttrar texturen<\/strong><\/h3>\n<p>Tillverkaren anv\u00e4nder h\u00f6gkvalitativt bestruket papper som basmaterial, kombinerat med pekfilmprocessen, f\u00f6r att g\u00f6ra presentf\u00f6rpackningens yta k\u00e4nslig och sl\u00e4t, mjuk vid ber\u00f6ring och rept\u00e5lig. Bestruket papper anv\u00e4nder offsettryck, UV-tryck och andra tekniker f\u00f6r att uppn\u00e5 m\u00f6nsterpresentation med h\u00f6g precision, medan ber\u00f6ringsfilmen kan f\u00f6rb\u00e4ttra den visuella skiktningen, vilket ger presentf\u00f6rpackningen en avancerad struktur och naturlig atmosf\u00e4r.<\/p>\n<h3 id=\"2-traditional-and-modern-elements-are-integrated-and-the-cultural-charm-is-unique-\">2.\u00a0<strong>Traditionella och moderna element \u00e4r integrerade, och den kulturella charmen \u00e4r unik<\/strong><\/h3>\n<p>Designteamet kombinerar traditionella m\u00f6nster (s\u00e5som lyckobringande moln och lotus) med moderna geometriska linjer och beh\u00e5ller den kulturella charmen genom abstrakt f\u00f6renkling. F\u00e4rgen anv\u00e4nder traditionella f\u00e4rger som kinesiskt r\u00f6tt, bl\u00e5tt och vitt bl\u00e5tt, och inf\u00f6rlivar popul\u00e4ra trender som gradient och kontrasterande f\u00e4rger f\u00f6r att skapa ett visuellt uttryck som kombinerar klassisk charm och mode.<\/p>\n<h3 id=\"3-drawer-type-box-structure-both-protection-and-fun-\">3.\u00a0<strong>L\u00e5dstruktur av l\u00e5dtyp, b\u00e5de skydd och n\u00f6je<\/strong><\/h3>\n<p>Anta dubbelskikt eller dold l\u00e5ddesign, l\u00e5dans inre partition kan anpassas f\u00f6r att anpassa sig till g\u00e5vor i olika storlekar, och den f\u00f6rskjutna \u00f6ppnings- och st\u00e4ngningsdesignen \u00f6kar det roliga, till exempel att utl\u00f6sa ljuset eller m\u00f6nstret gradvis utseende effekt n\u00e4r l\u00e5dan \u00f6ppnas.<\/p>\n<h3 id=\"4-opening-and-closing-ritual-design-\">4.\u00a0<strong>Design av invignings- och avslutningsritual<\/strong><\/h3>\n<p>Optimera l\u00e5dans sp\u00e5r och d\u00e4mpningssystem f\u00f6r att s\u00e4kerst\u00e4lla l\u00e4tt och smidig \u00f6ppning och st\u00e4ngning. Vissa modeller \u00e4r utrustade med magnetiska sp\u00e4nnen eller fj\u00e4deranordningar, som \u00e5tf\u00f6ljs av ett \"klick\"-ljud eller en l\u00e5ngsammare effekt n\u00e4r de \u00f6ppnas f\u00f6r att f\u00f6rst\u00e4rka k\u00e4nslan av uppackningsritual. Vissa avancerade modeller kan kombineras med LED-ljusremsor f\u00f6r att projicera varum\u00e4rkeslogotyper eller dynamiskt ljus och skuggor vid \u00f6ppningen av l\u00e5dan.<\/p>\n<h3 id=\"5-partial-uv-printing-strengthens-brand-logo-\">5.\u00a0<strong>Partiellt UV-tryck f\u00f6rst\u00e4rker varum\u00e4rkets logotyp<\/strong><\/h3>\n<p>Anv\u00e4nd lokal UV-teknik p\u00e5 viktiga st\u00e4llen som l\u00e5dans lock och l\u00e5dkanten f\u00f6r att framh\u00e4va varum\u00e4rkets LOGO, maskot eller kulturella symbol genom h\u00f6gglansig tredimensionell bel\u00e4ggning. UV-bl\u00e4cket har slitstarka och rept\u00e5liga egenskaper, vilket s\u00e4kerst\u00e4ller att m\u00f6nstret \u00e4r tydligt p\u00e5 l\u00e5ng sikt, samtidigt som det bildar en texturkontrast med det matta substratet f\u00f6r att f\u00f6rb\u00e4ttra den visuella effekten.<\/p>\n<h3 id=\"6-industry-experience-and-quality-assurance-\">6.\u00a0<strong>Branscherfarenhet och kvalitetss\u00e4kring<\/strong><\/h3>\n<p>Tillverkaren har mer \u00e4n 16 \u00e5rs erfarenhet av f\u00f6rpackningsanpassning, har klarat ISO 9001 kvalitetsstyrningssystemcertifiering och har tj\u00e4nat varum\u00e4rken inom flera omr\u00e5den som m\u00f6dra- och barnomsorg, sk\u00f6nhet och elektroniska f\u00f6r\u00e5ngare. Det \u00f6verensst\u00e4mmer med s\u00e4kerhetsstandarder som CE och RoHS f\u00f6r att s\u00e4kerst\u00e4lla att produkterna uppfyller internationella exportkrav.<\/p>\n<h3 id=\"7-intelligent-production-and-after-sales-service-\">7.\u00a0<strong>Intelligent produktion och service efter f\u00f6rs\u00e4ljning<\/strong><\/h3>\n<p>Implementeringen av ERP- och MES-system m\u00f6jligg\u00f6r digital hantering av hela orderprocessen, vilket f\u00f6rkortar cykeln fr\u00e5n design och korrektur till massproduktion med 30%. Tillhandah\u00e5lla skr\u00e4ddarsydda kundservice, inklusive optimeringsf\u00f6rslag f\u00f6r f\u00f6rpackningsstruktur, skadad ers\u00e4ttning och n\u00f6dbest\u00e4llning snabb bearbetning och st\u00f6d f\u00f6r global logistiksp\u00e5rning.<\/p>\n<p>&nbsp;<\/p>","protected":false},"excerpt":{"rendered":"<p>Vi skapar en funktionell, konstn\u00e4rlig och s\u00e4ker presentf\u00f6rpackning med barnskydd genom materialinnovation, kulturellt inflytande och intelligent produktion f\u00f6r att tillgodose varum\u00e4rkets behov av differentierade f\u00f6rpackningar och uppgraderingar av anv\u00e4ndarupplevelsen.<\/p>","protected":false},"featured_media":794,"template":"","meta":{"_kad_post_transparent":"default","_kad_post_title":"","_kad_post_layout":"default","_kad_post_sidebar_id":"","_kad_post_content_style":"default","_kad_post_vertical_padding":"default","_kad_post_feature":"","_kad_post_feature_position":"","_kad_post_header":false,"_kad_post_footer":false,"_kad_post_classname":""},"product_brand":[],"product_cat":[15,20,40,17],"product_tag":[292,291,293],"class_list":{"0":"post-788","1":"product","2":"type-product","3":"status-publish","4":"has-post-thumbnail","6":"product_cat-red-light-therapy","7":"product_cat-led-face-light-therapy","8":"product_cat-red-light-therapy-panel","9":"product_cat-services","10":"product_tag-child-resistant-boxes","11":"product_tag-custom-boxes","12":"product_tag-drawer-box-manufacturer","14":"first","15":"instock","16":"shipping-taxable","17":"product-type-simple","18":"entry","19":"content-bg","20":"loop-entry"},"_links":{"self":[{"href":"https:\/\/red-lighttherapy.com\/sv\/wp-json\/wp\/v2\/product\/788","targetHints":{"allow":["GET"]}}],"collection":[{"href":"https:\/\/red-lighttherapy.com\/sv\/wp-json\/wp\/v2\/product"}],"about":[{"href":"https:\/\/red-lighttherapy.com\/sv\/wp-json\/wp\/v2\/types\/product"}],"wp:featuredmedia":[{"embeddable":true,"href":"https:\/\/red-lighttherapy.com\/sv\/wp-json\/wp\/v2\/media\/794"}],"wp:attachment":[{"href":"https:\/\/red-lighttherapy.com\/sv\/wp-json\/wp\/v2\/media?parent=788"}],"wp:term":[{"taxonomy":"product_brand","embeddable":true,"href":"https:\/\/red-lighttherapy.com\/sv\/wp-json\/wp\/v2\/product_brand?post=788"},{"taxonomy":"product_cat","embeddable":true,"href":"https:\/\/red-lighttherapy.com\/sv\/wp-json\/wp\/v2\/product_cat?post=788"},{"taxonomy":"product_tag","embeddable":true,"href":"https:\/\/red-lighttherapy.com\/sv\/wp-json\/wp\/v2\/product_tag?post=788"}],"curies":[{"name":"wp","href":"https:\/\/api.w.org\/{rel}","templated":true}]}}