{"id":782,"date":"2025-04-14T13:27:51","date_gmt":"2025-04-14T13:27:51","guid":{"rendered":"https:\/\/red-lighttherapy.com\/?post_type=product&#038;p=782"},"modified":"2025-04-15T02:36:25","modified_gmt":"2025-04-15T02:36:25","slug":"leatherette-paper-jewelry-earrings-slider-rigid-box-dealer","status":"publish","type":"product","link":"https:\/\/red-lighttherapy.com\/sv\/leatherette-paper-jewelry-earrings-slider-rigid-box-dealer\/","title":{"rendered":"Konstl\u00e4der papper smycken \u00f6rh\u00e4ngen skjutreglage fast l\u00e5da \u00e5terf\u00f6rs\u00e4ljare"},"content":{"rendered":"<h2 id=\"-artificial-leather-paper-jewelry-earrings-slide-cover-hard-box-high-end-customized-packaging-solutions-\"><strong>Konstl\u00e4der papper smycken \u00f6rh\u00e4ngen slide cover h\u00e5rd l\u00e5da | High-end anpassade f\u00f6rpackningsl\u00f6sningar<\/strong><\/h2>\n<h2 id=\"-1-seiko-drawer-style-box-design-zero-error-and-anti-slip-rail-\"><strong>1. Seiko pappersl\u00e5da med design, noll fel och halkskyddad skena<\/strong><\/h2>\n<ul>\n<li>Pappersl\u00e5dans \u00f6ppnings- och st\u00e4ngningsstruktur \u00e4r tillverkad av precisionsformteknik, kombinerat med ett skensystem med h\u00f6g precision, vilket ger en smidig push-pull-upplevelse, vilket s\u00e4kerst\u00e4ller ingen fastk\u00f6rning och noll fel vid \u00f6ppning och st\u00e4ngning.<\/li>\n<li>Den inbyggda sp\u00e5rbegr\u00e4nsaren f\u00f6rhindrar effektivt oavsiktlig glidning eller \u00f6verdriven dragning, vilket garanterar absolut s\u00e4kerhet f\u00f6r smycken under transport eller visning.<\/li>\n<\/ul>\n<h2 id=\"-2-humanized-corner-processing-safety-and-toughness-coexist-\"><strong>2. Humaniserad h\u00f6rnbearbetning, s\u00e4kerhet och seghet samexisterar<\/strong><\/h2>\n<ul>\n<li>H\u00f6rnen p\u00e5 l\u00e5dan kroppen anta\u00a0<strong>mikrob\u00e5gsfasningsteknik<\/strong>, vilket maximerar den r\u00e4tvinkliga tuffa estetiken samtidigt som det eliminerar den dolda risken f\u00f6r vassa h\u00f6rn som sk\u00e4r h\u00e4nderna och f\u00f6rb\u00e4ttrar komforten i h\u00e5llningen.<\/li>\n<li>Hela l\u00e5dkroppen \u00e4r t\u00e4ckt med en matt konstl\u00e4derpappersyta, som \u00e4r k\u00e4nslig och slitstark och fl\u00e4ckbest\u00e4ndig, med h\u00e4nsyn till avancerad struktur och praktisk erfarenhet.<\/li>\n<\/ul>\n<h2 id=\"-3-environmentally-certified-special-paper-substrate-delivering-sustainable-value-\"><strong>3. Milj\u00f6certifierat specialpapperssubstrat som ger h\u00e5llbart v\u00e4rde<\/strong><\/h2>\n<ul>\n<li>Huvudmaterialet \u00e4r\u00a0<strong>FSC-certifierat specialpapper i konstl\u00e4der<\/strong>R\u00e5varorna kommer fr\u00e5n h\u00e5llbart sk\u00f6tta skogar och uppfyller globala milj\u00f6standarder.<\/li>\n<li>Genom milj\u00f6v\u00e4nliga produktionsprocesser minskas koldioxidutsl\u00e4ppen, vilket hj\u00e4lper varum\u00e4rken att skapa en gr\u00f6n image och exakt matcha de h\u00e5llbara konsumtionspreferenser som Generation Z och f\u00f6rm\u00f6gna privatpersoner har.<\/li>\n<\/ul>\n<h2 id=\"-4-luxurious-hot-stamping-technology-visual-texture-upgraded-\"><strong>4. Lyxig varmst\u00e4mplingsteknik, visuell textur uppgraderad<\/strong><\/h2>\n<ul>\n<li>L\u00e5dans yta kan anpassas<strong>\u00a0varm st\u00e4mpling\/silver\/f\u00e4rg guld teknik<\/strong>som st\u00f6der h\u00f6gprecisionspresentation av varum\u00e4rkeslogotyper, m\u00f6nster eller konstn\u00e4rliga texter och skapar en tredimensionell reliefverkan.<\/li>\n<li>Genom att kombinera matt pappersyta med metallisk lyster bildas en starkt kontrasterande visuell hierarki, vilket ger f\u00f6rpackningen exklusiva presentattribut och varum\u00e4rkesigenk\u00e4nning.<\/li>\n<\/ul>\n<h2 id=\"-5-embedded-eva-anti-seismic-lining-all-round-protection-of-jewelry-\"><strong>5. Inb\u00e4ddat EVA anti-seismiskt foder, allround skydd av smycken<\/strong><\/h2>\n<ul>\n<li>Den inb\u00e4ddade precisionsgjutna\u00a0<strong>EVA-integrerat buffertfoder<\/strong>\u00a0passar konturerna av specialformade smycken som \u00f6rh\u00e4ngen och armband f\u00f6r att f\u00f6rhindra skakningar, friktion och utpressning under transport.<\/li>\n<li>Foderets tjocklek \u00e4r valfri (2mm-5mm) och den st\u00f6der fackindelad och skiktad design, som \u00e4r l\u00e4mplig f\u00f6r lagringsbehoven f\u00f6r flera kategorier av smyckekombinationer, vilket s\u00e4kerst\u00e4ller att produkterna levereras till kunderna intakta.<\/li>\n<\/ul>\n<h2 id=\"-6-full-dimensional-customized-services-to-meet-brand-differentiation-needs-\"><strong>6. Fulldimensionella skr\u00e4ddarsydda tj\u00e4nster f\u00f6r att m\u00f6ta varum\u00e4rkets differentieringsbehov<\/strong><\/h2>\n<ul>\n<li><strong>Flexibel boxdesign<\/strong>: St\u00f6der flera \u00f6ppnings- och st\u00e4ngningsmetoder, t.ex. l\u00e5dtyp, flipptyp, magnetisk sugtyp etc., och storleken kan anpassas (minst 5 cm\u00b3, h\u00f6gst 30 cm\u00b3).<\/li>\n<li><strong>Personlig matchning av hantverk<\/strong>: Valfria ytprocesser som pr\u00e4gling, UV-tryck, silkscreentryck, lasergravyr etc. och samtidigt tillhandah\u00e5lla pappersbaserade, metall-, tyg- och andra materialmixl\u00f6sningar.<\/li>\n<li><strong>Exklusivt tryck f\u00f6r varum\u00e4rket<\/strong>: Fr\u00e5n det yttre trycket p\u00e5 l\u00e5dans stomme till etiketten p\u00e5 foderbandet st\u00f6ds den djupa implantationen av VI-element under hela processen f\u00f6r att skapa en integrerad varum\u00e4rkesimage.<\/li>\n<\/ul>\n<h2 id=\"-application-scenarios-and-customer-value-\"><strong>Till\u00e4mpningsscenarier och kundv\u00e4rde<\/strong><\/h2>\n<p>\ud83d\udd38\u00a0<strong>Smyckesvarum\u00e4rken<\/strong>--H\u00f6ja produktens merv\u00e4rde och st\u00e4rka positioneringen p\u00e5 marknaden f\u00f6r avancerade produkter; \ud83d\udd38\u00a0<strong>F\u00f6retag som erbjuder skr\u00e4ddarsydda g\u00e5vor<\/strong>--Attrahera kunder som ger bort presenter genom differentierade f\u00f6rpackningar och \u00f6ka kundernas enhetspris; \ud83d\udd38\u00a0<strong>E-handelskanaler<\/strong>--Optimera prestandan f\u00f6r logistikskydd och minska f\u00f6rlustgraden efter f\u00f6rs\u00e4ljning; \ud83d\udd38\u00a0<strong>Milj\u00f6v\u00e4nliga varum\u00e4rken<\/strong>--Anv\u00e4nd FSC-certifierade f\u00f6rpackningar f\u00f6r att f\u00f6rmedla h\u00e5llbara koncept och \u00f6ka anv\u00e4ndarnas igenk\u00e4nning.<\/p>","protected":false},"excerpt":{"rendered":"<p>Denna h\u00e5rda l\u00e5da f\u00f6r smycken i konstl\u00e4derpapper \u00e4r speciellt utformad f\u00f6r uts\u00f6kta smycken som \u00f6rh\u00e4ngen, armband och ringar. Den kombinerar hantverksskicklighet och milj\u00f6skyddskoncept f\u00f6r att skapa en f\u00f6rpackningsl\u00f6sning som kombinerar s\u00e4kerhetsskydd, lyxig estetik och h\u00f6g anpassning. Den \u00e4r l\u00e4mplig f\u00f6r varum\u00e4rkesdetaljhandel, avancerade g\u00e5vor och privata anpassningsscenarier, vilket ger dina smyckesprodukter kvalitetss\u00e4kring och visuell sp\u00e4nning fr\u00e5n insidan och ut.<\/p>","protected":false},"featured_media":804,"template":"","meta":{"_kad_post_transparent":"default","_kad_post_title":"","_kad_post_layout":"default","_kad_post_sidebar_id":"","_kad_post_content_style":"default","_kad_post_vertical_padding":"default","_kad_post_feature":"","_kad_post_feature_position":"","_kad_post_header":false,"_kad_post_footer":false,"_kad_post_classname":""},"product_brand":[],"product_cat":[15,20,17],"product_tag":[298,299,297],"class_list":{"0":"post-782","1":"product","2":"type-product","3":"status-publish","4":"has-post-thumbnail","6":"product_cat-red-light-therapy","7":"product_cat-led-face-light-therapy","8":"product_cat-services","9":"product_tag-earrings-slider-rigid-box","10":"product_tag-jewelry-earrings-rigid-box-dealer","11":"product_tag-leatherette-paper-jewelry-box","13":"first","14":"instock","15":"shipping-taxable","16":"product-type-simple","17":"entry","18":"content-bg","19":"loop-entry"},"_links":{"self":[{"href":"https:\/\/red-lighttherapy.com\/sv\/wp-json\/wp\/v2\/product\/782","targetHints":{"allow":["GET"]}}],"collection":[{"href":"https:\/\/red-lighttherapy.com\/sv\/wp-json\/wp\/v2\/product"}],"about":[{"href":"https:\/\/red-lighttherapy.com\/sv\/wp-json\/wp\/v2\/types\/product"}],"wp:featuredmedia":[{"embeddable":true,"href":"https:\/\/red-lighttherapy.com\/sv\/wp-json\/wp\/v2\/media\/804"}],"wp:attachment":[{"href":"https:\/\/red-lighttherapy.com\/sv\/wp-json\/wp\/v2\/media?parent=782"}],"wp:term":[{"taxonomy":"product_brand","embeddable":true,"href":"https:\/\/red-lighttherapy.com\/sv\/wp-json\/wp\/v2\/product_brand?post=782"},{"taxonomy":"product_cat","embeddable":true,"href":"https:\/\/red-lighttherapy.com\/sv\/wp-json\/wp\/v2\/product_cat?post=782"},{"taxonomy":"product_tag","embeddable":true,"href":"https:\/\/red-lighttherapy.com\/sv\/wp-json\/wp\/v2\/product_tag?post=782"}],"curies":[{"name":"wp","href":"https:\/\/api.w.org\/{rel}","templated":true}]}}