{"id":776,"date":"2025-04-14T12:26:14","date_gmt":"2025-04-14T12:26:14","guid":{"rendered":"https:\/\/red-lighttherapy.com\/?post_type=product&#038;p=776"},"modified":"2025-04-14T12:50:33","modified_gmt":"2025-04-14T12:50:33","slug":"china-kraft-paper-folding-carton-for-lip-balm-gloss-eyeliner","status":"publish","type":"product","link":"https:\/\/red-lighttherapy.com\/sv\/china-kraft-paper-folding-carton-for-lip-balm-gloss-eyeliner\/","title":{"rendered":"Kina Kraftpapper vikbar kartong f\u00f6r l\u00e4ppbalsam glans eyeliner"},"content":{"rendered":"<h2 id=\"-product-description-of-chinese-kraft-paper-folding-carton-\"><strong>Produktbeskrivning av Kina Kraftpapper vikbar kartong f\u00f6r l\u00e4ppbalsam glans eyeliner<\/strong><\/h2>\n<h2 id=\"-1-natural-materials-and-environmental-certification-\"><strong>1. Naturmaterial och milj\u00f6certifiering<\/strong><\/h2>\n<p>Denna produkt \u00e4r tillverkad av naturlig hantverksmassa och r\u00e5varorna erh\u00e5lls fr\u00e5n konstanta skogsresurser. Produktionsprocessen f\u00f6ljer strikt FSC-certifieringens certifieringsstandarder, vilket s\u00e4kerst\u00e4ller milj\u00f6m\u00e4ssig sp\u00e5rbarhet f\u00f6r hela sortimentet fr\u00e5n r\u00e5varor till f\u00e4rdiga produkter. Papperet \u00e4r segt och naturligt matt, vilket inte bara bevarar kraftpapprets ursprungliga struktur utan ocks\u00e5 uppfyller EU:s krav p\u00e5 \u00e5tervinningsbarhet och avsaknad av tungmetallrester i f\u00f6rpackningsmaterial.<\/p>\n<h2 id=\"-2-hot-stamping-process-and-visual-presentation-\"><strong>2. Varmst\u00e4mplingsprocess och visuell presentation<\/strong><\/h2>\n<p>F\u00f6r att f\u00f6rb\u00e4ttra\u00a0<strong>lyx och varum\u00e4rkesigenk\u00e4nning<\/strong>\u00a0av f\u00f6rpackningen anv\u00e4nder vi\u00a0<strong>anpassad varm st\u00e4mplingsprocess<\/strong>. Genom exakt varmpressningsteknik f\u00f6r metallfolie kan varum\u00e4rkeslogotypen, m\u00f6nstret eller texten presenteras p\u00e5 l\u00e5dans yta, vilket ger produkten en h\u00f6gkvalitativ visuell inverkan. Den heta st\u00e4mplingsdelen \u00e4r mycket slitstark och med den naturliga strukturen i kraftpapper bildar den en l\u00e5gm\u00e4ld och elegant kontrasteffekt.<\/p>\n<h2 id=\"-3-moisture-proof-performance-and-surface-treatment-\"><strong>3. Fukts\u00e4kert utf\u00f6rande och ytbehandling<\/strong><\/h2>\n<p>F\u00f6rpackningsl\u00e5dans yta \u00e4r tillverkad av\u00a0<strong>Milj\u00f6v\u00e4nlig lamineringsteknik<\/strong>\u00a0f\u00f6r att bilda ett transparent skyddsskikt, som effektivt isolerar fuktintr\u00e5ng och s\u00e4kerst\u00e4ller att l\u00e5dkroppen kan f\u00f6rbli rak och inte deformeras i en fuktig milj\u00f6 (t.ex. badrum, h\u00f6gtemperaturf\u00f6rvaring). Lamineringsmaterialet uppfyller s\u00e4kerhetsstandarder f\u00f6r livsmedel, \u00e4r giftfritt och ofarligt och f\u00f6rb\u00e4ttrar repmotst\u00e5ndet p\u00e5 l\u00e5dans yta.<\/p>\n<h2 id=\"-4-flexible-size-customization-service-\"><strong>4. Anpassningstj\u00e4nst f\u00f6r flexibel storlek<\/strong><\/h2>\n<p>Vi st\u00f6djer\u00a0<strong>Anpassning i full storlek<\/strong>och kan justera f\u00f6rpackningsl\u00e5dans innerdiameter och h\u00f6jd enligt l\u00e4ppstiftets eller eyelinerns specifikationer (t.ex. diameter, l\u00e4ngd) som tillhandah\u00e5lls av kunden. Till exempel:<\/p>\n<ul>\n<li><strong>L\u00e4ppstiftsask<\/strong>: Vanligt storleksintervall 15<em>15<\/em>80 mm till 25<em>25<\/em>120 mm;<\/li>\n<li><strong>Eyeliner-ask<\/strong>: L\u00e4mplig f\u00f6r smala produkter, rekommenderad storlek 12<em>12<\/em>130 mm till 18<em>18<\/em>150 mm.<\/li>\n<\/ul>\n<h2 id=\"-5-diversified-box-type-selection-\"><strong>5. Diversifierat val av boxtyp<\/strong><\/h2>\n<p>Ut\u00f6ver den grundl\u00e4ggande vikbara l\u00e5dan tillhandah\u00e5ller vi f\u00f6ljande\u00a0<strong>avancerade l\u00f6sningar av l\u00e5dtyp<\/strong>\u00a0f\u00f6r att tillgodose behoven f\u00f6r olika varum\u00e4rkespositioneringar:<\/p>\n<ul>\n<li><strong>Lock och bottenl\u00e5da<\/strong>: Den \u00f6vre och nedre delade designen har en stark k\u00e4nsla av \u00f6ppnings- och st\u00e4ngningsceremoni, l\u00e4mplig f\u00f6r avancerade presentf\u00f6rpackningar;<\/li>\n<li><strong>L\u00e5dbox<\/strong>: L\u00e5dstrukturen har en inbyggd kortplats f\u00f6r att f\u00e4sta produkten, vilket \u00e4r b\u00e5de praktiskt och intressant;<\/li>\n<li><strong>L\u00e5da med magnetisk f\u00f6rslutning<\/strong>: L\u00e5dans lock har en inbyggd magnet som st\u00e4nger ordentligt och \u00e4r l\u00e4tt att \u00f6ppna och st\u00e4nga, vilket \u00e4r l\u00e4mpligt f\u00f6r frekventa detaljhandelsscenarier. Andra valfria l\u00e5dtyper inkluderar l\u00e5dor med dubbelinsats, bokformade l\u00e5dor etc., som st\u00f6der utformningen av speciella \u00f6ppnings- och st\u00e4ngningsstrukturer efter behov.<\/li>\n<\/ul>\n<h2 id=\"-6-comprehensive-advantages-and-applicable-scenarios-\"><strong>6. \u00d6vergripande f\u00f6rdelar och till\u00e4mpliga scenarier<\/strong><\/h2>\n<ul>\n<li><strong>Milj\u00f6skydd<\/strong>: 100% biologiskt nedbrytbara material, i linje med de krav som gr\u00e4ns\u00f6verskridande e-handelsplattformar (som Amazon och AliExpress) st\u00e4ller p\u00e5 h\u00e5llbara f\u00f6rpackningar;<\/li>\n<li><strong>St\u00e4rkande av varum\u00e4rket<\/strong>: St\u00f6der LOGO-tryck, Pantone-matchning i spotf\u00e4rg och lokal UV-teknik f\u00f6r att f\u00f6rb\u00e4ttra varum\u00e4rkets visuella enhet;<\/li>\n<li><strong>Bred till\u00e4mpning<\/strong>: L\u00e4mplig f\u00f6r kosmetikdiskar, e-handel, presentf\u00f6rpackningar f\u00f6r h\u00f6gtider och produktf\u00f6rpackningar i begr\u00e4nsad upplaga.<\/li>\n<\/ul>","protected":false},"excerpt":{"rendered":"<p>Den h\u00e4r f\u00f6rpackningsl\u00e5dan f\u00f6r l\u00e4ppstift och eyeliner i kraftpapper har en ytbehandling som g\u00f6r produkten fukts\u00e4ker och inte deformeras i en fuktig milj\u00f6. Den varma st\u00e4mplingsprocessen ger f\u00f6rpackningen en lyxig och h\u00f6gkvalitativ visuell presentation.<\/p>","protected":false},"featured_media":780,"template":"","meta":{"_kad_post_transparent":"default","_kad_post_title":"","_kad_post_layout":"default","_kad_post_sidebar_id":"","_kad_post_content_style":"default","_kad_post_vertical_padding":"default","_kad_post_feature":"","_kad_post_feature_position":"","_kad_post_header":false,"_kad_post_footer":false,"_kad_post_classname":""},"product_brand":[],"product_cat":[15,28,24,17],"product_tag":[288,290,289],"class_list":{"0":"post-776","1":"product","2":"type-product","3":"status-publish","4":"has-post-thumbnail","6":"product_cat-red-light-therapy","7":"product_cat-customize","8":"product_cat-red-light-therapy-bed","9":"product_cat-services","10":"product_tag-cosmetic-packaging-solution","11":"product_tag-custom-lip-gloss-boxes","12":"product_tag-lip-gloss-boxes-bespoke","14":"first","15":"instock","16":"shipping-taxable","17":"product-type-simple","18":"entry","19":"content-bg","20":"loop-entry"},"_links":{"self":[{"href":"https:\/\/red-lighttherapy.com\/sv\/wp-json\/wp\/v2\/product\/776","targetHints":{"allow":["GET"]}}],"collection":[{"href":"https:\/\/red-lighttherapy.com\/sv\/wp-json\/wp\/v2\/product"}],"about":[{"href":"https:\/\/red-lighttherapy.com\/sv\/wp-json\/wp\/v2\/types\/product"}],"wp:featuredmedia":[{"embeddable":true,"href":"https:\/\/red-lighttherapy.com\/sv\/wp-json\/wp\/v2\/media\/780"}],"wp:attachment":[{"href":"https:\/\/red-lighttherapy.com\/sv\/wp-json\/wp\/v2\/media?parent=776"}],"wp:term":[{"taxonomy":"product_brand","embeddable":true,"href":"https:\/\/red-lighttherapy.com\/sv\/wp-json\/wp\/v2\/product_brand?post=776"},{"taxonomy":"product_cat","embeddable":true,"href":"https:\/\/red-lighttherapy.com\/sv\/wp-json\/wp\/v2\/product_cat?post=776"},{"taxonomy":"product_tag","embeddable":true,"href":"https:\/\/red-lighttherapy.com\/sv\/wp-json\/wp\/v2\/product_tag?post=776"}],"curies":[{"name":"wp","href":"https:\/\/api.w.org\/{rel}","templated":true}]}}