{"id":770,"date":"2025-04-14T11:10:04","date_gmt":"2025-04-14T11:10:04","guid":{"rendered":"https:\/\/red-lighttherapy.com\/?post_type=product&#038;p=770"},"modified":"2025-04-14T12:25:23","modified_gmt":"2025-04-14T12:25:23","slug":"vendor-folding-carton-for-bluetooth-earphone-electronics","status":"publish","type":"product","link":"https:\/\/red-lighttherapy.com\/sv\/vendor-folding-carton-for-bluetooth-earphone-electronics\/","title":{"rendered":"Leverant\u00f6r F\u00e4llbar kartong f\u00f6r Bluetooth-h\u00f6rlurar Elektronik"},"content":{"rendered":"<h2 id=\"-1-double-card-box-design-imported-heidelberg-printing-process-\"><strong>1. Dubbel kortboxdesign och importerad Heidelberg tryckprocess<\/strong><\/h2>\n<p>Den innovativa strukturen med dubbla kortl\u00e5dor kombineras med den tyska importerade Heidelberg-tryckmaskinens h\u00f6gprecisionsteknik f\u00f6r att s\u00e4kerst\u00e4lla att m\u00f6nstret \u00e4r ljust och levande med h\u00f6g f\u00e4rg\u00e5tergivning. Heidelberg-tryckmaskinen \u00e4r k\u00e4nd f\u00f6r sin digitala kontroll, tydliga prickar och exakta bl\u00e4ckvolym, som kan uppfylla varum\u00e4rkets strikta krav p\u00e5 f\u00f6rpackningens visuella effekter och avsev\u00e4rt f\u00f6rb\u00e4ttra produktstilen och igenk\u00e4nningen.<\/p>\n<h2 id=\"-2-window-film-display-function-\"><strong>2. Funktion f\u00f6r visning av f\u00f6nsterfilm<\/strong><\/h2>\n<p>L\u00e5dans kropp \u00e4r utformad med en f\u00f6nsterstruktur och en h\u00f6guppl\u00f6st transparent film (s\u00e5som PVC- eller PET-material) \u00e4r f\u00e4st f\u00f6r att intuitivt visa headsetproduktens utseende och f\u00f6rb\u00e4ttra konsumentens f\u00f6rsta visuella \u00f6verklagande. Filmen \u00e4r t\u00e4tt kombinerad med den vita kartongen och har b\u00e5de rept\u00e5lighet och ljustransmittans. Den \u00e4r l\u00e4mplig f\u00f6r e-handelsdisplay och offline detaljhandelsscenarier f\u00f6r att f\u00f6rb\u00e4ttra anv\u00e4ndarupplevelsen.<\/p>\n<h2 id=\"-3-350g-white-cardboard-material-process-details-\"><strong>3. 350g vit kartong material- och processdetaljer<\/strong><\/h2>\n<p>L\u00e5dans stomme \u00e4r tillverkad av 350 g vit kartong med h\u00f6g vikt, som har utm\u00e4rkt styvhet och stark tryckbest\u00e4ndighet, vilket effektivt skyddar de interna produkterna. Ytan p\u00e5 vit kartong \u00e4r mycket sl\u00e4t och i kombination med offsettryckprocessen i Heidelberg tryckpress kan den uppn\u00e5 k\u00e4nsliga gradientf\u00e4rger och varum\u00e4rkes LOGO varmst\u00e4mpling \/ silvereffekter. Fodret antar en anpassad vikningsstruktur med h\u00e4nsyn till b\u00e5de skydd och rymdutnyttjande.<\/p>\n<h2 id=\"-4-card-box-flat-design-cost-optimization-\"><strong>4. Design och kostnadsoptimering av kartongl\u00e5dor<\/strong><\/h2>\n<p>Kartongens vikningsdesign st\u00f6der platt leverans och transportvolymens kompressionshastighet n\u00e5r mer \u00e4n 70%, vilket avsev\u00e4rt minskar logistikkostnaderna. Den integrerade gjutningsprocessen minskar monteringsprocessen, och med den automatiserade produktionslinjen (s\u00e5som offsettryck, stansning och integrerad utrustning f\u00f6r limning av l\u00e5dor) kan den dagliga produktionskapaciteten n\u00e5 mer \u00e4n 10 000 stycken och realisera storskalig kostnadsminskning.<\/p>\n<h2 id=\"-5-supply-chain-and-quality-assurance-\"><strong>5. Leverant\u00f6rskedja och kvalitetss\u00e4kring<\/strong><\/h2>\n<p>Med 16 \u00e5rs erfarenhet av k\u00e4llfabriker och ett moget f\u00f6rs\u00f6rjningskedjesystem \u00e4r hela processen fr\u00e5n pappersupphandling till f\u00e4rdig produktf\u00f6rpackning kontrollerbar. Fabriken har klarat ISO-certifiering och kontrollerar strikt r\u00e5varorna i vit kartong (s\u00e5som gr\u00e5baserad vit kartong eller importerat tr\u00e4massapapper) och tryckfel (\u00b1 0,01 mm) f\u00f6r att s\u00e4kerst\u00e4lla batchkonsistens. St\u00f6d anpassning av sm\u00e5 partier och svara flexibelt p\u00e5 kundernas behov.<\/p>\n<h2 id=\"-6-foreign-trade-services-and-one-stop-support-\"><strong>6. Tj\u00e4nster f\u00f6r utrikeshandel och st\u00f6d fr\u00e5n en enda kontaktpunkt<\/strong><\/h2>\n<p>Det professionella utrikeshandelsteamet tillhandah\u00e5ller flerspr\u00e5kiga tj\u00e4nster (engelska, spanska etc.) och t\u00e4cker stora marknader som Europa, Amerika och Sydostasien. St\u00f6d gr\u00e4ns\u00f6verskridande exportkvalifikationer och certifiering av plattformsefterlevnad (t.ex. Amazon och eBay f\u00f6rpackningskrav), och tillhandah\u00e5lla fullst\u00e4ndiga processtj\u00e4nster som designprovning, tulldeklarationslogistik och kompensation efter f\u00f6rs\u00e4ljning f\u00f6r att minska kundens driftskomplexitet.<\/p>\n<h2><strong>7. Merv\u00e4rdestj\u00e4nster och fallbeskrivningar<\/strong><\/h2>\n<ul>\n<li><strong>Designst\u00f6d<\/strong>: Kan tillhandah\u00e5lla enkla estetiska l\u00f6sningar (t.ex. vit matt texturl\u00e5da, magnetisk \u00f6ppnings- och st\u00e4ngningsstruktur) eller tekniska element (t.ex. halvgenomskinliga indikatorlampor);<\/li>\n<li><strong>Alternativ f\u00f6r milj\u00f6skydd<\/strong>: FSC-certifierat papper och vattenbaserad tryckf\u00e4rg, i linje med EU:s milj\u00f6skyddsnormer;<\/li>\n<li><strong>Samarbete inom lagerh\u00e5llning<\/strong>: St\u00f6d f\u00f6r hanterat lager och VMI-l\u00e4ge, vilket f\u00f6rkortar leveranscykeln till 7-10 dagar.<\/li>\n<\/ul>","protected":false},"excerpt":{"rendered":"<p>Denna design \u00e4r en dubbelinsatt kortl\u00e5da. Hela l\u00e5dan \u00e4r tillverkad av 350g vitt kort, som \u00e4r styvt och har bra tryckeffekt. F\u00f6nstret och filmen kan b\u00e4ttre visa produkten.<\/p>","protected":false},"featured_media":771,"template":"","meta":{"_kad_post_transparent":"default","_kad_post_title":"","_kad_post_layout":"default","_kad_post_sidebar_id":"","_kad_post_content_style":"default","_kad_post_vertical_padding":"default","_kad_post_feature":"","_kad_post_feature_position":"","_kad_post_header":false,"_kad_post_footer":false,"_kad_post_classname":""},"product_brand":[],"product_cat":[15,24,17],"product_tag":[285,286,287],"class_list":{"0":"post-770","1":"product","2":"type-product","3":"status-publish","4":"has-post-thumbnail","6":"product_cat-red-light-therapy","7":"product_cat-red-light-therapy-bed","8":"product_cat-services","9":"product_tag-folding-carton-for-bluetooth","10":"product_tag-folding-carton-for-earphone","11":"product_tag-vendor-folding-carton","13":"first","14":"instock","15":"shipping-taxable","16":"product-type-simple","17":"entry","18":"content-bg","19":"loop-entry"},"_links":{"self":[{"href":"https:\/\/red-lighttherapy.com\/sv\/wp-json\/wp\/v2\/product\/770","targetHints":{"allow":["GET"]}}],"collection":[{"href":"https:\/\/red-lighttherapy.com\/sv\/wp-json\/wp\/v2\/product"}],"about":[{"href":"https:\/\/red-lighttherapy.com\/sv\/wp-json\/wp\/v2\/types\/product"}],"wp:featuredmedia":[{"embeddable":true,"href":"https:\/\/red-lighttherapy.com\/sv\/wp-json\/wp\/v2\/media\/771"}],"wp:attachment":[{"href":"https:\/\/red-lighttherapy.com\/sv\/wp-json\/wp\/v2\/media?parent=770"}],"wp:term":[{"taxonomy":"product_brand","embeddable":true,"href":"https:\/\/red-lighttherapy.com\/sv\/wp-json\/wp\/v2\/product_brand?post=770"},{"taxonomy":"product_cat","embeddable":true,"href":"https:\/\/red-lighttherapy.com\/sv\/wp-json\/wp\/v2\/product_cat?post=770"},{"taxonomy":"product_tag","embeddable":true,"href":"https:\/\/red-lighttherapy.com\/sv\/wp-json\/wp\/v2\/product_tag?post=770"}],"curies":[{"name":"wp","href":"https:\/\/api.w.org\/{rel}","templated":true}]}}