{"id":761,"date":"2025-04-14T09:46:32","date_gmt":"2025-04-14T09:46:32","guid":{"rendered":"https:\/\/red-lighttherapy.com\/?post_type=product&#038;p=761"},"modified":"2025-04-14T12:26:03","modified_gmt":"2025-04-14T12:26:03","slug":"china-custom-printing-folding-cartons-for-candle-products","status":"publish","type":"product","link":"https:\/\/red-lighttherapy.com\/sv\/china-custom-printing-folding-cartons-for-candle-products\/","title":{"rendered":"Kina Anpassad utskrift av vikbara kartonger f\u00f6r ljusprodukter"},"content":{"rendered":"<h2 id=\"-1-materials-and-technology-environmentally-friendly-white-cardboard-creates-lightweight-and-high-stiffness-packaging-\"><strong>1. Material och teknik: Milj\u00f6v\u00e4nlig vit kartong skapar l\u00e4ttviktsf\u00f6rpackningar med h\u00f6g styvhet<\/strong><\/h2>\n<ol>\n<li><strong>K\u00e4rnmaterial<\/strong>: Anv\u00e4nder vit kartong av jungfrulig tr\u00e4massa (vanlig vikt 250g-400g), som \u00e4r b\u00e5de l\u00e4tt och h\u00f6g styvhet. Ytan p\u00e5 vit kartong \u00e4r sl\u00e4t och k\u00e4nslig, l\u00e4mplig f\u00f6r offsettryck, UV-tryck, varmst\u00e4mpling, pr\u00e4gling och andra processer, vilket s\u00e4kerst\u00e4ller h\u00f6g f\u00e4rgm\u00e4ttnad och stark vidh\u00e4ftning av m\u00f6nstret.<\/li>\n<li><strong>L\u00f6sning f\u00f6r uppgradering av tjocklek<\/strong>: Om det kr\u00e4vs en tjockare touch anv\u00e4nds \"monteringsprocessen\" f\u00f6r att stapla flera lager kartong, vilket inte bara bibeh\u00e5ller de milj\u00f6v\u00e4nliga och \u00e5tervinningsbara egenskaperna utan ocks\u00e5 f\u00f6rb\u00e4ttrar l\u00e5dans tredimensionella k\u00e4nsla och tryckmotst\u00e5nd.<\/li>\n<li><strong>Milj\u00f6certifiering<\/strong>: Fabriken innehar den internationella ISEGA-certifieringen f\u00f6r livsmedelss\u00e4kerhet och inhemska milj\u00f6skyddskvalifikationer. Materialet inneh\u00e5ller inte fluorescerande ljusmedel och \u00f6verensst\u00e4mmer med EU: s REACH-standard. Det kan tillgodose milj\u00f6skyddsbehoven i flera branscher som livsmedel, m\u00f6dra- och barnomsorg och g\u00e5vor.<\/li>\n<\/ol>\n<h2 id=\"-ii-design-aesthetics-warm-color-vision-and-humanized-structure-\"><strong>2. Designestetik: varm f\u00e4rgvision och humaniserad struktur<\/strong><\/h2>\n<ol>\n<li><strong>F\u00e4rgstrategi<\/strong>: Varma f\u00e4rger (som orange-r\u00f6d, b\u00e4rnstensguld och mjukrosa) anv\u00e4nds som huvudton, kombinerat med lokal UV-lack och p\u00e4rlemorskimrande st\u00e4mplingsteknik f\u00f6r att f\u00f6rb\u00e4ttra den visuella skiktningen och f\u00f6rmedla en varm och romantisk varum\u00e4rkesatmosf\u00e4r.<\/li>\n<li><strong>Innovation av l\u00e5dtyp<\/strong>: St\u00f6der horisontell och vertikal tv\u00e5v\u00e4gs \u00f6ppnings- och st\u00e4ngningsdesign, bryter de traditionella begr\u00e4nsningarna f\u00f6r \u00f6ppningsriktningen f\u00f6r l\u00e5dor, vilket g\u00f6r det bekv\u00e4mt f\u00f6r konsumenterna att visa ljusprodukter fr\u00e5n flera vinklar och enkelt anv\u00e4nda dem. Till exempel kan den l\u00e5dliknande glidstrukturen eller den \u00f6vre och nedre t\u00e4ckl\u00e5dan flexibelt anpassa sig till olika ljusstorlekar.<\/li>\n<li><strong>Skyddande innerfoder<\/strong>: L\u00e5dan \u00e4r utrustad med ett stansat papperskortfoder, som exakt fixerar ljuskrukan f\u00f6r att f\u00f6rhindra transportvibrationer; fodret kan skrivas ut med varum\u00e4rkeslogotyp eller doftbeskrivning, vilket kombinerar funktionalitet och varum\u00e4rkeskommunikationsv\u00e4rde.<\/li>\n<\/ol>\n<h2 id=\"-iii-production-guarantee-high-end-equipment-and-craftsmanship-\"><strong>3. Produktionsgaranti: avancerad utrustning och hantverk<\/strong><\/h2>\n<ol>\n<li><strong>Utskriftsnoggrannhet<\/strong>: Anta tyska Heidelberg Speedmaster sexf\u00e4rgs UV-skrivare och japanska Mitsubishi fyrf\u00e4rgsskrivare, st\u00f6dja Pantone spotf\u00e4rgsmatchning, f\u00e4rgavvikelsegraden \u00e4r mindre \u00e4n 1%, vilket s\u00e4kerst\u00e4ller h\u00f6g restaurering av varum\u00e4rkeslogotyp och m\u00f6nster.<\/li>\n<li><strong>Processdetaljer<\/strong>: Seniora tryckm\u00e4stare \u00f6vervakar hela processen, genom laminering (ljusfilm \/ mattfilm), pr\u00e4gling, varmst\u00e4mpling \/ silver och annan efterbehandling, ger f\u00f6rpackningen taktil konsistens och visuell lyx.<\/li>\n<li><strong>Flexibilitet vid kundanpassning<\/strong>: Storleken st\u00f6der full parameteranpassning (l\u00e4ngd \u00d7 bredd \u00d7 h\u00f6jd \u00e4r obegr\u00e4nsad), vilket \u00e4r kompatibelt med cylindriska, fyrkantiga och specialformade ljusbeh\u00e5llare; den minsta orderkvantiteten \u00e4r 1 000 stycken och st\u00f6der bearbetning med ritningar eller original design.<\/li>\n<\/ol>\n<h2 id=\"-iv-application-scenarios-and-cases-\"><strong>4. Till\u00e4mpningsscenarier och fall<\/strong><\/h2>\n<ul>\n<li><strong>Marknaden f\u00f6r exklusiva presenter<\/strong>: L\u00e4mplig f\u00f6r presentf\u00f6rpackningar f\u00f6r br\u00f6llop och semester, med band, PET-genomskinliga f\u00f6nster och andra element f\u00f6r att f\u00f6rb\u00e4ttra k\u00e4nslan av unboxing ceremoni.<\/li>\n<li><strong>F\u00f6rdelar med butiksdisplay<\/strong>: F\u00f6nstervisningsboxdesign (t.ex. f\u00f6nsterbel\u00e4ggning med matt film) kan direkt presentera ljusets naturliga material och dekorativa detaljer, vilket lockar offline-konsumenter att stanna.<\/li>\n<li><strong>V\u00e4nlig mot e-handel<\/strong>: Den integrerade designen av postorderl\u00e5dor av wellpapp tar h\u00e4nsyn till b\u00e5de transportskydd och uppackningsupplevelse, vilket minskar sekund\u00e4rt f\u00f6rpackningsavfall.<\/li>\n<\/ul>","protected":false},"excerpt":{"rendered":"<p>Denna kartong \u00e4r utformad med vitt kartongmaterial, som \u00e4r l\u00e4tt i vikt och har h\u00f6g styvhet. Den \u00e4r l\u00e4mplig f\u00f6r olika tryckmetoder. Den varma f\u00e4rgdesignen g\u00f6r sinnena varmare och mer i linje med varum\u00e4rkets ton. Det v\u00e4cker uppm\u00e4rksamhet.<\/p>","protected":false},"featured_media":766,"template":"","meta":{"_kad_post_transparent":"default","_kad_post_title":"","_kad_post_layout":"default","_kad_post_sidebar_id":"","_kad_post_content_style":"default","_kad_post_vertical_padding":"default","_kad_post_feature":"","_kad_post_feature_position":"","_kad_post_header":false,"_kad_post_footer":false,"_kad_post_classname":""},"product_brand":[],"product_cat":[15,24,17],"product_tag":[284,282,283],"class_list":{"0":"post-761","1":"product","2":"type-product","3":"status-publish","4":"has-post-thumbnail","6":"product_cat-red-light-therapy","7":"product_cat-red-light-therapy-bed","8":"product_cat-services","9":"product_tag-china-candle-products-packaging","10":"product_tag-custom-candle-folding-cartons","11":"product_tag-folding-cartons-for-candle","13":"first","14":"instock","15":"shipping-taxable","16":"product-type-simple","17":"entry","18":"content-bg","19":"loop-entry"},"_links":{"self":[{"href":"https:\/\/red-lighttherapy.com\/sv\/wp-json\/wp\/v2\/product\/761","targetHints":{"allow":["GET"]}}],"collection":[{"href":"https:\/\/red-lighttherapy.com\/sv\/wp-json\/wp\/v2\/product"}],"about":[{"href":"https:\/\/red-lighttherapy.com\/sv\/wp-json\/wp\/v2\/types\/product"}],"wp:featuredmedia":[{"embeddable":true,"href":"https:\/\/red-lighttherapy.com\/sv\/wp-json\/wp\/v2\/media\/766"}],"wp:attachment":[{"href":"https:\/\/red-lighttherapy.com\/sv\/wp-json\/wp\/v2\/media?parent=761"}],"wp:term":[{"taxonomy":"product_brand","embeddable":true,"href":"https:\/\/red-lighttherapy.com\/sv\/wp-json\/wp\/v2\/product_brand?post=761"},{"taxonomy":"product_cat","embeddable":true,"href":"https:\/\/red-lighttherapy.com\/sv\/wp-json\/wp\/v2\/product_cat?post=761"},{"taxonomy":"product_tag","embeddable":true,"href":"https:\/\/red-lighttherapy.com\/sv\/wp-json\/wp\/v2\/product_tag?post=761"}],"curies":[{"name":"wp","href":"https:\/\/api.w.org\/{rel}","templated":true}]}}