{"id":750,"date":"2025-04-14T09:34:38","date_gmt":"2025-04-14T09:34:38","guid":{"rendered":"https:\/\/red-lighttherapy.com\/?post_type=product&#038;p=750"},"modified":"2025-04-14T09:46:20","modified_gmt":"2025-04-14T09:46:20","slug":"custom-recycled-kraft-paper-candle-cardboard-boxes-wholesale","status":"publish","type":"product","link":"https:\/\/red-lighttherapy.com\/sv\/custom-recycled-kraft-paper-candle-cardboard-boxes-wholesale\/","title":{"rendered":"Anpassade \u00e5tervunna kraftpapper ljuskartongl\u00e5dor grossist"},"content":{"rendered":"<h2 id=\"customized-recycled-kraft-paper-candle-packaging-box-products\">Anpassade \u00e5tervunna kraftpapper ljusf\u00f6rpackningsl\u00e5dor produkter<\/h2>\n<h2 id=\"-1-full-link-eco-friendly-material-degradable-recycled-kraft-paper-card-box-\"><strong>1. Milj\u00f6v\u00e4nligt material med full l\u00e4nk: nedbrytbar \u00e5tervunnen kraftpapperskartong<\/strong><\/h2>\n<p>Anv\u00e4nda\u00a0<strong>FSC-certifierat \u00e5tervunnet kraftpapper<\/strong>\u00a0som basmaterial kommer r\u00e5varorna fr\u00e5n h\u00e5llbart f\u00f6rvaltade skogsresurser, och pappersviktintervallet \u00e4r 250-450g och kan anpassas med h\u00e4nsyn till b\u00e5de styrka och milj\u00f6skyddsegenskaper.\u00a0<strong>Vattenbaserat milj\u00f6v\u00e4nligt bl\u00e4ck f\u00f6r tryckning<\/strong>\u00a0anv\u00e4nds i produktionsprocessen, utan rester av tungmetaller, i enlighet med EU:s REACH-f\u00f6rordningar och amerikanska FDA-standarder. Produkten kan brytas ned fullst\u00e4ndigt i\u00a0<strong>6-12 m\u00e5nader<\/strong>\u00a0i den naturliga milj\u00f6n, med en \u00e5tervinningsgrad p\u00e5 mer \u00e4n 90%, vilket uppfyller kraven i den cirkul\u00e4ra ekonomin.<\/p>\n<h2 id=\"-2-innovative-window-design-balancing-the-sense-of-ritual-and-trust-\"><strong>2. Innovativ f\u00f6nsterdesign: balans mellan k\u00e4nslan av ritual och f\u00f6rtroende<\/strong><\/h2>\n<ul>\n<li><strong>Visuellt f\u00f6nster<\/strong>: Med hj\u00e4lp av laserh\u00e5ltagningsteknik f\u00f6r att skapa ett specialformat f\u00f6nster (rund\/petalform valfritt), t\u00e4ckt med\u00a0<strong>nedbrytbar PE transparent film<\/strong>N\u00e4r man \u00f6ppnar l\u00e5dan beh\u00e5ller man inte bara \u00f6verraskningsupplevelsen utan kan ocks\u00e5 direkt observera ljusets textur och vaxkroppens integritet.<\/li>\n<\/ul>\n<h2 id=\"-3-natural-aesthetics-presentation-petal-color-jump-process-\"><strong>3. Naturlig estetik presentation: kronbladets f\u00e4rg hoppa process<\/strong><\/h2>\n<ul>\n<li><strong>Ytbehandling<\/strong>: Genom\u00a0<strong>UV-lokal glasering + varm st\u00e4mplingsprocess<\/strong>,\u00a0<strong>Morandi f\u00e4rg kronbladsm\u00f6nster<\/strong>\u00a0\u00f6verlagras p\u00e5 kraftpapperets naturliga f\u00e4rgbas f\u00f6r att simulera v\u00e4xternas naturliga struktur. F\u00e4rg\u00f6verg\u00e5ngsomr\u00e5det \u00e4r screentryckt med sojab\u00f6nsf\u00e4rg och f\u00e4rgskillnadsv\u00e4rdet \u0394E\u22641,5, vilket f\u00f6rst\u00e4rker den naturliga bilden samtidigt som visuell tr\u00f6tthet undviks.<\/li>\n<li><strong>Taktil uppgradering<\/strong>: Kronbladets omr\u00e5de l\u00e4gger till\u00a0<strong>mikropr\u00e4glingsbehandling<\/strong>och ber\u00f6ringen simulerar texturen hos riktiga kronblad f\u00f6r att f\u00f6rb\u00e4ttra f\u00f6rpackningens sensoriska upplevelsev\u00e4rde.<\/li>\n<\/ul>\n<h2 id=\"-4-functional-extension-design-empty-box-transformation-guide-\"><strong>4. Funktionell design f\u00f6r f\u00f6rl\u00e4ngning: Guide f\u00f6r omvandling av tomma l\u00e5dor<\/strong><\/h2>\n<p>Tillhandah\u00e5lla\u00a0<strong>Instruktioner f\u00f6r DIY-omvandling<\/strong>\u00a0f\u00f6r att v\u00e4gleda konsumenter att f\u00f6rvandla tomma l\u00e5dor till:<\/p>\n<ul>\n<li><strong>F\u00f6rvaringsl\u00e5da<\/strong>: L\u00e5dan \u00e4r f\u00f6rinstallerad med en l\u00f6stagbar skiljev\u00e4gg (materialet \u00e4r detsamma som l\u00e5dans kropp), l\u00e4mplig f\u00f6r f\u00f6rvaring av sm\u00e5 f\u00f6rem\u00e5l som smycken och pappersvaror;<\/li>\n<li><strong>Planteringsbeh\u00e5llare<\/strong>: L\u00e5dans botten \u00e4r f\u00f6rinst\u00e4lld med en stanslinje f\u00f6r dr\u00e4neringsh\u00e5l, och den \u00e4r ihopkopplad med en blindl\u00e5da med fr\u00f6 f\u00f6r att ge f\u00f6rpackningen ett andra liv. Transformationsplanen \u00e4r kopplad till varum\u00e4rkets interaktiva plattform f\u00f6r sociala medier genom en\u00a0<strong>QR-kod<\/strong>\u00a0f\u00f6r att \u00f6ka anv\u00e4ndarnas delaktighet.<\/li>\n<\/ul>\n<h2 id=\"-5-compliance-label-system-meet-the-requirements-of-the-european-and-american-markets-\"><strong>5. System f\u00f6r m\u00e4rkning av \u00f6verensst\u00e4mmelse: uppfyller kraven p\u00e5 de europeiska och amerikanska marknaderna<\/strong><\/h2>\n<ul>\n<li><strong>Informationsetikett<\/strong>: Tryckning av l\u00e5dans stomme omfattar\u00a0<strong>CE-m\u00e4rkning, \u00e5tervinningsm\u00e4rkning (\u267b), FSC-certifieringssymbol<\/strong>och ingrediensf\u00f6rteckning (inklusive vaxbas, doft\u00e4mnen, brinntid etc.);<\/li>\n<li><strong>Handgjorda anpassade attribut<\/strong>:\u00a0<strong>Kodning av f\u00e4rgf\u00f6rseglingssats<\/strong>\u00a0+ hantverkare signatur varm st\u00e4mpling, varje produkt \u00e4r markerad med ett oberoende nummer (t.ex. HN-XXXXX-CR) f\u00f6r att f\u00f6rb\u00e4ttra den handgjorda temperaturk\u00e4nslan;<\/li>\n<li><strong>Flerspr\u00e5kiga instruktioner<\/strong>: S\u00e4kerhetsvarningar och bruksanvisningar \u00e4r m\u00e4rkta p\u00e5 engelska\/spanska\/franska, i enlighet med EU:s \"Packaging and Packaging Waste Directive\" och US CPSC:s krav.<\/li>\n<\/ul>\n<h2 id=\"-6-efficient-production-and-cost-advantages-\"><strong>6. Effektiv produktion och kostnadsf\u00f6rdelar<\/strong><\/h2>\n<ul>\n<li><strong>Design av l\u00e5dan<\/strong>: Adoptera\u00a0<strong>kartongkonstruktion i ett stycke<\/strong>\u00e4r stansplattan l\u00e4mplig f\u00f6r h\u00f6ghastighets automatisk mapplimare, med en daglig produktionskapacitet p\u00e5 5 miljoner bitar och en minsta orderkvantitet p\u00e5 500 bitar kan produceras;<\/li>\n<li><strong>F\u00f6rdel enhetspris<\/strong>: Enhetspriset f\u00f6r best\u00e4llningar av stora volymer (mer \u00e4n 1 miljon enheter) kan vara s\u00e5 l\u00e5gt som\u00a0<strong>US$0,1\/stycke<\/strong>\u00a0(baserat p\u00e5 350 g kraftpapper standardl\u00e5da), med st\u00f6d f\u00f6r LOGO varmst\u00e4mpling, f\u00f6nster\u00f6ppning och andra anpassade behov utan till\u00e4ggsavgift;<\/li>\n<li><strong>Logistikoptimering<\/strong>: L\u00e5dkroppens tjocklek i utf\u00e4llt tillst\u00e5nd \u00e4r \u22643 mm, vilket sparar 60% lagringsutrymme j\u00e4mf\u00f6rt med traditionell f\u00f6rpackning och \u00e4r l\u00e4mplig f\u00f6r gr\u00e4ns\u00f6verskridande e-handel med sm\u00e5 paket direktleverans.<\/li>\n<\/ul>","protected":false},"excerpt":{"rendered":"<p>Kartongen \u00e4r tillverkad av nedbrytbart kraftpapper, som \u00e4r l\u00e4tt att \u00e5tervinna och uppn\u00e5 full milj\u00f6v\u00e4nlighet. F\u00f6nsterdesignen bibeh\u00e5ller k\u00e4nslan av \u00f6verraskning n\u00e4r man \u00f6ppnar l\u00e5dan samtidigt som den l\u00f6ser konsumentens problem med \"visuell tillit\".<\/p>","protected":false},"featured_media":757,"template":"","meta":{"_kad_post_transparent":"default","_kad_post_title":"","_kad_post_layout":"default","_kad_post_sidebar_id":"","_kad_post_content_style":"default","_kad_post_vertical_padding":"default","_kad_post_feature":"","_kad_post_feature_position":"","_kad_post_header":false,"_kad_post_footer":false,"_kad_post_classname":""},"product_brand":[],"product_cat":[15,24,17],"product_tag":[280,279,281],"class_list":{"0":"post-750","1":"product","2":"type-product","3":"status-publish","4":"has-post-thumbnail","6":"product_cat-red-light-therapy","7":"product_cat-red-light-therapy-bed","8":"product_cat-services","9":"product_tag-candle-cardboard-boxes","10":"product_tag-custom-candle-boxes-wholesale","11":"product_tag-custom-candle-cardboard-boxes","13":"first","14":"instock","15":"shipping-taxable","16":"product-type-simple","17":"entry","18":"content-bg","19":"loop-entry"},"_links":{"self":[{"href":"https:\/\/red-lighttherapy.com\/sv\/wp-json\/wp\/v2\/product\/750","targetHints":{"allow":["GET"]}}],"collection":[{"href":"https:\/\/red-lighttherapy.com\/sv\/wp-json\/wp\/v2\/product"}],"about":[{"href":"https:\/\/red-lighttherapy.com\/sv\/wp-json\/wp\/v2\/types\/product"}],"wp:featuredmedia":[{"embeddable":true,"href":"https:\/\/red-lighttherapy.com\/sv\/wp-json\/wp\/v2\/media\/757"}],"wp:attachment":[{"href":"https:\/\/red-lighttherapy.com\/sv\/wp-json\/wp\/v2\/media?parent=750"}],"wp:term":[{"taxonomy":"product_brand","embeddable":true,"href":"https:\/\/red-lighttherapy.com\/sv\/wp-json\/wp\/v2\/product_brand?post=750"},{"taxonomy":"product_cat","embeddable":true,"href":"https:\/\/red-lighttherapy.com\/sv\/wp-json\/wp\/v2\/product_cat?post=750"},{"taxonomy":"product_tag","embeddable":true,"href":"https:\/\/red-lighttherapy.com\/sv\/wp-json\/wp\/v2\/product_tag?post=750"}],"curies":[{"name":"wp","href":"https:\/\/api.w.org\/{rel}","templated":true}]}}