{"id":744,"date":"2025-04-14T09:22:01","date_gmt":"2025-04-14T09:22:01","guid":{"rendered":"https:\/\/red-lighttherapy.com\/?post_type=product&#038;p=744"},"modified":"2025-04-14T09:34:22","modified_gmt":"2025-04-14T09:34:22","slug":"wholesale-custom-packaging-box-for-cuticle-oil-pen-lip-gloss","status":"publish","type":"product","link":"https:\/\/red-lighttherapy.com\/sv\/wholesale-custom-packaging-box-for-cuticle-oil-pen-lip-gloss\/","title":{"rendered":"Partihandel anpassad f\u00f6rpackningsl\u00e5da f\u00f6r nagelbandsoljepenna l\u00e4ppglans"},"content":{"rendered":"<h2 id=\"-wholesale-custom-packaging-box-products-for-nail-polish-pens-and-lip-gloss-\"><strong>Partihandel med anpassade f\u00f6rpackningsl\u00e5dor f\u00f6r nagellackpennor och l\u00e4ppglans<\/strong><\/h2>\n<h2 id=\"-1-innovative-folding-card-box-design-to-optimize-storage-and-logistics-efficiency-\"><strong>1. Innovativ design av vikbara kortl\u00e5dor f\u00f6r att optimera lagring och logistikeffektivitet<\/strong><\/h2>\n<p>Den vikbara kortl\u00e5dans design kan vara helt tillplattad n\u00e4r den \u00e4r tom, med en kompressionshastighet p\u00e5 mer \u00e4n 50%, vilket kraftigt minskar det upptagna lagringsutrymmet. Den transporteras i en platt form under transporten, och den enda logistikens b\u00e4rf\u00f6rm\u00e5ga \u00f6kas med 30%, vilket effektivt sparar fraktkostnader. L\u00e5dkroppen optimerar vikningsnoggrannheten genom kombinationsprocessen \"sp\u00e5rlinje + knivlinje\" f\u00f6r att s\u00e4kerst\u00e4lla att strukturen \u00e4r stabil efter gjutning och anpassa sig till h\u00f6ghastighetsf\u00f6rpackningskraven i den automatiserade produktionslinjen.<\/p>\n<h2 id=\"-2-pink-main-color-and-cherry-elements-convey-the-concept-of-sweet-care-\"><strong>2. Rosa huvudf\u00e4rg och k\u00f6rsb\u00e4rselement f\u00f6rmedlar begreppet s\u00f6t v\u00e5rd<\/strong><\/h2>\n<p>L\u00e5dans kropp \u00e4r huvudsakligen rosa gradient, med ett handm\u00e5lat k\u00f6rsb\u00e4rsm\u00f6nster, och fruktens fyllighet och s\u00f6tma presenteras genom vattenf\u00e4rgsteknik. Det visuella mittomr\u00e5det antar en\u00a0<strong>design med h\u00f6g kontrast<\/strong>: kollisionen mellan k\u00f6rsb\u00e4rsr\u00f6d och matt pulverbasf\u00e4rg bildar en k\u00e4nslom\u00e4ssig association av \"sweet care\" och st\u00e4rker varum\u00e4rkets minnespunkt. Sidan kompletteras med f\u00f6rgylld varum\u00e4rkes LOGO varmst\u00e4mpling f\u00f6r att f\u00f6rb\u00e4ttra den avancerade strukturen.<\/p>\n<h2 id=\"-third-layered-information-layout-to-enhance-brand-recognition-\"><strong>3. Skiktad informationslayout f\u00f6r att f\u00f6rb\u00e4ttra varum\u00e4rkesigenk\u00e4nningen<\/strong><\/h2>\n<ul>\n<li><strong>Visuellt fokuslager<\/strong>: Det \u00f6versta omr\u00e5det 20% fokuserar p\u00e5 att visa varum\u00e4rket och k\u00e4rnproduktens effektivitet (t.ex. \"24H color retention\" och \"plant essence\"), med hj\u00e4lp av tredimensionell relieftryckteknik, som lockar b\u00e5de ber\u00f6ring och syn;<\/li>\n<li><strong>Skikt f\u00f6r funktionsbeskrivning<\/strong>: I mitten anv\u00e4nds enkla ikoner + kort text f\u00f6r att presentera ingrediensernas s\u00e4kerhet och vattent\u00e4ta egenskaper, och teckensnittet anv\u00e4nder ett rundat sans serif-teckensnitt f\u00f6r att f\u00f6rb\u00e4ttra l\u00e4sbarheten;<\/li>\n<li><strong>Lagring av regleringsinformation<\/strong>: Produktionsdatum, licensnummer etc. \u00e4r ordnade med sm\u00e5 tecken l\u00e4ngst ner, vilket \u00f6verensst\u00e4mmer med industristandarder samtidigt som det undviker st\u00f6rningar i huvudvisionen.<\/li>\n<\/ul>\n<h2 id=\"-fourth-matte-film-surface-treatment-taking-into-account-both-texture-and-practicality-\"><strong>4. Ytbehandling med matt film, med h\u00e4nsyn till b\u00e5de textur och praktiska egenskaper<\/strong><\/h2>\n<p>L\u00e5dans yta \u00e4r t\u00e4ckt med\u00a0<strong>BOPP matt film<\/strong>som k\u00e4nns lika skir som silke och har f\u00f6ljande funktioner:<\/p>\n<ul>\n<li><strong>Vattent\u00e4t och oljebest\u00e4ndig<\/strong>: Motst\u00e5r effektivt st\u00e4nk av kosmetiska v\u00e4tskor och kan reng\u00f6ras genom avtorkning;<\/li>\n<li><strong>Rept\u00e5lig och slitstark<\/strong>: UV-bel\u00e4ggningsteknik minskar friktionsf\u00f6rlusten vid transport och g\u00f6r att m\u00f6nstret h\u00e5ller l\u00e4nge och \u00e4r ljust;<\/li>\n<li><strong>Milj\u00f6certifiering<\/strong>: Godk\u00e4nd REACH-standardtestning, giftfri och ofarlig och kan direkt kontakta pastan.<\/li>\n<\/ul>\n<h2 id=\"-v-portable-structure-suitable-for-multiple-categories-of-cosmetics-\"><strong>5. B\u00e4rbar struktur l\u00e4mplig f\u00f6r flera kategorier av kosmetika<\/strong><\/h2>\n<p>L\u00e5dan \u00e4r utformad med en l\u00f6stagbar\u00a0<strong>Foder i EPE-p\u00e4rlbomull<\/strong>, som exakt kan placera nagellackpennor, l\u00e4ppglasyr, nagelbandsolja och andra produkter med olika specifikationer (st\u00f6der 5-15 cm h\u00f6g anpassning). Toppen \u00e4r reserverad f\u00f6r magnetisk sn\u00e4ppstruktur, som kan \u00f6ppnas och st\u00e4ngas med en hand, l\u00e4mplig f\u00f6r att b\u00e4ra smink.\u00a0<strong>F\u00f6rpackningsversion f\u00f6r sm\u00e5 portioner<\/strong>\u00a0(t.ex. 4-pack mini presentf\u00f6rpackning) tillhandah\u00e5lls ocks\u00e5 f\u00f6r att tillgodose behoven hos stormarknadens provf\u00f6rpackningar.<\/p>\n<h2 id=\"-vi-highly-customized-service-empowering-brand-differentiation-\"><strong>6. Mycket skr\u00e4ddarsydd service, st\u00e4rker varum\u00e4rkesdifferentiering<\/strong><\/h2>\n<p>Med 16 \u00e5rs erfarenhet av f\u00f6rpackningsproduktion tillhandah\u00e5ller vi allround anpassningsst\u00f6d:<\/p>\n<ul>\n<li><strong>Val av material<\/strong>: bambu, vit kartong, sockerr\u00f6rspapper och andra milj\u00f6v\u00e4nliga substrat \u00e4r valfria, med en h\u00e5rdhet p\u00e5 mer \u00e4n 300G;<\/li>\n<li><strong>Uppgradering av process<\/strong>: St\u00f6der 20+ ytbehandlingstekniker som varmst\u00e4mpling, silkessk\u00e4rmstryck, laserpr\u00e4gling etc;<\/li>\n<li><strong>Funktionsexpansion<\/strong>: RFID-chips kan b\u00e4ddas in f\u00f6r att uppn\u00e5 sp\u00e5rbarhet mot f\u00f6rfalskning, eller temperaturk\u00e4nsliga bel\u00e4ggningar kan l\u00e4ggas till f\u00f6r att anpassa sig till kylkedjetransporter.<\/li>\n<\/ul>\n<h2 id=\"-seven-mature-supply-chain-guarantee-one-stop-delivery-without-worries-\"><strong>7. Mogen leveranskedjegaranti, one-stop-leverans utan bekymmer<\/strong><\/h2>\n<p>Som en professionell tillverkare med 16 \u00e5rs erfarenhet inom branschen har vi tj\u00e4nat mer \u00e4n 500 000 sk\u00f6nhetsm\u00e4rken, och v\u00e5ra huvudprodukter inkluderar:<\/p>\n<ul>\n<li><strong>Typ av klassisk l\u00e5da<\/strong>: presentf\u00f6rpackning med topp- och bottenlock, cylindrisk l\u00e5da, kortl\u00e5da av l\u00e5da-typ, specialformad pappersp\u00e5se;<\/li>\n<li><strong>Produktivitetsf\u00f6rdelar<\/strong>: F\u00e4rdigst\u00e4lla korrektur inom 72 timmar och uppn\u00e5 massproduktion av 10.000 order inom 15 dagar;<\/li>\n<li><strong>Support efter f\u00f6rs\u00e4ljning<\/strong>: Tillhandah\u00e5lla tj\u00e4nster f\u00f6r hela livscykeln, t.ex. v\u00e4gledning f\u00f6r f\u00e4rghantering och fukts\u00e4kra l\u00f6sningar f\u00f6r lagerh\u00e5llning.<\/li>\n<\/ul>","protected":false},"excerpt":{"rendered":"<p>F\u00e4llbar kartongtyp, platt frakt, vilket sparar lagringsutrymme och fraktkostnader. L\u00e5dans kropp \u00e4r rosa som huvudf\u00e4rg, med k\u00f6rsb\u00e4rsm\u00f6nster, vilket skapar den k\u00e4nslom\u00e4ssiga f\u00f6reningen av \"s\u00f6t v\u00e5rd\" och bildar en skarp visuell kontrast. Den b\u00e4rbara designen \u00e4r l\u00e4mplig f\u00f6r att b\u00e4ra kosmetika, l\u00e4ppstift, nagelbandsolja etc.<\/p>","protected":false},"featured_media":747,"template":"","meta":{"_kad_post_transparent":"default","_kad_post_title":"","_kad_post_layout":"default","_kad_post_sidebar_id":"","_kad_post_content_style":"default","_kad_post_vertical_padding":"default","_kad_post_feature":"","_kad_post_feature_position":"","_kad_post_header":false,"_kad_post_footer":false,"_kad_post_classname":""},"product_brand":[],"product_cat":[15,28,24,17],"product_tag":[278,276,277],"class_list":{"0":"post-744","1":"product","2":"type-product","3":"status-publish","4":"has-post-thumbnail","6":"product_cat-red-light-therapy","7":"product_cat-customize","8":"product_cat-red-light-therapy-bed","9":"product_cat-services","10":"product_tag-custom-cosmetic-packaging-wholesale","11":"product_tag-custom-cuticle-oil-pen-packaging-box","12":"product_tag-lip-gloss-packaging-box","14":"first","15":"instock","16":"shipping-taxable","17":"product-type-simple","18":"entry","19":"content-bg","20":"loop-entry"},"_links":{"self":[{"href":"https:\/\/red-lighttherapy.com\/sv\/wp-json\/wp\/v2\/product\/744","targetHints":{"allow":["GET"]}}],"collection":[{"href":"https:\/\/red-lighttherapy.com\/sv\/wp-json\/wp\/v2\/product"}],"about":[{"href":"https:\/\/red-lighttherapy.com\/sv\/wp-json\/wp\/v2\/types\/product"}],"wp:featuredmedia":[{"embeddable":true,"href":"https:\/\/red-lighttherapy.com\/sv\/wp-json\/wp\/v2\/media\/747"}],"wp:attachment":[{"href":"https:\/\/red-lighttherapy.com\/sv\/wp-json\/wp\/v2\/media?parent=744"}],"wp:term":[{"taxonomy":"product_brand","embeddable":true,"href":"https:\/\/red-lighttherapy.com\/sv\/wp-json\/wp\/v2\/product_brand?post=744"},{"taxonomy":"product_cat","embeddable":true,"href":"https:\/\/red-lighttherapy.com\/sv\/wp-json\/wp\/v2\/product_cat?post=744"},{"taxonomy":"product_tag","embeddable":true,"href":"https:\/\/red-lighttherapy.com\/sv\/wp-json\/wp\/v2\/product_tag?post=744"}],"curies":[{"name":"wp","href":"https:\/\/api.w.org\/{rel}","templated":true}]}}