{"id":738,"date":"2025-04-14T07:36:58","date_gmt":"2025-04-14T07:36:58","guid":{"rendered":"https:\/\/red-lighttherapy.com\/?post_type=product&#038;p=738"},"modified":"2025-04-14T08:09:56","modified_gmt":"2025-04-14T08:09:56","slug":"custom-hair-growth-essential-oil-cardboard-box-suppliers","status":"publish","type":"product","link":"https:\/\/red-lighttherapy.com\/sv\/custom-hair-growth-essential-oil-cardboard-box-suppliers\/","title":{"rendered":"Anpassad h\u00e5rv\u00e4xt eterisk olja Kartongl\u00e5da Leverant\u00f6rer"},"content":{"rendered":"<h2 id=\"-customized-hair-growth-essential-oil-double-insert-card-box-a-perfect-fusion-of-environmental-aesthetics-and-practical-value-\"><strong>Anpassad kartong f\u00f6r eterisk olja f\u00f6r h\u00e5rv\u00e4xt<\/strong><\/h2>\n<h2 id=\"-1-multifunctional-adaptation-interpreting-the-infinite-possibilities-of-packaging-\"><strong>1. Multifunktionell anpassning, tolkning av de o\u00e4ndliga m\u00f6jligheterna med f\u00f6rpackningar<\/strong><\/h2>\n<p>V\u00e5r design med dubbelinsatskortl\u00e5da bygger p\u00e5 flexibilitet och kompatibilitet och kan anpassas till en m\u00e4ngd olika produkttyper, t.ex. eteriska oljor f\u00f6r h\u00e5rv\u00e4xt, parfymer, kosmetika och andra h\u00f6gv\u00e4rdiga sk\u00f6nhetsprodukter. Kortl\u00e5dans interna struktur har optimerats vetenskapligt, och den justerbara kortplatsdesignen kan enkelt fixa flaskor eller r\u00f6rformiga produkter med olika specifikationer, vilket s\u00e4kerst\u00e4ller transports\u00e4kerhet samtidigt som slutanv\u00e4ndarna f\u00e5r en bekv\u00e4m \u00f6ppnings- och st\u00e4ngningsupplevelse. Oavsett om det handlar om en enskild produkt eller ett kombinationsset kan denna f\u00f6rpackning matchas exakt f\u00f6r att hj\u00e4lpa varum\u00e4rken att expandera sina diversifierade produktlinjer.<\/p>\n<h2 id=\"-2-card-box-design-a-low-cost-and-high-efficiency-innovative-solution-\"><strong>2. Kortl\u00e5dans design: en innovativ l\u00f6sning med l\u00e5g kostnad och h\u00f6g effektivitet<\/strong><\/h2>\n<p>Den platta kortl\u00e5dans struktur anv\u00e4nds f\u00f6r att undergr\u00e4va den komplexa processen f\u00f6r traditionell f\u00f6rpackning. L\u00e5dkroppen kan helt omvandlas till en platt form under transport, kan kraftigt minska bel\u00e4ggningsgraden f\u00f6r lagrings- och logistikutrymme, och transportkostnaderna kan minskas med 40%. Monteringsprocessen \u00e4r enkel och effektiv, och anv\u00e4ndare kan bara slutf\u00f6ra f\u00e4rdig produktf\u00f6rpackning i n\u00e5gra steg, vilket avsev\u00e4rt f\u00f6rb\u00e4ttrar effektiviteten i f\u00f6rs\u00f6rjningskedjan. Dessutom v\u00e4ljs kortl\u00e5dans material fr\u00e5n milj\u00f6v\u00e4nligt l\u00e4ttviktspapper, vilket minskar materialavfallet samtidigt som det s\u00e4kerst\u00e4ller b\u00e4righet och h\u00e5llbarhet, och verkligen f\u00f6rverkligar \"s\u00e4nka kostnaderna genom design och f\u00f6rb\u00e4ttra effektiviteten genom innovation\".<\/p>\n<h2 id=\"-three-minimalist-aesthetic-design-conveying-brand-style-with-visual-rhythm-\"><strong>3. Minimalistisk estetisk design: f\u00f6rmedla varum\u00e4rkets stil med visuell rytm<\/strong><\/h2>\n<p>L\u00e5dans design f\u00f6ljer det minimalistiska konceptet \"less is more\", med en mjukt rosa basf\u00e4rg som grundton och en delikat vit vertikal textur som bildar en elegant visuell rytm. Det vertikala randelementet \u00e4r inspirerat av formen p\u00e5 naturligt v\u00e4xande h\u00e5r och \u00e5terspeglar k\u00e4rnan i den eteriska oljan f\u00f6r h\u00e5rv\u00e4xt, \"h\u00e4lsosam h\u00e5rv\u00e5rd\", samtidigt som det f\u00f6rmedlar den l\u00e4tta och rena varum\u00e4rkestonen. Ytbehandlingsprocessen med matt textur ger f\u00f6rpackningen ett l\u00e5gm\u00e4lt och lyxigt temperament, vilket g\u00f6r att produkten sticker ut p\u00e5 hyllan och exakt n\u00e5r de medel- och avancerade konsumentgrupperna som str\u00e4var efter ett f\u00f6rfinat liv.<\/p>\n<h2 id=\"-four-deep-brand-customization-full-chain-empowerment-from-packaging-to-value-\"><strong>4. Djup varum\u00e4rkesanpassning: hela kedjan fr\u00e5n f\u00f6rpackning till v\u00e4rde<\/strong><\/h2>\n<p>Vi \u00e4r inte bara en leverant\u00f6r utan ocks\u00e5 en medbyggare av varum\u00e4rkesimage. Med hj\u00e4lp av flexibla produktionslinjer och digitala designsystem kan vi f\u00f6rse dig med one-stop-anpassningstj\u00e4nster fr\u00e5n kortl\u00e5dor, presentf\u00f6rpackningar till full produktf\u00f6rpackning:<\/p>\n<ul>\n<li><strong>Exklusiva visuella symboler<\/strong>: Integrera varum\u00e4rkets LOGO, f\u00e4rg och naturliga element (t.ex. v\u00e4xttotem och bl\u00e4cktexturer) i l\u00e5dans design f\u00f6r att skapa ett differentierat symbolsystem f\u00f6r h\u00e4lsa och sk\u00f6nhet;<\/li>\n<li><strong>Flexibel processuppgradering<\/strong>: St\u00f6djer mer \u00e4n 20 processkombinationer som varmst\u00e4mpling, pr\u00e4gling och ih\u00e5liga f\u00f6nster f\u00f6r att m\u00f6ta de scenbaserade behoven hos begr\u00e4nsade upplagor, presentf\u00f6rpackningar f\u00f6r jul etc;<\/li>\n<li><strong>H\u00e5llbart materialval<\/strong>: Erbjuda milj\u00f6v\u00e4nliga alternativ som FSC-certifierat papper och nedbrytbart bl\u00e4ck f\u00f6r att st\u00e4rka varum\u00e4rkets gr\u00f6na image.<\/li>\n<\/ul>\n<h2 id=\"-v-natural-inspiration-and-environmental-protection-concept-let-packaging-become-the-narrator-of-brand-stories-\"><strong>5. Naturlig inspiration och milj\u00f6skyddskoncept: L\u00e5t f\u00f6rpackningen bli ber\u00e4ttaren av varum\u00e4rkets historia<\/strong><\/h2>\n<p>Med \"naturlig symbios\" som designfilosofi h\u00e4mtas boxens textur och f\u00e4rg fr\u00e5n naturliga bilder som v\u00e4xtens tillv\u00e4xt\u00e5ror och morgondaggens lyster, och en komplett kognitiv symbol f\u00f6r h\u00e4lsa och sk\u00f6nhet konstrueras genom abstrakt formspr\u00e5k. N\u00e4r det g\u00e4ller material insisterar vi p\u00e5 att anv\u00e4nda f\u00f6rnybara resurser f\u00f6r att s\u00e4kerst\u00e4lla att f\u00f6rpackningen uppfyller \u00e5tervinningsstandarderna med l\u00e5ga koldioxidutsl\u00e4pp fr\u00e5n produktion till bortskaffande, vilket \u00e4r i linje med milj\u00f6skyddskonceptet \"naturliga ingredienser\" och \"nollbelastande h\u00e5rv\u00e5rd\" av eteriska oljor f\u00f6r h\u00e5rv\u00e4xt, vilket hj\u00e4lper varum\u00e4rken att f\u00f6rmedla sociala ansvarsv\u00e4rden.<\/p>\n<h2 id=\"-why-choose-us-\"><strong>Varf\u00f6r v\u00e4lja oss?<\/strong><\/h2>\n<ul>\n<li><strong>Rik erfarenhet av branschen<\/strong>: 10 \u00e5rs djupg\u00e5ende erfarenhet av f\u00f6rpackningar f\u00f6r sk\u00f6nhet och personlig v\u00e5rd, med mer \u00e4n 50.000 varum\u00e4rken \u00f6ver hela v\u00e4rlden;<\/li>\n<li><strong>Fullst\u00e4ndig l\u00e4nktj\u00e4nst<\/strong>: Fr\u00e5n behovsanalys, strukturell design till massproduktion och leverans, professionell uppf\u00f6ljning en-till-en under hela processen;<\/li>\n<li><strong>Strikt kvalitetskontroll<\/strong>: Godk\u00e4nd ISO 9001-certifiering av kvalitetssystem f\u00f6r att s\u00e4kerst\u00e4lla att varje l\u00e5da uppfyller h\u00f6ga kvalitetsstandarder.<\/li>\n<\/ul>","protected":false},"excerpt":{"rendered":"<p>I en tid av uppgraderad konsumtion och milj\u00f6medvetenhet kommer en f\u00f6rpackning som kombinerar estetiskt v\u00e4rde, praktiska funktioner och h\u00e5llbara koncept att bli en viktig kontaktpunkt f\u00f6r varum\u00e4rken f\u00f6r att f\u00e5 kontakt med anv\u00e4ndarnas sinnen. V\u00e4lj v\u00e5r l\u00f6sning med dubbelinsatskartong f\u00f6r att uppn\u00e5 h\u00f6gre premier till en l\u00e4gre kostnad, vilket g\u00f6r varje produkt till en b\u00e4rare som f\u00f6rmedlar varum\u00e4rkets v\u00e4rme.<\/p>","protected":false},"featured_media":739,"template":"","meta":{"_kad_post_transparent":"default","_kad_post_title":"","_kad_post_layout":"default","_kad_post_sidebar_id":"","_kad_post_content_style":"default","_kad_post_vertical_padding":"default","_kad_post_feature":"","_kad_post_feature_position":"","_kad_post_header":false,"_kad_post_footer":false,"_kad_post_classname":""},"product_brand":[],"product_cat":[15,28,24,17],"product_tag":[275,273,274],"class_list":{"0":"post-738","1":"product","2":"type-product","3":"status-publish","4":"has-post-thumbnail","6":"product_cat-red-light-therapy","7":"product_cat-customize","8":"product_cat-red-light-therapy-bed","9":"product_cat-services","10":"product_tag-custom-cosmetic-paper-boxes","11":"product_tag-custom-hair-oil-cardboard-box","12":"product_tag-growth-essential-oil-box-suppliers","14":"first","15":"instock","16":"shipping-taxable","17":"product-type-simple","18":"entry","19":"content-bg","20":"loop-entry"},"_links":{"self":[{"href":"https:\/\/red-lighttherapy.com\/sv\/wp-json\/wp\/v2\/product\/738","targetHints":{"allow":["GET"]}}],"collection":[{"href":"https:\/\/red-lighttherapy.com\/sv\/wp-json\/wp\/v2\/product"}],"about":[{"href":"https:\/\/red-lighttherapy.com\/sv\/wp-json\/wp\/v2\/types\/product"}],"wp:featuredmedia":[{"embeddable":true,"href":"https:\/\/red-lighttherapy.com\/sv\/wp-json\/wp\/v2\/media\/739"}],"wp:attachment":[{"href":"https:\/\/red-lighttherapy.com\/sv\/wp-json\/wp\/v2\/media?parent=738"}],"wp:term":[{"taxonomy":"product_brand","embeddable":true,"href":"https:\/\/red-lighttherapy.com\/sv\/wp-json\/wp\/v2\/product_brand?post=738"},{"taxonomy":"product_cat","embeddable":true,"href":"https:\/\/red-lighttherapy.com\/sv\/wp-json\/wp\/v2\/product_cat?post=738"},{"taxonomy":"product_tag","embeddable":true,"href":"https:\/\/red-lighttherapy.com\/sv\/wp-json\/wp\/v2\/product_tag?post=738"}],"curies":[{"name":"wp","href":"https:\/\/api.w.org\/{rel}","templated":true}]}}