{"id":732,"date":"2025-04-14T07:23:02","date_gmt":"2025-04-14T07:23:02","guid":{"rendered":"https:\/\/red-lighttherapy.com\/?post_type=product&#038;p=732"},"modified":"2025-04-14T07:35:30","modified_gmt":"2025-04-14T07:35:30","slug":"custom-makeup-beauty-blender-sponge-packaging-boxes-factory","status":"publish","type":"product","link":"https:\/\/red-lighttherapy.com\/sv\/custom-makeup-beauty-blender-sponge-packaging-boxes-factory\/","title":{"rendered":"Anpassad smink Sk\u00f6nhet Blender Svamp F\u00f6rpackningsl\u00e5dor Fabrik"},"content":{"rendered":"<h2 id=\"customized-makeup-egg-sponge-packaging-box\">Anpassad f\u00f6rpackningsl\u00e5da f\u00f6r smink\u00e4ggsvamp<\/h2>\n<h2 id=\"1-high-quality-materials-and-transparent-display-design-\">1.\u00a0<strong>H\u00f6gkvalitativa material och transparent displaydesign<\/strong><\/h2>\n<p>Denna produkt \u00e4r tillverkad av 350 g vit h\u00f6gviktskartong. Papperet \u00e4r tjockt och skarpt, med b\u00e5de tryckbest\u00e4ndighet och estetik. L\u00e5dans framsida \u00e4r innovativt utformad med\u00a0<strong>filmteknik f\u00f6r f\u00f6nster\u00f6ppning<\/strong>I f\u00f6nstren anv\u00e4nds PVC- eller PET-film med h\u00f6g transparens, som inte bara tydligt visar formen och f\u00e4rgen p\u00e5 det inre smink\u00e4gget utan ocks\u00e5 spelar en roll i damm- och fuktf\u00f6rebyggande. Kanten p\u00e5 f\u00f6nsteromr\u00e5det antar en precisionssk\u00e4rningsprocess f\u00f6r att s\u00e4kerst\u00e4lla en t\u00e4t passform utan grader, f\u00f6rb\u00e4ttra produktvisningens attraktivitet och underl\u00e4tta f\u00f6r kunderna att intuitivt v\u00e4lja.<\/p>\n<h2 id=\"2-high-end-printing-technology-empowers-brand-image-\">2.\u00a0<strong>Avancerad tryckteknik st\u00e4rker varum\u00e4rkets image<\/strong><\/h2>\n<p>L\u00e5dans yttryck anv\u00e4nder\u00a0<strong>importerad Heidelberg tryckmaskin<\/strong>Utrustad med ett helautomatiskt f\u00e4rghanteringssystem med fyra f\u00e4rger, \u00e5terst\u00e4ller det exakt varum\u00e4rkets LOGO, m\u00f6nster och lutningsf\u00e4rg. Tryckf\u00e4rgen har klarat SGS milj\u00f6skyddscertifiering, med rik f\u00e4rg och ingen irriterande lukt. Med den lokala UV-glasningsprocessen inser den kombinationen av spegelglans och matt struktur, vilket ger f\u00f6rpackningsl\u00e5dan en visuell skiktning p\u00e5 h\u00f6g niv\u00e5. F\u00e4rgskillnadens kontrollnoggrannhet n\u00e5r \u0394E\u22641,5, vilket s\u00e4kerst\u00e4ller konsistensen i batchproduktionen och hj\u00e4lper varum\u00e4rkets avancerade positionering.<\/p>\n<h2 id=\"3-environmentally-friendly-lining-and-efficient-structural-design-\">3.\u00a0<strong>Milj\u00f6v\u00e4nligt foder och effektiv strukturell design<\/strong><\/h2>\n<p>Fodret \u00e4r tillverkat av\u00a0<strong>milj\u00f6v\u00e4nlig teknik f\u00f6r stansning av papperskort<\/strong>och bildar en bikakestruktur genom exakt vikning, som h\u00e5ller fast sk\u00f6nhets\u00e4gget ordentligt f\u00f6r att undvika skakningar under transport. Papperkartongen anv\u00e4nder FSC-certifierad r\u00e5 massakartong, som kan \u00e5tervinnas och brytas ned helt och h\u00e5llet, vilket ers\u00e4tter det traditionella skumfodret och uppfyller EU:s milj\u00f6skyddsstandard REACH. Den \u00f6vergripande\u00a0<strong>kortl\u00e5da platt design<\/strong>\u00a0antas, vilket \u00e4r en vikningsform i ett stycke n\u00e4r den inte \u00e4r monterad, vilket kraftigt minskar lagrings- och transportutrymmet och minskar logistikkostnaderna med mer \u00e4n 30%. Efter att ha mottagit varorna kan kunderna snabbt montera dem f\u00f6r hand utan hj\u00e4lp av lim, vilket \u00e4r bekv\u00e4mt att anv\u00e4nda.<\/p>\n<h2 id=\"4-source-factory-guarantee-and-full-link-service-\">4.\u00a0<strong>K\u00e4lla fabriksgaranti och full-link service<\/strong><\/h2>\n<p>F\u00f6rlita sig p\u00e5\u00a0<strong>16 \u00e5rs erfarenhet av tillverkning av f\u00f6rpackningar<\/strong>Fabriken \u00e4r utrustad med helautomatiska stansmaskiner, l\u00e5dlimningsmaskiner och kvalitetsinspektionslinjer, vilket ger en daglig produktionskapacitet p\u00e5 100 000+ standardl\u00e5dor, och leveranscykeln komprimeras till 7-10 arbetsdagar. Leverant\u00f6rskedjan integrerar uppstr\u00f6msresurser som papper, film och bl\u00e4ck, med kostnader 15%-20% l\u00e4gre \u00e4n marknadsgenomsnittet, och st\u00f6der flexibel produktion med en minsta best\u00e4llning p\u00e5 1 000 stycken. Godk\u00e4nd ISO9001 kvalitetsstyrningssystemcertifiering, hela kvalitetsinspektionen t\u00e4cker inmatningen av r\u00e5varor till leveransen av f\u00e4rdiga produkter, och defektfrekvensen kontrolleras inom 0,3%.<\/p>\n<h2 id=\"5-integrated-foreign-trade-service-solution-\">5.\u00a0<strong>Integrerad l\u00f6sning f\u00f6r utrikeshandelstj\u00e4nster<\/strong><\/h2>\n<p>Det professionella utrikeshandelsteamet tillhandah\u00e5ller\u00a0<strong>gr\u00e4ns\u00f6verskridande tj\u00e4nster med en enda kontaktpunkt<\/strong>, som t\u00e4cker designprovning, exporttulldeklaration, internationell logistik och support efter f\u00f6rs\u00e4ljning. St\u00f6der flerspr\u00e5kig aff\u00e4rsdockning p\u00e5 engelska, spanska, arabiska etc. och \u00e4r bekant med standarder f\u00f6r marknadstilltr\u00e4de i Europa, USA, Mellan\u00f6stern och Sydostasien (s\u00e5som FDA, CE-certifiering). Kan hj\u00e4lpa kunder att slutf\u00f6ra VI-implantation av varum\u00e4rke, skr\u00e4ddarsydda etiketter mot f\u00f6rfalskning och f\u00f6rpackningsoptimering av gr\u00e4ns\u00f6verskridande e-handelsplattform, vilket hj\u00e4lper varum\u00e4rkets globala layout.<\/p>\n<h2 id=\"-summary-of-core-advantages-\"><strong>Sammanfattning av de viktigaste f\u00f6rdelarna<\/strong><\/h2>\n<ul>\n<li><strong>Kostnadsoptimering<\/strong>: Platt struktur + direkt leverans fr\u00e5n k\u00e4llan, vilket minskar de totala kostnaderna med 25%<\/li>\n<li><strong>Efterlevnad av milj\u00f6lagstiftningen<\/strong>: Biologiskt nedbrytbara material genom hela processen, godk\u00e4nda BSCI- och Sedex-granskningar av socialt ansvar<\/li>\n<li><strong>Kvalitetss\u00e4kring<\/strong>: Heidelberg-tryckning + automatiserad produktionslinje, f\u00e4rgnoggrannhet n\u00e5r Pantone 99%-matchning<\/li>\n<li><strong>Agil service<\/strong>: 3D-designutkast tillhandah\u00e5lls inom 48 timmar och korrekturet \u00e4r klart inom 72 timmar<\/li>\n<\/ul>","protected":false},"excerpt":{"rendered":"<p>Kartongl\u00e5dans design anv\u00e4nder 350 g vitt kort som hela l\u00e5dan, vilket kan s\u00e4nka kostnaderna samtidigt som det m\u00f6jligg\u00f6r platta leveranser, vilket kraftigt minskar transportkostnaderna. F\u00f6nstret med film kan b\u00e4ttre visa produkten, och innerfodret \u00e4r utformat med papperskort, vilket \u00e4r bekv\u00e4mt f\u00f6r att fixa produkten och mer milj\u00f6v\u00e4nligt.<\/p>","protected":false},"featured_media":733,"template":"","meta":{"_kad_post_transparent":"default","_kad_post_title":"","_kad_post_layout":"default","_kad_post_sidebar_id":"","_kad_post_content_style":"default","_kad_post_vertical_padding":"default","_kad_post_feature":"","_kad_post_feature_position":"","_kad_post_header":false,"_kad_post_footer":false,"_kad_post_classname":""},"product_brand":[],"product_cat":[15,28,24,17],"product_tag":[272,271,270],"class_list":{"0":"post-732","1":"product","2":"type-product","3":"status-publish","4":"has-post-thumbnail","6":"product_cat-red-light-therapy","7":"product_cat-customize","8":"product_cat-red-light-therapy-bed","9":"product_cat-services","10":"product_tag-custom-beauty-sponge-packaging-factory","11":"product_tag-custom-blender-packaging","12":"product_tag-makeup-beauty-packaging-boxes","14":"first","15":"instock","16":"shipping-taxable","17":"product-type-simple","18":"entry","19":"content-bg","20":"loop-entry"},"_links":{"self":[{"href":"https:\/\/red-lighttherapy.com\/sv\/wp-json\/wp\/v2\/product\/732","targetHints":{"allow":["GET"]}}],"collection":[{"href":"https:\/\/red-lighttherapy.com\/sv\/wp-json\/wp\/v2\/product"}],"about":[{"href":"https:\/\/red-lighttherapy.com\/sv\/wp-json\/wp\/v2\/types\/product"}],"wp:featuredmedia":[{"embeddable":true,"href":"https:\/\/red-lighttherapy.com\/sv\/wp-json\/wp\/v2\/media\/733"}],"wp:attachment":[{"href":"https:\/\/red-lighttherapy.com\/sv\/wp-json\/wp\/v2\/media?parent=732"}],"wp:term":[{"taxonomy":"product_brand","embeddable":true,"href":"https:\/\/red-lighttherapy.com\/sv\/wp-json\/wp\/v2\/product_brand?post=732"},{"taxonomy":"product_cat","embeddable":true,"href":"https:\/\/red-lighttherapy.com\/sv\/wp-json\/wp\/v2\/product_cat?post=732"},{"taxonomy":"product_tag","embeddable":true,"href":"https:\/\/red-lighttherapy.com\/sv\/wp-json\/wp\/v2\/product_tag?post=732"}],"curies":[{"name":"wp","href":"https:\/\/api.w.org\/{rel}","templated":true}]}}