{"id":725,"date":"2025-04-14T07:08:40","date_gmt":"2025-04-14T07:08:40","guid":{"rendered":"https:\/\/red-lighttherapy.com\/?post_type=product&#038;p=725"},"modified":"2025-04-14T07:22:23","modified_gmt":"2025-04-14T07:22:23","slug":"custom-skin-care-beauty-oil-folding-cartons-box-wholesale","status":"publish","type":"product","link":"https:\/\/red-lighttherapy.com\/sv\/custom-skin-care-beauty-oil-folding-cartons-box-wholesale\/","title":{"rendered":"Anpassad hudv\u00e5rd sk\u00f6nhet olja vikbara kartonger Box grossist"},"content":{"rendered":"<h2 id=\"customized-skin-care-beauty-oil-folding-carton-wholesale-product-description\">Anpassad hudv\u00e5rd sk\u00f6nhet olja vikbar kartong grossist<\/h2>\n<h2 id=\"1-visual-aesthetics-platinum-minimalist-color-matching-strengthening-brand-tone-\">1.\u00a0<strong>Visuell estetik: Minimalistisk f\u00e4rgmatchning f\u00f6r platina, f\u00f6rst\u00e4rkning av varum\u00e4rkets ton<\/strong><\/h2>\n<ul>\n<li><strong>Design av huvudf\u00e4rg<\/strong>: L\u00e5dkroppen antar rent vitt specialpapperssubstrat, med partiell varmst\u00e4mplingsteknik, genom kontrasten mellan metallglans och matt struktur, f\u00f6rmedlar en avancerad och ren varum\u00e4rkesbild. Varmst\u00e4mplingselement kan appliceras p\u00e5 varum\u00e4rkets LOGO, geometriska linjer eller abstrakta m\u00f6nster f\u00f6r att f\u00f6rb\u00e4ttra visuell hierarki och taktila minnespunkter.<\/li>\n<li><strong>Visualisering av f\u00f6nster<\/strong>: L\u00e5dans ovansida eller sida \u00e4r utformad med ett ih\u00e5ligt f\u00f6nster, t\u00e4ckt med en milj\u00f6v\u00e4nlig transparent film. Anv\u00e4ndare kan direkt se den interna eteriska oljeflaskan eller droppdesignen utan att \u00f6ppna l\u00e5dan, vilket \u00f6kar hyllans attraktivitet och uppfyller konsumenternas efterfr\u00e5gan p\u00e5 produkttransparens.<\/li>\n<\/ul>\n<h2 id=\"2-environmental-certification-fsc-sustainable-paper-practice-green-concept-\">2.\u00a0<strong>Milj\u00f6certifiering: FSC h\u00e5llbart papper, Practice Green Concept<\/strong><\/h2>\n<ul>\n<li>F\u00f6r att s\u00e4kerst\u00e4lla att r\u00e5varorna kommer fr\u00e5n h\u00e5llbart f\u00f6rvaltade skogar anv\u00e4nds FSC-certifierat papper, vilket uppfyller EU:s milj\u00f6standarder och de krav p\u00e5 gr\u00f6na f\u00f6rpackningar som st\u00e4lls av gr\u00e4ns\u00f6verskridande e-handelsplattformar.<\/li>\n<li>St\u00f6dja milj\u00f6v\u00e4nlig tryckf\u00e4rg och UV-lackteknik f\u00f6r att minska VOC-utsl\u00e4ppen, vilket \u00e4r i linje med varum\u00e4rkets strategiska ESG-m\u00e5l.<\/li>\n<\/ul>\n<h2 id=\"3-technology-innovation-self-locking-folding-structure-efficient-cost-reduction-\">3.\u00a0<strong>Teknisk innovation: sj\u00e4lvl\u00e5sande vikstruktur, effektiv kostnadsminskning<\/strong><\/h2>\n<ul>\n<li><strong>Teknik f\u00f6r precisionsstansning<\/strong>: Genom den h\u00f6gprecisionsdesign f\u00f6r stansning av veckningslinjer (fel \u22641 mm) realiseras den sj\u00e4lvl\u00e5sande funktionen f\u00f6r vikning av l\u00e5dkroppen. Bottenlocket och topplocket antar en sn\u00e4ppl\u00e5s krokstruktur, som kan formas ordentligt utan limbindning, vilket minskar manuella monteringskostnader och limf\u00f6roreningar.<\/li>\n<li><strong>Anpassningsbarhet f\u00f6r snabb prototypframtagning<\/strong>: St\u00f6der satsvis vikning av automatiserade produktionslinjer, med en daglig produktion p\u00e5 upp till 50.000.000 bitar, vilket tillgodoser behoven av snabb leverans av stora m\u00e4ngder varor.<\/li>\n<\/ul>\n<h2 id=\"4-tactile-upgrade-combination-of-hot-stamping-technology-and-special-paper-\">4.\u00a0<strong>Taktil uppgradering: Kombination av varmst\u00e4mplingsteknik och specialpapper<\/strong><\/h2>\n<ul>\n<li>Den heta st\u00e4mplingsprocessen p\u00e5 ytan anv\u00e4nder elektrokemiskt aluminiumfoliematerial och bildar en spegelmetallglanseffekt genom h\u00f6gtemperaturpr\u00e4gling f\u00f6r att f\u00f6rb\u00e4ttra f\u00f6rpackningens taktila skiktning. Den lokala UV-pr\u00e4glingen eller pr\u00e4glingsprocessen kan anpassas f\u00f6r att bilda en matt och ljus ytkontrast med det heta st\u00e4mplingsomr\u00e5det, vilket f\u00f6rb\u00e4ttrar k\u00e4nslan av ceremoni n\u00e4r du \u00f6ppnar l\u00e5dan.<\/li>\n<\/ul>\n<h2 id=\"-production-and-customization-services-\"><strong>5. Produktions- och kundanpassningstj\u00e4nster<\/strong><\/h2>\n<ul>\n<li><strong>F\u00f6rdelar med k\u00e4llfabrik<\/strong>: 16 \u00e5rs professionell erfarenhet av tillverkning av f\u00f6rpackningar, utrustad med produktionslinjer med full kedja som offsettryck, varmst\u00e4mpling, UV-utskrift etc., som st\u00f6der one-stop-tj\u00e4nster fr\u00e5n design till boxning. Ge gratis korrektur (konventionell 3-dagars leverans) och designoptimeringsf\u00f6rslag f\u00f6r att s\u00e4kerst\u00e4lla att produkten \u00f6verensst\u00e4mmer med varum\u00e4rket VI.<\/li>\n<li><strong>Kostnadsf\u00f6rdel<\/strong>: Storskalig upphandling av FSC-certifierat papper och automatiserade produktionsprocesser, med en minsta orderkvantitet p\u00e5 s\u00e5 lite som 500 stycken och ett enhetspris p\u00e5 s\u00e5 lite som US$0,10\/styck, vilket ger ett kostnadseffektivt alternativ f\u00f6r sm\u00e5 och medelstora varum\u00e4rken.<\/li>\n<li><strong>Merv\u00e4rdestj\u00e4nster<\/strong>: St\u00f6d f\u00f6r gr\u00e4ns\u00f6verskridande export dedikerad leverans, fukts\u00e4ker och st\u00f6ts\u00e4ker anpassning av innerfack (t.ex. pappersfack eller EVA-foder) och flerspr\u00e5kig manuell utskrift.<\/li>\n<\/ul>\n<h2 id=\"-technical-parameters-\"><strong>6. Tekniska parametrar<\/strong><\/h2>\n<table>\n<thead>\n<tr>\n<th>Projekt<\/th>\n<th>Specifikationer<\/th>\n<\/tr>\n<\/thead>\n<tbody>\n<tr>\n<td>Material<\/td>\n<td>FSC-certifierad vit kartong\/dubbelt kopparpapper gr\u00e5 kartong<\/td>\n<\/tr>\n<tr>\n<td>Process<\/td>\n<td>Varmst\u00e4mpling + UV-tryck + sj\u00e4lvl\u00e5sande stansning<\/td>\n<\/tr>\n<tr>\n<td>Innerdiameter<\/td>\n<td>Anpassningsbar<\/td>\n<\/tr>\n<tr>\n<td>Produktionscykel<\/td>\n<td>3 dagar f\u00f6r korrektur, 7-14 dagar f\u00f6r bulk<\/td>\n<\/tr>\n<tr>\n<td>Minsta orderkvantitet<\/td>\n<td>500 stycken (st\u00f6d f\u00f6r provbest\u00e4llningar av sm\u00e5 partier)<\/td>\n<\/tr>\n<tr>\n<td>Milj\u00f6certifiering<\/td>\n<td>FSC-COC\/PEFC dubbelcertifiering<\/td>\n<\/tr>\n<\/tbody>\n<\/table>\n<h2 id=\"-application-scenarios-\"><strong>Till\u00e4mpningsscenarier<\/strong><\/h2>\n<p>Till\u00e4mplig p\u00e5 avancerade eteriska oljor, parfymer, essenser och andra kategorier f\u00f6r hudv\u00e5rd, anv\u00e4nds ofta i direktleverans av e-handel, offline-display och kombination av presentf\u00f6rpackningar, vilket hj\u00e4lper varum\u00e4rken att forma en l\u00e4tt lyximage och f\u00f6rmedla milj\u00f6skyddsv\u00e4rden.<\/p>","protected":false},"excerpt":{"rendered":"<p>Denna vikbara kartong f\u00f6r hudv\u00e5rdsolja \u00e4r designad f\u00f6r avancerade hudv\u00e5rdsm\u00e4rken. Den anv\u00e4nder en vit bas med ett minimalistiskt f\u00e4rgschema i guldfolie, integrerar milj\u00f6skyddskoncept och innovativ teknik f\u00f6r att skapa en f\u00f6rpackningsl\u00f6sning som kombinerar lyxig konsistens och praktiska egenskaper. Producerad av en 16 \u00e5r gammal fabrik, som f\u00f6rlitar sig p\u00e5 mogen teknik och storskaliga produktionsf\u00f6rdelar, erbjuder den kostnadseffektiva skr\u00e4ddarsydda tj\u00e4nster f\u00f6r att hj\u00e4lpa varum\u00e4rken att f\u00f6rb\u00e4ttra sin konkurrenskraft p\u00e5 marknaden.<\/p>","protected":false},"featured_media":727,"template":"","meta":{"_kad_post_transparent":"default","_kad_post_title":"","_kad_post_layout":"default","_kad_post_sidebar_id":"","_kad_post_content_style":"default","_kad_post_vertical_padding":"default","_kad_post_feature":"","_kad_post_feature_position":"","_kad_post_header":false,"_kad_post_footer":false,"_kad_post_classname":""},"product_brand":[],"product_cat":[15,28,24,17],"product_tag":[269,267,268],"class_list":{"0":"post-725","1":"product","2":"type-product","3":"status-publish","4":"has-post-thumbnail","6":"product_cat-red-light-therapy","7":"product_cat-customize","8":"product_cat-red-light-therapy-bed","9":"product_cat-services","10":"product_tag-custom-face-oil-boxes","11":"product_tag-custom-skin-care-cartons-box","12":"product_tag-custom-skincare-oil-boxes-wholesale","14":"first","15":"instock","16":"shipping-taxable","17":"product-type-simple","18":"entry","19":"content-bg","20":"loop-entry"},"_links":{"self":[{"href":"https:\/\/red-lighttherapy.com\/sv\/wp-json\/wp\/v2\/product\/725","targetHints":{"allow":["GET"]}}],"collection":[{"href":"https:\/\/red-lighttherapy.com\/sv\/wp-json\/wp\/v2\/product"}],"about":[{"href":"https:\/\/red-lighttherapy.com\/sv\/wp-json\/wp\/v2\/types\/product"}],"wp:featuredmedia":[{"embeddable":true,"href":"https:\/\/red-lighttherapy.com\/sv\/wp-json\/wp\/v2\/media\/727"}],"wp:attachment":[{"href":"https:\/\/red-lighttherapy.com\/sv\/wp-json\/wp\/v2\/media?parent=725"}],"wp:term":[{"taxonomy":"product_brand","embeddable":true,"href":"https:\/\/red-lighttherapy.com\/sv\/wp-json\/wp\/v2\/product_brand?post=725"},{"taxonomy":"product_cat","embeddable":true,"href":"https:\/\/red-lighttherapy.com\/sv\/wp-json\/wp\/v2\/product_cat?post=725"},{"taxonomy":"product_tag","embeddable":true,"href":"https:\/\/red-lighttherapy.com\/sv\/wp-json\/wp\/v2\/product_tag?post=725"}],"curies":[{"name":"wp","href":"https:\/\/api.w.org\/{rel}","templated":true}]}}