{"id":719,"date":"2025-04-14T06:56:26","date_gmt":"2025-04-14T06:56:26","guid":{"rendered":"https:\/\/red-lighttherapy.com\/?post_type=product&#038;p=719"},"modified":"2025-04-14T07:08:31","modified_gmt":"2025-04-14T07:08:31","slug":"luxury-custom-cosmetic-face-serum-cream-folding-mailer-box","status":"publish","type":"product","link":"https:\/\/red-lighttherapy.com\/sv\/luxury-custom-cosmetic-face-serum-cream-folding-mailer-box\/","title":{"rendered":"Lyxig anpassad kosmetisk ansiktsserumkr\u00e4m vikbar postbox"},"content":{"rendered":"<h2 id=\"product-description-of-luxury-customized-cosmetics-facial-essence-cream-folding-mailing-box\">Produktbeskrivning av Lyxig anpassad kosmetika ansiktsessens kr\u00e4m vikbar postl\u00e5da<\/h2>\n<h2 id=\"-1-folding-airplane-box-structure-efficient-and-convenient-innovation-\"><strong>1. F\u00e4llbar brevl\u00e5destruktur: effektiv och bekv\u00e4m innovation<\/strong><\/h2>\n<ol>\n<li><strong>Exakt veckprocess, snabb montering<\/strong> F\u00f6rpackningsl\u00e5dan antar den klassiska vikbara postl\u00e5dans design, med tydliga veck f\u00f6rtryckta p\u00e5 kanten, utan hj\u00e4lp av lim eller verktyg, och kan slutf\u00f6ra tredimensionell gjutning inom 30 sekunder. Den unika strukturen av l\u00e5styp s\u00e4kerst\u00e4ller l\u00e5dkroppens stabilitet, undviker oavsiktlig spridning under transport och tar h\u00e4nsyn till b\u00e5de milj\u00f6skydd och effektivitet.<\/li>\n<li><strong>Vetenskaplig lagerindelning, flexibel anpassning<\/strong>\u00a0Det inre utrymmet kan anpassas med skiktade partitioner enligt kundens behov (t.ex. oberoende fack f\u00f6r essence cream-flaskor, \u00f6gonfransboxar eller sminkborstar) f\u00f6r att undvika kollisioner mellan produkter. Storleken st\u00f6der personlig justering, det minsta kan anpassas till 10 cm \u00d7 5 cm (b\u00e4rbar \u00f6gonfransupps\u00e4ttning) och det maximala kan ut\u00f6kas till 30 cm \u00d7 20 cm (kombination av presentf\u00f6rpackning i flera delar), vilket anpassar sig till olika scenbehov.<\/li>\n<\/ol>\n<h2 id=\"-second-luxurious-appearance-matte-black-and-gold-aesthetics-\"><strong>2. Lyxigt utseende: matt svart och guld estetik<\/strong><\/h2>\n<ol>\n<li><strong>Ytbehandling med textur<\/strong>\u00a0L\u00e5dans kropp antar 320 g h\u00f6gvikts svart matt kartongbas, som k\u00e4nns lika k\u00e4nslig som sammet, och \u00e4r utrustad med UV-lamineringsteknik, som \u00e4r vattent\u00e4t, antifouling och slitstark. Ytan \u00e4r skisserad med varum\u00e4rkeslogotyp eller anpassat m\u00f6nster med varmst\u00e4mplingsteknik, och de gyllene linjerna hotar p\u00e5 den matta bakgrunden, vilket skapar en l\u00e5gm\u00e4ld och lyxig visuell p\u00e5verkan.<\/li>\n<li><strong>F\u00f6rb\u00e4ttring av varum\u00e4rkeslogotypen<\/strong>\u00a0Reliefteknik kan l\u00e4ggas till (till exempel konkava och konvexa m\u00f6nster f\u00f6r att simulera hudstruktur), eller osynliga QR-koder kan b\u00e4ddas in i kombination med AR-teknik f\u00f6r att f\u00f6rb\u00e4ttra k\u00e4nslan av interaktion och tekniska attribut, vilket \u00e4r i linje med high-end-anv\u00e4ndarnas str\u00e4van efter \"uppslukande upplevelse\".<\/li>\n<\/ol>\n<h2 id=\"-three-double-protection-double-protection-of-materials-and-structure-\"><strong>3. Dubbelt skydd: dubbelt skydd av material och konstruktion<\/strong><\/h2>\n<ol>\n<li><strong>Buffertlager av naturligt korrugerat papper<\/strong>\u00a0L\u00e5dans stomme best\u00e5r av dubbelskiktad wellpapp av AB-typ (tjocklek 3 mm), och bikakestrukturen kan absorbera mer \u00e4n 80% av den yttre slagkraften. \u00c4ven om den uts\u00e4tts f\u00f6r v\u00e5ldsamma transporter kan den interna produkten fortfarande vara intakt. Materialet \u00e4r FSC-certifierat och 100% nedbrytbart, vilket \u00f6verensst\u00e4mmer med begreppet h\u00e5llbar lyx.<\/li>\n<li><strong>Teknik f\u00f6r h\u00f6rnf\u00f6rst\u00e4rkning<\/strong>\u00a0H\u00f6rnen \u00e4r tillverkade av papperslamineringsteknik med dubbla lager, med inb\u00e4ddade anti-kompressionsremsor f\u00f6r f\u00f6rst\u00e4rkning, och den b\u00e4rande kapaciteten n\u00e5r 5 kg, vilket effektivt motst\u00e5r staplingsdeformation. Vibrationsd\u00e4mpande svampremsor l\u00e4ggs till vid fogarna mellan l\u00e5dans lock och l\u00e5dkroppen f\u00f6r att ytterligare isolera vibrationer och fukt, l\u00e4mpliga f\u00f6r gr\u00e4ns\u00f6verskridande l\u00e5ngv\u00e4ga transporter.<\/li>\n<\/ol>\n<h2 id=\"-technical-parameters-\"><strong>Tekniska parametrar<\/strong><\/h2>\n<table>\n<thead>\n<tr>\n<th>Projekt<\/th>\n<th>Specifikationer<\/th>\n<\/tr>\n<\/thead>\n<tbody>\n<tr>\n<td>Material<\/td>\n<td>AB korrugerat papper med dubbla lager (FSC-certifierat)<\/td>\n<\/tr>\n<tr>\n<td>Ytteknik<\/td>\n<td>Matt UV-bel\u00e4ggning + varmst\u00e4mpling \/ partiell pr\u00e4gling<\/td>\n<\/tr>\n<tr>\n<td>Lastb\u00e4rande kapacitet<\/td>\n<td>\u22645 kg<\/td>\n<\/tr>\n<tr>\n<td>Milj\u00f6certifiering<\/td>\n<td>SGS, REACH, RoHS<\/td>\n<\/tr>\n<tr>\n<td>Minsta orderkvantitet<\/td>\n<td>500 stycken (blandade storlekar tillg\u00e4ngliga)<\/td>\n<\/tr>\n<\/tbody>\n<\/table>\n<h2 id=\"-applicable-scenarios-\"><strong>Till\u00e4mpliga scenarier<\/strong><\/h2>\n<ul>\n<li><strong>Specialleverans av lyxiga hudv\u00e5rdsprodukter<\/strong>: s\u00e5som essence cream, ampull och andra dyra varor;<\/li>\n<li><strong>Begr\u00e4nsad presentf\u00f6rpackning<\/strong>: Kombination av flera kategorier (essence + \u00f6gonkr\u00e4m + anpassade verktyg);<\/li>\n<li><strong>Prenumerationstj\u00e4nst f\u00f6r sk\u00f6nhet<\/strong>: personliga hudv\u00e5rdsl\u00f6sningar som levereras varje m\u00e5nad.<\/li>\n<\/ul>","protected":false},"excerpt":{"rendered":"<p>Denna vikbara postl\u00e5da \u00e4r speciellt utformad f\u00f6r avancerad skr\u00e4ddarsydd kosmetika. Den tar \"minimalistisk estetik\" och \"vetenskapligt skydd\" som k\u00e4rnan och kombinerar perfekt konstn\u00e4rlig k\u00e4nsla med funktionalitet. Dess designinspiration kommer fr\u00e5n den globala skr\u00e4ddarsydda f\u00f6rpackningstrenden, i kombination med skyddskonceptet f\u00f6r flygkvalitet, f\u00f6r att ge allroundskydd f\u00f6r uts\u00f6kta sk\u00f6nhetsprodukter som lyxiga hudv\u00e5rdsprodukter, ansiktsessens kr\u00e4mer, \u00f6gonfransar etc., samtidigt som det ger en k\u00e4nsla av unboxing ceremoni och varum\u00e4rkes exklusiv upplevelse.<\/p>","protected":false},"featured_media":720,"template":"","meta":{"_kad_post_transparent":"default","_kad_post_title":"","_kad_post_layout":"default","_kad_post_sidebar_id":"","_kad_post_content_style":"default","_kad_post_vertical_padding":"default","_kad_post_feature":"","_kad_post_feature_position":"","_kad_post_header":false,"_kad_post_footer":false,"_kad_post_classname":""},"product_brand":[],"product_cat":[15,28,17],"product_tag":[186,265,266],"class_list":{"0":"post-719","1":"product","2":"type-product","3":"status-publish","4":"has-post-thumbnail","6":"product_cat-red-light-therapy","7":"product_cat-customize","8":"product_cat-services","9":"product_tag-cosmetic-boxes-supplies","10":"product_tag-custom-face-serum-folding-mailer-box","11":"product_tag-face-cream-mailer-boxes","13":"first","14":"instock","15":"shipping-taxable","16":"product-type-simple","17":"entry","18":"content-bg","19":"loop-entry"},"_links":{"self":[{"href":"https:\/\/red-lighttherapy.com\/sv\/wp-json\/wp\/v2\/product\/719","targetHints":{"allow":["GET"]}}],"collection":[{"href":"https:\/\/red-lighttherapy.com\/sv\/wp-json\/wp\/v2\/product"}],"about":[{"href":"https:\/\/red-lighttherapy.com\/sv\/wp-json\/wp\/v2\/types\/product"}],"wp:featuredmedia":[{"embeddable":true,"href":"https:\/\/red-lighttherapy.com\/sv\/wp-json\/wp\/v2\/media\/720"}],"wp:attachment":[{"href":"https:\/\/red-lighttherapy.com\/sv\/wp-json\/wp\/v2\/media?parent=719"}],"wp:term":[{"taxonomy":"product_brand","embeddable":true,"href":"https:\/\/red-lighttherapy.com\/sv\/wp-json\/wp\/v2\/product_brand?post=719"},{"taxonomy":"product_cat","embeddable":true,"href":"https:\/\/red-lighttherapy.com\/sv\/wp-json\/wp\/v2\/product_cat?post=719"},{"taxonomy":"product_tag","embeddable":true,"href":"https:\/\/red-lighttherapy.com\/sv\/wp-json\/wp\/v2\/product_tag?post=719"}],"curies":[{"name":"wp","href":"https:\/\/api.w.org\/{rel}","templated":true}]}}