{"id":714,"date":"2025-04-14T06:40:13","date_gmt":"2025-04-14T06:40:13","guid":{"rendered":"https:\/\/red-lighttherapy.com\/?post_type=product&#038;p=714"},"modified":"2025-04-14T06:56:17","modified_gmt":"2025-04-14T06:56:17","slug":"wholesale-underclothes-bikini-brief-sports-shorts-mailer-box","status":"publish","type":"product","link":"https:\/\/red-lighttherapy.com\/sv\/wholesale-underclothes-bikini-brief-sports-shorts-mailer-box\/","title":{"rendered":"Partihandel Underkl\u00e4der Bikini Brief Sport Shorts Mailer Box"},"content":{"rendered":"<h2 id=\"-1-visual-impact-classic-red-and-blue-contrast-design-\"><strong>1. Visuell effekt: klassisk r\u00f6d och bl\u00e5 kontrastdesign<\/strong><\/h2>\n<p>F\u00f6rpackningsl\u00e5dan anv\u00e4nder en h\u00f6gsteriliserad r\u00f6d och m\u00f6rk havsbl\u00e5 kontrasterande f\u00e4rgkombination f\u00f6r att skapa en stark visuell motsatt effekt. R\u00f6tt \u00e4r en symbol f\u00f6r entusiasm och varum\u00e4rkes vitalitet, uttrycker bl\u00e5 professionalism och tro, och kombinerar med mattor rivningsteknik, det undviker inte bara billiga reflekterande k\u00e4nslor utan \u00f6kar ocks\u00e5 f\u00e4rgstabiliteten. Denna design \u00e4r l\u00e4mplig f\u00f6r sportkl\u00e4desmarknaden, vilket \u00f6kar attraktionen f\u00f6r hyllprestanda, uttrycker exakt unga och h\u00f6genergiska varum\u00e4rkestoner.<\/p>\n<h2 id=\"-2-structural-innovation-embedded-opening-and-closing-airplane-box-shape-\"><strong>2. Strukturell innovation: inb\u00e4ddad \u00f6ppning och st\u00e4ngning av flygplansl\u00e5dans form<\/strong><\/h2>\n<p>L\u00e5dan har en standardform som en flygplansl\u00e5da och h\u00f6rnen \u00e4r rundade f\u00f6r att undvika risken f\u00f6r skador som orsakas av friktion under transport. L\u00e5dans lock \u00e4r utformat som en inb\u00e4ddad \u00f6ppnings- och st\u00e4ngningsstruktur, och s\u00f6ml\u00f6s st\u00e4ngning uppn\u00e5s genom exakt stansning:<\/p>\n<ul>\n<li><strong>T\u00e4tning<\/strong>: Det inbyggda sp\u00e4nnet s\u00e4kerst\u00e4ller att l\u00e5dskyddet sitter t\u00e4tt f\u00f6r att f\u00f6rhindra att damm eller vatten\u00e5nga tr\u00e4nger in;<\/li>\n<li><strong>Bekv\u00e4mlighet<\/strong>: Inga verktyg kr\u00e4vs f\u00f6r att \u00f6ppna och st\u00e4nga, och den kan enkelt man\u00f6vreras med en hand, vilket \u00e4r bekv\u00e4mt f\u00f6r kunderna att snabbt inspektera eller packa om;<\/li>\n<li><strong>H\u00e5llbarhet<\/strong>: Kanterna och h\u00f6rnen \u00e4r f\u00f6rtjockade och f\u00f6rst\u00e4rkta och kan \u00e5teranv\u00e4ndas 3-5 g\u00e5nger, vilket minskar kostnaderna f\u00f6r f\u00f6rpackningsf\u00f6rluster.<\/li>\n<\/ul>\n<h2 id=\"-3-material-science-lightweight-and-compression-resistance-\"><strong>3. Materialvetenskap: L\u00e4ttvikt och kompressionsmotst\u00e5nd<\/strong><\/h2>\n<p>L\u00e5dan har en korrugerad pappersstruktur, ytpapperet \u00e4r 200 g kraftpapper med h\u00f6g h\u00e5llfasthet och k\u00e4rnpapperet \u00e4r \u00e5tervunnen milj\u00f6v\u00e4nlig massa:<\/p>\n<ul>\n<li><strong>Kompressionstest<\/strong>: Den statiska b\u00e4rf\u00f6rm\u00e5gan \u00e4r upp till 50 kg och det dynamiska falltestet klarar h\u00f6jden 1,2 m;<\/li>\n<li><strong>Milj\u00f6certifiering<\/strong>: Materialet har klarat FSC-certifieringen och kan 100% \u00e5tervinnas och brytas ned, vilket uppfyller kraven p\u00e5 gr\u00f6na f\u00f6rpackningar f\u00f6r gr\u00e4ns\u00f6verskridande e-handel.<\/li>\n<\/ul>\n<h2 id=\"-4-warehousing-optimization-expandable-flat-design-\"><strong>4. Optimering av lagerh\u00e5llning: expanderbar platt design<\/strong><\/h2>\n<p>F\u00f6rpackningsl\u00e5dan antar en limfri plug-in-struktur, som st\u00f6der full expansion till en platt form, och volymkompressionshastigheten under transport \u00e4r s\u00e5 h\u00f6g som 80%.<\/p>\n<ul>\n<li><strong>Scenario f\u00f6r lagerh\u00e5llning<\/strong>: 1 kubikmeter utrymme rymmer 2.000 platta l\u00e5dor, vilket sparar 60% lagringsutrymme j\u00e4mf\u00f6rt med tredimensionella l\u00e5dor;<\/li>\n<li><strong>Scenario f\u00f6r transport<\/strong>: Anpassa till standardlogistikpallar, st\u00f6dja separat f\u00f6rpackning och transport med produkter och minska logistikkostnaderna;<\/li>\n<li><strong>Effektiv montering<\/strong>: Slutkunden kan vika och forma den manuellt inom 10 sekunder utan hj\u00e4lp av tejp eller verktyg.<\/li>\n<\/ul>\n<h2 id=\"-5-brand-empowerment-customized-logo-and-printing-process-\"><strong>5. Brand empowerment: anpassad LOGO och tryckprocess<\/strong><\/h2>\n<p>L\u00e5dkroppen har ett reserverat h\u00f6gblankt UV-tryckomr\u00e5de, som st\u00f6der den personliga anpassningen av varum\u00e4rkeslogotyp, slogan eller QR-kod:<\/p>\n<ul>\n<li><strong>Val av process<\/strong>: valfri varmst\u00e4mpling, silketryck, pr\u00e4gling och andra processer, anpassade till texturkraven hos avancerade underkl\u00e4desm\u00e4rken;<\/li>\n<li><strong>\u00d6verf\u00f6ring av information<\/strong>: Produktinformationskolumnen \u00e4r utformad p\u00e5 baksidan och storlekstabellen, tv\u00e4ttanvisningarna eller milj\u00f6skyddsdeklarationen kan skrivas ut;<\/li>\n<li><strong>Anti-f\u00f6rfalskningsfunktion<\/strong>: St\u00f6d osynligt fluorescerande bl\u00e4ck eller antif\u00f6rfalskningslaserm\u00e4rke f\u00f6r att skydda varum\u00e4rkets immateriella r\u00e4ttigheter.<\/li>\n<\/ul>\n<h2 id=\"-6-flexible-customization-adapt-to-multiple-market-positioning-\"><strong>6. Flexibel anpassning: anpassa till olika marknadspositioner<\/strong><\/h2>\n<p>F\u00f6r olika produktlinjer och marknadsstrategier erbjuder vi ett komplett utbud av anpassningstj\u00e4nster:<\/p>\n<ul>\n<li><strong>Val av typ av l\u00e5da<\/strong>: grundl\u00e4ggande flygplansl\u00e5da, l\u00e5da av l\u00e5dtyp, f\u00f6nstervisningsl\u00e5da (anpassa till transparent bikinif\u00f6rpackning);<\/li>\n<li><strong>Materialuppgradering<\/strong>: high-end linje kan v\u00e4lja E-typ mikro korrugerat papper (1,5 mm) eller l\u00e4gga till vattent\u00e4t bel\u00e4ggning;<\/li>\n<li><strong>Anpassning av tryckning<\/strong>:<\/li>\n<li><strong>Massmarknad<\/strong>: CMYK fyrf\u00e4rgstryck antas, och kostnaden \u00e4r kontrollerbar;<\/li>\n<li><strong>L\u00e4tt lyxlinje<\/strong>: Pantone spotf\u00e4rg + lokal UV, f\u00f6rb\u00e4ttra den visuella niv\u00e5n;<\/li>\n<li><strong>Serie om milj\u00f6skydd<\/strong>: Anv\u00e4nd sojab\u00f6nsf\u00e4rg f\u00f6r tryckning, vilket lyfter fram begreppet h\u00e5llbar utveckling.<\/li>\n<\/ul>\n<h2 id=\"-applicable-scenarios-and-market-value-\"><strong>Till\u00e4mpliga scenarier och marknadsv\u00e4rde<\/strong><\/h2>\n<p>Denna serie av f\u00f6rpackningsl\u00e5dor \u00e4r utformad f\u00f6r sportkl\u00e4der, underkl\u00e4der grossist och gr\u00e4ns\u00f6verskridande e-handel, och \u00e4r l\u00e4mplig f\u00f6r:<\/p>\n<ul>\n<li><strong>Direktf\u00f6rs\u00e4ljning av varum\u00e4rken<\/strong>: F\u00f6rb\u00e4ttra kundens uppackningsupplevelse genom en f\u00f6rpackning med h\u00f6g igenk\u00e4nningsfaktor och \u00f6ka \u00e5terk\u00f6psfrekvensen;<\/li>\n<li><strong>Distributionskanaler<\/strong>: Platt transport minskar kostnaden f\u00f6r mellanliggande l\u00e4nkar och anpassar sig till behoven hos byr\u00e5er p\u00e5 flera niv\u00e5er;<\/li>\n<li><strong>Utomeuropeiska marknader<\/strong>: Tack vare sin tryckt\u00e5liga konstruktion och l\u00e4tta vikt uppfyller den de str\u00e4nga kraven f\u00f6r gr\u00e4ns\u00f6verskridande logistik.<\/li>\n<\/ul>\n<p>Genom den djupa integrationen av vetenskaplig strukturell design, milj\u00f6v\u00e4nliga material och varum\u00e4rkesvision kommer \"Red and Blue Vitality\"-serien med f\u00f6rpackningsl\u00e5dor att bli ett dubbelt verktyg f\u00f6r att uppgradera effektiviteten i din leveranskedja och leverera varum\u00e4rkesv\u00e4rde.<\/p>","protected":false},"excerpt":{"rendered":"<p>F\u00f6r att tillgodose grossist- och transportbehoven f\u00f6r l\u00e4tta kl\u00e4desprodukter som sportbeh\u00e5ar, bikinis, trosor och sportshorts har vi lanserat en nydesignad serie specialbrevl\u00e5dor med namnet \"Red and Blue Vitality\". Denna produkt \u00e4r funktionell i grunden och integrerar varum\u00e4rkesestetik och milj\u00f6skyddskoncept, vilket bidrar till att f\u00f6rb\u00e4ttra varum\u00e4rkesimagen och optimera effektiviteten i leveranskedjan.<\/p>","protected":false},"featured_media":716,"template":"","meta":{"_kad_post_transparent":"default","_kad_post_title":"","_kad_post_layout":"default","_kad_post_sidebar_id":"","_kad_post_content_style":"default","_kad_post_vertical_padding":"default","_kad_post_feature":"","_kad_post_feature_position":"","_kad_post_header":false,"_kad_post_footer":false,"_kad_post_classname":""},"product_brand":[],"product_cat":[15,30,17],"product_tag":[263,264,262],"class_list":{"0":"post-714","1":"product","2":"type-product","3":"status-publish","4":"has-post-thumbnail","6":"product_cat-red-light-therapy","7":"product_cat-dropshipping","8":"product_cat-services","9":"product_tag-custom-sports-shorts-mailer-box","10":"product_tag-underclothes-packaging","11":"product_tag-wholesale-bikini-mailer-box","13":"first","14":"instock","15":"shipping-taxable","16":"product-type-simple","17":"entry","18":"content-bg","19":"loop-entry"},"_links":{"self":[{"href":"https:\/\/red-lighttherapy.com\/sv\/wp-json\/wp\/v2\/product\/714","targetHints":{"allow":["GET"]}}],"collection":[{"href":"https:\/\/red-lighttherapy.com\/sv\/wp-json\/wp\/v2\/product"}],"about":[{"href":"https:\/\/red-lighttherapy.com\/sv\/wp-json\/wp\/v2\/types\/product"}],"wp:featuredmedia":[{"embeddable":true,"href":"https:\/\/red-lighttherapy.com\/sv\/wp-json\/wp\/v2\/media\/716"}],"wp:attachment":[{"href":"https:\/\/red-lighttherapy.com\/sv\/wp-json\/wp\/v2\/media?parent=714"}],"wp:term":[{"taxonomy":"product_brand","embeddable":true,"href":"https:\/\/red-lighttherapy.com\/sv\/wp-json\/wp\/v2\/product_brand?post=714"},{"taxonomy":"product_cat","embeddable":true,"href":"https:\/\/red-lighttherapy.com\/sv\/wp-json\/wp\/v2\/product_cat?post=714"},{"taxonomy":"product_tag","embeddable":true,"href":"https:\/\/red-lighttherapy.com\/sv\/wp-json\/wp\/v2\/product_tag?post=714"}],"curies":[{"name":"wp","href":"https:\/\/api.w.org\/{rel}","templated":true}]}}