{"id":709,"date":"2025-04-14T06:16:33","date_gmt":"2025-04-14T06:16:33","guid":{"rendered":"https:\/\/red-lighttherapy.com\/?post_type=product&#038;p=709"},"modified":"2025-04-14T06:39:50","modified_gmt":"2025-04-14T06:39:50","slug":"factory-custom-apparel-shoe-sweater-bra-clothes-mailer-box","status":"publish","type":"product","link":"https:\/\/red-lighttherapy.com\/sv\/factory-custom-apparel-shoe-sweater-bra-clothes-mailer-box\/","title":{"rendered":"Fabriksanpassad kl\u00e4dsko tr\u00f6ja bh kl\u00e4der postbox"},"content":{"rendered":"<h2 id=\"-rainbow-gradient-series-clothing-transport-box-products-\">Fabriksanpassad kl\u00e4dsko tr\u00f6ja bh kl\u00e4der postbox<\/h2>\n<h2 id=\"-i-appearance-design-fusion-of-rainbow-gradient-aesthetics-and-brand-imprint-\"><strong>1. Utseende design: sammansm\u00e4ltning av regnb\u00e5gsgradient estetik och varum\u00e4rkesavtryck<\/strong><\/h2>\n<ol>\n<li><strong>Boxdesign med regnb\u00e5gsf\u00e4rgad gradient<\/strong>\u00a0L\u00e5dans kropp anv\u00e4nder h\u00f6gprecisionstryckteknik f\u00f6r att skapa en gradientf\u00e4rg\u00f6verg\u00e5ng, som naturligt ansluter fr\u00e5n varma f\u00e4rger till kalla f\u00e4rger, som morgongl\u00f6det som f\u00e4rgar himlen. Det gradientf\u00e4rgade systemet passar de unga konsumentgruppernas estetiska preferenser, f\u00f6rmedlar vitalitet, kreativitet och modeattityd och bildar ett visuellt eko med de olika stilarna av kl\u00e4der, skor och andra produkter.<\/li>\n<li><strong>Varum\u00e4rkeslogotyp dynamisk fusionsdesign<\/strong>\u00a0M\u00e4rkeslogotypen anv\u00e4nder processen \"optisk f\u00e4rgf\u00f6r\u00e4ndrande bl\u00e4ck\". LOGO-f\u00e4rgen \u00e4ndras med ljusvinkeln och blandas naturligt med bakgrundsgradientskiktet, som ljuset som dyker upp och f\u00f6rsvinner i morgonljuset. Denna design bryter igenom begr\u00e4nsningarna f\u00f6r traditionella monokroma logotyper, f\u00f6rb\u00e4ttrar den visuella skiktningen och minnespunkterna och f\u00f6rverkligar den djupa bindningen av varum\u00e4rkessymboler och f\u00f6rpackningsestetik.<\/li>\n<\/ol>\n<h2 id=\"-second-structural-optimization-efficient-assembly-and-durable-protection-\"><strong>2. Strukturell optimering: effektiv montering och h\u00e5llbart skydd<\/strong><\/h2>\n<ol>\n<li><strong>Flygplansl\u00e5dformad snabb hopf\u00e4llbar struktur<\/strong>\u00a0Baserat p\u00e5 den patenterade veckdesignen kan l\u00e5dkroppen monteras genom att vikas l\u00e4ngs det f\u00f6rtryckta m\u00e4rket, utan lim eller verktyg. Den uppm\u00e4tta monteringstiden f\u00f6r en enda l\u00e5da \u00e4r \u226415 sekunder, vilket \u00e4r 60% effektivare \u00e4n traditionella f\u00f6rpackningar, vilket kraftigt minskar arbets- och lagringskostnaderna.<\/li>\n<li><strong>Skyddssystem f\u00f6r l\u00e5dan med dubbla lager<\/strong><\/li>\n<li><strong>Ytterf\u00f6rpackning<\/strong>: Ytan \u00e4r t\u00e4ckt med en 0,2 mm tjock vattenbaserad slitstark polyuretanfilm (milj\u00f6v\u00e4nlig process), med en rept\u00e5lighet p\u00e5 5H h\u00e5rdhet och en vattent\u00e4thet p\u00e5 IPX4, som t\u00e5l friktion och fuktiga milj\u00f6er inom logistik och transport.<\/li>\n<li><strong>Innerl\u00e5da<\/strong>: Rent vitt foder av h\u00e5rd kartong av livsmedelskvalitet, inga f\u00f6roreningar och f\u00e4rgskillnadsst\u00f6rningar, fokus p\u00e5 produktkroppen vid uppackningstillf\u00e4llet. En bikakebuffertstruktur l\u00e4ggs till i innerv\u00e4ggen, med en b\u00e4rf\u00f6rm\u00e5ga p\u00e5 8 kg, vilket \u00e4r l\u00e4mpligt f\u00f6r kraven p\u00e5 tryckmotst\u00e5nd i olika kategorier som tr\u00f6jor och skor.<\/li>\n<\/ol>\n<h2 id=\"-iii-environmental-qualification-and-production-guarantee-\"><strong>3. Milj\u00f6kvalificering och produktionsgaranti<\/strong><\/h2>\n<ol>\n<li><strong>FSC-skogscertifiering och ISO-kvalitetsstyrning<\/strong>\u00a0100% av r\u00e5varorna i l\u00e5dkroppen har klarat FSC-COC-certifiering av produktions- och f\u00f6rs\u00e4ljningstillsynskedjan, och tryckf\u00e4rgen uppfyller EU: s REACH-milj\u00f6skyddsstandarder. Fabriken har ISO 9001 kvalitetsledningssystem och ISO 14001 milj\u00f6ledningssystem certifiering. 16 \u00e5rs produktionserfarenhet s\u00e4kerst\u00e4ller att f\u00e4rgskillnadstoleransen f\u00f6r varje f\u00f6rpackningssats \u00e4r \u22645% och leveranshastigheten i tid \u00e4r \u226598%.<\/li>\n<li><strong>Anpassad ut\u00f6kning av tj\u00e4nster<\/strong>\u00a0St\u00f6d f\u00f6r personliga uppgraderingsalternativ:<\/li>\n<li><strong>Funktionsexpansion<\/strong>: inbyggd skiljev\u00e4gg, krok f\u00f6r dammsugarp\u00e5se;<\/li>\n<li><strong>Uppgradering av process<\/strong>: varmst\u00e4mplad\/pr\u00e4glad textur, magnetisk \u00f6ppnings- och st\u00e4ngningsstruktur;<\/li>\n<li><strong>Anpassning av storlek<\/strong>: Tillhandah\u00e5lla 20+ standardstorleksbibliotek, st\u00f6dja icke-standardanpassning (fel \u00b11mm).<\/li>\n<\/ol>\n<h2 id=\"-fourth-application-scenarios-and-value-empowerment-\"><strong>4. Till\u00e4mpningsscenarier och Value Empowerment<\/strong><\/h2>\n<p>Denna serie f\u00f6rpackningar \u00e4r l\u00e4mplig f\u00f6r l\u00e4tta lyxiga till snabba modem\u00e4rken som kl\u00e4der, underkl\u00e4der, skor, tr\u00f6jor etc., s\u00e4rskilt l\u00e4mpliga f\u00f6r f\u00f6ljande scenarier:<\/p>\n<ul>\n<li><strong>Direktreklam f\u00f6r e-handel<\/strong>: Utseendet med regnb\u00e5gsgradient \u00f6kar unboxingfrekvensen p\u00e5 sociala medier;<\/li>\n<li><strong>Butikens display<\/strong>: Ett enhetligt visuellt varum\u00e4rkessystem st\u00e4rker terminalens image;<\/li>\n<li><strong>Begr\u00e4nsad co-branding<\/strong>: Dynamisk LOGO-design anpassar sig till gr\u00e4ns\u00f6verskridande IP-samarbetsbehov.<\/li>\n<\/ul>","protected":false},"excerpt":{"rendered":"<p>Postl\u00e5dan kan snabbt vikas och monteras genom att helt enkelt f\u00f6lja vecket, vilket sparar transport- och lagringskostnader. L\u00e5dans stomme har en regnb\u00e5gsf\u00e4rgad gradientdesign f\u00f6r att ge en modern och livlig visuell effekt, vilket \u00e4r i linje med den kreativa positioneringen. Ytbel\u00e4ggningen har slitstarka och fukts\u00e4kra egenskaper, vilket \u00e4r l\u00e4mpligt f\u00f6r transport och skydd av kl\u00e4dprodukter.<\/p>","protected":false},"featured_media":710,"template":"","meta":{"_kad_post_transparent":"default","_kad_post_title":"","_kad_post_layout":"default","_kad_post_sidebar_id":"","_kad_post_content_style":"default","_kad_post_vertical_padding":"default","_kad_post_feature":"","_kad_post_feature_position":"","_kad_post_header":false,"_kad_post_footer":false,"_kad_post_classname":""},"product_brand":[],"product_cat":[15,30,17],"product_tag":[259,260,261],"class_list":{"0":"post-709","1":"product","2":"type-product","3":"status-publish","4":"has-post-thumbnail","6":"product_cat-red-light-therapy","7":"product_cat-dropshipping","8":"product_cat-services","9":"product_tag-custom-apparel-clothes-mailer-box","10":"product_tag-mailer-box-for-shoe","11":"product_tag-sweater-bra-packaging-boxes","13":"first","14":"instock","15":"shipping-taxable","16":"product-type-simple","17":"entry","18":"content-bg","19":"loop-entry"},"_links":{"self":[{"href":"https:\/\/red-lighttherapy.com\/sv\/wp-json\/wp\/v2\/product\/709","targetHints":{"allow":["GET"]}}],"collection":[{"href":"https:\/\/red-lighttherapy.com\/sv\/wp-json\/wp\/v2\/product"}],"about":[{"href":"https:\/\/red-lighttherapy.com\/sv\/wp-json\/wp\/v2\/types\/product"}],"wp:featuredmedia":[{"embeddable":true,"href":"https:\/\/red-lighttherapy.com\/sv\/wp-json\/wp\/v2\/media\/710"}],"wp:attachment":[{"href":"https:\/\/red-lighttherapy.com\/sv\/wp-json\/wp\/v2\/media?parent=709"}],"wp:term":[{"taxonomy":"product_brand","embeddable":true,"href":"https:\/\/red-lighttherapy.com\/sv\/wp-json\/wp\/v2\/product_brand?post=709"},{"taxonomy":"product_cat","embeddable":true,"href":"https:\/\/red-lighttherapy.com\/sv\/wp-json\/wp\/v2\/product_cat?post=709"},{"taxonomy":"product_tag","embeddable":true,"href":"https:\/\/red-lighttherapy.com\/sv\/wp-json\/wp\/v2\/product_tag?post=709"}],"curies":[{"name":"wp","href":"https:\/\/api.w.org\/{rel}","templated":true}]}}