{"id":704,"date":"2025-04-14T06:06:17","date_gmt":"2025-04-14T06:06:17","guid":{"rendered":"https:\/\/red-lighttherapy.com\/?post_type=product&#038;p=704"},"modified":"2025-04-14T06:16:05","modified_gmt":"2025-04-14T06:16:05","slug":"supplier-custom-luxury-mailer-packaging-for-champagne-wine","status":"publish","type":"product","link":"https:\/\/red-lighttherapy.com\/sv\/supplier-custom-luxury-mailer-packaging-for-champagne-wine\/","title":{"rendered":"Leverant\u00f6r Anpassad lyxig postf\u00f6rpackning f\u00f6r champagnevin"},"content":{"rendered":"<h2 id=\"-customized-luxury-mailing-packaging-solution-for-champagne-\"><strong>Skr\u00e4ddarsydd l\u00f6sning f\u00f6r lyxiga postf\u00f6rpackningar f\u00f6r champagne<\/strong><\/h2>\n<h2 id=\"-1-structured-padding-system-the-perfect-balance-of-precise-protection-and-surprise-when-unboxing-\"><strong>1. Strukturerat stoppningssystem: den perfekta balansen mellan exakt skydd och \u00f6verraskning n\u00e4r du packar upp<\/strong><\/h2>\n<p>Den patenterade vikbara korrugerade foderstrukturen anv\u00e4nds f\u00f6r att exakt fixera flaskan genom flerdimensionellt mekaniskt st\u00f6d:<\/p>\n<ul>\n<li><strong>Tredimensionell l\u00e5sningsdesign<\/strong>: Bikakesp\u00e5ret \u00e4r anpassat efter champagneflaskans kr\u00f6kning, kombinerat med den \u00f6vre b\u00e5gst\u00f6danordningen f\u00f6r att s\u00e4kerst\u00e4lla flaskans vertikala stabilitet, och det finns ingen risk f\u00f6r f\u00f6rskjutning \u00e4ven om den \u00e4r inverterad eller skakas v\u00e5ldsamt.<\/li>\n<li><strong>Dubbelt buffertlager<\/strong>: Fodret \u00e4r tillverkat av kompositkartong med E-fl\u00f6jt + B-fl\u00f6jt (justerbar tjocklek 1,5-2,5 mm) och absorberar st\u00f6tenergin genom bikakemellanlagret. Laboratorietester visar att fodret klarar ett fall fr\u00e5n 1,2 meters h\u00f6jd (i enlighet med ISTA 3A-standarden).<\/li>\n<li><strong>Ritual f\u00f6r uppackning<\/strong>: Den minimalistiska vikbara \u00f6ppningsdesignen g\u00f6r det m\u00f6jligt f\u00f6r anv\u00e4ndare att f\u00e4lla ut fodret genom att dra l\u00e4tt i sidobandet. Flaskan stiger naturligt med gravitationen och t\u00e4cks av genomskinligt svavelsyrapapper f\u00f6r att skapa en visuell \u00f6verraskning av \"flytande display\".<\/li>\n<\/ul>\n<h2 id=\"-second-smart-airplane-box-structure-3-second-molding-efficiency-revolution-\"><strong>2. Smart struktur f\u00f6r flygplansl\u00e5dor: 3-sekunders gjutning, effektivitetsrevolution<\/strong><\/h2>\n<p>Det limfria viksystemet, som bygger p\u00e5 principen om en fyrst\u00e5ngsmekanism, f\u00f6r\u00e4ndrar den traditionella f\u00f6rpackningsprocessen:<\/p>\n<ul>\n<li><strong>Verktygsfri montering<\/strong>: Pre-indented wellpapp kan automatiskt formas genom att trycka p\u00e5 bottenl\u00e5set, och monteringstiden f\u00f6r en enda l\u00e5da \u00e4r \u22645 sekunder, vilket \u00f6kar effektiviteten med 300%.<\/li>\n<li><strong>Modul\u00e4r kompatibilitet<\/strong>: St\u00f6der specifikationer f\u00f6r enflaskor till 6-flaskor (anpassningsbar h\u00f6jd 20-50 cm), och sidovingarna p\u00e5 l\u00e5dkroppen har inbyggda magnetiska sp\u00e4nnen, som \u00e4r f\u00f6rst\u00e4rkta och l\u00e4tta att \u00f6ppna och st\u00e4nga f\u00f6r \u00e5terinspektion.<\/li>\n<li><strong>Global logistikv\u00e4nlig<\/strong>: Tjockleken efter vikning \u00e4r endast 3 cm, vilket minskar lagrings- och transportutrymmet och lastkapaciteten f\u00f6r enhetscontainern \u00f6kar med 40%.<\/li>\n<\/ul>\n<h2 id=\"-third-environmental-protection-performance-and-artistic-details-a-comprehensive-upgrade-from-function-to-aesthetics-\"><strong>3. Milj\u00f6skyddsprestanda och konstn\u00e4rliga detaljer: en omfattande uppgradering fr\u00e5n funktion till estetik<\/strong><\/h2>\n<ol>\n<li><strong>Milj\u00f6v\u00e4nliga material<\/strong>:<\/li>\n<li>100% \u00e5tervinningsbart FSC-certifierat korrugerat papper, ytans vattenbaserade bel\u00e4ggning \u00e4r fukts\u00e4ker och tryckbest\u00e4ndig.<\/li>\n<li>Koldioxidavtrycket \u00e4r 62% l\u00e4gre \u00e4n f\u00f6r traditionella skumf\u00f6rpackningar, vilket uppfyller kraven i EU:s EPR-f\u00f6rordningar.<\/li>\n<li><strong>Konstn\u00e4rlig design<\/strong>:<\/li>\n<li><strong>Understa \u00e4gget<\/strong>: Lasergravyr av en abstrakt silhuett av en svart katt skapar en narrativ koppling och f\u00f6rst\u00e4rker varum\u00e4rkesminnet.<\/li>\n<li><strong>Minimalistiskt visuellt spr\u00e5k<\/strong>: Matt svart och guld huvudf\u00e4rg med partiell varmst\u00e4mplingsprocess, den yttre l\u00e5dan beh\u00e5ller bara varum\u00e4rkets LOGO och ving\u00e5rdens sp\u00e5rbarhet QR-kod, tolkar l\u00e5gm\u00e4ld lyx.<\/li>\n<\/ol>\n<h2 id=\"-fourth-full-link-customization-service-a-one-stop-solution-from-design-to-delivery-\"><strong>4. Anpassningstj\u00e4nst med full l\u00e4nk: en one-stop-l\u00f6sning fr\u00e5n design till leverans<\/strong><\/h2>\n<ol>\n<li><strong>Djupg\u00e5ende anpassningsm\u00f6jligheter<\/strong>:<\/li>\n<li><strong>Anpassning av flasktyp<\/strong>: St\u00f6der databasmatchning av 20+ speciella flasktyper som standard champagneflaskor, ros\u00e9 flaskor med smal mun, Magnum stora flaskor etc.<\/li>\n<li><strong>Inf\u00f6rande av varum\u00e4rke<\/strong>: Ger varm st\u00e4mpling, screentryck, pr\u00e4gling och annan LOGO-anpassning med flera processer och st\u00f6der Pantone spotf\u00e4rgmatchning.<\/li>\n<li><strong>Funktionsexpansion<\/strong>: Valfria intelligenta moduler som temperaturavk\u00e4nnande etiketter och NFC-chips f\u00f6r f\u00f6rfalskningsskydd kan tillgodose behoven hos avancerade kunder.<\/li>\n<li><strong>Professionellt st\u00f6d f\u00f6r utrikeshandel<\/strong>:<\/li>\n<li><strong>Certifiering av global efterlevnad<\/strong>: Klarade REACH- och FDA-test f\u00f6r material i kontakt med livsmedel och st\u00f6der handelstermer som DDP\/DAP.<\/li>\n<li><strong>Agil leveranskedja<\/strong>: Kina Guangdong produktionsbas, 48-timmars korrektur svar, minsta orderkvantitet 500 stycken, st\u00f6d f\u00f6r gr\u00e4ns\u00f6verskridande e-handel drop shipping.<\/li>\n<\/ol>","protected":false},"excerpt":{"rendered":"<p>Postl\u00e5dan kr\u00e4ver inget lim och kan formas p\u00e5 n\u00e5gra sekunder, vilket avsev\u00e4rt f\u00f6rb\u00e4ttrar f\u00f6rpackningseffektiviteten. Den strukturerade stoppningen inuti l\u00e5dan fixerar vinflaskan exakt f\u00f6r att s\u00e4kerst\u00e4lla transports\u00e4kerheten. Den enkla designen kan ge en k\u00e4nsla av \u00f6verraskning till din vinflaskf\u00f6rpackning n\u00e4r den \u00f6ppnas. L\u00e5dans botten \u00e4r skickligt dekorerad med ett abstrakt svart kattungesilhuettm\u00f6nster, som bildar ett intressant eko med produktnamnet.<\/p>","protected":false},"featured_media":705,"template":"","meta":{"_kad_post_transparent":"default","_kad_post_title":"","_kad_post_layout":"default","_kad_post_sidebar_id":"","_kad_post_content_style":"default","_kad_post_vertical_padding":"default","_kad_post_feature":"","_kad_post_feature_position":"","_kad_post_header":false,"_kad_post_footer":false,"_kad_post_classname":""},"product_brand":[],"product_cat":[15,17],"product_tag":[256,257,258],"class_list":{"0":"post-704","1":"product","2":"type-product","3":"status-publish","4":"has-post-thumbnail","6":"product_cat-red-light-therapy","7":"product_cat-services","8":"product_tag-custom-champagne-packaging","9":"product_tag-luxury-wine-mailer-packaging","10":"product_tag-supplier-custom-champagne-wine-packaging","12":"first","13":"instock","14":"shipping-taxable","15":"product-type-simple","16":"entry","17":"content-bg","18":"loop-entry"},"_links":{"self":[{"href":"https:\/\/red-lighttherapy.com\/sv\/wp-json\/wp\/v2\/product\/704","targetHints":{"allow":["GET"]}}],"collection":[{"href":"https:\/\/red-lighttherapy.com\/sv\/wp-json\/wp\/v2\/product"}],"about":[{"href":"https:\/\/red-lighttherapy.com\/sv\/wp-json\/wp\/v2\/types\/product"}],"wp:featuredmedia":[{"embeddable":true,"href":"https:\/\/red-lighttherapy.com\/sv\/wp-json\/wp\/v2\/media\/705"}],"wp:attachment":[{"href":"https:\/\/red-lighttherapy.com\/sv\/wp-json\/wp\/v2\/media?parent=704"}],"wp:term":[{"taxonomy":"product_brand","embeddable":true,"href":"https:\/\/red-lighttherapy.com\/sv\/wp-json\/wp\/v2\/product_brand?post=704"},{"taxonomy":"product_cat","embeddable":true,"href":"https:\/\/red-lighttherapy.com\/sv\/wp-json\/wp\/v2\/product_cat?post=704"},{"taxonomy":"product_tag","embeddable":true,"href":"https:\/\/red-lighttherapy.com\/sv\/wp-json\/wp\/v2\/product_tag?post=704"}],"curies":[{"name":"wp","href":"https:\/\/api.w.org\/{rel}","templated":true}]}}