{"id":698,"date":"2025-04-14T05:57:18","date_gmt":"2025-04-14T05:57:18","guid":{"rendered":"https:\/\/red-lighttherapy.com\/?post_type=product&#038;p=698"},"modified":"2025-04-14T06:06:07","modified_gmt":"2025-04-14T06:06:07","slug":"hot-selling-mailer-baseball-hat-shipping-boxes-suppliers","status":"publish","type":"product","link":"https:\/\/red-lighttherapy.com\/sv\/hot-selling-mailer-baseball-hat-shipping-boxes-suppliers\/","title":{"rendered":"Hot Selling Mailer Baseball Hat Shipping Boxes Leverant\u00f6rer"},"content":{"rendered":"<h2 id=\"-macaron-color-baseball-cap-transport-box-product-description-\"><strong>Macaron Color Hot Selling Mailer Baseball Cap Shipping Box Produktbeskrivning<\/strong><\/h2>\n<h2 id=\"-1-macaron-color-visual-aesthetics-\"><strong>1. Macaron Color Visuell estetik<\/strong><\/h2>\n<p>L\u00e5dkroppen anv\u00e4nder mjuka\u00a0<strong>ljusgr\u00f6n (mintgr\u00f6n)<\/strong>\u00a0och\u00a0<strong>ljusbl\u00e5 (sodabl\u00e5)<\/strong>\u00a0som huvudf\u00e4rger, inspirerade av naturen och havet, f\u00f6r att f\u00f6rmedla en uppfriskande och elegant visuell upplevelse. F\u00e4rgmatchningen h\u00e4nvisar till internationella trender och designen med l\u00e5g m\u00e4ttnad undviker visuell tr\u00f6tthet, vilket \u00e4r l\u00e4mpligt f\u00f6r sport, fritid, kvinnlig konsumtion och andra varum\u00e4rken.<\/p>\n<h2 id=\"-2-single-material-environmentally-friendly-structure-\"><strong>2. Milj\u00f6v\u00e4nlig struktur med ett enda material<\/strong><\/h2>\n<p>Anv\u00e4nda\u00a0<strong>100% \u00e5tervinningsbar wellpapp<\/strong>\u00a0(A\/B\/E fl\u00f6jtmodell),\u00a0<strong>kompositprocess f\u00f6r alla polyolefiner<\/strong>\u00a0uppn\u00e5r en enda materialstruktur och undviker de \u00e5tervinnings- och sorteringsproblem som orsakas av traditionella kompositmaterial (t.ex. aluminiumfolie, PET). Denna design uppfyller EU:s standarder f\u00f6r cirkul\u00e4r ekonomi f\u00f6r f\u00f6rpackningar och kan direkt l\u00e4ggas i pappers\u00e5tervinningsstr\u00f6mmen, vilket minskar koldioxidutsl\u00e4ppen och resursavfallet.<\/p>\n<h2 id=\"-3-interesting-lining-and-minimalist-appearance-\"><strong>3. Intressant foder och minimalistiskt utseende<\/strong><\/h2>\n<ul>\n<li><strong>Ytterf\u00f6rpackning<\/strong>: Minimalistisk matt yta med dubbelsidigt tryckt varum\u00e4rkeslogotyp, ingen \u00f6verfl\u00f6dig dekoration, vilket framh\u00e4ver begreppet milj\u00f6skydd.<\/li>\n<li><strong>Innerfoder<\/strong>: Anpassad\u00a0<strong>f\u00e4rgglada prickar\/geometriska m\u00f6nster<\/strong>\u00a0(valfria orange, rosa, gula kontrasterande f\u00e4rger), tryckt med milj\u00f6v\u00e4nligt vattenbaserat bl\u00e4ck, vilket skapar en visuell kontrast\u00f6verraskning vid uppackningen och f\u00f6rb\u00e4ttrar konsumentens interaktiva upplevelse.<\/li>\n<\/ul>\n<h2 id=\"-4-double-sided-printing-and-efficient-use-of-paper-\"><strong>4. Dubbelsidig utskrift och effektiv pappersanv\u00e4ndning<\/strong><\/h2>\n<p>Dubbelsidig utskrift uppn\u00e5s genom\u00a0<strong>CMYK-offsettryck + flexografisk tryckteknik<\/strong>P\u00e5 s\u00e5 s\u00e4tt presenteras det inre skiktets m\u00f6nster och det yttre skiktets varum\u00e4rkesinformation samtidigt och pappersutnyttjandegraden \u00f6kar med 30%. Tryckprocessen \u00f6verensst\u00e4mmer med FSC-skogscertifieringsstandarderna och bl\u00e4cket har klarat RoHS-tungmetallfritt test f\u00f6r att s\u00e4kerst\u00e4lla s\u00e4kerhet och milj\u00f6skydd.<\/p>\n<h2 id=\"-5-foldable-reusable-opening-and-closing-structure-\"><strong>5. Vikbar, \u00e5teranv\u00e4ndbar \u00f6ppnings- och st\u00e4ngningsstruktur<\/strong><\/h2>\n<ul>\n<li><strong>\u00d6ppnings- och st\u00e4ngningsdesign<\/strong>: L\u00e5dans lock \u00e4r tillverkat av\u00a0<strong>inb\u00e4ddat sp\u00e4nne + magnetremsa<\/strong>som inte beh\u00f6ver f\u00e4stas med tejp och som kan demonteras och monteras upprepade g\u00e5nger mer \u00e4n 10 g\u00e5nger, vilket \u00e4r l\u00e4mpligt f\u00f6r konsumenternas f\u00f6rvaring, presentgivning och andra \u00e5teranv\u00e4ndningsbehov p\u00e5 flera scener.<\/li>\n<li><strong>Kompressionsmotst\u00e5nd<\/strong>: L\u00e5dkroppen kan b\u00e4ra en belastning p\u00e5 upp till 15 kg, och h\u00f6rnen \u00e4r f\u00f6rst\u00e4rkta f\u00f6r att undvika transportstr\u00e4ngsprutning och deformation, vilket \u00e4r l\u00e4mpligt f\u00f6r internationella expressleveransstandarder.<\/li>\n<\/ul>\n<h2 id=\"-6-waterproof-material-and-multi-functional-adaptation-\"><strong>6. Vattent\u00e4tt material och multifunktionell anpassning<\/strong><\/h2>\n<ul>\n<li><strong>Vattent\u00e4t behandling<\/strong>: Kartongens yta \u00e4r belagd med\u00a0<strong>glansig film\/matt lack<\/strong>, som uppn\u00e5r IPX4 st\u00e4nks\u00e4ker effekt, t\u00e5l kortvarigt regn eller fuktig milj\u00f6 och passar perfekt f\u00f6r badkl\u00e4der, sportskor och andra kategorier.<\/li>\n<li><strong>Flexibel storlek<\/strong>: St\u00f6d f\u00f6r anpassning (referensstandardstorlek 38,9 \u00d7 27,8 \u00d7 10,2 cm), EVA mellanlager eller PVC-f\u00f6nster kan installeras inuti f\u00f6r att m\u00f6ta behoven av blandad transport av flera kategorier.<\/li>\n<\/ul>\n<h2 id=\"-technical-parameters-and-certification-\"><strong>Tekniska parametrar och certifiering<\/strong><\/h2>\n<table>\n<thead>\n<tr>\n<th>Attribut<\/th>\n<th>Detaljer om parametrar<\/th>\n<\/tr>\n<\/thead>\n<tbody>\n<tr>\n<td><strong>Material<\/strong><\/td>\n<td>H\u00f6gh\u00e5llfast korrugerat papper (C-typ fl\u00f6jt, kvantitativ 300g\/\u33a1)<\/td>\n<\/tr>\n<tr>\n<td><strong>Tryckprocessen<\/strong><\/td>\n<td>Dubbelsidigt offsettryck + Pantone spotf\u00e4rg, valfri pr\u00e4gling\/UV lokal effekt<\/td>\n<\/tr>\n<tr>\n<td><strong>Milj\u00f6certifiering<\/strong><\/td>\n<td>FSC, ISO14021, RoHS, REACH<\/td>\n<\/tr>\n<tr>\n<td><strong>Minsta orderkvantitet<\/strong><\/td>\n<td>500 stycken (st\u00f6d f\u00f6r anpassning av prov, leverans inom 7 arbetsdagar)<\/td>\n<\/tr>\n<\/tbody>\n<\/table>","protected":false},"excerpt":{"rendered":"<p>Denna transportl\u00e5da f\u00f6r basebollkepsar \u00e4r utformad f\u00f6r l\u00e4tta lyxprodukter som sportkl\u00e4der, badkl\u00e4der, skor och hattar. Den integrerar milj\u00f6skyddskoncept och estetisk kreativitet, med f\u00e4rska macaronf\u00e4rger, \u00e5tervinningsbara material och humaniserad struktur som de viktigaste f\u00f6rs\u00e4ljningsargumenten, med h\u00e4nsyn till praktiska och h\u00e5llbara aspekter, vilket hj\u00e4lper varum\u00e4rket att f\u00f6rmedla en gr\u00f6n och modern attityd.<\/p>","protected":false},"featured_media":699,"template":"","meta":{"_kad_post_transparent":"default","_kad_post_title":"","_kad_post_layout":"default","_kad_post_sidebar_id":"","_kad_post_content_style":"default","_kad_post_vertical_padding":"default","_kad_post_feature":"","_kad_post_feature_position":"","_kad_post_header":false,"_kad_post_footer":false,"_kad_post_classname":""},"product_brand":[],"product_cat":[15,30,17],"product_tag":[255,253,254],"class_list":{"0":"post-698","1":"product","2":"type-product","3":"status-publish","4":"has-post-thumbnail","6":"product_cat-red-light-therapy","7":"product_cat-dropshipping","8":"product_cat-services","9":"product_tag-baseball-hat-boxes-suppliers","10":"product_tag-baseball-hat-shipping-boxes","11":"product_tag-hot-selling-hat-shipping-boxes","13":"first","14":"instock","15":"shipping-taxable","16":"product-type-simple","17":"entry","18":"content-bg","19":"loop-entry"},"_links":{"self":[{"href":"https:\/\/red-lighttherapy.com\/sv\/wp-json\/wp\/v2\/product\/698","targetHints":{"allow":["GET"]}}],"collection":[{"href":"https:\/\/red-lighttherapy.com\/sv\/wp-json\/wp\/v2\/product"}],"about":[{"href":"https:\/\/red-lighttherapy.com\/sv\/wp-json\/wp\/v2\/types\/product"}],"wp:featuredmedia":[{"embeddable":true,"href":"https:\/\/red-lighttherapy.com\/sv\/wp-json\/wp\/v2\/media\/699"}],"wp:attachment":[{"href":"https:\/\/red-lighttherapy.com\/sv\/wp-json\/wp\/v2\/media?parent=698"}],"wp:term":[{"taxonomy":"product_brand","embeddable":true,"href":"https:\/\/red-lighttherapy.com\/sv\/wp-json\/wp\/v2\/product_brand?post=698"},{"taxonomy":"product_cat","embeddable":true,"href":"https:\/\/red-lighttherapy.com\/sv\/wp-json\/wp\/v2\/product_cat?post=698"},{"taxonomy":"product_tag","embeddable":true,"href":"https:\/\/red-lighttherapy.com\/sv\/wp-json\/wp\/v2\/product_tag?post=698"}],"curies":[{"name":"wp","href":"https:\/\/api.w.org\/{rel}","templated":true}]}}