{"id":693,"date":"2025-04-14T05:47:06","date_gmt":"2025-04-14T05:47:06","guid":{"rendered":"https:\/\/red-lighttherapy.com\/?post_type=product&#038;p=693"},"modified":"2025-04-14T05:56:47","modified_gmt":"2025-04-14T05:56:47","slug":"order-custom-cosmetic-skin-care-box-beauty-packaging-factory","status":"publish","type":"product","link":"https:\/\/red-lighttherapy.com\/sv\/order-custom-cosmetic-skin-care-box-beauty-packaging-factory\/","title":{"rendered":"Best\u00e4ll anpassad kosmetisk hudv\u00e5rdsl\u00e5da Sk\u00f6nhetsf\u00f6rpackningsfabrik"},"content":{"rendered":"<h2 id=\"-product-description-of-customized-skin-care-gift-box-series-\"><strong>Produktbeskrivning av Best\u00e4llningsanpassad kosmetisk hudv\u00e5rdsl\u00e5da Sk\u00f6nhetsf\u00f6rpackningsfabrik<\/strong><\/h2>\n<h2 id=\"-i-environmental-protection-and-quality-are-equally-important-defining-a-new-standard-of-luxury-\"><strong>1. Milj\u00f6skydd och kvalitet \u00e4r lika viktiga, vilket definierar en ny standard f\u00f6r lyx<\/strong><\/h2>\n<p>Denna presentf\u00f6rpackning anv\u00e4nder FSC-certifierat milj\u00f6v\u00e4nligt h\u00e5rt papper och r\u00e5varorna h\u00e4rr\u00f6r fr\u00e5n h\u00e5llbart f\u00f6rvaltade skogar, med h\u00e4nsyn till b\u00e5de ekologiskt ansvar och utm\u00e4rkt prestanda. Kartongen f\u00f6rst\u00e4rks genom en flerskiktskompositprocess och tryckh\u00e5llfastheten \u00f6kas med 40%. Den t\u00e5l en yttre kraft p\u00e5 mer \u00e4n 5 kg under transport och garanterar att inneh\u00e5llet inte skadas. L\u00e5dans struktur inneh\u00e5ller bikakepappersk\u00e4rnteknik och d\u00e4mpningen f\u00f6rb\u00e4ttras av hexagonalt tredimensionellt st\u00f6d. Med en ram av fiberboard med h\u00f6g densitet och medelh\u00f6g densitet uppn\u00e5s en perfekt balans mellan \"l\u00e4ttvikt\" och \"t\u00e5lighet\", vilket ger ett skydd p\u00e5 f\u00e4stningsniv\u00e5 f\u00f6r hudv\u00e5rdsprodukter.<\/p>\n<h2 id=\"-ii-the-integration-of-color-aesthetics-and-minimalist-design-\"><strong>2. Integrering av f\u00e4rgestetik och minimalistisk design<\/strong><\/h2>\n<p>Presentf\u00f6rpackningens utseende antar macaron-gradientrosa och orange toner, baserat p\u00e5 Pantones \u00e5rliga popul\u00e4ra f\u00e4rg, och presenterar en naturlig \u00f6verg\u00e5ng fr\u00e5n gryning till skymning genom digital gradienttryckteknik. Ytan \u00e4r t\u00e4ckt med ett matt filmskikt av livsmedelskvalitet, som k\u00e4nns lika k\u00e4nsligt som sammet, effektivt motst\u00e5r repor och eliminerar fingeravtrycksrester och bibeh\u00e5ller visuell renhet under l\u00e5ng tid. Locket \u00f6ppnas och st\u00e4ngs med en kombination av magnetiskt sp\u00e4nne och slow-drop-g\u00e5ngj\u00e4rn. Det sv\u00e4var automatiskt n\u00e4r \u00f6ppningsvinkeln n\u00e5r 110\u00b0. Den inbyggda spegeln och produkten kan visas stabilt med en hand, vilket kombinerar ritual och bekv\u00e4mlighet.<\/p>\n<h2 id=\"-three-modular-lining-system-unlocking-multiple-scenarios-\"><strong>3. Moduluppbyggt fodersystem som \u00f6ppnar upp f\u00f6r flera scenarier<\/strong><\/h2>\n<p>Innovativ design med utbytbart foder i dubbla lager, med EVA-flockningssvamp som basmaterial, st\u00f6der tre anpassningsscheman:<\/p>\n<ol>\n<li><strong>Kombinationsomr\u00e5de f\u00f6r flera flaskor<\/strong>: anpassad bikakedelning, exakt fixering av 30-100 ml specifikationsflaskor och burkar, antikollisionsf\u00f6rskjutning;<\/li>\n<li><strong>Utst\u00e4llningsomr\u00e5de f\u00f6r enstaka produkter<\/strong>: flyttbara skiljev\u00e4ggar kan fritt justera utrymmet, anpassa sig till specialformade f\u00f6rpackningar som ansiktsmasker och essenser;<\/li>\n<li><strong>F\u00f6rvaringslager f\u00f6r verktyg<\/strong>: l\u00e4gg till kortfack i silikon f\u00f6r stabil f\u00f6rvaring av sk\u00f6nhetsinstrument i metall eller droppflaskor i glas. Fodret \u00e4r anslutet till l\u00e5dan genom en slits och kan bytas ut p\u00e5 3 sekunder, vilket uppfyller behoven i flera olika scenarier, t.ex. julklappar, reseset och tester av nya produkter.<\/li>\n<\/ol>\n<h2 id=\"-fourth-details-empower-the-experience-craftsmanship-runs-through-the-whole-process-\"><strong>4. Detaljer f\u00f6rst\u00e4rker upplevelsen, hantverksskicklighet genomsyrar hela processen<\/strong><\/h2>\n<ul>\n<li><strong>Milj\u00f6v\u00e4nlig processkedja<\/strong>: Fr\u00e5n vattenbaserad bl\u00e4ckutskrift till limfri varmpressformning anv\u00e4nds 0 plast under hela processen och SGS biologiskt nedbrytbar certifiering erh\u00e5lls;<\/li>\n<li><strong>Humaniserad interaktion<\/strong>: L\u00e5dans lock har en inbyggd d\u00e4mpningsaxel som \u00f6ppnas och st\u00e4ngs tyst och med j\u00e4mn kraft, vilket g\u00f6r att den pl\u00f6tsliga k\u00e4nslan hos traditionella fj\u00e4derl\u00e5dor undviks;<\/li>\n<li><strong>F\u00f6rl\u00e4ngning av varum\u00e4rkets v\u00e4rde<\/strong>: St\u00f6djer LOGO-anpassning med laserlaser, valfri varmst\u00e4mpling, pr\u00e4gling eller UV-pr\u00e4glingsteknik f\u00f6r att f\u00f6rb\u00e4ttra varum\u00e4rkesigenk\u00e4nningen.<\/li>\n<\/ul>\n<h2 id=\"-technical-parameters-\"><strong>Tekniska parametrar<\/strong><\/h2>\n<table>\n<thead>\n<tr>\n<th>Projekt<\/th>\n<th>Specifikationer<\/th>\n<\/tr>\n<\/thead>\n<tbody>\n<tr>\n<td>Material<\/td>\n<td>FSC-mixad certifierad kartong (tjocklek 2,5 mm)<\/td>\n<\/tr>\n<tr>\n<td>Ytteknik<\/td>\n<td>Matt laminering av livsmedelskvalitet (temperaturbest\u00e4ndighet -20\u00b0C~80\u00b0C)<\/td>\n<\/tr>\n<tr>\n<td>Lastb\u00e4rande kapacitet<\/td>\n<td>Statisk 5kg\/dynamisk transport kompressionsmotst\u00e5nd 8G<\/td>\n<\/tr>\n<tr>\n<td>Foderkompatibilitet<\/td>\n<td>St\u00f6d f\u00f6r 3 typer av moduler\/enkla l\u00e5dor med upp till 12 delar<\/td>\n<\/tr>\n<tr>\n<td>Minsta orderkvantitet<\/td>\n<td>500 upps\u00e4ttningar (st\u00f6d f\u00f6r provtryckning av sm\u00e5 partier)<\/td>\n<\/tr>\n<\/tbody>\n<\/table>","protected":false},"excerpt":{"rendered":"<p>Detta \u00e4r en postbox avsedd f\u00f6r avancerade hudv\u00e5rdsprodukter. Den \u00e4r tillverkad av h\u00e5rt milj\u00f6v\u00e4nligt papper. L\u00e5dans kropp \u00e4r en macaron-gradientrosa och orange f\u00e4rg, som \u00f6verensst\u00e4mmer med den estetiska trenden i modernt mode. Den anv\u00e4nder FSC-certifierat milj\u00f6v\u00e4nligt papper med en stark kompressionsstruktur.<\/p>","protected":false},"featured_media":694,"template":"","meta":{"_kad_post_transparent":"default","_kad_post_title":"","_kad_post_layout":"default","_kad_post_sidebar_id":"","_kad_post_content_style":"default","_kad_post_vertical_padding":"default","_kad_post_feature":"","_kad_post_feature_position":"","_kad_post_header":false,"_kad_post_footer":false,"_kad_post_classname":""},"product_brand":[],"product_cat":[15,28,17],"product_tag":[252,250,251],"class_list":{"0":"post-693","1":"product","2":"type-product","3":"status-publish","4":"has-post-thumbnail","6":"product_cat-red-light-therapy","7":"product_cat-customize","8":"product_cat-services","9":"product_tag-beauty-packaging-factory","10":"product_tag-cosmetic-packaging-factory","11":"product_tag-custom-skin-care-box","13":"first","14":"instock","15":"shipping-taxable","16":"product-type-simple","17":"entry","18":"content-bg","19":"loop-entry"},"_links":{"self":[{"href":"https:\/\/red-lighttherapy.com\/sv\/wp-json\/wp\/v2\/product\/693","targetHints":{"allow":["GET"]}}],"collection":[{"href":"https:\/\/red-lighttherapy.com\/sv\/wp-json\/wp\/v2\/product"}],"about":[{"href":"https:\/\/red-lighttherapy.com\/sv\/wp-json\/wp\/v2\/types\/product"}],"wp:featuredmedia":[{"embeddable":true,"href":"https:\/\/red-lighttherapy.com\/sv\/wp-json\/wp\/v2\/media\/694"}],"wp:attachment":[{"href":"https:\/\/red-lighttherapy.com\/sv\/wp-json\/wp\/v2\/media?parent=693"}],"wp:term":[{"taxonomy":"product_brand","embeddable":true,"href":"https:\/\/red-lighttherapy.com\/sv\/wp-json\/wp\/v2\/product_brand?post=693"},{"taxonomy":"product_cat","embeddable":true,"href":"https:\/\/red-lighttherapy.com\/sv\/wp-json\/wp\/v2\/product_cat?post=693"},{"taxonomy":"product_tag","embeddable":true,"href":"https:\/\/red-lighttherapy.com\/sv\/wp-json\/wp\/v2\/product_tag?post=693"}],"curies":[{"name":"wp","href":"https:\/\/api.w.org\/{rel}","templated":true}]}}