{"id":688,"date":"2025-04-14T05:37:12","date_gmt":"2025-04-14T05:37:12","guid":{"rendered":"https:\/\/red-lighttherapy.com\/?post_type=product&#038;p=688"},"modified":"2025-04-20T06:02:45","modified_gmt":"2025-04-20T06:02:45","slug":"custom-chocolate-cookie-candy-mailer-box-manufacturer","status":"publish","type":"product","link":"https:\/\/red-lighttherapy.com\/sv\/custom-chocolate-cookie-candy-mailer-box-manufacturer\/","title":{"rendered":"Anpassad chokladkaka godis postl\u00e5da tillverkare"},"content":{"rendered":"<h2 id=\"-1-visual-impact-design-the-vibrant-collision-of-red-white-and-blue-with-the-lollipop-pattern-\"><strong>1. Design med visuell effekt: den livfulla kollisionen av r\u00f6tt, vitt och bl\u00e5tt med lollipop-m\u00f6nstret<\/strong><\/h2>\n<ul>\n<li><strong>F\u00e4rgspr\u00e5k<\/strong>: R\u00f6tt, vitt och bl\u00e5tt \u00e4r huvudf\u00e4rgerna. R\u00f6tt symboliserar passion och s\u00f6tma, vitt f\u00f6rmedlar renhet och en exklusiv k\u00e4nsla, och bl\u00e5tt tillf\u00f6r modern vitalitet. Den tref\u00e4rgade kombinationen bildar en stark visuell kontrast som drar till sig konsumenternas uppm\u00e4rksamhet vid f\u00f6rsta anblicken.<\/li>\n<li><strong>M\u00f6nsterkreativitet<\/strong>: L\u00e5dans yta antar en tredimensionell lollipop-m\u00f6nsterdesign, och godisens kristallstruktur presenteras genom fyrf\u00e4rgstryckteknik med h\u00f6g precision, med en gradientglanseffekt, vilket st\u00e4rker produktens \"l\u00e4ckra association\" och stimulerar konsumenternas aptit och \u00f6nskan att k\u00f6pa.<\/li>\n<\/ul>\n<h2 id=\"-2-convenient-and-practical-airplane-box-structure-fast-packaging-and-display-integration-\"><strong>2. Bekv\u00e4m och praktisk flygplansboxstruktur: snabb f\u00f6rpackning och displayintegration<\/strong><\/h2>\n<ul>\n<li><strong>\u00d6ppnings- och st\u00e4ngningsdesign<\/strong>: Den patenterade flygplansl\u00e5dans struktur beh\u00f6ver bara vikas l\u00e4ngs det f\u00f6rinst\u00e4llda vecket f\u00f6r att slutf\u00f6ra f\u00f6rpackningen. Inget lim eller verktyg kr\u00e4vs. Monteringen kan slutf\u00f6ras inom 10 sekunder, vilket avsev\u00e4rt f\u00f6rb\u00e4ttrar f\u00f6rpackningseffektiviteten.<\/li>\n<li><strong>Displayv\u00e4nlig<\/strong>: L\u00e5dans lock kan \u00f6ppnas 180\u00b0 platt, med ett inbyggt transparent f\u00f6nster eller en helt \u00f6ppen flip cover-design, vilket \u00e4r bekv\u00e4mt f\u00f6r intuitiv visning av inneh\u00e5llet n\u00e4r du visar varor. Den \u00e4r l\u00e4mplig f\u00f6r stormarknadshyllor, direkts\u00e4ndningar av e-handel och andra scener.<\/li>\n<\/ul>\n<h2 id=\"-3-high-end-materials-and-craftsmanship-white-cardboard-enhances-product-premium-perception-\"><strong>3. Avancerade material och hantverk: Vit kartong f\u00f6rst\u00e4rker uppfattningen om produktens premium<\/strong><\/h2>\n<ul>\n<li><strong>Materiella f\u00f6rdelar<\/strong>: Vald vit kartong av livsmedelskvalitet (vikt \u00f6ver 350 g), med en sl\u00e4t och k\u00e4nslig yta, stark tryckmotst\u00e5nd och godk\u00e4nd SGS-testning och certifiering f\u00f6r att s\u00e4kerst\u00e4lla s\u00e4kerhet i direktkontakt med livsmedel.<\/li>\n<li><strong>Tryckprocessen<\/strong>: Milj\u00f6v\u00e4nligt vattenbaserat bl\u00e4ck + lokal UV-process, m\u00f6nstret \u00e4r fullt av f\u00e4rg och slitstarkt och st\u00f6der anpassade processer som varmst\u00e4mpling och pr\u00e4gling f\u00f6r att f\u00f6rb\u00e4ttra varum\u00e4rkesidentiteten och strukturen.<\/li>\n<\/ul>\n<h2 id=\"-4-minimalist-inner-box-design-make-the-product-the-focus-\"><strong>4. Minimalistisk design p\u00e5 innerl\u00e5dan: L\u00e5t produkten st\u00e5 i fokus<\/strong><\/h2>\n<ul>\n<li><strong>Fodret \u00e4r otryckt<\/strong>: L\u00e5dan har en ren vit icke-tryckt design f\u00f6r att undvika visuell st\u00f6rning, vilket g\u00f6r att f\u00e4rgen och formen p\u00e5 produkter som choklad och kakor sticker ut, vilket \u00e4r i linje med det estetiska konceptet \"less is more\" f\u00f6r avancerade g\u00e5vor.<\/li>\n<li><strong>Buffertstruktur<\/strong>: EVA eller korrugerade innerbrickor kan anpassas f\u00f6r att exakt placera och fixera produkter f\u00f6r att f\u00f6rhindra skakningar och skador under transporten, samtidigt som k\u00e4nslan av ceremoni vid uppackning bibeh\u00e5lls.<\/li>\n<\/ul>\n<h2 id=\"-5-all-round-customization-service-flexible-adaptation-to-diverse-needs-\"><strong>5. Allround anpassningstj\u00e4nst: flexibel anpassning till olika behov<\/strong><\/h2>\n<ul>\n<li><strong>Anpassning av boxtyp<\/strong>: st\u00f6der 20+ l\u00e5dtyper som flygplansl\u00e5dor, l\u00e5dl\u00e5dor, bokformade l\u00e5dor etc., med ett storleksintervall p\u00e5 5 cm\u00b3 till 50 cm\u00b3, vilket uppfyller f\u00f6rpackningsbehoven fr\u00e5n minigodis till t\u00e5rtor med flera lager.<\/li>\n<li><strong>F\u00f6rdjupad samarbetsmodell<\/strong>: gratis designkorrekturtj\u00e4nst, 1-mot-1 exklusiv kundtj\u00e4nst svarar inom 48 timmar, fr\u00e5n LOGO-implantation, grafisk layout till materialuppgradering, alla justeringar g\u00f6rs p\u00e5 beg\u00e4ran f\u00f6r att s\u00e4kerst\u00e4lla att f\u00f6rpackningen \u00f6verensst\u00e4mmer med varum\u00e4rketonen.<\/li>\n<\/ul>\n<h2 id=\"-6-source-factory-advantage-dual-guarantee-of-quality-and-cost-\"><strong>6. K\u00e4llfabrikens f\u00f6rdel: dubbel garanti f\u00f6r kvalitet och kostnad<\/strong><\/h2>\n<ul>\n<li><strong>16 \u00e5rs erfarenhet<\/strong>: f\u00f6rlitar sig p\u00e5 mogen leveranskedja och automatiserad produktionslinje, det kan uppn\u00e5 72-timmars ultrasnabb leverans, med en genomsnittlig daglig produktionskapacitet p\u00e5 1 miljon bitar, som st\u00f6der sm\u00e5 batchprovbest\u00e4llningar och stor batch stabil leverans.<\/li>\n<li><strong>Prisf\u00f6rdel<\/strong>: fabriksdirekt leverans utan mellanh\u00e4nder, priset p\u00e5 liknande kvalitet \u00e4r 30% l\u00e4gre \u00e4n marknaden, med en minsta best\u00e4llning p\u00e5 500 stycken och en differentierad rabatt f\u00f6r stora m\u00e4ngder.<\/li>\n<li><strong>\u00c5tagande f\u00f6r kvalitetsinspektion<\/strong>: Godk\u00e4nd ISO9001 kvalitetsstyrningssystem certifiering, varje parti av produkter genomg\u00e5r 12 tester s\u00e5som kompressionsmotst\u00e5nd, fuktbest\u00e4ndighet, f\u00e4rgskillnad, etc. f\u00f6r att s\u00e4kerst\u00e4lla 100% kvalificerad leverans.<\/li>\n<\/ul>","protected":false},"excerpt":{"rendered":"<p>Som en kinesisk fabrik med 16 \u00e5rs erfarenhet av livsmedelsf\u00f6rpackningar fokuserar vi p\u00e5 att tillhandah\u00e5lla skr\u00e4ddarsydda f\u00f6rpackningsl\u00f6sningar som kombinerar estetik och funktionalitet f\u00f6r choklad, kakor, godis, t\u00e5rtor och andra s\u00f6tsaker.<\/p>","protected":false},"featured_media":692,"template":"","meta":{"_kad_post_transparent":"default","_kad_post_title":"","_kad_post_layout":"default","_kad_post_sidebar_id":"","_kad_post_content_style":"default","_kad_post_vertical_padding":"default","_kad_post_feature":"","_kad_post_feature_position":"","_kad_post_header":false,"_kad_post_footer":false,"_kad_post_classname":""},"product_brand":[],"product_cat":[15,17],"product_tag":[248,249,247],"class_list":{"0":"post-688","1":"product","2":"type-product","3":"status-publish","4":"has-post-thumbnail","6":"product_cat-red-light-therapy","7":"product_cat-services","8":"product_tag-cookie-box-manufacturer","9":"product_tag-custom-candy-mailer-box","10":"product_tag-custom-chocolate-mailer-box","12":"first","13":"instock","14":"shipping-taxable","15":"product-type-simple","16":"entry","17":"content-bg","18":"loop-entry"},"_links":{"self":[{"href":"https:\/\/red-lighttherapy.com\/sv\/wp-json\/wp\/v2\/product\/688","targetHints":{"allow":["GET"]}}],"collection":[{"href":"https:\/\/red-lighttherapy.com\/sv\/wp-json\/wp\/v2\/product"}],"about":[{"href":"https:\/\/red-lighttherapy.com\/sv\/wp-json\/wp\/v2\/types\/product"}],"wp:featuredmedia":[{"embeddable":true,"href":"https:\/\/red-lighttherapy.com\/sv\/wp-json\/wp\/v2\/media\/692"}],"wp:attachment":[{"href":"https:\/\/red-lighttherapy.com\/sv\/wp-json\/wp\/v2\/media?parent=688"}],"wp:term":[{"taxonomy":"product_brand","embeddable":true,"href":"https:\/\/red-lighttherapy.com\/sv\/wp-json\/wp\/v2\/product_brand?post=688"},{"taxonomy":"product_cat","embeddable":true,"href":"https:\/\/red-lighttherapy.com\/sv\/wp-json\/wp\/v2\/product_cat?post=688"},{"taxonomy":"product_tag","embeddable":true,"href":"https:\/\/red-lighttherapy.com\/sv\/wp-json\/wp\/v2\/product_tag?post=688"}],"curies":[{"name":"wp","href":"https:\/\/api.w.org\/{rel}","templated":true}]}}