{"id":683,"date":"2025-04-14T05:19:50","date_gmt":"2025-04-14T05:19:50","guid":{"rendered":"https:\/\/red-lighttherapy.com\/?post_type=product&#038;p=683"},"modified":"2025-04-14T05:48:46","modified_gmt":"2025-04-14T05:48:46","slug":"custom-printed-face-cream-skincare-packaging-box-factory","status":"publish","type":"product","link":"https:\/\/red-lighttherapy.com\/sv\/custom-printed-face-cream-skincare-packaging-box-factory\/","title":{"rendered":"Anpassad tryckt ansiktsgr\u00e4dde hudv\u00e5rd f\u00f6rpackningsl\u00e5da fabrik"},"content":{"rendered":"<h2 id=\"1-blue-and-orange-contrast-and-animal-pattern-fusion-\">1.\u00a0<strong>Bl\u00e5 och orange kontrast och fusion av djurm\u00f6nster<\/strong><\/h2>\n<p>Med hj\u00e4lp av en kombination av bl\u00e5 och orange komplementf\u00e4rger (nyansavst\u00e5nd 180\u00b0), med mycket m\u00e4ttad koboltbl\u00e5 och livlig orange f\u00f6r att skapa en visuell effekt, med abstrakta zebra- eller geparddjurstrukturer, bildas dynamisk visuell sp\u00e4nning p\u00e5 f\u00f6rpackningsl\u00e5dans yta. Huvudbilden \u00e4r skuren och utlagd med oregelbundna f\u00e4rgblock, och en tredimensionell ljusk\u00e4nsla presenteras genom gradientf\u00e4rg\u00f6verlagring och lokal UV-bel\u00e4ggningsteknik. Till exempel anv\u00e4nder framsidan av l\u00e5dkroppen orangebaserade bl\u00e5 m\u00f6nster f\u00f6r att simulera ljuset och skuggan i solnedg\u00e5ngsdjungeln, och sidan anv\u00e4nder bl\u00e5baserade orange m\u00f6nster f\u00f6r att eko, vilket f\u00f6rmedlar kollisionen mellan vild sk\u00f6nhet och urbant mode.<\/p>\n<h2 id=\"2-asymmetric-patches-and-stripes-design-\">2.\u00a0<strong>Asymmetrisk patch- och randdesign<\/strong><\/h2>\n<p>L\u00e5dans yta bryter mot den traditionella symmetriska kompositionen och f\u00f6rskjuts med s\u00f6nderrivna fl\u00e4ckar och sneda r\u00e4nder, kombinerat med pr\u00e4glingsteknik f\u00f6r att f\u00f6rb\u00e4ttra den taktila skiktningen. P\u00e5 ovansidan av locket anv\u00e4nds till exempel lasergraveringsteknik f\u00f6r att skapa oregelbundna geometriska urholkningar som avsl\u00f6jar det inre fluorescerande orange bakpapperet och bildar ett \"dolt\" visuellt p\u00e5sk\u00e4gg. Kanten \u00e4r utformad med en v\u00e5gig tandknivsstruktur, som inte bara \u00e5terspeglar bilden av djurens klom\u00e4rken utan ocks\u00e5 f\u00f6rb\u00e4ttrar boxkroppens kompressionsmotst\u00e5nd.<\/p>\n<h2 id=\"3-logo-high-frequency-repetition-and-three-dimensional-presentation-\">3.\u00a0<strong>LOGO h\u00f6gfrekvent upprepning och tredimensionell presentation<\/strong><\/h2>\n<p>Varum\u00e4rkets LOGO har en h\u00f6gfrekvent repetitionsdesign: huvudlogotypen \u00e4r centrerad p\u00e5 l\u00e5dans lock med het silverteknik, sidan \u00e4r ordnad i en miniatyr LOGO-matris (upprepas var 10: e cm) och botten \u00e4r inb\u00e4ddad med en osynlig fluorescerande LOGO (utvecklad under ultraviolett ljus) med en inf\u00e4lld f\u00e4rgprocess. Logotypytan kombinerar pr\u00e4glings- och guldfoliest\u00e4mplingsteknik, med en tjocklek p\u00e5 0,3 mm, en tredimensionell touch och en 40% \u00f6kning av slitstyrkan.<\/p>\n<h2 id=\"4-foldable-airplane-box-structure-\">4.\u00a0<strong>Vikbar struktur f\u00f6r flygplansl\u00e5dor<\/strong><\/h2>\n<p>Den internationella standarden 0421 flygplansboxdesign antas, med en utf\u00e4lld storlek p\u00e5 200 \u00d7 150 \u00d7 50 mm och en tjocklek p\u00e5 endast 15 mm efter vikning, vilket sparar 85% lagringsutrymme. Sidopanelerna p\u00e5 l\u00e5dkroppen \u00e4r gjorda av tre lager wellpapp (B-fl\u00f6jt + C-fl\u00f6jt kompositstruktur), med en vertikal tryckh\u00e5llfasthet p\u00e5 5000N \/ m\u00b2, som t\u00e5l 5-lagers staplingstransport. \u00d6ppningen och st\u00e4ngningen \u00e4r utformade med en destruktiv tandknivst\u00e4tning, och konsumenterna kan \u00f6ppna den genom att riva l\u00e4ngs den f\u00f6rinst\u00e4llda linjen, vilket \u00e4r b\u00e5de st\u00f6ldskydd och bekv\u00e4mt.<\/p>\n<h2 id=\"5-lightweight-and-high-strength-corrugated-paper-\">5.\u00a0<strong>L\u00e4ttviktigt och h\u00f6gh\u00e5llfast korrugerat papper<\/strong><\/h2>\n<p>AA-klassat kraftpapper (kvantitet 220 g\/m\u00b2) och h\u00f6gh\u00e5llfast korrugerat k\u00e4rnpapper (ringtrycksindex \u22658,5 N-m\/g) har valts. Genom optimering av den korrugerade v\u00e5gformen av UV-typ f\u00f6rb\u00e4ttras buffringsprestandan med 30% j\u00e4mf\u00f6rt med traditionella pappersl\u00e5dor. Ytan \u00e4r t\u00e4ckt med matt milj\u00f6v\u00e4nlig film, antifriktionskoefficienten \u00e4r 0,6 och transportf\u00f6rlusthastigheten kan kontrolleras inom 0,5%.<\/p>\n<h2 id=\"6-high-definition-printing-and-functional-coating-\">6.\u00a0<strong>H\u00f6guppl\u00f6st tryckning och funktionell bel\u00e4ggning<\/strong><\/h2>\n<p>En Heidelberg offsetpress med fem f\u00e4rger (uppl\u00f6sning 4800 dpi) anv\u00e4nds f\u00f6r att uppn\u00e5 0,1 mm linjenoggrannhet och den bl\u00e5-orange skillnaden \u0394E\u22641,5 (ISO 12647-standard). Nyckelm\u00f6nsteromr\u00e5det \u00f6verlagras med lokal screentryckning, bl\u00e4ckskiktets tjocklek \u00e4r 0,15 mm och f\u00e4rgm\u00e4ttnaden \u00f6kas med 20%. Den antibakteriella bel\u00e4ggningen \u00e4r tryckt p\u00e5 l\u00e5dans innerv\u00e4gg (i enlighet med FDA 21CFR-standarder) f\u00f6r att effektivt h\u00e4mma tillv\u00e4xten av mikroorganismer.<\/p>\n<h2 id=\"7-customized-service-agile-response-cooperation-process-\">7.\u00a0<strong>\u3010Kundanpassad service Agil respons \u3011Samarbetsprocess<\/strong><\/h2>\n<ul>\n<li><strong>Korrekturl\u00e4sning av design<\/strong>: Ge 3D-renderingar och fysisk korrektur inom 3 arbetsdagar (st\u00f6d AI-fil automatisk anpassning av boxtyp)<\/li>\n<li><strong>Massproduktionscykel<\/strong>: Minsta best\u00e4llning p\u00e5 500 stycken, 5-7 dagars leverans (st\u00f6d f\u00f6r 72 timmars snabbservice)<\/li>\n<li><strong>Kostnadsoptimering<\/strong>: Med hj\u00e4lp av f\u00f6rtrycksteknik kan 6 typer av l\u00e5dtyper blandas i samma sats och kartongutnyttjandegraden n\u00e5r 95%.<\/li>\n<\/ul>","protected":false},"excerpt":{"rendered":"<p>Denna ansiktskr\u00e4m hudv\u00e5rdsproduktf\u00f6rpackning mailer box anv\u00e4nder bl\u00e5tt och orange som huvudf\u00e4rgschema. Den starka kontrasten kan snabbt locka konsumenternas uppm\u00e4rksamhet. Den oregelbundna m\u00f6nsterdesignen kan ge varum\u00e4rket en avantgardistisk och personlig visuell etikett.<\/p>","protected":false},"featured_media":686,"template":"","meta":{"_kad_post_transparent":"default","_kad_post_title":"","_kad_post_layout":"default","_kad_post_sidebar_id":"","_kad_post_content_style":"default","_kad_post_vertical_padding":"default","_kad_post_feature":"","_kad_post_feature_position":"","_kad_post_header":false,"_kad_post_footer":false,"_kad_post_classname":""},"product_brand":[],"product_cat":[15,28,17],"product_tag":[245,244,246],"class_list":{"0":"post-683","1":"product","2":"type-product","3":"status-publish","4":"has-post-thumbnail","6":"product_cat-red-light-therapy","7":"product_cat-customize","8":"product_cat-services","9":"product_tag-custom-skincare-packaging","10":"product_tag-face-cream-packaging-box","11":"product_tag-face-cream-skincare-box-factory","13":"first","14":"instock","15":"shipping-taxable","16":"product-type-simple","17":"entry","18":"content-bg","19":"loop-entry"},"_links":{"self":[{"href":"https:\/\/red-lighttherapy.com\/sv\/wp-json\/wp\/v2\/product\/683","targetHints":{"allow":["GET"]}}],"collection":[{"href":"https:\/\/red-lighttherapy.com\/sv\/wp-json\/wp\/v2\/product"}],"about":[{"href":"https:\/\/red-lighttherapy.com\/sv\/wp-json\/wp\/v2\/types\/product"}],"wp:featuredmedia":[{"embeddable":true,"href":"https:\/\/red-lighttherapy.com\/sv\/wp-json\/wp\/v2\/media\/686"}],"wp:attachment":[{"href":"https:\/\/red-lighttherapy.com\/sv\/wp-json\/wp\/v2\/media?parent=683"}],"wp:term":[{"taxonomy":"product_brand","embeddable":true,"href":"https:\/\/red-lighttherapy.com\/sv\/wp-json\/wp\/v2\/product_brand?post=683"},{"taxonomy":"product_cat","embeddable":true,"href":"https:\/\/red-lighttherapy.com\/sv\/wp-json\/wp\/v2\/product_cat?post=683"},{"taxonomy":"product_tag","embeddable":true,"href":"https:\/\/red-lighttherapy.com\/sv\/wp-json\/wp\/v2\/product_tag?post=683"}],"curies":[{"name":"wp","href":"https:\/\/api.w.org\/{rel}","templated":true}]}}