{"id":678,"date":"2025-04-14T05:02:19","date_gmt":"2025-04-14T05:02:19","guid":{"rendered":"https:\/\/red-lighttherapy.com\/?post_type=product&#038;p=678"},"modified":"2025-04-14T05:19:39","modified_gmt":"2025-04-14T05:19:39","slug":"custom-tuck-top-holographic-paper-mailing-boxes-for-wigs","status":"publish","type":"product","link":"https:\/\/red-lighttherapy.com\/sv\/custom-tuck-top-holographic-paper-mailing-boxes-for-wigs\/","title":{"rendered":"Holografiska papperspostl\u00e5dor f\u00f6r peruker med anpassad Tuck Top"},"content":{"rendered":"<h2 id=\"1-multifunctional-integrated-mailer-box-structural-design-mailer-box-structural-optimization-\">1. Multifunktionell integrerad postbox strukturell design<\/h2>\n<p>Paketets huvuddel har en innovativ struktur med en postbox och locket som \u00f6ppnas och st\u00e4ngs kan vikas ut 180\u00b0 genom exakta veck, med h\u00e4nsyn tagen till perukens rituella k\u00e4nsla och praktiska transportm\u00f6jligheter. L\u00e5dans kropp \u00e4r utformad genom mekanisk ber\u00e4kning och metallkantelementen \u00e4r integrerade i h\u00f6rnen, vilket inte bara f\u00f6rb\u00e4ttrar tryckh\u00e5llfastheten utan ocks\u00e5 tillf\u00f6r l\u00e4tta lyxdetaljer. Efter uppvikning kan insidan av locket anv\u00e4ndas som ett visuellt f\u00f6rl\u00e4ngningsutrymme f\u00f6r varum\u00e4rket. Efter vikning minskas tjockleken med 60%, vilket \u00e4r perfekt anpassat till logistikscenen f\u00f6r e-handel.<\/p>\n<h2 id=\"2-the-visual-impact-of-the-holographic-paper-material-holographic-paper-material-innovation-\">2. Den visuella effekten av det holografiska pappersmaterialet<\/h2>\n<p>Lockets innerfoder anv\u00e4nder ett banbrytande holografiskt papper i full bredd (holografiskt papper) och den dynamiska regnb\u00e5gsljuseffekten uppn\u00e5s genom lamineringsteknik p\u00e5 nanoniv\u00e5. N\u00e4r konsumenterna \u00f6ppnar locket visar materialet en bl\u00e5\/lila\/rosa ljusfl\u00e4ck med gradient i takt med att vinkeln \u00e4ndras, vilket simulerar norrskenets fl\u00f6deseffekt, som \u00e4r mycket f\u00f6renlig med perukens modeattribut. Materialet \u00e4r speciellt f\u00f6rsett med en anti-repbel\u00e4ggning f\u00f6r att s\u00e4kerst\u00e4lla att den f\u00e4rgstarka effekten \u00e4r intakt under transport, och omvandlingsfrekvensen vid uppackning \u00e4r 2,3 g\u00e5nger branschriktm\u00e4rket.<\/p>\n<h2 id=\"3-deep-black-visual-identity-system\">3. Deep black visuellt identitetssystem<\/h2>\n<p>L\u00e5dans kropp antar den svarta standardf\u00e4rgen, och den ultimata svarta uppn\u00e5s genom \u00f6vertrycksprocessen, som djupt resonerar med de estetiska preferenserna hos m\u00e5lperukskunderna.<\/p>\n<h2 id=\"4-silver-hot-stamping-foil-technology\">4. Silver varm st\u00e4mpling folie teknik<\/h2>\n<p>Varum\u00e4rkeslogotypen anv\u00e4nder den tyska Kurz silver hot stamping-filmen, som \u00e4r exakt f\u00e4st. Typsnittets kant \u00e4r mycket skarp och bildar en neds\u00e4nkningseffekt av m\u00e5nsken p\u00e5 den svarta bakgrunden.<\/p>\n<h3 id=\"5-smart-folding-engineering\">5. Smart vikningsteknik<\/h3>\n<p>Den kan vikas flera g\u00e5nger och driftserfarenheten av \"formning p\u00e5 en sekund\" g\u00f6r att vikningslivet \u00f6verstiger 50 cykeltester, vilket \u00e4r l\u00e4mpligt f\u00f6r olika produktkombinationsbehov. Efter vikning komprimeras volymen till 22% av det ursprungliga tillst\u00e5ndet, och med den automatiserade f\u00f6rpackningslinjen kan den uppn\u00e5 h\u00f6ghastighetsf\u00f6rpackning p\u00e5 60 l\u00e5dor per minut.<\/p>","protected":false},"excerpt":{"rendered":"<p>Denna mailerbox \u00e4r tillverkad av wellpapp, som effektivt kan d\u00e4mpa st\u00f6tar under transport och skydda din perukf\u00f6rpackning. Holografiskt papper har extremt visuellt tilltal och st\u00e4rker varum\u00e4rkesminnet.<\/p>","protected":false},"featured_media":679,"template":"","meta":{"_kad_post_transparent":"default","_kad_post_title":"","_kad_post_layout":"default","_kad_post_sidebar_id":"","_kad_post_content_style":"default","_kad_post_vertical_padding":"default","_kad_post_feature":"","_kad_post_feature_position":"","_kad_post_header":false,"_kad_post_footer":false,"_kad_post_classname":""},"product_brand":[],"product_cat":[15,17],"product_tag":[242,243,241],"class_list":{"0":"post-678","1":"product","2":"type-product","3":"status-publish","4":"has-post-thumbnail","6":"product_cat-red-light-therapy","7":"product_cat-services","8":"product_tag-custom-holographic-boxes","9":"product_tag-holographic-box-packaging","10":"product_tag-mailing-boxes-for-wigs","12":"first","13":"instock","14":"shipping-taxable","15":"product-type-simple","16":"entry","17":"content-bg","18":"loop-entry"},"_links":{"self":[{"href":"https:\/\/red-lighttherapy.com\/sv\/wp-json\/wp\/v2\/product\/678","targetHints":{"allow":["GET"]}}],"collection":[{"href":"https:\/\/red-lighttherapy.com\/sv\/wp-json\/wp\/v2\/product"}],"about":[{"href":"https:\/\/red-lighttherapy.com\/sv\/wp-json\/wp\/v2\/types\/product"}],"wp:featuredmedia":[{"embeddable":true,"href":"https:\/\/red-lighttherapy.com\/sv\/wp-json\/wp\/v2\/media\/679"}],"wp:attachment":[{"href":"https:\/\/red-lighttherapy.com\/sv\/wp-json\/wp\/v2\/media?parent=678"}],"wp:term":[{"taxonomy":"product_brand","embeddable":true,"href":"https:\/\/red-lighttherapy.com\/sv\/wp-json\/wp\/v2\/product_brand?post=678"},{"taxonomy":"product_cat","embeddable":true,"href":"https:\/\/red-lighttherapy.com\/sv\/wp-json\/wp\/v2\/product_cat?post=678"},{"taxonomy":"product_tag","embeddable":true,"href":"https:\/\/red-lighttherapy.com\/sv\/wp-json\/wp\/v2\/product_tag?post=678"}],"curies":[{"name":"wp","href":"https:\/\/api.w.org\/{rel}","templated":true}]}}