{"id":668,"date":"2025-04-14T03:52:12","date_gmt":"2025-04-14T03:52:12","guid":{"rendered":"https:\/\/red-lighttherapy.com\/?post_type=product&#038;p=668"},"modified":"2025-04-14T04:06:16","modified_gmt":"2025-04-14T04:06:16","slug":"custom-cosmetics-lip-gloss-mailer-packaging-boxes-wholesale","status":"publish","type":"product","link":"https:\/\/red-lighttherapy.com\/sv\/custom-cosmetics-lip-gloss-mailer-packaging-boxes-wholesale\/","title":{"rendered":"Anpassad kosmetika l\u00e4ppglans Mailer f\u00f6rpackningsl\u00e5dor grossist"},"content":{"rendered":"<h2 id=\"customized-cosmetic-lip-gloss-mailing-box-mailer-box-product-description\">Anpassad kosmetisk l\u00e4ppglans postl\u00e5da Produktbeskrivning<\/h2>\n<h2 id=\"-1-integrated-folding-design-environmentally-friendly-and-efficient-\"><strong>1. Integrerad vikbar design, milj\u00f6v\u00e4nlig och effektiv<\/strong><\/h2>\n<p>Anv\u00e4nder innovativ flygplansboxstruktur,\u00a0<strong>integrerad vikning av gjutformar<\/strong>\u00a0uppn\u00e5s genom precisionssk\u00e4rningsprocess, och inget lim eller spik kr\u00e4vs f\u00f6r hj\u00e4lpmontering, och montering kan slutf\u00f6ras p\u00e5 3 sekunder. L\u00e5dans kroppsdesign tar h\u00e4nsyn till b\u00e5de strukturell stabilitet och bekv\u00e4m och montering, f\u00f6rb\u00e4ttrar f\u00f6rpackningseffektiviteten och minskar arbetskraftskostnaderna. Materialet \u00e4r 100% \u00e5tervunnen wellpapp, som \u00f6verensst\u00e4mmer med globala milj\u00f6skyddstrender och uppfyller lagstadgade krav f\u00f6r gr\u00f6na f\u00f6rpackningar i Mellan\u00f6stern...<\/p>\n<h2 id=\"-2-high-strength-pressure-resistant-material-all-round-protection-\"><strong>2. Tryckbest\u00e4ndigt material med h\u00f6g h\u00e5llfasthet, allround-skydd<\/strong><\/h2>\n<p>L\u00e5dans stomme \u00e4r tillverkad av <strong>wellpapp<\/strong>, med A\/B\/C-fl\u00f6jtkompositstrukturdesign (A-fl\u00f6jten har stark slagt\u00e5lighet, B-fl\u00f6jten har utm\u00e4rkt plattryckb\u00e4ring), och tryckh\u00e5llfastheten n\u00e5r branschledande niv\u00e5. Genom\u00a0<strong>teknik f\u00f6r inb\u00e4ddning av revben<\/strong>\u00a0(t.ex. bambufiber eller metallribbor) och n\u00e4tformad f\u00f6rst\u00e4rkning av fiberskiktet kan den motst\u00e5 staplingstryck och kollisioner under transport och effektivt skydda k\u00e4nsliga delar som l\u00e4ppglansflaskor och borsthuvuden.<\/p>\n<h2 id=\"-3-middle-eastern-style-geometric-pattern-design-to-enhance-brand-recognition-\"><strong>3. Geometrisk m\u00f6nsterdesign i Mellan\u00f6stern-stil f\u00f6r att \u00f6ka varum\u00e4rkesigenk\u00e4nningen<\/strong><\/h2>\n<p>Ytutskrift ing\u00e5r\u00a0<strong>Islamiska geometriska estetiska element<\/strong>I kombination med traditionella mosaikplattor, som \u00e5ttkantiga stj\u00e4rnor, sexkantiga symmetriska m\u00f6nster och arabiska kalligrafilinjer, har en design med b\u00e5de kulturellt djup och modernitet skapats. F\u00e4rgschemat h\u00e4nvisar till preferenserna p\u00e5 marknaden i Mellan\u00f6stern och anv\u00e4nder\u00a0<strong>varmt guld, m\u00f6rkbrunt, vinr\u00f6tt<\/strong>\u00a0och andra lyxiga toner, med delvis matt UV-bel\u00e4ggning f\u00f6r att framh\u00e4va produktens avancerade positionering.<\/p>\n<h2 id=\"-4-double-sided-printing-technology-environmental-protection-and-functionality-\"><strong>4. Dubbelsidig tryckteknik, milj\u00f6skydd och funktionalitet<\/strong><\/h2>\n<p>St\u00f6d\u00a0<strong>dubbelsidig utskrift i fullf\u00e4rg<\/strong>kan det inre lagret tryckas med varum\u00e4rkesber\u00e4ttelser, bruksanvisningar eller etiketter p\u00e5 flera spr\u00e5k, och det yttre lagret visar produktens k\u00e4rninformation och visuella m\u00f6nster f\u00f6r att maximera anv\u00e4ndningen av f\u00f6rpackningsutrymmet.\u00a0<strong>Vattenbaserat bl\u00e4ck<\/strong>\u00a0och\u00a0<strong>sojabaserad milj\u00f6v\u00e4nlig bel\u00e4ggning<\/strong>\u00a0anv\u00e4nds f\u00f6r att uppfylla EU:s milj\u00f6standard REACH. P\u00e5 samma g\u00e5ng,\u00a0<strong>digital tryckteknik<\/strong>\u00a0anv\u00e4nds f\u00f6r att s\u00e4kerst\u00e4lla att m\u00f6nstret inte har n\u00e5gon f\u00e4rgskillnad, tydliga kanter och att f\u00e4rgm\u00e4ttnaden \u00f6kas med 30%.<\/p>\n<h2 id=\"-5-high-definition-printing-technology-to-enhance-visual-communication-\"><strong>5. H\u00f6guppl\u00f6st tryckteknik f\u00f6r att f\u00f6rb\u00e4ttra den visuella kommunikationen<\/strong><\/h2>\n<p>Anv\u00e4ndning\u00a0<strong>Offsettryck + kall st\u00e4mplingsteknik<\/strong>\u00a0f\u00f6r att uppn\u00e5 0,1 mm precisionsm\u00f6nsterdetaljer, s\u00e5som metalltexturlogotyp, gradient l\u00e4ppglanseffekt etc. Genom\u00a0<strong>Kalibrering av Pantone-f\u00e4rgkort<\/strong>\u00a0och fyrf\u00e4rgsteknik f\u00f6r \u00f6vertryck, se till att varum\u00e4rkets f\u00e4rgnummer (t.ex. rosenr\u00f6d, korallorange) f\u00f6rblir konsekvent i olika partier f\u00f6r att undvika problem med f\u00e4rgskillnader. Ytan kan bearbetas med\u00a0<strong>pr\u00e4gling, lokal UV, frosting<\/strong>etc. f\u00f6r att f\u00f6rb\u00e4ttra den taktila upplevelsen och hyllans attraktionskraft.<\/p>\n<h2 id=\"-6-in-depth-customized-service-flexible-adaptation-needs-\"><strong>6. Djupg\u00e5ende anpassad service, flexibla anpassningsbehov<\/strong><\/h2>\n<ul>\n<li><strong>Anpassning av boxtyp<\/strong>: Tillhandah\u00e5lla standard flygplansl\u00e5da, l\u00e5dtyp, topp- och bottenskydd och andra strukturer, st\u00f6dja specialformad f\u00f6nsterdesign f\u00f6r att visa l\u00e4ppf\u00e4rgnummer.<\/li>\n<li><strong>Anpassning av storlek<\/strong>: Anpassning av h\u00f6jdintervallet 105-200 mm enligt l\u00e4ppglansspecifikationer (t.ex. 10 ml tunn tub eller 30 ml fettflaska) f\u00f6r att optimera transportutrymmet.<\/li>\n<li><strong>Materialuppgradering<\/strong>: Valfri aluminiumfilm fukts\u00e4ker kartong eller sockerr\u00f6rsfiber milj\u00f6v\u00e4nligt material f\u00f6r att anpassa sig till den h\u00f6ga temperaturen och luftfuktigheten i Mellan\u00f6stern.<\/li>\n<li><strong>Kombination av hantverk<\/strong>: St\u00f6d varmst\u00e4mpling, silketryck, pr\u00e4gling och annan superposition med flera hantverk f\u00f6r att m\u00f6ta de speciella behoven hos presentf\u00f6rpackningar med begr\u00e4nsad upplaga eller semester.<\/li>\n<\/ul>\n<h2 id=\"-7-cooperation-process-\"><strong>7. Samarbetsprocess<\/strong>:<\/h2>\n<ol>\n<li><strong>Bekr\u00e4ftelse av efterfr\u00e5gan<\/strong>: Ange produktstorlek, designutkast och kvantitet, f\u00e5 3D-strukturdiagram och materialprov.<\/li>\n<li><strong>Provtryckningstest<\/strong>: Leverera fysisk provl\u00e5da inom 7 arbetsdagar, inklusive rapport om dropptest och kompressionsmotst\u00e5nd.<\/li>\n<li><strong>Massproduktion<\/strong>: Minsta best\u00e4llning p\u00e5 1.000 stycken, st\u00f6d f\u00f6r FSC-certifierat papper och sp\u00e5rbarhetstj\u00e4nst f\u00f6r koldioxidavtryck.<\/li>\n<\/ol>\n<h2 id=\"-8-core-advantages-\"><strong>8. F\u00f6rdelar med k\u00e4rnverksamheten<\/strong>:<\/h2>\n<ul>\n<li><strong>Kostnadsoptimering<\/strong>: Integrerad struktur minskar 20%-f\u00f6rbrukningsartiklar och limfri design minskar risken f\u00f6r f\u00f6rvaring av f\u00f6roreningar.<\/li>\n<li><strong>Kulturell anpassning<\/strong>: Lokaliserat designteam i Mellan\u00f6stern f\u00f6r att s\u00e4kerst\u00e4lla att m\u00f6nster och f\u00e4rger \u00f6verensst\u00e4mmer med religi\u00f6sa och estetiska tabun.<\/li>\n<li><strong>Garanti f\u00f6r leveranskedjan<\/strong>: Egen fabrik godk\u00e4nd f\u00f6r ISO 9001\/BSCI-certifiering.<\/li>\n<\/ul>","protected":false},"excerpt":{"rendered":"<p>Denna postl\u00e5da antar en integrerad vikningsdesign, inget lim kr\u00e4vs, tar 3 sekunder att forma, och det h\u00f6gh\u00e5llfasta wellpappmaterialet har god tryckh\u00e5llfasthet f\u00f6r att skydda dina produkter fr\u00e5n skador. Det \u00e4r mycket l\u00e4mpligt f\u00f6r dina eteriska oljor, ansiktsmasker, l\u00e4ppglans och andra kosmetiska f\u00f6rpackningar.<\/p>","protected":false},"featured_media":669,"template":"","meta":{"_kad_post_transparent":"default","_kad_post_title":"","_kad_post_layout":"default","_kad_post_sidebar_id":"","_kad_post_content_style":"default","_kad_post_vertical_padding":"default","_kad_post_feature":"","_kad_post_feature_position":"","_kad_post_header":false,"_kad_post_footer":false,"_kad_post_classname":""},"product_brand":[],"product_cat":[15,28,17],"product_tag":[89,237,236],"class_list":{"0":"post-668","1":"product","2":"type-product","3":"status-publish","4":"has-post-thumbnail","6":"product_cat-red-light-therapy","7":"product_cat-customize","8":"product_cat-services","9":"product_tag-custom-cosmetics-packaging","10":"product_tag-custom-lip-gloss-boxes-wholesale","11":"product_tag-lip-gloss-mailer-boxes","13":"first","14":"instock","15":"shipping-taxable","16":"product-type-simple","17":"entry","18":"content-bg","19":"loop-entry"},"_links":{"self":[{"href":"https:\/\/red-lighttherapy.com\/sv\/wp-json\/wp\/v2\/product\/668","targetHints":{"allow":["GET"]}}],"collection":[{"href":"https:\/\/red-lighttherapy.com\/sv\/wp-json\/wp\/v2\/product"}],"about":[{"href":"https:\/\/red-lighttherapy.com\/sv\/wp-json\/wp\/v2\/types\/product"}],"wp:featuredmedia":[{"embeddable":true,"href":"https:\/\/red-lighttherapy.com\/sv\/wp-json\/wp\/v2\/media\/669"}],"wp:attachment":[{"href":"https:\/\/red-lighttherapy.com\/sv\/wp-json\/wp\/v2\/media?parent=668"}],"wp:term":[{"taxonomy":"product_brand","embeddable":true,"href":"https:\/\/red-lighttherapy.com\/sv\/wp-json\/wp\/v2\/product_brand?post=668"},{"taxonomy":"product_cat","embeddable":true,"href":"https:\/\/red-lighttherapy.com\/sv\/wp-json\/wp\/v2\/product_cat?post=668"},{"taxonomy":"product_tag","embeddable":true,"href":"https:\/\/red-lighttherapy.com\/sv\/wp-json\/wp\/v2\/product_tag?post=668"}],"curies":[{"name":"wp","href":"https:\/\/api.w.org\/{rel}","templated":true}]}}