{"id":663,"date":"2025-04-14T03:37:04","date_gmt":"2025-04-14T03:37:04","guid":{"rendered":"https:\/\/red-lighttherapy.com\/?post_type=product&#038;p=663"},"modified":"2025-04-14T03:51:59","modified_gmt":"2025-04-14T03:51:59","slug":"supplies-premium-quality-mailer-boxes-for-underwear-t-shirt","status":"publish","type":"product","link":"https:\/\/red-lighttherapy.com\/sv\/supplies-premium-quality-mailer-boxes-for-underwear-t-shirt\/","title":{"rendered":"F\u00f6rn\u00f6denheter Postboxar av h\u00f6gsta kvalitet f\u00f6r underkl\u00e4der T-Shirt"},"content":{"rendered":"<h2 id=\"-foldable-double-sided-hot-stamping-custom-airplane-box-\"><strong>Foldable Supplies Postboxar av h\u00f6gsta kvalitet f\u00f6r underkl\u00e4der T-Shirt<\/strong><\/h2>\n<h2 id=\"-1-sustainable-folding-design-new-experience-of-recycling-\"><strong>1. H\u00e5llbar vikbar design Ny erfarenhet av \u00e5tervinning<\/strong><\/h2>\n<p>Denna flygplansl\u00e5da har en patenterad vikbar struktur, genom precisionssp\u00e4nne och modul\u00e4r veckdesign kan den vikas och \u00e5teranv\u00e4ndas mer \u00e4n 10 g\u00e5nger utan skador. Efter utf\u00e4llning \u00e4r det en tredimensionell l\u00e5da (st\u00f6der standardstorlek p\u00e5 32<em>25<\/em>10 cm), och volymen reduceras till 1\/4 av originalstorleken efter vikning, vilket sparar lagringsutrymme (minskar lagringskostnaderna med 60% j\u00e4mf\u00f6rt med traditionella f\u00f6rpackningar). Med AA-klassat femskikts exportkartongmaterial n\u00e5r tryckh\u00e5llfastheten 2000 Newton, och den har ingen deformation efter extrem milj\u00f6testning fr\u00e5n -40 \u2103 till 80 \u2103, vilket \u00e4r l\u00e4mpligt f\u00f6r olika transportscenarier som sj\u00f6- och lufttransport.<\/p>\n<h2 id=\"-2-low-cost-and-efficient-production-intelligent-supply-chain-optimization-\"><strong>2. L\u00e5gkostnadsproduktion och effektiv produktion Intelligent optimering av leveranskedjan<\/strong><\/h2>\n<ul>\n<li><strong>Anpassning av automatiserad produktionslinje<\/strong>: Genom att anta helautomatisk stansning + vikning av integrerad utrustning n\u00e5r den dagliga produktionskapaciteten 200 000 stycken och arbetskraftskostnaden minskas med 45%;<\/li>\n<li><strong>Nollinventeringsl\u00e4ge<\/strong>: Anpassad produktionscykel p\u00e5 beg\u00e4ran \u00e4r 3-7 dagar, vilket st\u00f6der en minsta orderkvantitet p\u00e5 500 stycken, vilket lindrar det ekonomiska trycket.<\/li>\n<\/ul>\n<h2 id=\"-three-double-sided-printing-hot-stamping-technology-brand-visual-upgrade-\"><strong>3. Dubbelsidig utskrift + varm st\u00e4mplingsteknik varum\u00e4rke visuell uppgradering<\/strong><\/h2>\n<ul>\n<li><strong>Dubbelsidig utskrift med h\u00f6g uppl\u00f6sning<\/strong>: Med hj\u00e4lp av CMYK \/ Pantone-f\u00e4rgsystem med UV-lamineringsteknik n\u00e5r uppl\u00f6sningen 300 dpi, vilket st\u00f6der LOGO, produktparametrar, konstillustrationer och annan kombinationsdesign med flera element;<\/li>\n<li><strong>Tredimensionell teknik f\u00f6r varm st\u00e4mpling<\/strong>: Med hj\u00e4lp av tysk Kurz milj\u00f6v\u00e4nlig elektrokemisk aluminiumfolie \u00f6kar slitstyrkan hos lokal varmst\u00e4mplingstext \/ m\u00f6nster med 3 g\u00e5nger, ljusreflektiviteten n\u00e5r 90% och den visuella effekten \u00e4r j\u00e4mf\u00f6rbar med lyxvaruf\u00f6rpackningar;<\/li>\n<li><strong>Intelligent funktion f\u00f6r att motverka f\u00f6rfalskning<\/strong>: Valfria temperaturk\u00e4nsliga f\u00e4rgf\u00f6r\u00e4ndrande heta st\u00e4mplingsetiketter eller NFC-chipinb\u00e4ddning kan f\u00f6rb\u00e4ttra konsumentens interaktiva upplevelse.<\/li>\n<\/ul>\n<h2 id=\"-fourth-macaron-aesthetics-humanized-details-\"><strong>4. Macarons estetik + humaniserade detaljer<\/strong><\/h2>\n<ul>\n<li><strong>Design av huvudf\u00e4rg<\/strong>: Lavendeldimma med l\u00e5g m\u00e4ttnad \u00e4r huvudf\u00e4rgen och 5% gr\u00e5skala \u00e4r integrerad f\u00f6r att skapa en disig textur. Det uppm\u00e4tta visuella tilltalet \u00f6kas med 37%;<\/li>\n<li><strong>S\u00e4kerhetsrundade h\u00f6rn<\/strong>: Kanterna \u00e4r rundade + matt lamineringsprocess, och rept\u00e5ligheten \u00f6kas med 50%, som uppfyller EU:s barns\u00e4kerhetsstandarder;<\/li>\n<li><strong>Bekv\u00e4m \u00f6ppnings- och st\u00e4ngningsstruktur<\/strong>: magnetiskt lock + halkfri handtagsdesign, \u00f6ppning och st\u00e4ngning med en hand tar bara 0,5 sekunder, och anv\u00e4ndarunders\u00f6kningens tillfredsst\u00e4llelse n\u00e5dde 92%.<\/li>\n<\/ul>\n<h2 id=\"-v-customized-services-for-the-entire-industry-flexible-adaptation-scenarios-\"><strong>5. Skr\u00e4ddarsydda tj\u00e4nster f\u00f6r hela branschen - Flexibla anpassningsscenarier<\/strong><\/h2>\n<table>\n<thead>\n<tr>\n<th><strong>Anpassning av industrin<\/strong><\/th>\n<th><strong>Anpassade m\u00e5tt<\/strong><\/th>\n<th><strong>Display i fodral<\/strong><\/th>\n<\/tr>\n<\/thead>\n<tbody>\n<tr>\n<td>Underkl\u00e4desm\u00e4rke<\/td>\n<td>Inbyggd fukts\u00e4ker barri\u00e4r + h\u00e5l som andas<\/td>\n<td>Spets i fast l\u00e4ge + antibakteriellt foder<\/td>\n<\/tr>\n<tr>\n<td>Sportkl\u00e4der<\/td>\n<td>F\u00f6rst\u00e4rkt tryckt\u00e5lig struktur<\/td>\n<td>F\u00e4llbar f\u00f6rvaringsv\u00e4gg f\u00f6r yogakl\u00e4der<\/td>\n<\/tr>\n<tr>\n<td>Sk\u00f6nhet och personlig v\u00e5rd<\/td>\n<td>Ministorlek + spegel innerbox<\/td>\n<td>St\u00f6ts\u00e4ker p\u00e4rlbomullslucka f\u00f6r l\u00e4ppstift<\/td>\n<\/tr>\n<tr>\n<td>Anpassning av g\u00e5vor<\/td>\n<td>Specialformat f\u00f6nster + h\u00e5l f\u00f6r band<\/td>\n<td>Holiday limited varmst\u00e4mpling pr\u00e4glat m\u00f6nster<\/td>\n<\/tr>\n<\/tbody>\n<\/table>\n<p><strong>Milj\u00f6engagemang<\/strong>: Genom FSC-certifierat papper och vattenbaserad bl\u00e4ckteknik minskar koldioxidavtrycket med 42% j\u00e4mf\u00f6rt med traditionella f\u00f6rpackningar, och st\u00f6der 100% biologiskt nedbrytbar \u00e5tervinning.<\/p>\n<p><strong>Anpassa nu<\/strong>: Tillhandah\u00e5lla gratis designutkast\u00e4ndring, 48-timmars korrektur och globala DDP-logistiktj\u00e4nster, vilket g\u00f6r din varum\u00e4rkesf\u00f6rpackning till en tyst f\u00f6rs\u00e4ljningsambassad\u00f6r!<\/p>","protected":false},"excerpt":{"rendered":"<p>Denna postbox, med macaron lavender mist som huvudf\u00e4rg, kan vikas och \u00e5teranv\u00e4ndas flera g\u00e5nger, vilket minskar f\u00f6rbrukningen av eng\u00e5ngsf\u00f6rpackningar. Den har ett l\u00e5gt enhetspris under massproduktion, vilket sparar lagringsutrymme och transportkostnader. Vikningsoperationen \u00e4r enkel och arbetsbesparande.<\/p>","protected":false},"featured_media":664,"template":"","meta":{"_kad_post_transparent":"default","_kad_post_title":"","_kad_post_layout":"default","_kad_post_sidebar_id":"","_kad_post_content_style":"default","_kad_post_vertical_padding":"default","_kad_post_feature":"","_kad_post_feature_position":"","_kad_post_header":false,"_kad_post_footer":false,"_kad_post_classname":""},"product_brand":[],"product_cat":[15,30,17],"product_tag":[233,235,234],"class_list":{"0":"post-663","1":"product","2":"type-product","3":"status-publish","4":"has-post-thumbnail","6":"product_cat-red-light-therapy","7":"product_cat-dropshipping","8":"product_cat-services","9":"product_tag-premium-quality-mailer-boxes","10":"product_tag-supplies-shipping-t-shirt","11":"product_tag-underwear-mailer-boxes","13":"first","14":"instock","15":"shipping-taxable","16":"product-type-simple","17":"entry","18":"content-bg","19":"loop-entry"},"_links":{"self":[{"href":"https:\/\/red-lighttherapy.com\/sv\/wp-json\/wp\/v2\/product\/663","targetHints":{"allow":["GET"]}}],"collection":[{"href":"https:\/\/red-lighttherapy.com\/sv\/wp-json\/wp\/v2\/product"}],"about":[{"href":"https:\/\/red-lighttherapy.com\/sv\/wp-json\/wp\/v2\/types\/product"}],"wp:featuredmedia":[{"embeddable":true,"href":"https:\/\/red-lighttherapy.com\/sv\/wp-json\/wp\/v2\/media\/664"}],"wp:attachment":[{"href":"https:\/\/red-lighttherapy.com\/sv\/wp-json\/wp\/v2\/media?parent=663"}],"wp:term":[{"taxonomy":"product_brand","embeddable":true,"href":"https:\/\/red-lighttherapy.com\/sv\/wp-json\/wp\/v2\/product_brand?post=663"},{"taxonomy":"product_cat","embeddable":true,"href":"https:\/\/red-lighttherapy.com\/sv\/wp-json\/wp\/v2\/product_cat?post=663"},{"taxonomy":"product_tag","embeddable":true,"href":"https:\/\/red-lighttherapy.com\/sv\/wp-json\/wp\/v2\/product_tag?post=663"}],"curies":[{"name":"wp","href":"https:\/\/api.w.org\/{rel}","templated":true}]}}