{"id":658,"date":"2025-04-14T03:25:35","date_gmt":"2025-04-14T03:25:35","guid":{"rendered":"https:\/\/red-lighttherapy.com\/?post_type=product&#038;p=658"},"modified":"2025-04-14T03:36:55","modified_gmt":"2025-04-14T03:36:55","slug":"custom-mailer-boxes-for-shirt-dress-underwear-shirt-package","status":"publish","type":"product","link":"https:\/\/red-lighttherapy.com\/sv\/custom-mailer-boxes-for-shirt-dress-underwear-shirt-package\/","title":{"rendered":"Anpassade postl\u00e5dor f\u00f6r skjorta kl\u00e4nning underkl\u00e4der skjorta paket"},"content":{"rendered":"<h2 id=\"summer-holiday-series-customized-packaging-box-product-description\">Sommarsemester anpassade postl\u00e5dor f\u00f6r skjorta kl\u00e4nning underkl\u00e4der skjorta paket<\/h2>\n<h2 id=\"1-innovative-structure-and-convenient-design\">1. Innovativ struktur och bekv\u00e4m design<\/h2>\n<ol>\n<li><strong>Integrerad vikning Formning<\/strong>\u00a0Denna flygplansl\u00e5da antar en patenterad integrerad vikningsdesign, som inte kr\u00e4ver lim eller spikar, och kan snabbt monteras genom f\u00f6rpressade veck och sp\u00e4nnstrukturer. Anv\u00e4ndare kan slutf\u00f6ra tredimensionell gjutning p\u00e5 bara 10 sekunder, vilket \u00e4r s\u00e4rskilt l\u00e4mpligt f\u00f6r de effektiva sorterings- och f\u00f6rpackningsbehoven hos e-handel och kl\u00e4dm\u00e4rken. Efter att l\u00e5dan har vecklats ut bildar den en sexsidig stabil struktur och det inre utrymmet \u00e4r vetenskapligt uppdelat, vilket perfekt passar olika storlekar p\u00e5 varor som skjortor och kl\u00e4nningar.<\/li>\n<li><strong>L\u00e4tt f\u00f6rvaring och effektiv transport<\/strong>\u00a0Tjockleken \u00e4r endast 5 mm i plant tillst\u00e5nd och volymkompressionshastigheten \u00e4r 80%, vilket avsev\u00e4rt minskar lager- och logistikkostnaderna. Efter vikning och stapling av transport kan mer \u00e4n 50% utrymme sparas, vilket \u00e4r s\u00e4rskilt l\u00e4mpligt f\u00f6r de flexibla lagerbehoven f\u00f6r gr\u00e4ns\u00f6verskridande e-handel och s\u00e4songsbetonade hot-selling-produkter.<\/li>\n<\/ol>\n<h2 id=\"2-visual-aesthetics-and-brand-impression\">2. Visuell estetik och varum\u00e4rkesintryck<\/h2>\n<ol>\n<li><strong>Visuell design f\u00f6r sommartema<\/strong>\u00a0Huvudf\u00e4rgen p\u00e5 l\u00e5dans kropp \u00e4r mjuk dimma ljusrosa, med ljusgula citronkluster, m\u00f6rkgr\u00f6na gradientgrenar och l\u00f6v och vita blomm\u00f6nster, inspirerade av Medelhavets semesterstil. Den yttre sidan anv\u00e4nder dubbelsidig tryckteknik och bladen simulerar ljus- och skuggeffekten genom gradient m\u00f6rkgr\u00f6n, vilket ger f\u00f6rpackningen en dynamisk tredimensionell k\u00e4nsla; citronklustret anv\u00e4nder punkttryck med h\u00f6g precision f\u00f6r att presentera en transparent struktur under solen.<\/li>\n<li><strong>Information om inre lager och fusion av illustrationer<\/strong>\u00a0L\u00e5dans insida \u00e4r tryckt med en minimalistisk dryckesillustration i linjestil, kombinerad med varum\u00e4rkets LOGO, tv\u00e4ttinstruktioner och milj\u00f6skyddsslogans, som p\u00e5 ett smart s\u00e4tt f\u00f6rmedlar varum\u00e4rkets kultur. Illustrationen anv\u00e4nder l\u00e5gm\u00e4ttade toner f\u00f6r att skapa en visuell balans med det kontrastrika m\u00f6nstret p\u00e5 utsidan, vilket ger anv\u00e4ndarna en dubbel \u00f6verraskningsupplevelse n\u00e4r de packar upp.<\/li>\n<\/ol>\n<h2 id=\"3-protection-performance-and-environmentally-friendly-materials\">3. Skyddsprestanda och milj\u00f6v\u00e4nliga material<\/h2>\n<ol>\n<li><strong>Buffertstruktur med h\u00f6g h\u00e5llfasthet<\/strong>\u00a0Den kompositwellpapp som anv\u00e4nds har en tryckh\u00e5llfasthet p\u00e5 8000N\/m\u00b2, vilket g\u00f6r att den kan st\u00e5 emot kl\u00e4m- och fallskador under transport. F\u00f6rst\u00e4rkningsribborna i form av bikakestrukturer l\u00e4ggs till inuti l\u00e5dan, i kombination med kantf\u00f6rpackningsprocessen f\u00f6r att ytterligare sprida trycket och minska risken f\u00f6r att produkten skrynklas eller skadas.<\/li>\n<li><strong>Milj\u00f6v\u00e4nliga och \u00e5tervinningsbara material<\/strong>\u00a0Kartongen \u00e4r FSC-certifierad och tryckt med vattenbaserat bl\u00e4ck som uppfyller s\u00e4kerhetskraven f\u00f6r livsmedel. Den tomma l\u00e5dan kan 100% \u00e5tervinnas och brytas ned och kan ocks\u00e5 \u00e5teranv\u00e4ndas som f\u00f6rvaringsl\u00e5da, vilket ligger i linje med trenden med gr\u00f6na f\u00f6rpackningar.<\/li>\n<\/ol>\n<h2 id=\"iv-personalized-customization-service\">4. Personlig anpassningstj\u00e4nst<\/h2>\n<ol>\n<li><strong>Fulldimensionell flexibel anpassning<\/strong>\u00a0St\u00f6djer djupg\u00e5ende anpassning av storlek, l\u00e5dtyp och m\u00f6nster:<\/li>\n<li><strong>Matchande storlek<\/strong>: Utforma exklusivt foder enligt parametrar som skjortkragens omkrets och kl\u00e4nningsl\u00e4ngd f\u00f6r att f\u00f6rhindra att produkten skakar;<\/li>\n<li><strong>Funktionsexpansion<\/strong>: Transparenta f\u00f6nster (PET-material), bandhandtag eller magnetiska f\u00f6rslutningar kan l\u00e4ggas till f\u00f6r att \u00f6ka k\u00e4nslan av uppackningsceremoni;<\/li>\n<li><strong>Implantation av varum\u00e4rkeselement<\/strong>: St\u00f6d varmst\u00e4mpling, UV-pr\u00e4gling, laserh\u00e5ltagning och andra processer f\u00f6r att f\u00f6rb\u00e4ttra varum\u00e4rkesigenk\u00e4nningen.<\/li>\n<\/ol>\n<h2 id=\"v-applicable-scenarios-and-user-value\">5. Till\u00e4mpliga scenarier och anv\u00e4ndarv\u00e4rde<\/h2>\n<ul>\n<li><strong>Logistik f\u00f6r e-handel<\/strong>: Minska frakt av enstaka delar genom l\u00e4ttviktsdesign och h\u00f6gh\u00e5llfast struktur som anpassar sig till gr\u00e4ns\u00f6verskridande l\u00e5ngdistanstransporter;<\/li>\n<li><strong>Butikens display<\/strong>: Utformningen av b\u00e5de insidan och utsidan kan visas direkt som en presentf\u00f6rpackning, vilket minskar sekund\u00e4rt f\u00f6rpackningsavfall;<\/li>\n<li><strong>Anv\u00e4ndarupplevelse<\/strong>: N\u00e4r du \u00f6ppnar l\u00e5dan bildar citronm\u00f6nstret och dryckesillustrationen en \"semesterdryck\" -association, vilket f\u00f6rst\u00e4rker varum\u00e4rkets minnespunkt.<\/li>\n<\/ul>","protected":false},"excerpt":{"rendered":"<p>Denna postbox har en integrerad vikningsdesign och kan monteras p\u00e5 n\u00e5gra sekunder utan lim eller spik. Den \u00e4r liten n\u00e4r den ligger platt, vilket g\u00f6r den l\u00e4tt att f\u00f6rvara och transportera. Den bildar en stabil tredimensionell struktur n\u00e4r den viks ut. Den \u00e4r mycket l\u00e4mplig f\u00f6r skjortor, kl\u00e4nningar, underkl\u00e4der och skjortf\u00f6rpackningar.<\/p>","protected":false},"featured_media":659,"template":"","meta":{"_kad_post_transparent":"default","_kad_post_title":"","_kad_post_layout":"default","_kad_post_sidebar_id":"","_kad_post_content_style":"default","_kad_post_vertical_padding":"default","_kad_post_feature":"","_kad_post_feature_position":"","_kad_post_header":false,"_kad_post_footer":false,"_kad_post_classname":""},"product_brand":[],"product_cat":[15,30,17],"product_tag":[231,230,232],"class_list":{"0":"post-658","1":"product","2":"type-product","3":"status-publish","4":"has-post-thumbnail","6":"product_cat-red-light-therapy","7":"product_cat-dropshipping","8":"product_cat-services","9":"product_tag-custom-shipping-dress-boxes","10":"product_tag-mailer-boxes-for-shirt","11":"product_tag-underwear-shirt-packaging-boxes","13":"first","14":"instock","15":"shipping-taxable","16":"product-type-simple","17":"entry","18":"content-bg","19":"loop-entry"},"_links":{"self":[{"href":"https:\/\/red-lighttherapy.com\/sv\/wp-json\/wp\/v2\/product\/658","targetHints":{"allow":["GET"]}}],"collection":[{"href":"https:\/\/red-lighttherapy.com\/sv\/wp-json\/wp\/v2\/product"}],"about":[{"href":"https:\/\/red-lighttherapy.com\/sv\/wp-json\/wp\/v2\/types\/product"}],"wp:featuredmedia":[{"embeddable":true,"href":"https:\/\/red-lighttherapy.com\/sv\/wp-json\/wp\/v2\/media\/659"}],"wp:attachment":[{"href":"https:\/\/red-lighttherapy.com\/sv\/wp-json\/wp\/v2\/media?parent=658"}],"wp:term":[{"taxonomy":"product_brand","embeddable":true,"href":"https:\/\/red-lighttherapy.com\/sv\/wp-json\/wp\/v2\/product_brand?post=658"},{"taxonomy":"product_cat","embeddable":true,"href":"https:\/\/red-lighttherapy.com\/sv\/wp-json\/wp\/v2\/product_cat?post=658"},{"taxonomy":"product_tag","embeddable":true,"href":"https:\/\/red-lighttherapy.com\/sv\/wp-json\/wp\/v2\/product_tag?post=658"}],"curies":[{"name":"wp","href":"https:\/\/api.w.org\/{rel}","templated":true}]}}