{"id":652,"date":"2025-04-14T03:15:00","date_gmt":"2025-04-14T03:15:00","guid":{"rendered":"https:\/\/red-lighttherapy.com\/?post_type=product&#038;p=652"},"modified":"2025-04-14T03:25:26","modified_gmt":"2025-04-14T03:25:26","slug":"elegant-custom-bracelets-necklace-packaging-boxes-wholesale","status":"publish","type":"product","link":"https:\/\/red-lighttherapy.com\/sv\/elegant-custom-bracelets-necklace-packaging-boxes-wholesale\/","title":{"rendered":"Eleganta anpassade armband halsband f\u00f6rpackningsl\u00e5dor grossist"},"content":{"rendered":"<h2><strong>Produktbeskrivning av Elegant anpassad smycken armband halsband l\u00e5da f\u00f6rpackningsl\u00e5dor grossist<\/strong><\/h2>\n<p>Inom smyckesindustrin \u00e4r f\u00f6rpackningen inte bara en beh\u00e5llare f\u00f6r smycken, utan ocks\u00e5 en f\u00f6rl\u00e4ngning av varum\u00e4rkets stil och anv\u00e4ndarupplevelse. F\u00f6r <strong>minimalistiskt smyckeskrin med lock och bas<\/strong>\u00a0som vi har skapat med stor omsorg \u00e4r inriktad p\u00e5 hantverk och estetisk design, perfekt anpassad till flera smyckeskategorier som armband, halsband och \u00f6rh\u00e4ngen, vilket ger dina produkter ett h\u00f6gre merv\u00e4rde.<\/p>\n<h2 id=\"-1-minimalist-shape-universal-adaptation-\"><strong>1. Minimalistisk form, universell anpassning<\/strong><\/h2>\n<p>Den klassiska l\u00e5dan med lock och topp \u00e4r utformad med enkla och rena linjer, utan \u00f6verfl\u00f6diga dekorationer, och \u00e4r l\u00e4mplig f\u00f6r smycken i olika storlekar och former. De \u00f6vre och nedre locken passar exakt, och \u00f6ppnings- och st\u00e4ngningsutrymmet visar en k\u00e4nsla av ritual. Den lutande lockdesignen \u00e4r bekv\u00e4m f\u00f6r visning, oavsett om det \u00e4r diskdisplay eller onlinefotografering, den kan intuitivt presentera de bl\u00e4ndande detaljerna i smycken.<\/p>\n<h2 id=\"-2-color-aesthetics-classic-eye-catching-\"><strong>2. F\u00e4rgestetik, klassiskt i\u00f6gonfallande<\/strong><\/h2>\n<p>L\u00e5dans stomme \u00e4r huvudsakligen i beige och ljust guld, med en mjuk och elegant l\u00e5gm\u00e4ld lyx som kompletterar smyckenas metalliska lyster. Det r\u00f6da bandet anv\u00e4nds som en sista touch, som inte bara forts\u00e4tter den rituella k\u00e4nslan av den traditionella presentf\u00f6rpackningen utan ocks\u00e5 f\u00f6rb\u00e4ttrar den visuella effekten genom kontrasterande f\u00e4rger. Bandet kan anpassas f\u00f6r att skriva ut varum\u00e4rkeslogotypen, vilket kan st\u00e4rka varum\u00e4rkets minnespunkt fr\u00e5n detaljerna och f\u00f6rb\u00e4ttra exponeringen.<\/p>\n<h2 id=\"-three-lining-technology-double-protection-\"><strong>3. Foderteknik, dubbelt skydd<\/strong><\/h2>\n<p>L\u00e5dan \u00e4r fodrad med svart sammet, som \u00e4r k\u00e4nslig och mjuk, effektivt halkfri och st\u00f6tt\u00e5lig, och f\u00f6rhindrar att smyckena skadas av friktion och skakning under transport eller visning. Den djupsvarta bakgrunden framh\u00e4ver smyckenas briljans och den visuella niv\u00e5n \u00e4r tydlig, vilket ytterligare framh\u00e4ver produktens avancerade struktur.<\/p>\n<h2 id=\"-fourth-light-and-environmentally-friendly-practical-and-convenient-\"><strong>4. L\u00e4tt och milj\u00f6v\u00e4nlig, praktisk och bekv\u00e4m<\/strong><\/h2>\n<p>L\u00e5dans stomme \u00e4r tillverkad av l\u00e4tt milj\u00f6v\u00e4nlig kartong, som kombinerar fasthet och b\u00e4rbarhet, har utm\u00e4rkt tryckmotst\u00e5nd, kan \u00e5teranv\u00e4ndas och \u00f6verensst\u00e4mmer med h\u00e5llbarhetsbegreppet. Den uts\u00f6kta storleksdesignen g\u00f6r det enkelt att b\u00e4ra eller f\u00f6rvara som en f\u00f6rvaringsl\u00e5da under l\u00e5ng tid, vilket f\u00f6rl\u00e4nger f\u00f6rpackningens livscykel och minskar resursavfallet.<\/p>\n<h2 id=\"-five-brand-empowerment-value-upgrade-\"><strong>5. St\u00e4rkande av varum\u00e4rket, uppgradering av v\u00e4rdet<\/strong><\/h2>\n<p>Sj\u00e4lva f\u00f6rpackningsl\u00e5dan kan ges som en oberoende g\u00e5va f\u00f6r att f\u00f6rb\u00e4ttra kundens unboxing-upplevelse och varum\u00e4rkets gynnsamhet. Fr\u00e5n bandlogotyp till l\u00e5dans heta st\u00e4mplingsprocess kan varje detalj integreras med varum\u00e4rkesspecifika element (s\u00e5som LOGO varmst\u00e4mpling \/ varmt silver, silkessk\u00e4rm etc.) f\u00f6r att bilda differentierade visuella symboler och hj\u00e4lpa varum\u00e4rkesbilden att bos\u00e4tta sig.<\/p>\n<h2 id=\"-six-customized-service-flexible-and-efficient-\"><strong>6. Kundanpassad service, flexibel och effektiv<\/strong><\/h2>\n<p>St\u00f6djer sm\u00e5 seriebest\u00e4llningar (500 stycken f\u00f6r en enda modell) och erbjuder diversifierade processalternativ:<\/p>\n<ul>\n<li><strong>Anpassning av LOGO<\/strong>: bandtryck, varmst\u00e4mpling av l\u00e5dor, lasergravyr och andra processer f\u00f6r att uppfylla varum\u00e4rkets personliga behov;<\/li>\n<li><strong>Snabb korrekturl\u00e4sning<\/strong>: 2-3 dagar f\u00f6r att slutf\u00f6ra provproduktion, batchproduktionscykel 7-14 dagar, flexibel matchande f\u00f6rs\u00e4ljningsrytm;<\/li>\n<li><strong>Global anpassning<\/strong>: Uppfyller europeiska och amerikanska milj\u00f6skyddsstandarder (t.ex. ingen tungmetallbel\u00e4ggning, \u00e5tervinningsbara material), l\u00e4mplig f\u00f6r gr\u00e4ns\u00f6verskridande export.<\/li>\n<\/ul>\n<h2 id=\"-conclusion-\"><strong>Slutsats<\/strong><\/h2>\n<p>Denna smyckesf\u00f6rpackningsl\u00e5da med topp- och bottenskydd, med minimalistisk estetik och praktiska funktioner som k\u00e4rnan, f\u00f6rb\u00e4ttrar helt\u00e4ckande marknadens konkurrenskraft f\u00f6r smyckesprodukter fr\u00e5n vision, ber\u00f6ring till varum\u00e4rkesv\u00e4rde. Oavsett om det \u00e4r en varum\u00e4rkesspecifik f\u00f6rpackning eller en oberoende g\u00e5va, kan den bli en synonym f\u00f6r \"uts\u00f6kthet och kvalitet\" i konsumenternas hj\u00e4rtan. Med v\u00e4nliga h\u00e4lsningar inbjuder dig att samarbeta och uppn\u00e5 varum\u00e4rkesh\u00f6jd med detaljer!<\/p>","protected":false},"excerpt":{"rendered":"<p>L\u00e5dans kropp \u00e4r beige och ljusguld med ett r\u00f6tt band, vilket \u00e4r klassiskt, elegant och i\u00f6gonfallande. Den minimalistiska formen \u00e4r l\u00e4mplig f\u00f6r en m\u00e4ngd olika smyckeskategorier som halsband, armband och \u00f6rh\u00e4ngen.<\/p>","protected":false},"featured_media":653,"template":"","meta":{"_kad_post_transparent":"default","_kad_post_title":"","_kad_post_layout":"default","_kad_post_sidebar_id":"","_kad_post_content_style":"default","_kad_post_vertical_padding":"default","_kad_post_feature":"","_kad_post_feature_position":"","_kad_post_header":false,"_kad_post_footer":false,"_kad_post_classname":""},"product_brand":[],"product_cat":[15,19,17],"product_tag":[227,228,229],"class_list":{"0":"post-652","1":"product","2":"type-product","3":"status-publish","4":"has-post-thumbnail","6":"product_cat-red-light-therapy","7":"product_cat-red-light-therapy-stand","8":"product_cat-services","9":"product_tag-custom-bracelets-packaging-boxes","10":"product_tag-necklace-packaging-boxes-wholesale","11":"product_tag-ribbon-jewelry-boxes","13":"first","14":"instock","15":"shipping-taxable","16":"product-type-simple","17":"entry","18":"content-bg","19":"loop-entry"},"_links":{"self":[{"href":"https:\/\/red-lighttherapy.com\/sv\/wp-json\/wp\/v2\/product\/652","targetHints":{"allow":["GET"]}}],"collection":[{"href":"https:\/\/red-lighttherapy.com\/sv\/wp-json\/wp\/v2\/product"}],"about":[{"href":"https:\/\/red-lighttherapy.com\/sv\/wp-json\/wp\/v2\/types\/product"}],"wp:featuredmedia":[{"embeddable":true,"href":"https:\/\/red-lighttherapy.com\/sv\/wp-json\/wp\/v2\/media\/653"}],"wp:attachment":[{"href":"https:\/\/red-lighttherapy.com\/sv\/wp-json\/wp\/v2\/media?parent=652"}],"wp:term":[{"taxonomy":"product_brand","embeddable":true,"href":"https:\/\/red-lighttherapy.com\/sv\/wp-json\/wp\/v2\/product_brand?post=652"},{"taxonomy":"product_cat","embeddable":true,"href":"https:\/\/red-lighttherapy.com\/sv\/wp-json\/wp\/v2\/product_cat?post=652"},{"taxonomy":"product_tag","embeddable":true,"href":"https:\/\/red-lighttherapy.com\/sv\/wp-json\/wp\/v2\/product_tag?post=652"}],"curies":[{"name":"wp","href":"https:\/\/api.w.org\/{rel}","templated":true}]}}