{"id":646,"date":"2025-04-14T03:00:46","date_gmt":"2025-04-14T03:00:46","guid":{"rendered":"https:\/\/red-lighttherapy.com\/?post_type=product&#038;p=646"},"modified":"2025-04-14T03:14:46","modified_gmt":"2025-04-14T03:14:46","slug":"wholesale-custom-luxury-round-shaped-perfume-with-insert","status":"publish","type":"product","link":"https:\/\/red-lighttherapy.com\/sv\/wholesale-custom-luxury-round-shaped-perfume-with-insert\/","title":{"rendered":"Partihandel Anpassad lyx Rundformad parfym med insats"},"content":{"rendered":"<h2 id=\"-product-description-of-customized-luxury-round-perfume-box-\"><strong>Produktbeskrivning av skr\u00e4ddarsydd lyxig rund parfyml\u00e5da<\/strong><\/h2>\n<p>Genom att kombinera den estetiska trenden och de praktiska behoven hos avancerade parfymf\u00f6rpackningar f\u00f6ljer h\u00e4r en detaljerad designbeskrivning av den skr\u00e4ddarsydda runda parfyml\u00e5dan, som kombinerar konstn\u00e4rskap och funktionalitet f\u00f6r att m\u00f6ta varum\u00e4rkets differentierade positionering:<\/p>\n<h2 id=\"1-ingenious-structural-design-combination-of-geometric-aesthetics-and-ergonomics-\">1.\u00a0<strong>Genialisk strukturell design: Kombination av geometrisk estetik och ergonomi<\/strong><\/h2>\n<ul>\n<li><strong>Symmetrisk cylindrisk form<\/strong>: Cylinderkroppen och det runda locket antar det gyllene f\u00f6rh\u00e5llandet h\u00f6jdskillnad (t.ex. cylinderh\u00f6jd 12 cm \/ t\u00e4ckh\u00f6jd 3 cm), vilket bildar en visuell k\u00e4nsla av balans, den \u00f6vre n\u00e5got konvexa b\u00e5gytan och den nedre in\u00e5triktade linjen eko, vilket \u00e5terspeglar den minimalistiska estetiken.<\/li>\n<li><strong>Optimerad greppkomfort<\/strong>: Den cylindriska cylinderkroppen antar en b\u00e5ge med en diameter p\u00e5 5,5 cm, som passar kurvan f\u00f6r asiatiska kvinnors handflator. Den \u00e4r stabil att h\u00e5lla med en hand och \u00f6ppningen och st\u00e4ngningen \u00e4r smidig och motst\u00e5ndsfri, vilket f\u00f6rb\u00e4ttrar anv\u00e4ndarupplevelsen.<\/li>\n<\/ul>\n<h2 id=\"2-inner-lining-material-and-protective-function-technology-empowers-quality-assurance-\">2.\u00a0<strong>Material f\u00f6r innerfoder och skyddsfunktion: Tekniken ger m\u00f6jlighet till kvalitetss\u00e4kring<\/strong><\/h2>\n<ul>\n<li><strong>Inre lager mot genomtr\u00e4ngning<\/strong>: Insidan av pipan anv\u00e4nder en ljusgr\u00e5 PE-bel\u00e4ggning av livsmedelskvalitet (tjocklek 0,8 mm), som \u00e4r sl\u00e4t och s\u00f6ml\u00f6s, vilket effektivt isolerar v\u00e4tskeintr\u00e4ngning och f\u00f6rhindrar att parfym f\u00f6r\u00e5ngas eller l\u00e4cker ut. Samtidigt f\u00f6rl\u00e4nger den anti-ultravioletta designen parfymens h\u00e5llbarhet.<\/li>\n<li><strong>Milj\u00f6v\u00e4nlig ytterv\u00e4gg av bestruket papper<\/strong>: Det yttre lagret best\u00e5r av 450 g\/m\u00b2 bestruket papper med h\u00f6g densitet och en matt film p\u00e5 ytan som ger en k\u00e4nslig k\u00e4nsla och \u00e4r rept\u00e5ligt. Det uppfyller FSC:s milj\u00f6certifiering och klarar upprepad \u00f6ppning och st\u00e4ngning mer \u00e4n 500 g\u00e5nger utan att deformeras.<\/li>\n<\/ul>\n<h2 id=\"3-artistic-design-language-floral-elements-interpret-the-brand-story-\">3.\u00a0<strong>Konstn\u00e4rligt formspr\u00e5k: Blommiga element tolkar varum\u00e4rkets historia<\/strong><\/h2>\n<ul>\n<li><strong>Hantverk i tredimensionell relief<\/strong>: L\u00e5dans kropp \u00e4r baserad p\u00e5 f\u00e4rgsystemet och anv\u00e4nder varmst\u00e4mpling + UV-reliefteknik f\u00f6r att presentera blommiga grenar och fruktm\u00f6nster (som liljekonvalj, ros etc.). Noggrannheten i grenarnas och bladens vener n\u00e5r 0,1 mm, och den matchas med en matt texturbakgrund f\u00f6r att skapa en fr\u00e4sch och litter\u00e4r atmosf\u00e4r.<\/li>\n<li><strong>Temadesign med flera versioner<\/strong>: Tillhandah\u00e5lla serier som \"Four Seasons Flower Language\" och \"Secret Garden\". V\u00e5rversionen \u00e4r huvudsakligen baserad p\u00e5 de dynamiska linjerna av k\u00f6rsb\u00e4rsblommor som faller, och vinterversionen inneh\u00e5ller sn\u00f6flinga kristallsnidningsteknik f\u00f6r att f\u00f6rb\u00e4ttra samlingsv\u00e4rdet och scenanpassningen.<\/li>\n<\/ul>\n<h2 id=\"iv-brand-logo-system-strengthen-visual-unity-\">4. <strong>System f\u00f6r varum\u00e4rkeslogotyp: St\u00e4rka visuell enhetlighet<\/strong><\/h2>\n<ul>\n<li><strong>Integrerad varum\u00e4rkeslogotyp<\/strong>: Varum\u00e4rkets LOGO kan lasergraveras mitt p\u00e5 lockets ovansida (st\u00f6der varmst\u00e4mpling av metallfolie eller 3D-reliefutskrift), och ett 10 cm \u00d7 3 cm logotypomr\u00e5de \u00e4r reserverat p\u00e5 sidan av pipan, vilket st\u00f6der anpassning av QR-kod \/ varum\u00e4rkesslogan f\u00f6r att associera varum\u00e4rkesbilden.<\/li>\n<li><strong>St\u00f6d f\u00f6r visuell f\u00f6rl\u00e4ngning<\/strong>: Ge samma serie presentp\u00e5sar, band och gratulationskort, m\u00f6nsterelementen \u00f6verensst\u00e4mmer med huvudl\u00e5dan och bildar ett komplett varum\u00e4rkesvisuellt system.<\/li>\n<\/ul>\n<h2 id=\"v-customized-production-service-advantages-of-china-s-source-factory-\">5. <strong>Anpassad produktionstj\u00e4nst: F\u00f6rdelar med Kinas k\u00e4llfabrik<\/strong><\/h2>\n<ul>\n<li><strong>Flexibel anpassningsplan<\/strong>: St\u00f6dbest\u00e4llning fr\u00e5n 500 stycken, ge personliga justeringar som storlek (diameter 5-15 cm), f\u00e4rg (Pantone f\u00e4rgkort exakt matchning), foderpartition (flerflaskigt partitionsskikt) etc. och snabb korrektur och leverans p\u00e5 15 dagar.<\/li>\n<li><strong>System f\u00f6r kvalitetskontroll<\/strong>: Godk\u00e4nd ISO 9001-certifiering, med hj\u00e4lp av helautomatiska stansmaskiner och kvalitetsinspektionslinjer f\u00f6r att s\u00e4kerst\u00e4lla att l\u00e5dkroppsfelet \u00e4r \u22640,2 mm och brottfrekvensen \u00e4r mindre \u00e4n 0,5%.<\/li>\n<\/ul>\n<h2 id=\"vi-application-scenarios-and-added-value-\">6. <strong>Till\u00e4mpningsscenarier och merv\u00e4rde<\/strong><\/h2>\n<ul>\n<li><strong>Anpassning till flera scenarier<\/strong>: Den klassiska versionen \u00e4r l\u00e4mplig f\u00f6r exponering i diskar, den begr\u00e4nsade utg\u00e5van f\u00f6r semestertider kan matchas med en presentf\u00f6rpackning (t.ex. versionen med varmst\u00e4mpling i ros\u00e9guld) och den f\u00f6retagsanpassade versionen kan inneh\u00e5lla IP-element med samma varum\u00e4rke f\u00f6r att ut\u00f6ka marknaden f\u00f6r aff\u00e4rsg\u00e5vor.<\/li>\n<li><strong>H\u00e5llbar anv\u00e4ndning<\/strong>: Den tomma l\u00e5dan kan anv\u00e4ndas som smyckesf\u00f6rvaring eller heminredning, och fodret kan ers\u00e4ttas med ett flanellskikt f\u00f6r att f\u00f6rl\u00e4nga produktens livscykel och m\u00f6ta trenden med milj\u00f6v\u00e4nlig konsumtion.<\/li>\n<\/ul>\n<p><strong>Sammanfattning<\/strong>: Denna runda parfymask drivs av de dubbla k\u00e4rnorna \"konst + funktion\". Genom exakt struktur, milj\u00f6v\u00e4nliga material, skr\u00e4ddarsydd design och Kinas tillverkningsf\u00f6rdelar uppfyller den behoven hos avancerade parfymm\u00e4rken f\u00f6r f\u00f6rpackningsestetik, kvalitet och varum\u00e4rkesv\u00e4rde. Modellen med direktleveranser fr\u00e5n fabrik s\u00e4nker kostnaderna ytterligare och hj\u00e4lper kunderna att ta marknadsandelar inom lyxsegmentet.<\/p>","protected":false},"excerpt":{"rendered":"<p>Kombinationen av cylinderkroppen och det runda locket p\u00e5 denna cylindriska f\u00f6rpackningsl\u00e5da \u00e4r enkel och symmetrisk, och h\u00f6jdskillnaden skapar en visuell balans. Cylinderkroppens insida \u00e4r tillverkad av ljusgr\u00e5tt sl\u00e4tt material f\u00f6r att skydda den flytande parfymen fr\u00e5n penetration. L\u00e5dans design skapar en fr\u00e4sch och litter\u00e4r k\u00e4nsla, vilket \u00e4r i linje med positioneringen av avancerad parfym.<\/p>","protected":false},"featured_media":647,"template":"","meta":{"_kad_post_transparent":"default","_kad_post_title":"","_kad_post_layout":"default","_kad_post_sidebar_id":"","_kad_post_content_style":"default","_kad_post_vertical_padding":"default","_kad_post_feature":"","_kad_post_feature_position":"","_kad_post_header":false,"_kad_post_footer":false,"_kad_post_classname":""},"product_brand":[],"product_cat":[15,17],"product_tag":[224,225,226],"class_list":{"0":"post-646","1":"product","2":"type-product","3":"status-publish","4":"has-post-thumbnail","6":"product_cat-red-light-therapy","7":"product_cat-services","8":"product_tag-custom-perfume-box","9":"product_tag-elegant-perfume-packaging-boxes","10":"product_tag-perfume-packaging-round-box","12":"first","13":"instock","14":"shipping-taxable","15":"product-type-simple","16":"entry","17":"content-bg","18":"loop-entry"},"_links":{"self":[{"href":"https:\/\/red-lighttherapy.com\/sv\/wp-json\/wp\/v2\/product\/646","targetHints":{"allow":["GET"]}}],"collection":[{"href":"https:\/\/red-lighttherapy.com\/sv\/wp-json\/wp\/v2\/product"}],"about":[{"href":"https:\/\/red-lighttherapy.com\/sv\/wp-json\/wp\/v2\/types\/product"}],"wp:featuredmedia":[{"embeddable":true,"href":"https:\/\/red-lighttherapy.com\/sv\/wp-json\/wp\/v2\/media\/647"}],"wp:attachment":[{"href":"https:\/\/red-lighttherapy.com\/sv\/wp-json\/wp\/v2\/media?parent=646"}],"wp:term":[{"taxonomy":"product_brand","embeddable":true,"href":"https:\/\/red-lighttherapy.com\/sv\/wp-json\/wp\/v2\/product_brand?post=646"},{"taxonomy":"product_cat","embeddable":true,"href":"https:\/\/red-lighttherapy.com\/sv\/wp-json\/wp\/v2\/product_cat?post=646"},{"taxonomy":"product_tag","embeddable":true,"href":"https:\/\/red-lighttherapy.com\/sv\/wp-json\/wp\/v2\/product_tag?post=646"}],"curies":[{"name":"wp","href":"https:\/\/api.w.org\/{rel}","templated":true}]}}