{"id":634,"date":"2025-04-13T08:18:35","date_gmt":"2025-04-13T08:18:35","guid":{"rendered":"https:\/\/red-lighttherapy.com\/?post_type=product&#038;p=634"},"modified":"2025-04-13T08:47:17","modified_gmt":"2025-04-13T08:47:17","slug":"luxury-foldable-shopping-paper-bags-for-apparel-cosmetic","status":"publish","type":"product","link":"https:\/\/red-lighttherapy.com\/sv\/luxury-foldable-shopping-paper-bags-for-apparel-cosmetic\/","title":{"rendered":"Lyxiga hopf\u00e4llbara shoppingpappersp\u00e5sar f\u00f6r kl\u00e4der kosmetika"},"content":{"rendered":"<h2 id=\"1-shopping-paper-bags-\">1.\u00a0<strong>Pappersp\u00e5sar f\u00f6r shopping<\/strong><\/h2>\n<p>Shoppingpappersp\u00e5sarna \u00e4r designade f\u00f6r avancerade detaljhandelsscenarier och \u00e4r tillverkade av FSC-certifierat milj\u00f6v\u00e4nligt f\u00f6rtjockat papper (vikt 200-450 g), som kan anpassas till rektangul\u00e4ra, hexagonala eller specialformade strukturer, l\u00e4mpliga f\u00f6r varum\u00e4rkesvisning av kl\u00e4der, kosmetika och andra varor. Pappersp\u00e5sens yta kan integreras med varum\u00e4rkeslogotypens heta st\u00e4mpling, pr\u00e4gling och andra processer och st\u00f6der inbyggd kodningsteknik mot f\u00f6rfalskning.<\/p>\n<h2 id=\"2-foldable-and-flat-shipping-\">2.\u00a0<strong>Vikbar och platt frakt<\/strong><\/h2>\n<p>Genom att anta en r\u00f6rformad vikningsstrukturdesign \u00e4r tjockleken efter vikning endast 1-2 mm, vilket st\u00f6der tusentals bitar av staplingsf\u00f6rpackningar, vilket minskar transportkostnaderna med mer \u00e4n 70%. Viktiga m\u00f6nster inkluderar:<\/p>\n<h2 id=\"3-hot-stamping-process-\">3. Guld h<strong>Process f\u00f6r st\u00e4mpling av folie<\/strong><\/h2>\n<p>Antagande av tysk Kurz guld varmst\u00e4mplingsfolie, kombinerad med \u22640,1 mm h\u00f6gprecisionsform f\u00f6r att uppn\u00e5 en tredimensionell l\u00e4ttnadseffekt. Teknologiska innovationer inkluderar:<\/p>\n<ul>\n<li><strong>Dubbelf\u00e4rgad overlay-teknik<\/strong>: spegelguld + frostat guld skiktad varmst\u00e4mpling f\u00f6r att f\u00f6rb\u00e4ttra den visuella skiktningen;<\/li>\n<li><strong>Anti-f\u00f6rfalskning med mikrosk\u00e4rning<\/strong>: inb\u00e4ddad mikrovarum\u00e4rkeskod;<\/li>\n<li><strong>Milj\u00f6certifiering<\/strong>: anv\u00e4nder vattenbaserade limmer och klarar SGS migrationstest f\u00f6r tungmetaller, i linje med EU:s REACH-standarder.<\/li>\n<\/ul>\n<h2 id=\"4-ribbon-handle-\">4.\u00a0<strong>Handtag med band<\/strong><\/h2>\n<p>Handtaget \u00e4r tillverkat av h\u00f6gdensitetsv\u00e4vd polyester eller bomulls- och linneblandat material, bredden kan anpassas till 8-15 mm och b\u00e4rf\u00f6rm\u00e5gan \u00e4r upp till 8 kg. Innovativa processer inkluderar:<\/p>\n<ul>\n<li><strong>Inb\u00e4ddad fixering genom varmpressning<\/strong>: undvik problemet med l\u00e4tt rivning av traditionell stansning, till exempel den exakta strukturen hos Sanlipu vikbara sk\u00e4rmg\u00e5ngj\u00e4rn;<\/li>\n<li><strong>Multifunktionell design<\/strong>: integrerade m\u00e4rkesetiketter, tofsar eller magnetf\u00e4sten i slutet, l\u00e4mpliga f\u00f6r lyxiga presentf\u00f6rpackningar. Kl\u00e4dm\u00e4rken anv\u00e4nder t.ex. ofta bredare band f\u00f6r att f\u00f6rb\u00e4ttra greppkomforten.<\/li>\n<\/ul>\n<h2 id=\"5-highly-customized-service-\">5.\u00a0<strong>Mycket kundanpassad service<\/strong><\/h2>\n<p>Erbjuda flexibla anpassningsl\u00f6sningar med full l\u00e4nk:<\/p>\n<ul>\n<li><strong>Funktionell anpassning<\/strong>: Kl\u00e4dv\u00e4skor har inbyggda h\u00e4ngkrokar och kosmetikboxar \u00e4r utformade med oberoende foderfack;<\/li>\n<li><strong>Kombination av processer<\/strong>: St\u00f6der 12 processer som Pantone spotf\u00e4rgstryck + lokal UV + laser urholkning, till exempel AB ytdesign av Disney co-branded pappersp\u00e5sar;<\/li>\n<li><strong>Snabbt svar<\/strong>: 72 timmars korrekturcykel, st\u00f6d f\u00f6r en minsta best\u00e4llning p\u00e5 500 exemplar, anpassning till popup-butikernas behov av begr\u00e4nsade upplagor.<\/li>\n<\/ul>\n<h2 id=\"6-surface-lamination-\">6.\u00a0<strong>Ytlaminering<\/strong><\/h2>\n<p>Anv\u00e4nder vattenbaserad matt eller blank lamineringsteknik f\u00f6r att uppn\u00e5 tredubbla prestandaf\u00f6rb\u00e4ttringar:<\/p>\n<ul>\n<li><strong>Skyddande<\/strong>: St\u00e4nks\u00e4ker yta p\u00e5 IPX4-niv\u00e5, motst\u00e5ndskraftig mot temperaturskillnader p\u00e5 -20\u00b0C till 50\u00b0C;<\/li>\n<li><strong>Optimering av peksk\u00e4rmen<\/strong>: Hudliknande matt bel\u00e4ggning, klarade 5000 Martindale slittest;<\/li>\n<li><strong>Milj\u00f6v\u00e4nlig kompatibilitet<\/strong>: Lamineringsmaterialet \u00e4r \u00e5tervinningsbart och nedbrytbart och uppfyller kraven i Kinas \"Plastic Restriction Order\".<\/li>\n<\/ul>\n<h2 id=\"7-pink-main-color-design-\">7.\u00a0<strong>Rosa huvudf\u00e4rg design<\/strong><\/h2>\n<p>Pantone 13-2805 TCX ballet pink \u00e4r vald, vilket har verifierats av f\u00e4rgpsykologi f\u00f6r att \u00f6ka ink\u00f6psviljan hos 73% av kvinnliga konsumenter. F\u00e4rgschemat inkluderar:<\/p>\n<ul>\n<li><strong>Samma f\u00e4rgmatchning<\/strong>: Champagne guld varm st\u00e4mpling + p\u00e4rlvitt band f\u00f6r att skapa en l\u00e4tt lyxig atmosf\u00e4r;<\/li>\n<li><strong>Kontrastf\u00e4rgschema<\/strong>: Haze bl\u00e5 \/ mintgr\u00f6na handtag, l\u00e4mpliga f\u00f6r Z-generationens trendm\u00e4rken. Till exempel anv\u00e4nder Chanel 2025 v\u00e5r- och sommarserie isrosa satin och silver trim kontrastdesign.<\/li>\n<\/ul>\n<h2 id=\"8-advantages-of-chinese-source-manufacturers-\">8.\u00a0<strong>F\u00f6rdelar med kinesiska tillverkare<\/strong><\/h2>\n<p>Ledande bolag som Nanwang Technology och Mingdai Paper Products har:<\/p>\n<ul>\n<li><strong>Kapacitetsgaranti<\/strong>: 12 helautomatiska produktionslinjer, om produktionskapaciteten \u00f6verstiger 20 miljoner enheter;<\/li>\n<li><strong>Certifiering av efterlevnad<\/strong>: H\u00e5ll ISO 14001 och Sedex social ansvarscertifiering, i linje med europeiska och amerikanska standarder f\u00f6r varum\u00e4rkes\u00e5tkomst;<\/li>\n<li><strong>Tekniska hinder<\/strong>: Oberoende utvecklad teknik f\u00f6r tillverkning av p\u00e5sar i ultrastort format, som monopoliserar 30% av den koreanska marknadsandelen f\u00f6r pappersp\u00e5sar f\u00f6r kl\u00e4der.<\/li>\n<\/ul>","protected":false},"excerpt":{"rendered":"<p>V\u00e5r f\u00f6rpackningspappersp\u00e5se kan vikas och l\u00e4ggas platt f\u00f6r leverans f\u00f6r att minska transportkostnaderna. Den \u00e4r optimerad genom f\u00f6rindentationslinjer f\u00f6r att s\u00e4kerst\u00e4lla att den f\u00f6rblir of\u00f6r\u00e4ndrad efter utf\u00e4llning, och den heta st\u00e4mplingsprocessen p\u00e5 ytan f\u00f6rb\u00e4ttrar den visuella skiktningen.<\/p>","protected":false},"featured_media":638,"template":"","meta":{"_kad_post_transparent":"default","_kad_post_title":"","_kad_post_layout":"default","_kad_post_sidebar_id":"","_kad_post_content_style":"default","_kad_post_vertical_padding":"default","_kad_post_feature":"","_kad_post_feature_position":"","_kad_post_header":false,"_kad_post_footer":false,"_kad_post_classname":""},"product_brand":[],"product_cat":[15,28,30,17],"product_tag":[220,218,219],"class_list":{"0":"post-634","1":"product","2":"type-product","3":"status-publish","4":"has-post-thumbnail","6":"product_cat-red-light-therapy","7":"product_cat-customize","8":"product_cat-dropshipping","9":"product_cat-services","10":"product_tag-luxury-apparel-cosmetic-paper-bags","11":"product_tag-shopping-paper-bags-for-apparel","12":"product_tag-shopping-paper-bags-for-cosmetic","14":"first","15":"instock","16":"shipping-taxable","17":"product-type-simple","18":"entry","19":"content-bg","20":"loop-entry"},"_links":{"self":[{"href":"https:\/\/red-lighttherapy.com\/sv\/wp-json\/wp\/v2\/product\/634","targetHints":{"allow":["GET"]}}],"collection":[{"href":"https:\/\/red-lighttherapy.com\/sv\/wp-json\/wp\/v2\/product"}],"about":[{"href":"https:\/\/red-lighttherapy.com\/sv\/wp-json\/wp\/v2\/types\/product"}],"wp:featuredmedia":[{"embeddable":true,"href":"https:\/\/red-lighttherapy.com\/sv\/wp-json\/wp\/v2\/media\/638"}],"wp:attachment":[{"href":"https:\/\/red-lighttherapy.com\/sv\/wp-json\/wp\/v2\/media?parent=634"}],"wp:term":[{"taxonomy":"product_brand","embeddable":true,"href":"https:\/\/red-lighttherapy.com\/sv\/wp-json\/wp\/v2\/product_brand?post=634"},{"taxonomy":"product_cat","embeddable":true,"href":"https:\/\/red-lighttherapy.com\/sv\/wp-json\/wp\/v2\/product_cat?post=634"},{"taxonomy":"product_tag","embeddable":true,"href":"https:\/\/red-lighttherapy.com\/sv\/wp-json\/wp\/v2\/product_tag?post=634"}],"curies":[{"name":"wp","href":"https:\/\/api.w.org\/{rel}","templated":true}]}}