{"id":628,"date":"2025-04-13T07:49:49","date_gmt":"2025-04-13T07:49:49","guid":{"rendered":"https:\/\/red-lighttherapy.com\/?post_type=product&#038;p=628"},"modified":"2025-04-13T08:18:26","modified_gmt":"2025-04-13T08:18:26","slug":"custom-printed-vape-pen-cartridge-packaging-box-manufacturer","status":"publish","type":"product","link":"https:\/\/red-lighttherapy.com\/sv\/custom-printed-vape-pen-cartridge-packaging-box-manufacturer\/","title":{"rendered":"Anpassad tryckt Vape Pen Cartridge Packaging Box Tillverkare"},"content":{"rendered":"<h2 id=\"16-years-of-craftsmanship-to-create-a-child-resistant-child-resistant-e-cigarette-pen-ink-cartridge-packaging-solution\">Anpassad tryckt Vape Pen Cartridge Packaging Box Tillverkare F\u00f6rpackningsl\u00f6sning<\/h2>\n<h2><strong>1. Barns\u00e4kert <\/strong><strong>Design<\/strong><\/h2>\n<p>Den innovativa sp\u00e4nnkonstruktionen g\u00f6r att det kr\u00e4vs en viss kraft och vinkel f\u00f6r att \u00f6ppna den, vilket effektivt f\u00f6rhindrar att barn r\u00f6r vid den av misstag. Det ovala h\u00e5let p\u00e5 sidan av f\u00f6rpackningsl\u00e5dan kombineras med den utdragbara l\u00e5dtypen, som inte bara uppfyller vuxnas behov av bekv\u00e4m \u00e5tkomst utan ocks\u00e5 uppfyller de internationella standarderna f\u00f6r barns\u00e4kerhetsf\u00f6rpackningar genom fysisk barri\u00e4rdesign.<\/p>\n<h2 id=\"-2-drawer-paper-boxes-design-\"><strong>2. L\u00e5dor f\u00f6r pappersl\u00e5dor Design<\/strong><\/h2>\n<p>L\u00e5dans pappersl\u00e5da \u00e4r inriktad p\u00e5 smidig \u00f6ppning och st\u00e4ngning. Den svarta l\u00e5nga rems\u00f6ppningen matchas med den lutande bakgrundsf\u00e4rgen, som har b\u00e5de visuell sk\u00f6nhet och praktiska funktioner. L\u00e5dans kroppsstruktur \u00e4r stabil, kan \u00f6ppnas och st\u00e4ngas upprepade g\u00e5nger utan l\u00f6shet och \u00e4r perfekt anpassad till den h\u00f6gfrekventa anv\u00e4ndningen av bl\u00e4ckpatroner f\u00f6r e-cigarettpennor.<\/p>\n<h2 id=\"-3-premium-art-paper-\"><strong>3. Premium konstpapper<\/strong><\/h2>\n<p>Valt 300 g eller mer bestruket papper, med matt \/ glansig film p\u00e5 ytan, slitstark och tryckbest\u00e4ndig och h\u00f6g tryckf\u00e4rg\u00e5tergivning. Materialet \u00e4r milj\u00f6v\u00e4nligt och giftfritt och ROHS-certifieringen godk\u00e4nns, vilket s\u00e4kerst\u00e4ller att det inte bleknar eller deformeras under l\u00e5ngvarig lagring, vilket f\u00f6rb\u00e4ttrar produktens avancerade struktur ...<\/p>\n<h2 id=\"-4-360-customizable-printing-\"><strong>4. 360\u00b0 anpassningsbart tryck<\/strong><\/h2>\n<p>St\u00f6der flerriktad utskrift p\u00e5 l\u00e5dans yta, sida och botten och kan fritt ers\u00e4tta orden \"TEXT\" och \"LOGO\", kompatibla med monokroma till fullf\u00e4rgsgradienteffekter. Oavsett om det \u00e4r varum\u00e4rkeslogotyper, varningar eller tecknade m\u00f6nster kan de \u00e5terst\u00e4llas exakt f\u00f6r att uppn\u00e5 en h\u00f6g grad av visuell enhet mellan f\u00f6rpackning och varum\u00e4rke.<\/p>\n<h2 id=\"-5-tailored-foam-insert-\"><strong>5. Skr\u00e4ddarsydd skumplastinsats<\/strong><\/h2>\n<p>Enligt storlek, form och arrangemang av patronen \/ pennan tillhandah\u00e5ller vi EVA \/ PEP-foderanpassningstj\u00e4nster. Foderets stansningsnoggrannhet \u00e4r \u00b1 0,5 mm, vilket effektivt fixerar produkten f\u00f6r att f\u00f6rhindra st\u00f6tar och kollisioner, samtidigt som utrymmesanv\u00e4ndningen optimeras och transportf\u00f6rlusten minskas.<\/p>\n<h2 id=\"-6-cartoon-ip-empowerment-marketing-cartoon-visual-impact-\"><strong>6. Tecknad IP Empowerment Marketing (tecknad visuell p\u00e5verkan)<\/strong><\/h2>\n<p>Original eller auktoriserad tecknad m\u00f6nsterdesign, till exempel s\u00f6ta djur, trendiga illustrationer etc., som t\u00e4cker rosa och lila gradient, brunt och coolt och andra f\u00e4rgscheman. Levande bilder n\u00e5r direkt unga konsumentgrupper och hj\u00e4lper varum\u00e4rken att snabbt etablera minnespunkter bland konkurrerande produkter.<\/p>\n<p><em>##\u00a0<\/em>7. 16-\u00e5rigt k\u00e4llfabriksgodk\u00e4nnande (OEM \/ ODM Expert) ** Kinas ledande tillverkare inom omr\u00e5det e-cigarettf\u00f6rpackningar, som betj\u00e4nar mer \u00e4n 300 varum\u00e4rken \u00f6ver hela v\u00e4rlden och levererar totalt mer \u00e4n 50 miljoner anpassade f\u00f6rpackningsl\u00e5dor. Fr\u00e5n designkorrektur till kvalitetskontroll av massproduktion kontrolleras hela kedjan av egen\u00e4gda fabriker f\u00f6r att s\u00e4kerst\u00e4lla 48-timmars svar och 7-15-dagars ultra-snabb leverans.<\/p>","protected":false},"excerpt":{"rendered":"<p>Denna barns\u00e4kra pappersl\u00e5da \u00e4r tillverkad av h\u00f6gkvalitativt bestruket papper och laminerat, med h\u00e4nsyn till h\u00f6g f\u00e4rg\u00e5tergivning och milj\u00f6skydd. Den st\u00f6der anpassning av utskrift p\u00e5 hela scenen och \u00e4r utrustad med exakt stansning av foder f\u00f6r att f\u00f6rhindra st\u00f6tar och tryck. Genom strukturell innovation och materialoptimering uppn\u00e5r den en trippel balans mellan s\u00e4kerhetsskydd, visuell \u00f6verklagande och transporteffektivitet.<\/p>","protected":false},"featured_media":631,"template":"","meta":{"_kad_post_transparent":"default","_kad_post_title":"","_kad_post_layout":"default","_kad_post_sidebar_id":"","_kad_post_content_style":"default","_kad_post_vertical_padding":"default","_kad_post_feature":"","_kad_post_feature_position":"","_kad_post_header":false,"_kad_post_footer":false,"_kad_post_classname":""},"product_brand":[],"product_cat":[15,40,17],"product_tag":[216,217,215],"class_list":{"0":"post-628","1":"product","2":"type-product","3":"status-publish","4":"has-post-thumbnail","6":"product_cat-red-light-therapy","7":"product_cat-red-light-therapy-panel","8":"product_cat-services","9":"product_tag-cartridge-packaging-manufacturer","10":"product_tag-custom-vape-packaging","11":"product_tag-vape-pen-cartridge-packaging","13":"first","14":"instock","15":"shipping-taxable","16":"product-type-simple","17":"entry","18":"content-bg","19":"loop-entry"},"_links":{"self":[{"href":"https:\/\/red-lighttherapy.com\/sv\/wp-json\/wp\/v2\/product\/628","targetHints":{"allow":["GET"]}}],"collection":[{"href":"https:\/\/red-lighttherapy.com\/sv\/wp-json\/wp\/v2\/product"}],"about":[{"href":"https:\/\/red-lighttherapy.com\/sv\/wp-json\/wp\/v2\/types\/product"}],"wp:featuredmedia":[{"embeddable":true,"href":"https:\/\/red-lighttherapy.com\/sv\/wp-json\/wp\/v2\/media\/631"}],"wp:attachment":[{"href":"https:\/\/red-lighttherapy.com\/sv\/wp-json\/wp\/v2\/media?parent=628"}],"wp:term":[{"taxonomy":"product_brand","embeddable":true,"href":"https:\/\/red-lighttherapy.com\/sv\/wp-json\/wp\/v2\/product_brand?post=628"},{"taxonomy":"product_cat","embeddable":true,"href":"https:\/\/red-lighttherapy.com\/sv\/wp-json\/wp\/v2\/product_cat?post=628"},{"taxonomy":"product_tag","embeddable":true,"href":"https:\/\/red-lighttherapy.com\/sv\/wp-json\/wp\/v2\/product_tag?post=628"}],"curies":[{"name":"wp","href":"https:\/\/api.w.org\/{rel}","templated":true}]}}