{"id":622,"date":"2025-04-13T07:31:16","date_gmt":"2025-04-13T07:31:16","guid":{"rendered":"https:\/\/red-lighttherapy.com\/?post_type=product&#038;p=622"},"modified":"2025-04-13T07:49:37","modified_gmt":"2025-04-13T07:49:37","slug":"food-grade-kraft-tea-coffee-paper-tube-boxes-manufacturer","status":"publish","type":"product","link":"https:\/\/red-lighttherapy.com\/sv\/food-grade-kraft-tea-coffee-paper-tube-boxes-manufacturer\/","title":{"rendered":"Tillverkare av pappersr\u00f6rsl\u00e5dor f\u00f6r te och kaffe av kraftkvalitet f\u00f6r livsmedel"},"content":{"rendered":"<h2 id=\"fsc-iso-certified-food-grade-kraft-paper-tea-and-coffee-cylinder-packaging\">FSC ISO-certifierad livsmedelsgodk\u00e4nd kraftpappersf\u00f6rpackning f\u00f6r te- och kaffecylindrar<\/h2>\n<h2 id=\"1-paper-tube-packaging\">1. F\u00f6rpackning av papperstub<\/h2>\n<ul>\n<li>360\u00b0 tredimensionell displayyta st\u00e4rker varum\u00e4rkesvisionen, och den lutande formen uppfyller kraven p\u00e5 fluiditet f\u00f6r granulerade livsmedel som mandel\/teblad<\/li>\n<li>M\u00f6rkgr\u00f6nt avtagbart lock som kan \u00f6ppnas och st\u00e4ngas med en hand och dammt\u00e4t f\u00f6rsegling som uppfyller kraven f\u00f6r livsmedelsf\u00f6rvaring<\/li>\n<li>Cylinderdiametern \u00e4r l\u00e4mplig f\u00f6r automatiserade fyllningslinjer, och staplingsstabiliteten minskar transportskadorna med 30%<\/li>\n<\/ul>\n<h2 id=\"2-dual-value-of-food-grade-kraft-paper-material\">2. Dubbelt v\u00e4rde av kraftpappersmaterial av livsmedelskvalitet<\/h2>\n<ul>\n<li>Den ursprungliga tr\u00e4massafibern har klarat FDA-certifieringen f\u00f6r livsmedelskontakt och det finns ingen risk f\u00f6r migration av fluorescerande medel<\/li>\n<li>Det 3,2 mm tjocka k\u00e4rnskiktet ger tryckh\u00e5llfasthet (b\u00e4r 5,5 kg utan deformation) och det yttre skiktets naturliga struktur framh\u00e4ver tonen hos ekologiska produkter<\/li>\n<li>Nedbrytbarheten \u00e4r \u00f6ver 98%, vilket \u00e4r 65% mindre \u00e4n koldioxidavtrycket fr\u00e5n plastf\u00f6rpackningar<\/li>\n<\/ul>\n<h2 id=\"3-mirror-level-inner-wall-treatment-technology\">3. Teknik f\u00f6r behandling av innerv\u00e4ggar p\u00e5 spegelniv\u00e5<\/h2>\n<ul>\n<li>PE-lamineringsprocessen av livsmedelskvalitet bildar ett 0,03 mm barri\u00e4rskikt f\u00f6r att f\u00f6rhindra att olja tr\u00e4nger in och aromer l\u00e4cker ut<\/li>\n<li>1200 mesh poleringsteknik uppn\u00e5r Ra\u22640,8\u03bcm finish f\u00f6r att undvika n\u00f6tsmulor\/te-rester<\/li>\n<li>Klarade SGS mikrobiella f\u00e4sttest och uppfyller HACCP-systemets hygienstandarder<\/li>\n<\/ul>\n<h2 id=\"4-advantages-of-6-color-high-definition-printing-system\">4. F\u00f6rdelar med 6-f\u00e4rgs h\u00f6guppl\u00f6st utskriftssystem<\/h2>\n<ul>\n<li>CMYK + spotf\u00e4rg + varmst\u00e4mplingsprocess \u00e5terst\u00e4ller exakt strukturen p\u00e5 grenar och l\u00f6v (minsta linjebredd 0,1 mm)<\/li>\n<li>UV-h\u00e4rdande bl\u00e4ck klarar EU EN71-3:s s\u00e4kerhetstest f\u00f6r tungmetaller och smetar inte ut n\u00e4r det uts\u00e4tts f\u00f6r vatten<\/li>\n<li>Intelligent positioneringssystem s\u00e4kerst\u00e4ller att det inte blir n\u00e5gra grader p\u00e5 kanterna av flerspr\u00e5kig text<\/li>\n<\/ul>\n<h2 id=\"5-triple-protection-of-water-based-laminating-process\">5. Tredubbelt skydd genom vattenbaserad lamineringsprocess<\/h2>\n<ul>\n<li>12 \u03bcm biaxiellt orienterad polypropylenfilm f\u00f6rb\u00e4ttrar ytans slitstyrka till 4H blyertsh\u00e5rdhet<\/li>\n<li>Fukts\u00e4ker prestanda bryter igenom 85%RH-fuktighetsmilj\u00f6n, \u00f6verf\u00f6ringshastighet f\u00f6r vatten\u00e5nga &lt;5g\/m\u00b2-24h<\/li>\n<li>Temperaturbest\u00e4ndighetsomr\u00e5det ut\u00f6kas till -18 \u2103 ~ 120 \u2103, l\u00e4mpligt f\u00f6r fryst lagring och scenarier f\u00f6r \u00e5teruppv\u00e4rmning av mikrov\u00e5gsugn<\/li>\n<\/ul>\n<h2 id=\"6-manufacturing-advantages-of-shenzhen-source-factory\">6. Tillverkningsf\u00f6rdelar med Shenzhen k\u00e4llfabrik<\/h2>\n<ul>\n<li>Full-link-produktion (massatillverkning \u2192 upprullning \u2192 tryckning \u2192 laminering) f\u00f6rkortar leveranstiden till 7 arbetsdagar<\/li>\n<li>50+ upps\u00e4ttningar av formbibliotek st\u00f6der anpassning av \u03a660-\u03a6300mm cylinderdiameter, och den minsta orderkvantiteten reduceras till 500st<\/li>\n<li>Angr\u00e4nsar till Yantian Port f\u00f6r att uppn\u00e5 7-dagars leverans av europeiska och amerikanska best\u00e4llningar, vilket st\u00f6der DDP:s internationella handelstj\u00e4nster<\/li>\n<\/ul>\n<h2 id=\"7-fsc-iso-dual-certification-strategic-value\">7. FSC+ISO dubbelcertifiering strategiskt v\u00e4rde<\/h2>\n<ul>\n<li>FSC-COC-certifiering s\u00e4kerst\u00e4ller att 100% av pappersmassan kommer fr\u00e5n h\u00e5llbart f\u00f6rvaltade skogar<\/li>\n<li>ISO15378 kvalitetsledningssystem p\u00e5 f\u00f6rpackningsniv\u00e5 f\u00f6r l\u00e4kemedel, sp\u00e5rbarhet f\u00f6r batcher p\u00e5 minuten<\/li>\n<li>Certifieringslogotypen kan tryckas p\u00e5 f\u00f6rpackningen, vilket hj\u00e4lper kunderna att komma in p\u00e5 exklusiva stormarknader som Whole Foods<\/li>\n<\/ul>","protected":false},"excerpt":{"rendered":"<p>Med FSC-certifierat kraftpapper som bas och lamineringsteknik av livsmedelskvalitet skapar vi en biologiskt nedbrytbar och milj\u00f6v\u00e4nlig pappersr\u00f6rsf\u00f6rpackning som \u00e4r l\u00e4mplig f\u00f6r granulatprodukter som te och kaffeb\u00f6nor. Det l\u00f6stagbara locket kan \u00f6ppnas och st\u00e4ngas med en hand, vilket f\u00f6rst\u00e4rker varum\u00e4rkets image.<\/p>","protected":false},"featured_media":623,"template":"","meta":{"_kad_post_transparent":"default","_kad_post_title":"","_kad_post_layout":"default","_kad_post_sidebar_id":"","_kad_post_content_style":"default","_kad_post_vertical_padding":"default","_kad_post_feature":"","_kad_post_feature_position":"","_kad_post_header":false,"_kad_post_footer":false,"_kad_post_classname":""},"product_brand":[],"product_cat":[15,17],"product_tag":[213,214,205],"class_list":{"0":"post-622","1":"product","2":"type-product","3":"status-publish","4":"has-post-thumbnail","6":"product_cat-red-light-therapy","7":"product_cat-services","8":"product_tag-coffee-boxes-manufacturer","9":"product_tag-custom-tea-coffee-paper-tube","10":"product_tag-tea-paper-tube","12":"first","13":"instock","14":"shipping-taxable","15":"product-type-simple","16":"entry","17":"content-bg","18":"loop-entry"},"_links":{"self":[{"href":"https:\/\/red-lighttherapy.com\/sv\/wp-json\/wp\/v2\/product\/622","targetHints":{"allow":["GET"]}}],"collection":[{"href":"https:\/\/red-lighttherapy.com\/sv\/wp-json\/wp\/v2\/product"}],"about":[{"href":"https:\/\/red-lighttherapy.com\/sv\/wp-json\/wp\/v2\/types\/product"}],"wp:featuredmedia":[{"embeddable":true,"href":"https:\/\/red-lighttherapy.com\/sv\/wp-json\/wp\/v2\/media\/623"}],"wp:attachment":[{"href":"https:\/\/red-lighttherapy.com\/sv\/wp-json\/wp\/v2\/media?parent=622"}],"wp:term":[{"taxonomy":"product_brand","embeddable":true,"href":"https:\/\/red-lighttherapy.com\/sv\/wp-json\/wp\/v2\/product_brand?post=622"},{"taxonomy":"product_cat","embeddable":true,"href":"https:\/\/red-lighttherapy.com\/sv\/wp-json\/wp\/v2\/product_cat?post=622"},{"taxonomy":"product_tag","embeddable":true,"href":"https:\/\/red-lighttherapy.com\/sv\/wp-json\/wp\/v2\/product_tag?post=622"}],"curies":[{"name":"wp","href":"https:\/\/api.w.org\/{rel}","templated":true}]}}