{"id":610,"date":"2025-04-13T07:04:49","date_gmt":"2025-04-13T07:04:49","guid":{"rendered":"https:\/\/red-lighttherapy.com\/?post_type=product&#038;p=610"},"modified":"2025-04-13T07:17:38","modified_gmt":"2025-04-13T07:17:38","slug":"custom-scarves-apparel-t-shirt-paper-tube-packaging-wholesale","status":"publish","type":"product","link":"https:\/\/red-lighttherapy.com\/sv\/custom-scarves-apparel-t-shirt-paper-tube-packaging-wholesale\/","title":{"rendered":"Anpassade halsdukar Kl\u00e4der T-Shirt Pappersr\u00f6r F\u00f6rpackning Partihandel"},"content":{"rendered":"<h2 id=\"customized-scarf-clothing-t-shirt-paper-tube-packaging-product-description\">Anpassad halsduk kl\u00e4der T-shirt pappersr\u00f6r f\u00f6rpackning produktbeskrivning<\/h2>\n<h2 id=\"1-fresh-visual-experience-\">1.\u00a0<strong>Fr\u00e4sch visuell upplevelse<\/strong><\/h2>\n<ul>\n<li>L\u00e5dans kropp har en ljusbl\u00e5 design som ger en lugn och transparent visuell effekt, som perfekt matchar den rena och mjuka positioneringen av moder- och sp\u00e4dbarnsprodukter. Ytan \u00e4r t\u00e4ckt med t\u00e4ta tecknade m\u00f6nster (kattungar, bj\u00f6rnar, moln, stj\u00e4rnor etc.), och den fina strukturen uppn\u00e5s genom tryckteknik med h\u00f6g precision, vilket f\u00f6rmedlar barnslig gl\u00e4dje och en varm atmosf\u00e4r.<\/li>\n<li><strong>F\u00f6nsterdesign<\/strong>: L\u00e5dans kropp antar ett transparent f\u00f6nster delvis, s\u00e5 att konsumenterna direkt kan observera materialet och detaljerna i de inre halsdukarna, T-shirts och andra produkter, och f\u00f6rb\u00e4ttra k\u00f6pf\u00f6rtroendet och den interaktiva upplevelsen.<\/li>\n<\/ul>\n<h2 id=\"2-environmentally-friendly-materials-and-high-quality-printing-\">2.\u00a0<strong>Milj\u00f6v\u00e4nliga material och h\u00f6gkvalitativ tryckning<\/strong><\/h2>\n<ul>\n<li>Anv\u00e4nda\u00a0<strong>FSC-certifierat milj\u00f6v\u00e4nligt bestruket papper<\/strong>, ytan \u00e4r sl\u00e4t och platt, bl\u00e4ckabsorptionen \u00e4r enhetlig och f\u00e4rg\u00e5tergivningsgraden \u00e4r mer \u00e4n 95%, vilket s\u00e4kerst\u00e4ller att m\u00f6nstret \u00e4r ljust och varaktigt.<\/li>\n<li>Materialet har passerat\u00a0<strong>ISO-certifiering av kvalitetsledningssystem<\/strong>uppfyller s\u00e4kerhetsstandarderna f\u00f6r moder- och sp\u00e4dbarnsprodukter, \u00e4r giftfri och ofarlig och kan \u00e5tervinnas och brytas ned, vilket hj\u00e4lper varum\u00e4rket att skapa en \"gr\u00f6n + kvalitet\" dubbel etikett.<\/li>\n<\/ul>\n<h2 id=\"3-flexible-customization-solution-\">3.\u00a0<strong>Flexibel l\u00f6sning f\u00f6r kundanpassning<\/strong><\/h2>\n<ul>\n<li><strong>Typ och storlek p\u00e5 box<\/strong>: St\u00f6djer anpassning av olika typer av l\u00e5dor, t.ex. cylindriska och kvadratiska l\u00e5dor, i storlekar fr\u00e5n S till XXL, l\u00e4mpliga f\u00f6r olika produktformer som halsdukar, T-shirts och babykl\u00e4der.<\/li>\n<li><strong>Tryckeri och hantverk<\/strong>: Anpassningsbar varmst\u00e4mpling, UV-pr\u00e4gling, lokal lack och andra processer f\u00f6r att m\u00f6ta olika behov som varum\u00e4rkeslogotyp, IP-co-branding och semesterteman.<\/li>\n<\/ul>\n<h2 id=\"4-direct-supply-from-chinese-source-factory-\">4.\u00a0<strong>Direkt leverans fr\u00e5n kinesisk k\u00e4llfabrik<\/strong><\/h2>\n<ul>\n<li>Tillverkas i v\u00e5r egen fabrik, med hj\u00e4lp av helautomatisk utrustning och intelligenta lagersystem f\u00f6r att s\u00e4kerst\u00e4lla att leveranscykeln f\u00f6r bulkbest\u00e4llningar f\u00f6rkortas med 30% och kostnaden minskas med 20%.<\/li>\n<li>Erbjuda one-stop-service, fr\u00e5n designprovning till logistikdistribution, minska mellanhandsl\u00e4nken och f\u00f6rb\u00e4ttra kommunikationseffektiviteten och kostnadskontrollen.<\/li>\n<\/ul>\n<h2 id=\"-certification-and-brand-empowerment-\"><strong>5. Certifiering och st\u00e4rkande av varum\u00e4rken<\/strong><\/h2>\n<ol>\n<li><strong>Dubbel certifiering<\/strong><\/li>\n<li><strong>FSC skogscertifiering<\/strong>: Se till att f\u00f6rpackningsmaterial kommer fr\u00e5n h\u00e5llbart f\u00f6rvaltade skogar och f\u00f6rmedla begreppet milj\u00f6ansvar.<\/li>\n<li><strong>Kvalitetscertifiering enligt ISO 9001<\/strong>: Standardisering av hela processen fr\u00e5n ink\u00f6p av r\u00e5material till produktion s\u00e4kerst\u00e4ller produktens h\u00e5llbarhet och enhetlighet.<\/li>\n<\/ol>\n<h2 id=\"-application-scenarios-and-customer-value-\"><strong>Till\u00e4mpningsscenarier och kundv\u00e4rde<\/strong><\/h2>\n<ul>\n<li><strong>Varum\u00e4rke f\u00f6r mamma- och barnkl\u00e4der<\/strong>: Tecknade element och ljusbl\u00e5 toner passar till barnprodukter, och f\u00f6nstrets design g\u00f6r det l\u00e4ttare att visa produktens mjuka och hudv\u00e4nliga egenskaper.<\/li>\n<li><strong>Modekl\u00e4dm\u00e4rke<\/strong>: Anpassad kartongtyp och tryckprocess kan f\u00f6rb\u00e4ttra varum\u00e4rkesigenk\u00e4nningen, till exempel begr\u00e4nsad upplaga f\u00f6r semester och IP-f\u00f6rpackningar med samma varum\u00e4rke.<\/li>\n<li><strong>G\u00e5vor och gr\u00e4ns\u00f6verskridande e-handel<\/strong>: Milj\u00f6v\u00e4nliga material och dubbla certifieringsetiketter uppfyller kraven f\u00f6r marknadstilltr\u00e4de i Europa och USA, vilket hj\u00e4lper varum\u00e4rken att g\u00e5 utomlands.<\/li>\n<\/ul>","protected":false},"excerpt":{"rendered":"<p>Denna pappersr\u00f6rsf\u00f6rpackning anv\u00e4nder ljusbl\u00e5 som huvudf\u00e4rg, vilket har en fr\u00e4sch och lugn visuell effekt och snabbt kan skapa en ljus och transparent atmosf\u00e4r. L\u00e5dans yta \u00e4r t\u00e4ckt med t\u00e4ta tecknade m\u00f6nster (som kattungar, bj\u00f6rnar, moln, stj\u00e4rnor, blommor etc.). Stilen \u00e4r fr\u00e4sch och s\u00f6t, vilket \u00e4r i linje med positioneringen av m\u00f6dra- och barnprodukter.<\/p>","protected":false},"featured_media":612,"template":"","meta":{"_kad_post_transparent":"default","_kad_post_title":"","_kad_post_layout":"default","_kad_post_sidebar_id":"","_kad_post_content_style":"default","_kad_post_vertical_padding":"default","_kad_post_feature":"","_kad_post_feature_position":"","_kad_post_header":false,"_kad_post_footer":false,"_kad_post_classname":""},"product_brand":[],"product_cat":[15,30,17],"product_tag":[210,209,208],"class_list":{"0":"post-610","1":"product","2":"type-product","3":"status-publish","4":"has-post-thumbnail","6":"product_cat-red-light-therapy","7":"product_cat-dropshipping","8":"product_cat-services","9":"product_tag-apparel-paper-tube-wholesale","10":"product_tag-apparel-t-shirt-paper-tube","11":"product_tag-custom-scarves-packaging","13":"first","14":"instock","15":"shipping-taxable","16":"product-type-simple","17":"entry","18":"content-bg","19":"loop-entry"},"_links":{"self":[{"href":"https:\/\/red-lighttherapy.com\/sv\/wp-json\/wp\/v2\/product\/610","targetHints":{"allow":["GET"]}}],"collection":[{"href":"https:\/\/red-lighttherapy.com\/sv\/wp-json\/wp\/v2\/product"}],"about":[{"href":"https:\/\/red-lighttherapy.com\/sv\/wp-json\/wp\/v2\/types\/product"}],"wp:featuredmedia":[{"embeddable":true,"href":"https:\/\/red-lighttherapy.com\/sv\/wp-json\/wp\/v2\/media\/612"}],"wp:attachment":[{"href":"https:\/\/red-lighttherapy.com\/sv\/wp-json\/wp\/v2\/media?parent=610"}],"wp:term":[{"taxonomy":"product_brand","embeddable":true,"href":"https:\/\/red-lighttherapy.com\/sv\/wp-json\/wp\/v2\/product_brand?post=610"},{"taxonomy":"product_cat","embeddable":true,"href":"https:\/\/red-lighttherapy.com\/sv\/wp-json\/wp\/v2\/product_cat?post=610"},{"taxonomy":"product_tag","embeddable":true,"href":"https:\/\/red-lighttherapy.com\/sv\/wp-json\/wp\/v2\/product_tag?post=610"}],"curies":[{"name":"wp","href":"https:\/\/api.w.org\/{rel}","templated":true}]}}