{"id":602,"date":"2025-04-12T14:02:24","date_gmt":"2025-04-12T14:02:24","guid":{"rendered":"https:\/\/red-lighttherapy.com\/?post_type=product&#038;p=602"},"modified":"2025-04-12T18:07:09","modified_gmt":"2025-04-12T18:07:09","slug":"food-grade-tea-candle-kraft-paper-tube-packaging-supplier","status":"publish","type":"product","link":"https:\/\/red-lighttherapy.com\/sv\/food-grade-tea-candle-kraft-paper-tube-packaging-supplier\/","title":{"rendered":"Leverant\u00f6r av livsmedelsf\u00f6rpackningar av kraftpappersr\u00f6r f\u00f6r te-ljus av livsmedelskvalitet"},"content":{"rendered":"<h2 id=\"food-grade-tea-candle-kraft-paper-tube-packaging-product-description\">Leverant\u00f6r av livsmedelsf\u00f6rpackningar f\u00f6r kraftpappersr\u00f6r f\u00f6r v\u00e4rmeljus Produktbeskrivning<\/h2>\n<h2 id=\"1-structural-design-split-buckle-structure-\">1.\u00a0<strong>Strukturell design: delad sp\u00e4nnstruktur<\/strong><\/h2>\n<ul>\n<li><strong>Separat design av \u00f6vre och nedre k\u00e5por<\/strong>: Locket och l\u00e5dkroppen har en oberoende struktur och lockets diameter \u00e4r n\u00e5got st\u00f6rre \u00e4n l\u00e5dkroppen (toleransen kontrolleras inom 0,5 mm). Precisionsstansningsprocessen anv\u00e4nds f\u00f6r att uppn\u00e5 s\u00f6ml\u00f6s buckling f\u00f6r att s\u00e4kerst\u00e4lla att det inte finns n\u00e5gon l\u00f6shet eller oavsiktlig \u00f6ppning under transporten.<\/li>\n<li><strong>L\u00e5ssystem f\u00f6r grunt kortfack<\/strong>: En cirkul\u00e4r grund kortplats (djup 1-2 mm) \u00e4r placerad inuti locket, som bildar en f\u00f6rslutning med den \u00f6vre fl\u00e4nsen p\u00e5 l\u00e5dkroppen. Anv\u00e4ndaren kan \u00f6ppna det med en l\u00e4tt tryckning och det \u00e5terg\u00e5r automatiskt och l\u00e5ses n\u00e4r det st\u00e4ngs, vilket kombinerar bekv\u00e4mlighet och dekorativitet.<\/li>\n<\/ul>\n<h2 id=\"2-environmentally-friendly-material-degradable-food-grade-kraft-paper-\">2.\u00a0<strong>Milj\u00f6v\u00e4nligt material: nedbrytbart kraftpapper av livsmedelskvalitet<\/strong><\/h2>\n<ul>\n<li><strong>R\u00e5material och hantverksskicklighet<\/strong>: Tillverkad av all tr\u00e4massa eller FSC-certifierad \u00e5tervunnen fiber, har den klarat s\u00e4kerhetstestning av livsmedelskvalitet (i enlighet med GB 4806.8-standarder), inneh\u00e5ller inte fluorescerande medel, mjukg\u00f6rare och andra skadliga \u00e4mnen och kan direkt kontakta ljuskroppen.<\/li>\n<li><strong>Nedbrytningsprestanda<\/strong>: Nedbryts helt inom 6-12 m\u00e5nader i den naturliga milj\u00f6n, nedbrytningsprodukten \u00e4r naturfiber och det finns ingen risk f\u00f6r markf\u00f6roreningar.<\/li>\n<\/ul>\n<h2 id=\"3-function-optimization-inner-wall-reinforcement-and-protection-\">3.\u00a0<strong>Funktionsoptimering: f\u00f6rst\u00e4rkning och skydd av innerv\u00e4ggar<\/strong><\/h2>\n<ul>\n<li><strong>Sl\u00e4t innerv\u00e4ggsbehandling<\/strong>: En 0,05 mm tjock PE-bel\u00e4ggning av livsmedelskvalitet bildas genom en lamineringsprocess f\u00f6r att s\u00e4kerst\u00e4lla att innerv\u00e4ggen \u00e4r sl\u00e4t och burrfri, undvika repor p\u00e5 ljusytan och f\u00f6rb\u00e4ttra tryckh\u00e5llfastheten (b\u00e4rf\u00f6rm\u00e5ga upp till 5 kg).<\/li>\n<li><strong>Fukts\u00e4kert<\/strong>: Kraftpapper vikt \u2265 250g\/m\u00b2, med innerv\u00e4ggsbel\u00e4ggning, kan blockera inverkan av fuktf\u00f6r\u00e4ndringar p\u00e5 ljusets textur.<\/li>\n<\/ul>\n<h2 id=\"4-visual-design-minimalist-natural-aesthetics-\">4.\u00a0<strong>Visuell design: minimalistisk, naturlig estetik<\/strong><\/h2>\n<ul>\n<li><strong>F\u00e4rg och tryck<\/strong>: L\u00e5dans kropp anv\u00e4nder en ljusbrun basf\u00e4rg av originalmassa (Pantone 16-1125 TPX) och ytan \u00e4r tryckt i svartvitt med vattenbaserat bl\u00e4ck. M\u00f6nstret \u00e4r huvudsakligen v\u00e4xtlinjer som ormbunkar och olivblad, och det lokala vita utrymmet st\u00e5r f\u00f6r \u226540%, vilket skapar en visuell balans av \"less is more\".<\/li>\n<li><strong>Presentation av textur<\/strong>: Kraftpapprets naturliga struktur bibeh\u00e5lls och den matta lamineringsprocessen anv\u00e4nds f\u00f6r att f\u00f6rb\u00e4ttra den taktila k\u00e4nslan och den exklusiva k\u00e4nslan.<\/li>\n<\/ul>\n<h2 id=\"-technical-parameters-\"><strong>5. Tekniska parametrar<\/strong><\/h2>\n<table>\n<thead>\n<tr>\n<th>Projekt<\/th>\n<th>Specifikationer<\/th>\n<\/tr>\n<\/thead>\n<tbody>\n<tr>\n<td>Material<\/td>\n<td>Kraftpapper av livsmedelskvalitet (all tr\u00e4massa\/\u00e5tervunnen fiber)<\/td>\n<\/tr>\n<tr>\n<td>Diameteromr\u00e5de<\/td>\n<td>50-150mm (anpassning st\u00f6ds)<\/td>\n<\/tr>\n<tr>\n<td>H\u00f6jdintervall<\/td>\n<td>80-300 mm (anpassning st\u00f6ds)<\/td>\n<\/tr>\n<tr>\n<td>V\u00e4ggtjocklek<\/td>\n<td>1,2-2,5 mm (justerbar)<\/td>\n<\/tr>\n<tr>\n<td>Lastb\u00e4rande kapacitet<\/td>\n<td>\u22645 kg<\/td>\n<\/tr>\n<tr>\n<td>Minsta orderkvantitet<\/td>\n<td>500 stycken (provtryckning av sm\u00e5 partier st\u00f6ds)<\/td>\n<\/tr>\n<\/tbody>\n<\/table>\n<h2 id=\"-supplier-service-advantages-\"><strong>6. F\u00f6rdelar med leverant\u00f6rstj\u00e4nster<\/strong><\/h2>\n<ul>\n<li><strong>St\u00f6d f\u00f6r kundanpassning<\/strong>: Tillhandah\u00e5lla one-stop anpassningstj\u00e4nst f\u00f6r storlek, m\u00f6nster och process och leverera korrektur inom 3-5 arbetsdagar.<\/li>\n<li><strong>Milj\u00f6certifiering<\/strong>: Godk\u00e4nd ISO 14001 milj\u00f6ledningssystem och FDA-certifiering av material f\u00f6r livsmedelskontakt.<\/li>\n<li><strong>Kapacitetsgaranti<\/strong>: Daglig produktion \u2265 100 000 stycken, som st\u00f6der gr\u00e4ns\u00f6verskridande specialf\u00f6rs\u00f6rjning och br\u00e5dskande order p\u00e5skyndad produktion.<\/li>\n<\/ul>\n<h2 id=\"-application-scenarios-\"><strong>Till\u00e4mpningsscenarier<\/strong><\/h2>\n<ul>\n<li><strong>H\u00f6gklassiga varum\u00e4rken f\u00f6r v\u00e4rmeljus<\/strong>: L\u00e4mplig f\u00f6r f\u00f6rpackning av milj\u00f6v\u00e4nliga ljus, t.ex. naturligt sojavax och bivax.<\/li>\n<li><strong>Present- och festivalmarknad<\/strong>: Kan kombineras med dekorativa element som hamparep och torkade blommor f\u00f6r att \u00f6ka g\u00e5vornas merv\u00e4rde.<\/li>\n<li><strong>H\u00e5llbar detaljhandel<\/strong>: I linje med konceptet \"zero waste\" \u00e4r den l\u00e4mplig f\u00f6r kanaler som ekologiska butiker och milj\u00f6marknader.<\/li>\n<\/ul>","protected":false},"excerpt":{"rendered":"<p>Den h\u00e4r produkten \u00e4r en milj\u00f6v\u00e4nlig cylindrisk f\u00f6rpackningsl\u00e5da avsedd f\u00f6r v\u00e4rmeljus. Den \u00e4r tillverkad av kraftpapper av livsmedelskvalitet, kombinerat med innovativ struktur och minimalistisk estetik f\u00f6r att uppn\u00e5 enhetlighet mellan funktionalitet och h\u00e5llbarhet. L\u00e4mplig f\u00f6r scener som doftljus, handgjorda ljus, presentljus etc., med h\u00e4nsyn till skydd, bekv\u00e4mlighet och visuell sk\u00f6nhet.<\/p>","protected":false},"featured_media":604,"template":"","meta":{"_kad_post_transparent":"default","_kad_post_title":"","_kad_post_layout":"default","_kad_post_sidebar_id":"","_kad_post_content_style":"default","_kad_post_vertical_padding":"default","_kad_post_feature":"","_kad_post_feature_position":"","_kad_post_header":false,"_kad_post_footer":false,"_kad_post_classname":""},"product_brand":[],"product_cat":[15,17],"product_tag":[206,207,205],"class_list":{"0":"post-602","1":"product","2":"type-product","3":"status-publish","4":"has-post-thumbnail","6":"product_cat-red-light-therapy","7":"product_cat-services","8":"product_tag-candle-paper-tube-packaging","9":"product_tag-food-grade-tea-supplier","10":"product_tag-tea-paper-tube","12":"first","13":"instock","14":"shipping-taxable","15":"product-type-simple","16":"entry","17":"content-bg","18":"loop-entry"},"_links":{"self":[{"href":"https:\/\/red-lighttherapy.com\/sv\/wp-json\/wp\/v2\/product\/602","targetHints":{"allow":["GET"]}}],"collection":[{"href":"https:\/\/red-lighttherapy.com\/sv\/wp-json\/wp\/v2\/product"}],"about":[{"href":"https:\/\/red-lighttherapy.com\/sv\/wp-json\/wp\/v2\/types\/product"}],"wp:featuredmedia":[{"embeddable":true,"href":"https:\/\/red-lighttherapy.com\/sv\/wp-json\/wp\/v2\/media\/604"}],"wp:attachment":[{"href":"https:\/\/red-lighttherapy.com\/sv\/wp-json\/wp\/v2\/media?parent=602"}],"wp:term":[{"taxonomy":"product_brand","embeddable":true,"href":"https:\/\/red-lighttherapy.com\/sv\/wp-json\/wp\/v2\/product_brand?post=602"},{"taxonomy":"product_cat","embeddable":true,"href":"https:\/\/red-lighttherapy.com\/sv\/wp-json\/wp\/v2\/product_cat?post=602"},{"taxonomy":"product_tag","embeddable":true,"href":"https:\/\/red-lighttherapy.com\/sv\/wp-json\/wp\/v2\/product_tag?post=602"}],"curies":[{"name":"wp","href":"https:\/\/api.w.org\/{rel}","templated":true}]}}