{"id":596,"date":"2025-04-12T12:06:18","date_gmt":"2025-04-12T12:06:18","guid":{"rendered":"https:\/\/red-lighttherapy.com\/?post_type=product&#038;p=596"},"modified":"2025-04-12T14:02:15","modified_gmt":"2025-04-12T14:02:15","slug":"paper-tube-packaging-cosmetic-perfume-packaging-wholesale","status":"publish","type":"product","link":"https:\/\/red-lighttherapy.com\/sv\/paper-tube-packaging-cosmetic-perfume-packaging-wholesale\/","title":{"rendered":"Pappersr\u00f6rsf\u00f6rpackningar Kosmetiska parfymf\u00f6rpackningar Partihandel"},"content":{"rendered":"<h2 id=\"paper-tube-packaging-cosmetics-and-perfume-packaging-wholesale-product-description\">F\u00f6rpackning av pappersr\u00f6r f\u00f6r kosmetika- och parfymf\u00f6rpackningar grossistproduktbeskrivning<\/h2>\n<h2 id=\"1-design-concept-the-perfect-fusion-of-simplicity-and-luxury-\">1.\u00a0<strong>Designkoncept: den perfekta sammansm\u00e4ltningen av enkelhet och lyx<\/strong><\/h2>\n<p>V\u00e5r cylindriska pappersburksf\u00f6rpackning bygger p\u00e5 sl\u00e4ta linjer och har en ergonomisk design med gyllene snitt. Den \u00e4r l\u00e4tt att \u00f6ppna och st\u00e4nga och bekv\u00e4m att f\u00e5nga. Den \u00e4r l\u00e4mplig f\u00f6r utm\u00e4rkta produkter som parfym och kosmetika av h\u00f6g kvalitet. Den \u00f6vergripande storleken sl\u00e4pper den fruktl\u00f6sa dekorationen och tar minimal estetik i formen. Den svarta huvudf\u00e4rgen \u00e4r dekorerad med varmst\u00e4mplingsteknik, som inte bara avsl\u00f6jar varum\u00e4rkets l\u00e5gm\u00e4lda och \u00e5terh\u00e5llsamma natur, utan ocks\u00e5 beskriver en magnifik struktur genom metallens ljusstyrka, som passar perfekt in i marknadens position.<\/p>\n<h2 id=\"2-core-technology-environmentally-friendly-materials-and-high-end-hot-stamping-technology-\">2.\u00a0<strong>K\u00e4rnteknik: milj\u00f6v\u00e4nliga material och avancerad teknik f\u00f6r varmst\u00e4mpling<\/strong><\/h2>\n<ol>\n<li><strong>Milj\u00f6v\u00e4nligt bestruket pappersinneh\u00e5ll<\/strong>: L\u00e5dkroppen best\u00e5r av tjockt milj\u00f6anpassat papper (250-400 g), som har b\u00e5de h\u00f6g h\u00e5rdhet och sm\u00f6rjning, vilket s\u00e4kerst\u00e4ller att f\u00f6rpackningen \u00e4r tryckt\u00e5lig och fukts\u00e4ker och effektivt skyddar material fr\u00e5n transportstr\u00e4ngsprutning eller milj\u00f6fuktighet. Papperet har klarat s\u00e4kerhetscertifieringen f\u00f6r livsmedelskvalitet, \u00e4r giftfritt och luktfritt och uppfyller internationella standarder f\u00f6r gr\u00f6na f\u00f6rpackningar.<\/li>\n<li><strong>Bl\u00e4ckfri varmst\u00e4mplingsprocess<\/strong>: Genom silikonformar med h\u00f6g temperatur st\u00e4mplas metallfolien noggrant f\u00f6r att presentera tredimensionella heta st\u00e4mplingsbilder och texter utan bl\u00e4ck. Denna process \u00e4r mycket milj\u00f6v\u00e4nlig och metallens f\u00e4rg \u00e4r l\u00e5ngvarig och inte bleknad. Det \u00e4r s\u00e4rskilt l\u00e4mpligt f\u00f6r avancerade produkter som kosmetika och parfymer, som beh\u00f6ver markera varum\u00e4rkeslogotypen. Det heta st\u00e4mplingsm\u00f6nstret kan anpassas som en LOGO, m\u00f6nster eller abstrakt konstlinje f\u00f6r att f\u00f6rb\u00e4ttra f\u00f6rpackningsigenk\u00e4nningen och visningseffekten.<\/li>\n<\/ol>\n<h2 id=\"iii-customized-service-accurately-match-market-demand-\">3. <strong>Anpassad service: Exakt matchning av marknadens efterfr\u00e5gan<\/strong><\/h2>\n<ol>\n<li><strong>Innerfoder med nollr\u00f6relsedesign<\/strong>: Tillhandah\u00e5lla EVA, p\u00e4rlbomull, flockduk och andra fodermaterial att v\u00e4lja mellan, skr\u00e4ddarsydda efter produktens form f\u00f6r att uppn\u00e5 en \"nollf\u00f6rskjutning\" fixeringseffekt. Parfymflaskor kan t.ex. ha ett inre st\u00f6d av konturerad svamp f\u00f6r att undvika skakningar; \u00f6mt\u00e5lig kosmetika kan matchas med ett flockat buffertlager f\u00f6r att ta h\u00e4nsyn till skydd och uppackningsritual.<\/li>\n<li><strong>Anpassning till regional marknad<\/strong>: Flexibel anpassning av f\u00f6rpackningsdetaljer utifr\u00e5n kundmarknadens kulturella preferenser och konsumtionsvanor. Exempel p\u00e5 detta:<\/li>\n<li><strong>Europeiska och amerikanska marknader<\/strong>: f\u00f6redrar minimalistiska linjer med varm st\u00e4mpling och matt svart;<\/li>\n<li><strong>Asiatiska marknader<\/strong>: f\u00f6redrar komplexa heta st\u00e4mplingsm\u00f6nster och glansiga material. St\u00f6d anpassning av hela processen fr\u00e5n storlek, m\u00f6nster till hantverk f\u00f6r att hj\u00e4lpa varum\u00e4rkeslokaliseringsstrategin.<\/li>\n<\/ol>\n<h2 id=\"iv-source-factory-advantages-quality-and-cost-\">4. <strong>K\u00e4llfabrikens f\u00f6rdelar: kvalitet och kostnad<\/strong><\/h2>\n<p>Som en av de tre st\u00f6rsta k\u00e4llfabrikerna f\u00f6r pappersf\u00f6rpackningar i Kina integrerar vi f\u00f6ljande k\u00e4rnresurser:<\/p>\n<ul>\n<li><strong>Skalerad produktion<\/strong>: 50 000 kvadratmeter sj\u00e4lvstyrande fabriker, med en daglig produktionskapacitet p\u00e5 mer \u00e4n 10 000 stycken och st\u00f6d f\u00f6r 48-timmars leverans av snabba best\u00e4llningar;<\/li>\n<li><strong>Kostnadsf\u00f6rdel<\/strong>: Genom att eliminera mellanh\u00e4ndernas prisskillnad \u00e4r enhetspriset f\u00f6r varmst\u00e4mplingsf\u00f6rpackningar av bestruket papper 20%-30% l\u00e4gre \u00e4n marknadens genomsnittspris;<\/li>\n<li><strong>Kvalitetss\u00e4kring<\/strong>: Genom ISO-standardiserad processkontroll tillhandah\u00e5lls gratis provleveransservice f\u00f6r att st\u00f6dja kunder att genomf\u00f6ra fabriksinspektioner p\u00e5 plats.<\/li>\n<\/ul>\n<h2 id=\"5-application-scenarios-and-case-studies-\">5.\u00a0<strong>Till\u00e4mpningsscenarier och fallstudier<\/strong><\/h2>\n<ul>\n<li><strong>Parfymserie<\/strong>: 30 ml cylindrisk l\u00e5da (5 cm diameter \u00d7 12 cm h\u00f6jd), med sammetsfoder och guldst\u00e4mplad varum\u00e4rkeslogotyp;<\/li>\n<li><strong>Avancerat hudv\u00e5rdsset<\/strong>: pappersburk med dubbla lager, med essens p\u00e5 det \u00f6vre lagret och ers\u00e4ttningsf\u00f6rpackningar p\u00e5 det nedre lagret, och ett magnetiskt lock som kan \u00f6ppnas och st\u00e4ngas;<\/li>\n<li><strong>Presentf\u00f6rpackning f\u00f6r jul<\/strong>: hj\u00e4rtformad ask med guldst\u00e4mplad pr\u00e4glingsteknik, med anpassade h\u00e4lsningskort och band inuti f\u00f6r att \u00f6ka g\u00e5vans v\u00e4rde.<\/li>\n<\/ul>\n<h2 id=\"6-cooperation-process-\">6.\u00a0<strong>Samarbetsprocess<\/strong><\/h2>\n<ol>\n<li><strong>Efterfr\u00e5gan p\u00e5 kommunikation<\/strong>: Ange produktstorlek, designutkast eller prov;<\/li>\n<li><strong>Bekr\u00e4ftelse av korrekturl\u00e4sning<\/strong>: Skicka den fysiska provl\u00e5dan inom 3-5 arbetsdagar;<\/li>\n<li><strong>Massproduktion<\/strong>: Leveransen \u00e4r klar 7-10 dagar efter undertecknandet av kontraktet;<\/li>\n<li><strong>Support efter f\u00f6rs\u00e4ljning<\/strong>: Tillhandah\u00e5lla merv\u00e4rdestj\u00e4nster s\u00e5som lagerh\u00e5llning och utbyte.<\/li>\n<\/ol>","protected":false},"excerpt":{"rendered":"<p>Pappersr\u00f6rsf\u00f6rpackningen med sl\u00e4ta linjer \u00e4r l\u00e4mplig f\u00f6r att h\u00e5lla och \u00f6ppna f\u00f6r hand. Den \u00e4r l\u00e4tt att \u00f6ppna och st\u00e4nga. Designen \u00e4r enkel och elegant. Den heta st\u00e4mplingsfolieprocessen i guld kr\u00e4ver inte bl\u00e4ckutskrift. Det \u00e4r mycket l\u00e4mpligt f\u00f6r utskrift p\u00e5 avancerade m\u00e4rken som kosmetika- och parfymf\u00f6rpackningsl\u00e5dor.<\/p>","protected":false},"featured_media":597,"template":"","meta":{"_kad_post_transparent":"default","_kad_post_title":"","_kad_post_layout":"default","_kad_post_sidebar_id":"","_kad_post_content_style":"default","_kad_post_vertical_padding":"default","_kad_post_feature":"","_kad_post_feature_position":"","_kad_post_header":false,"_kad_post_footer":false,"_kad_post_classname":""},"product_brand":[],"product_cat":[15,28,17],"product_tag":[202,203,204],"class_list":{"0":"post-596","1":"product","2":"type-product","3":"status-publish","4":"has-post-thumbnail","6":"product_cat-red-light-therapy","7":"product_cat-customize","8":"product_cat-services","9":"product_tag-cosmetic-paper-tube","10":"product_tag-perfume-packaging-wholesale","11":"product_tag-perfume-paper-tube","13":"first","14":"instock","15":"shipping-taxable","16":"product-type-simple","17":"entry","18":"content-bg","19":"loop-entry"},"_links":{"self":[{"href":"https:\/\/red-lighttherapy.com\/sv\/wp-json\/wp\/v2\/product\/596","targetHints":{"allow":["GET"]}}],"collection":[{"href":"https:\/\/red-lighttherapy.com\/sv\/wp-json\/wp\/v2\/product"}],"about":[{"href":"https:\/\/red-lighttherapy.com\/sv\/wp-json\/wp\/v2\/types\/product"}],"wp:featuredmedia":[{"embeddable":true,"href":"https:\/\/red-lighttherapy.com\/sv\/wp-json\/wp\/v2\/media\/597"}],"wp:attachment":[{"href":"https:\/\/red-lighttherapy.com\/sv\/wp-json\/wp\/v2\/media?parent=596"}],"wp:term":[{"taxonomy":"product_brand","embeddable":true,"href":"https:\/\/red-lighttherapy.com\/sv\/wp-json\/wp\/v2\/product_brand?post=596"},{"taxonomy":"product_cat","embeddable":true,"href":"https:\/\/red-lighttherapy.com\/sv\/wp-json\/wp\/v2\/product_cat?post=596"},{"taxonomy":"product_tag","embeddable":true,"href":"https:\/\/red-lighttherapy.com\/sv\/wp-json\/wp\/v2\/product_tag?post=596"}],"curies":[{"name":"wp","href":"https:\/\/api.w.org\/{rel}","templated":true}]}}