{"id":589,"date":"2025-04-12T11:23:53","date_gmt":"2025-04-12T11:23:53","guid":{"rendered":"https:\/\/red-lighttherapy.com\/?post_type=product&#038;p=589"},"modified":"2025-04-12T12:06:10","modified_gmt":"2025-04-12T12:06:10","slug":"supplier-custom-textured-paper-tube-packaging-essential-oil","status":"publish","type":"product","link":"https:\/\/red-lighttherapy.com\/sv\/supplier-custom-textured-paper-tube-packaging-essential-oil\/","title":{"rendered":"Leverant\u00f6r Anpassad texturerat pappersr\u00f6r F\u00f6rpackning Eterisk olja"},"content":{"rendered":"<h2 id=\"-customized-textured-paper-tube-essential-oil-packaging-product-description-\"><strong>Anpassat texturerat pappersr\u00f6r F\u00f6rpackning f\u00f6r eterisk olja Produktbeskrivning<\/strong><\/h2>\n<h2 id=\"-1-healing-visual-experience-\"><strong>1. Helande visuell upplevelse<\/strong><\/h2>\n<p>Den h\u00e4r cylindriska f\u00f6rpackningen \u00e4r huvudsakligen i macaronrosa. Den mjuka och l\u00e5gm\u00e4ttade rosa tonen kan effektivt minska visuell tr\u00f6tthet. Med den enkla linjedesignen skapar den en avkopplande och helande sensorisk atmosf\u00e4r, som passar de naturliga l\u00e4kande egenskaperna hos eteriska oljeprodukter. F\u00f6rpackningsl\u00e5dans yta anv\u00e4nder matt texturteknik, som har en k\u00e4nslig touch och ytterligare f\u00f6rb\u00e4ttrar den dubbla komfortupplevelsen av syn och ber\u00f6ring.<\/p>\n<h2 id=\"-2-innovative-top-and-bottom-cover-structure-\"><strong>2. Innovativ struktur f\u00f6r topp- och bottenk\u00e5pa<\/strong><\/h2>\n<p>Den \u00f6vre och nedre delade \u00f6vre och nedre t\u00e4ckdesignen \u00e4r antagen. N\u00e4r l\u00e5dan \u00e4r st\u00e4ngd sitter den t\u00e4tt. Det finns ingen \u00f6verfl\u00f6dig dekoration p\u00e5 skiljelinjen och den sl\u00e4ta konturen \u00e4r skisserad med minimalistiska geometriska linjer. Den cylindriska formen kombineras med mikrob\u00e5gsst\u00e4ngningsprocessen f\u00f6r att ge en mjuk skiktad k\u00e4nsla. \u00d6ppnings- och st\u00e4ngningsmomentet har b\u00e5de en k\u00e4nsla av ritual och praktiska egenskaper, vilket \u00e4r l\u00e4mpligt f\u00f6r visningsbehoven f\u00f6r dofter, ljus och andra produkter.<\/p>\n<h2 id=\"-3-embossed-texture-technology-\"><strong>3. Teknik f\u00f6r pr\u00e4glad textur<\/strong><\/h2>\n<p>Beh\u00e5llarens yta \u00e4r t\u00e4ckt med en ytlig pr\u00e4glad struktur, med fina horisontella krusningar som simulerar naturliga krusningar, och delvis prickade med radiella blommiga m\u00f6rka m\u00f6nster, som bildar en ljus- och skugggradientseffekt genom mikrosk\u00e4rningsdjupet p\u00e5 0,3-0,5 mm. Texturdesignen kan inte bara f\u00f6rb\u00e4ttra den halkfria greppupplevelsen utan ocks\u00e5 presentera en hotande tredimensionell struktur under olika ljusvinklar, vilket ger f\u00f6rpackningen ett l\u00e5gm\u00e4lt och djupt konstn\u00e4rligt uttryck.<\/p>\n<h2 id=\"-4-highly-customized-solutions-\"><strong>4. Mycket kundanpassade l\u00f6sningar<\/strong><\/h2>\n<p>St\u00f6der fullst\u00e4ndig anpassning fr\u00e5n storlek, struktur till tryckprocess:<\/p>\n<ul>\n<li><strong>Anpassningsf\u00f6rm\u00e5ga<\/strong>: Den inre diametern\/h\u00f6jden kan justeras f\u00f6r att passa 30ml-200ml flaskor med eterisk olja, 50-500g burkar med ansiktskr\u00e4m eller aromaterapiljus med en diameter p\u00e5 5-15cm;<\/li>\n<li><strong>Funktionsexpansion<\/strong>: Valfritt foder EVA st\u00f6ts\u00e4kert lager, magnetisk \u00f6ppning och st\u00e4ngning av sp\u00e4nne eller bandf\u00f6rsegling och andra detaljer kan utrustas f\u00f6r att m\u00f6ta behoven hos avancerade presentf\u00f6rpackningar;<\/li>\n<li><strong>Visuell anpassning<\/strong>: St\u00f6der specialf\u00e4rgstryck, varmst\u00e4mpling \/ UV-lokal lack och andra processer och kan integreras med varum\u00e4rkeslogotyp eller anpassade m\u00f6nster.<\/li>\n<\/ul>\n<h2 id=\"-5-quality-assurance-and-delivery-service-\"><strong>5. Kvalitetss\u00e4kring och leveransservice<\/strong><\/h2>\n<p>Med 16 \u00e5rs erfarenhet av f\u00f6rpackningar och tryckning \u00e4r fabriken utrustad med helautomatiska stansmaskiner, kopplingslinjer f\u00f6r gravyrtryck och intelligent kvalitetsinspektionsutrustning f\u00f6r att uppn\u00e5 72-timmars snabb korrektur och 15-dagars massproduktionsleverans. Tillhandah\u00e5lla one-stop-tj\u00e4nster fr\u00e5n designf\u00f6rslag, materialval till logistikdistribution f\u00f6r att s\u00e4kerst\u00e4lla att f\u00f6rpackningskvalitet och produktionscykel \u00e4r exakt kontrollerbara.<\/p>\n<h2 id=\"-applicable-scenarios-\"><strong>Till\u00e4mpliga scenarier<\/strong><\/h2>\n<ul>\n<li>Serie f\u00f6r eterisk olja\/doft: Den \u00f6vre och nedre t\u00e4ckstrukturen skyddar flaskans kropp, och den pr\u00e4glade strukturen f\u00f6rb\u00e4ttrar visningstexturen<\/li>\n<li>Presentf\u00f6rpackning f\u00f6r hudv\u00e5rd: Macaron f\u00e4rgmatchning minimalistisk design, i linje med tonen i avancerade sk\u00f6nhetsm\u00e4rken<\/li>\n<li>Begr\u00e4nsad upplaga f\u00f6r jul: Skapa en differentierad produktlinje genom en skr\u00e4ddarsydd kombination av textur och f\u00e4rg<\/li>\n<\/ul>","protected":false},"excerpt":{"rendered":"<p>Pappersr\u00f6rsf\u00f6rpackningen har en delad \u00f6vre och undre t\u00e4ckstruktur, vilket ger en mjuk och skiktad visuell effekt. Ytan \u00e4r t\u00e4ckt med en ytlig reliefstruktur som ger en visuell vinkel<\/p>","protected":false},"featured_media":593,"template":"","meta":{"_kad_post_transparent":"default","_kad_post_title":"","_kad_post_layout":"default","_kad_post_sidebar_id":"","_kad_post_content_style":"default","_kad_post_vertical_padding":"default","_kad_post_feature":"","_kad_post_feature_position":"","_kad_post_header":false,"_kad_post_footer":false,"_kad_post_classname":""},"product_brand":[],"product_cat":[15,28,17],"product_tag":[199,201,200],"class_list":{"0":"post-589","1":"product","2":"type-product","3":"status-publish","4":"has-post-thumbnail","6":"product_cat-red-light-therapy","7":"product_cat-customize","8":"product_cat-services","9":"product_tag-essential-oil-cylinder-boxes","10":"product_tag-essential-oil-paper-tube-packaging","11":"product_tag-supplier-essential-oil-packaging","13":"first","14":"instock","15":"shipping-taxable","16":"product-type-simple","17":"entry","18":"content-bg","19":"loop-entry"},"_links":{"self":[{"href":"https:\/\/red-lighttherapy.com\/sv\/wp-json\/wp\/v2\/product\/589","targetHints":{"allow":["GET"]}}],"collection":[{"href":"https:\/\/red-lighttherapy.com\/sv\/wp-json\/wp\/v2\/product"}],"about":[{"href":"https:\/\/red-lighttherapy.com\/sv\/wp-json\/wp\/v2\/types\/product"}],"wp:featuredmedia":[{"embeddable":true,"href":"https:\/\/red-lighttherapy.com\/sv\/wp-json\/wp\/v2\/media\/593"}],"wp:attachment":[{"href":"https:\/\/red-lighttherapy.com\/sv\/wp-json\/wp\/v2\/media?parent=589"}],"wp:term":[{"taxonomy":"product_brand","embeddable":true,"href":"https:\/\/red-lighttherapy.com\/sv\/wp-json\/wp\/v2\/product_brand?post=589"},{"taxonomy":"product_cat","embeddable":true,"href":"https:\/\/red-lighttherapy.com\/sv\/wp-json\/wp\/v2\/product_cat?post=589"},{"taxonomy":"product_tag","embeddable":true,"href":"https:\/\/red-lighttherapy.com\/sv\/wp-json\/wp\/v2\/product_tag?post=589"}],"curies":[{"name":"wp","href":"https:\/\/api.w.org\/{rel}","templated":true}]}}