{"id":577,"date":"2025-04-12T10:07:51","date_gmt":"2025-04-12T10:07:51","guid":{"rendered":"https:\/\/red-lighttherapy.com\/?post_type=product&#038;p=577"},"modified":"2025-04-15T04:13:35","modified_gmt":"2025-04-15T04:13:35","slug":"supplier-custom-candle-diffuser-kraft-paper-tube-packaging","status":"publish","type":"product","link":"https:\/\/red-lighttherapy.com\/sv\/supplier-custom-candle-diffuser-kraft-paper-tube-packaging\/","title":{"rendered":"Leverant\u00f6r Anpassad ljusdiffusor Kraftpappersr\u00f6r F\u00f6rpackning"},"content":{"rendered":"<h2 id=\"-light-blue-elegant-series-customized-packaging-box-an-environmentally-friendly-packaging-solution-designed-for-high-end-fragrance-brands-perfectly-integrating-aesthetic-design-and-practical-functions\">Leverant\u00f6r Anpassad ljusdiffusor Kraftpappersr\u00f6r F\u00f6rpackning<\/h2>\n<h2 id=\"1-color-aesthetics-and-brand-recognition\">1. F\u00e4rgestetik och varum\u00e4rkesigenk\u00e4nning<\/h2>\n<p>Genom att anta samma f\u00e4rggradientdesign, med Pantone-f\u00e4rgkort PANTONE 14-4123 \"Quiet Light Blue\" som huvudf\u00e4rg, uppn\u00e5s den visuella enheten genom mjukg\u00f6ring av f\u00e4rgstarkt system. L\u00e5dkroppens LOGO antar tysk guldst\u00e4mpelfolie-teknik, tjockleken p\u00e5 guldst\u00e4mpelfolien n\u00e5r 0,12 mm och ljusbrytningsindexet \u00f6kas med 30%. Med den matta ytbehandlingstekniken lyfter varum\u00e4rkeslogotypen fram den l\u00e4tta lyxstilen i den l\u00e5gm\u00e4lda strukturen.<\/p>\n<h2 id=\"2-innovative-structure-and-use-experience\">2. Erfarenhet av innovativ struktur och anv\u00e4ndning<\/h2>\n<p>Den cylindriska l\u00e5dan har en patenterad design med separat \u00f6vre och nedre lock, kombinerat med en bajonettstruktur med 3,5 mm precision, f\u00f6r att uppn\u00e5 en \u00f6ppnings- och st\u00e4ngningsfunktion med en hand och uppr\u00e4tth\u00e5lla IP54-standarden f\u00f6r dammt\u00e4t t\u00e4tning. Den str\u00f6mlinjeformade l\u00e5dkroppen \u00e4r ergonomiskt ber\u00e4knad, och greppb\u00e5gen passar palmkurvan, och \u00f6ppnings- och st\u00e4ngningsupplevelsen \u00e4r b\u00e4ttre \u00e4n den traditionella g\u00e4ngade f\u00f6rpackningen.<\/p>\n<h2 id=\"3-environmentally-friendly-materials-and-process-certification\">3. Certifiering av milj\u00f6v\u00e4nliga material och processer<\/h2>\n<p>R\u00e5varorna \u00e4r FSC-COC-certifierade (certifikatnummer FSC-C175785) och best\u00e5r av tre lager komposit kraftkartong fr\u00e5n den svenska koncernen, med en tryckh\u00e5llfasthet p\u00e5 300KPA och en fuktighetstolerans p\u00e5 30%-85%RH. Produktionsprocessen f\u00f6ljer strikt milj\u00f6ledningssystemet ISO14001, och koldioxidavtrycket \u00e4r 42% l\u00e4gre \u00e4n f\u00f6r vanliga f\u00f6rpackningar.<\/p>\n<h3 id=\"4-customized-service-guarantee-system\">4. System f\u00f6r kundanpassad servicegaranti<\/h3>\n<p>-\u00a0<strong>Djupg\u00e5ende anpassning<\/strong>: St\u00f6der anpassning i full storlek fr\u00e5n mikroprovr\u00f6r med 15 mm diameter till 280 mm ljusstakar och erbjuder 12 processkombinationsl\u00f6sningar som UV-pr\u00e4gling, lokal lackning och magnetisk \u00f6ppning och st\u00e4ngning\u00a0<strong>Kvalitetskontroll av hela l\u00e4nken<\/strong>: F\u00f6rlita sig p\u00e5 den m\u00e5natliga produktionskapaciteten p\u00e5 miljoner enheter i de tv\u00e5 stora produktionsbaserna i Hebei och Zhejiang, utrustad med en spektrometer f\u00f6r att uppt\u00e4cka f\u00e4rg\u00e5tergivning, vilket s\u00e4kerst\u00e4ller batchf\u00e4rgskillnad \u22641,5\u0394E -\u00a0<strong>Bekymmersfri leverans<\/strong>: Antagande av en sammansatt skyddsstruktur av EPE p\u00e4rlbomullsbuffertfoder + femskikts korrugerad transportl\u00e5da, tillsammans med SF Express och DHL f\u00f6r att uppn\u00e5 72-timmars d\u00f6rr-till-d\u00f6rr-leverans rikst\u00e4ckande, med en brottfrekvens p\u00e5 mindre \u00e4n 0,3%<\/p>\n<h2 id=\"5-scenario-application-and-value-added-services\">5. Till\u00e4mpning av scenarier och merv\u00e4rdestj\u00e4nster<\/h2>\n<ul>\n<li>High-end shoppingcenter counter display (rekommenderas med akryl display rack)<\/li>\n<li>Br\u00f6llop\/konstutst\u00e4llning souvenirer i begr\u00e4nsad upplaga<\/li>\n<li>Scenario f\u00f6r gr\u00e4ns\u00f6verskridande e-handel med l\u00e4ttviktstransporter<\/li>\n<\/ul>\n<h2 id=\"-technical-parameters-\"><strong>Tekniska parametrar<\/strong><\/h2>\n<table>\n<thead>\n<tr>\n<th>Projekt<\/th>\n<th>Standardv\u00e4rde<\/th>\n<th>Testunderlag<\/th>\n<\/tr>\n<\/thead>\n<tbody>\n<tr>\n<td>Tryckh\u00e5llfasthet<\/td>\n<td>\u22653200N\/\u33a1<\/td>\n<td>GB\/T 6546-2021<\/td>\n<\/tr>\n<tr>\n<td>S\u00e4kerhet vid f\u00f6rbr\u00e4nning<\/td>\n<td>Sj\u00e4lvsl\u00e4ckning efter att ha l\u00e4mnat branden \u22643s<\/td>\n<td>UL94 HB-certifiering<\/td>\n<\/tr>\n<tr>\n<td>Noggrannhet vid varmst\u00e4mpling<\/td>\n<td>\u00b10,15 mm<\/td>\n<td>ISO 12647-2 tryckstandard<\/td>\n<\/tr>\n<\/tbody>\n<\/table>","protected":false},"excerpt":{"rendered":"<p>Denna f\u00f6rpackningsl\u00e5da har en fr\u00e4sch och elegant ljusbl\u00e5 f\u00e4rg som huvudf\u00e4rg, vilket ger en enkel och naturlig stil som helhet. LOGO guld varmst\u00e4mplingsfolieprocessen kan f\u00f6rb\u00e4ttra erk\u00e4nnandet av det visade varum\u00e4rket och st\u00e4rka varum\u00e4rkestonen.<\/p>","protected":false},"featured_media":580,"template":"","meta":{"_kad_post_transparent":"default","_kad_post_title":"","_kad_post_layout":"default","_kad_post_sidebar_id":"","_kad_post_content_style":"default","_kad_post_vertical_padding":"default","_kad_post_feature":"","_kad_post_feature_position":"","_kad_post_header":false,"_kad_post_footer":false,"_kad_post_classname":""},"product_brand":[],"product_cat":[15,17],"product_tag":[194,193,195],"class_list":{"0":"post-577","1":"product","2":"type-product","3":"status-publish","4":"has-post-thumbnail","6":"product_cat-red-light-therapy","7":"product_cat-services","8":"product_tag-candle-diffuser-packaging","9":"product_tag-custom-candle-paper-tube","10":"product_tag-supplier-candle-paper-tube","12":"first","13":"instock","14":"shipping-taxable","15":"product-type-simple","16":"entry","17":"content-bg","18":"loop-entry"},"_links":{"self":[{"href":"https:\/\/red-lighttherapy.com\/sv\/wp-json\/wp\/v2\/product\/577","targetHints":{"allow":["GET"]}}],"collection":[{"href":"https:\/\/red-lighttherapy.com\/sv\/wp-json\/wp\/v2\/product"}],"about":[{"href":"https:\/\/red-lighttherapy.com\/sv\/wp-json\/wp\/v2\/types\/product"}],"wp:featuredmedia":[{"embeddable":true,"href":"https:\/\/red-lighttherapy.com\/sv\/wp-json\/wp\/v2\/media\/580"}],"wp:attachment":[{"href":"https:\/\/red-lighttherapy.com\/sv\/wp-json\/wp\/v2\/media?parent=577"}],"wp:term":[{"taxonomy":"product_brand","embeddable":true,"href":"https:\/\/red-lighttherapy.com\/sv\/wp-json\/wp\/v2\/product_brand?post=577"},{"taxonomy":"product_cat","embeddable":true,"href":"https:\/\/red-lighttherapy.com\/sv\/wp-json\/wp\/v2\/product_cat?post=577"},{"taxonomy":"product_tag","embeddable":true,"href":"https:\/\/red-lighttherapy.com\/sv\/wp-json\/wp\/v2\/product_tag?post=577"}],"curies":[{"name":"wp","href":"https:\/\/api.w.org\/{rel}","templated":true}]}}