{"id":571,"date":"2025-04-12T09:00:49","date_gmt":"2025-04-12T09:00:49","guid":{"rendered":"https:\/\/red-lighttherapy.com\/?post_type=product&#038;p=571"},"modified":"2025-04-12T10:07:39","modified_gmt":"2025-04-12T10:07:39","slug":"clothing-t-shirt-apparel-socks-underwear-paper-tube-supplier","status":"publish","type":"product","link":"https:\/\/red-lighttherapy.com\/sv\/clothing-t-shirt-apparel-socks-underwear-paper-tube-supplier\/","title":{"rendered":"Kl\u00e4der T-shirt Kl\u00e4der Strumpor Underkl\u00e4der Pappersr\u00f6r Leverant\u00f6r"},"content":{"rendered":"<h2 id=\"-product-description-of-paper-tube-for-clothing-t-shirts-apparel-socks-and-underwear-\"><strong>Kl\u00e4der T-shirt Kl\u00e4der Strumpor Underkl\u00e4der Pappersr\u00f6r Leverant\u00f6r Produktbeskrivning<\/strong><\/h2>\n<h2 id=\"1-separate-cylindrical-box-design-simple-and-practical-\">1.\u00a0<strong>Separat pappersr\u00f6rsf\u00f6rpackningsdesign, enkel och praktisk<\/strong><\/h2>\n<p>Den separerade lockstrukturen antas, och f\u00f6rh\u00e5llandet mellan l\u00e5dkroppen och locket ber\u00e4knas vetenskapligt, vilket g\u00f6r \u00f6ppningen och st\u00e4ngningen smidig och t\u00e4tningen stark. Lockets design passar beh\u00e5llarens kontur, vilket inte bara s\u00e4kerst\u00e4ller f\u00f6rpackningens integritet utan ocks\u00e5 f\u00f6rmedlar det moderna estetiska konceptet genom minimalistiska linjer (se designprinciperna f\u00f6r separat f\u00f6rpackningsstruktur).<\/p>\n<h2 id=\"2-black-and-white-contrast-vision-strengthen-brand-recognition-\">2.\u00a0<strong>Svartvit kontrastsyn, st\u00e4rker varum\u00e4rkesigenk\u00e4nningen<\/strong><\/h2>\n<p>L\u00e5dans kropp \u00e4r baserad p\u00e5 ren vit, med en cirkel av svarta linjer runt toppen, och det visuella tilltalet f\u00f6rb\u00e4ttras genom design med h\u00f6g kontrast. Denna design \u00e4r inspirerad av trenden med avancerad f\u00f6rpackningsestetik, l\u00e4mplig f\u00f6r l\u00e4tt lyx, trendiga varum\u00e4rken och andra stilar, och l\u00e4mplig f\u00f6r den enkla tonaliteten hos T-shirts, underkl\u00e4der och andra kategorier (liknar den kontrasterande f\u00e4rgapplikationslogiken f\u00f6r f\u00e4rgl\u00e5def\u00f6rpackningar).<\/p>\n<h2 id=\"3-high-definition-printing-and-typesetting-highlighting-the-brand-logo-\">3.\u00a0<strong>H\u00f6guppl\u00f6st tryck och s\u00e4ttning som framh\u00e4ver varum\u00e4rkets logotyp<\/strong><\/h2>\n<p>Ytan \u00e4r tryckt med UV-teknik, texten och m\u00f6nstret \u00e4r tydliga och slitstarka, och det g\u00e5r att v\u00e4lja mellan matt och glansig effekt. Layouten f\u00f6ljer principen \"less is more\", med moderna sans serif-teckensnitt som huvudfunktion, vilket s\u00e4kerst\u00e4ller att varum\u00e4rkeslogotypen \u00e4r centrerad och i\u00f6gonfallande, samtidigt som det l\u00e4mnas tomt utrymme f\u00f6r att f\u00f6rb\u00e4ttra k\u00e4nslan av lyx (med utg\u00e5ngspunkt i tryckstandarderna f\u00f6r prisbel\u00f6nt f\u00f6rpackningsdesign).<\/p>\n<h2 id=\"4-professional-box-type-adaptation-to-improve-product-matching-\">4.\u00a0<strong>Anpassning av professionell l\u00e5dtyp f\u00f6r att f\u00f6rb\u00e4ttra produktmatchningen<\/strong><\/h2>\n<p>Anpassade rekommendationer f\u00f6r l\u00e5dtyper ges baserat p\u00e5 produktens egenskaper:<\/p>\n<ul>\n<li><strong>T-shirt\/sweatshirt<\/strong>: En f\u00f6rh\u00f6jd cylinder med en diameter p\u00e5 20-30 cm rekommenderas, med ett magnetiskt \u00f6ppnings- och st\u00e4ngningslock f\u00f6r enkel vikning och f\u00f6rvaring av kl\u00e4der;<\/li>\n<li><strong>Strumpor\/underkl\u00e4der<\/strong>: En cylinder av l\u00e5dtyp i flera lager med inbyggt fackfoder anv\u00e4nds f\u00f6r att uppn\u00e5 klassificerad f\u00f6rvaring av flera f\u00f6rem\u00e5l;<\/li>\n<li><strong>H\u00f6gklassiga g\u00e5vor<\/strong>: Kombinerat med presentf\u00f6rpackningens struktur p\u00e5 topp- och bottenlocket f\u00f6rst\u00e4rks k\u00e4nslan av unboxingceremoni (se biblioteket f\u00f6r multifunktionell l\u00e5da).<\/li>\n<\/ul>\n<h2 id=\"5-fsc-certified-material-environmental-protection-and-quality-\">5.\u00a0<strong>FSC-certifierat material, milj\u00f6skydd och kvalitet<\/strong><\/h2>\n<p>R\u00e5varorna till f\u00f6rpackningsl\u00e5dan \u00e4r certifierade enligt FSC:s skogscertifiering f\u00f6r att s\u00e4kerst\u00e4lla att tr\u00e4et kommer fr\u00e5n en h\u00e5llbar k\u00e4lla och uppfyller kraven f\u00f6r marknadstilltr\u00e4de i EU och Nordamerika. Det certifierade materialet har b\u00e5de h\u00f6g h\u00e5rdhet och l\u00e4ttviktsegenskaper, vilket ger differentierade l\u00f6sningar f\u00f6r milj\u00f6v\u00e4nliga varum\u00e4rken och avancerade kunder (FSC-certifierade f\u00f6rdelar i leveranskedjan).<\/p>\n<h2 id=\"6-modular-lining-system-all-round-protection-\">6.\u00a0<strong>Modul\u00e4rt fodersystem, allround-skydd<\/strong><\/h2>\n<p>Inredningen kan matchas med en m\u00e4ngd olika fodermaterial:<\/p>\n<ul>\n<li><strong>Fast typ<\/strong>: EVA-svamp eller p\u00e4rlbomull utskuret sp\u00e5r, exakt positionering och st\u00f6ts\u00e4ker;<\/li>\n<li><strong>Mjuk typ<\/strong>: flockv\u00e4v eller raffiafyllning, l\u00e4mplig f\u00f6r underkl\u00e4der;<\/li>\n<li><strong>Typ av display<\/strong>: transparent PET-blistertr\u00e5g som intuitivt presenterar produktdetaljer (olika l\u00f6sningar f\u00f6r foder).<\/li>\n<\/ul>\n<h2 id=\"7-16-years-of-smart-manufacturing-experience-full-process-quality-control-\">7.\u00a0<strong>16 \u00e5rs erfarenhet av smart tillverkning, kvalitetskontroll i hela processen<\/strong><\/h2>\n<p>F\u00f6rlita sig p\u00e5 ett moget produktionssystem, strikt kontroll fr\u00e5n designkorrektur till massproduktion, vilket s\u00e4kerst\u00e4ller att leveranscykeln f\u00f6rkortas med 30% och att den defekta hastigheten \u00e4r mindre \u00e4n 0,5%. St\u00f6d anpassning av sm\u00e5 satser och gr\u00e4ns\u00f6verskridande logistikoptimering, vilket ger one-stop f\u00f6rpackningstj\u00e4nster f\u00f6r globala varum\u00e4rken (referens f\u00f6r erfarenhet av leveranskedjan).<\/p>\n<h2 id=\"-advantages-of-cooperation-\"><strong>F\u00f6rdelar med samarbete<\/strong>:<\/h2>\n<ul>\n<li><strong>Designst\u00f6d<\/strong>: Gratis 3D-renderingar och materialprover;<\/li>\n<li><strong>Kostnadsoptimering<\/strong>: Storskalig upphandling s\u00e4nker enhetspriset, med en minsta best\u00e4llning p\u00e5 500 stycken;<\/li>\n<li><strong>Snabbt svar<\/strong>: Prototypframtagning sker inom 72 timmar och massproduktion levereras inom 15 dagar.<\/li>\n<\/ul>","protected":false},"excerpt":{"rendered":"<p>F\u00f6rpackningsl\u00e5dan av pappersr\u00f6r har ett separat lock. F\u00f6rh\u00e5llandet mellan beh\u00e5llaren och locket \u00e4r samordnat och \u00e5terspeglar den enkla f\u00f6rpackningsdesignen. L\u00e5dans kropp \u00e4r huvudsakligen ren vit, och en cirkel av svarta linjer omger \u00f6verkanten och bildar en skarp kontrast f\u00f6r att f\u00f6rb\u00e4ttra \u00f6verklagandet. L\u00e5dans yta \u00e4r tydligt tryckt och textens layoutdesign \u00e4r enkel och modern, vilket kan f\u00f6rb\u00e4ttra varum\u00e4rkeslogotypen. Denna f\u00f6rpackningsl\u00e5da \u00e4r mycket l\u00e4mplig f\u00f6r dina kl\u00e4der, T-shirts, kl\u00e4der, strumpor och underkl\u00e4der<\/p>","protected":false},"featured_media":575,"template":"","meta":{"_kad_post_transparent":"default","_kad_post_title":"","_kad_post_layout":"default","_kad_post_sidebar_id":"","_kad_post_content_style":"default","_kad_post_vertical_padding":"default","_kad_post_feature":"","_kad_post_feature_position":"","_kad_post_header":false,"_kad_post_footer":false,"_kad_post_classname":""},"product_brand":[],"product_cat":[15,30,17],"product_tag":[190,192,191],"class_list":{"0":"post-571","1":"product","2":"type-product","3":"status-publish","4":"has-post-thumbnail","6":"product_cat-red-light-therapy","7":"product_cat-dropshipping","8":"product_cat-services","9":"product_tag-clothing-paper-tube","10":"product_tag-socks-underwear-paper-tube-packaging","11":"product_tag-t-shirt-paper-tube-supplier","13":"first","14":"instock","15":"shipping-taxable","16":"product-type-simple","17":"entry","18":"content-bg","19":"loop-entry"},"_links":{"self":[{"href":"https:\/\/red-lighttherapy.com\/sv\/wp-json\/wp\/v2\/product\/571","targetHints":{"allow":["GET"]}}],"collection":[{"href":"https:\/\/red-lighttherapy.com\/sv\/wp-json\/wp\/v2\/product"}],"about":[{"href":"https:\/\/red-lighttherapy.com\/sv\/wp-json\/wp\/v2\/types\/product"}],"wp:featuredmedia":[{"embeddable":true,"href":"https:\/\/red-lighttherapy.com\/sv\/wp-json\/wp\/v2\/media\/575"}],"wp:attachment":[{"href":"https:\/\/red-lighttherapy.com\/sv\/wp-json\/wp\/v2\/media?parent=571"}],"wp:term":[{"taxonomy":"product_brand","embeddable":true,"href":"https:\/\/red-lighttherapy.com\/sv\/wp-json\/wp\/v2\/product_brand?post=571"},{"taxonomy":"product_cat","embeddable":true,"href":"https:\/\/red-lighttherapy.com\/sv\/wp-json\/wp\/v2\/product_cat?post=571"},{"taxonomy":"product_tag","embeddable":true,"href":"https:\/\/red-lighttherapy.com\/sv\/wp-json\/wp\/v2\/product_tag?post=571"}],"curies":[{"name":"wp","href":"https:\/\/api.w.org\/{rel}","templated":true}]}}