{"id":565,"date":"2025-04-12T08:34:45","date_gmt":"2025-04-12T08:34:45","guid":{"rendered":"https:\/\/red-lighttherapy.com\/?post_type=product&#038;p=565"},"modified":"2025-04-12T09:00:36","modified_gmt":"2025-04-12T09:00:36","slug":"custom-child-resistant-vape-cartridge-packaging-box-factory","status":"publish","type":"product","link":"https:\/\/red-lighttherapy.com\/sv\/custom-child-resistant-vape-cartridge-packaging-box-factory\/","title":{"rendered":"Anpassad barns\u00e4ker Vape Cartridge Packaging Box Factory"},"content":{"rendered":"<h2 id=\"-child-safe-electronic-cigarette-cartridge-packaging-box-professional-customized-solution-\">Anpassad barns\u00e4ker Vape Cartridge Packaging Box Factory<\/h2>\n<h2 id=\"1-double-child-proof-device-compliance-certification-guarantee-\">1.\u00a0<strong>Dubbelt barns\u00e4kert skydd, certifieringsgaranti f\u00f6r \u00f6verensst\u00e4mmelse<\/strong><\/h2>\n<ul>\n<li>Anta\u00a0<strong>tryck-rotera \u00f6ppningsstruktur<\/strong>\u00a0eller\u00a0<strong>uppl\u00e5sning med magnetisk sn\u00e4pp + slide<\/strong>\u00a0, pass\u00a0<strong>US 16 CFR 1700.20<\/strong>\u00a0och\u00a0<strong>EU ISO 8317<\/strong>\u00a0teststandarder f\u00f6r skydd av barn. Felprocenten f\u00f6r barn som \u00f6ppnar \u00e4r \u226580%, och vuxna kan enkelt \u00f6ppna den genom intuitiva operationer (t.ex. genom att rikta in pilar och anv\u00e4nda specifik kraft), vilket uppfyller kraven f\u00f6r marknadstilltr\u00e4de i Europa och USA.<\/li>\n<li>Inb\u00e4ddad\u00a0<strong>s\u00e4kerhetsl\u00e5s med anti-mistouchfunktion<\/strong>\u00a0m\u00e5ste tv\u00e5 fingrar tryckas ihop f\u00f6r att l\u00e5sa upp utdragsl\u00e5dan, f\u00f6r att f\u00f6rhindra att barn anv\u00e4nder den felaktigt.<\/li>\n<\/ul>\n<h2 id=\"2-immersive-pull-out-box-experience-\">2.\u00a0<strong>F\u00f6rdjupad upplevelse av utdragbar l\u00e5da<\/strong><\/h2>\n<ul>\n<li><strong>D\u00e4mpningsskena + fj\u00e4der med l\u00e5ngsam frig\u00f6ring<\/strong>\u00a0design, patronl\u00e5dan glider ut med en j\u00e4mn hastighet p\u00e5 0,5 sekunder\/cm och \u00e4r matchad med\u00a0<strong>halvgenomskinligt frostat f\u00f6nster<\/strong>, vilket g\u00f6r produkten elegant som ett utst\u00e4llningsf\u00f6rem\u00e5l och f\u00f6rst\u00e4rker k\u00e4nslan av en uppackningsceremoni.<\/li>\n<li>L\u00e5dans kropp antar\u00a0<strong>segmenterad utdragsstruktur<\/strong>Det f\u00f6rsta lagret visar varum\u00e4rkets LOGO och produktnamn, och det andra lagret avsl\u00f6jar gradvis patronens kropp, vilket f\u00f6rb\u00e4ttrar anv\u00e4ndarens utforskningsgl\u00e4dje.<\/li>\n<\/ul>\n<h2 id=\"3-visual-friendliness-and-material-safety-\">3.\u00a0<strong>Visuell v\u00e4nlighet och materials\u00e4kerhet<\/strong><\/h2>\n<ul>\n<li>Huvudf\u00e4rgen p\u00e5 den yttre l\u00e5dan \u00e4r\u00a0<strong>off-white matt bel\u00e4ggning<\/strong>, som har varit\u00a0<strong>EN71-3 test av farligt \u00e4mne<\/strong>har ingen irriterande reflektion och kan minska l\u00e5ngvarig visuell tr\u00f6tthet.<\/li>\n<li>Materialet kan v\u00e4ljas\u00a0<strong>EVA-foder av livsmedelskvalitet + Lycra-tygbel\u00e4ggning<\/strong>\u00a0eller\u00a0<strong>250gsm vit kartong flockningsprocess<\/strong>, som har en k\u00e4nslig touch och falld\u00e4mpande prestanda.<\/li>\n<\/ul>\n<h2 id=\"4-full-dimensional-customization-service-\">4.\u00a0<strong>Fulldimensionell anpassningstj\u00e4nst<\/strong><\/h2>\n<ul>\n<li><strong>Flexibel anpassning av storlek<\/strong>: St\u00f6der anpassning av l\u00e5dor med 5-50 patroner, kompatibla med enstaka f\u00f6rpackningar till serieupps\u00e4ttningar, med en toleranskontroll p\u00e5 \u00b10,3 mm.<\/li>\n<li><strong>Moduluppbyggt foder<\/strong>: Design\u00a0<strong>EVA-n\u00e4tsp\u00e5r<\/strong>\u00a0eller\u00a0<strong>svamp slot<\/strong>\u00a0enligt patronens form (cylinder\/kvadratisk l\u00e5da\/specialform) f\u00f6r att uppn\u00e5 nollf\u00f6rskjutningsfixering och f\u00f6rb\u00e4ttra transportchockmotst\u00e5ndet med 60%.<\/li>\n<li><strong>Exklusiv design f\u00f6r varum\u00e4rket<\/strong>: Tillhandah\u00e5lla\u00a0<strong>laser laser LOGO<\/strong>,\u00a0<strong>UV-pr\u00e4glad textur<\/strong>\u00a0och\u00a0<strong>screentryck<\/strong>\u00a0processer, st\u00f6d f\u00f6r utskrift av etiketter f\u00f6r plattformar som Amazon och oberoende stationer.<\/li>\n<\/ul>\n<h2 id=\"5-global-compliance-support-\">5.\u00a0<strong>St\u00f6d f\u00f6r global efterlevnad<\/strong><\/h2>\n<ul>\n<li>Tillhandah\u00e5lla\u00a0<strong>CPC (USA)<\/strong>,\u00a0<strong>CE (EU)<\/strong>\u00a0och\u00a0<strong>CSA Z76.1 (Kanada)<\/strong>\u00a0Certifieringsdokument, som omfattar testrapporter om bland annat f\u00f6rpackningars flamskydd och kemisk migration, f\u00f6r att s\u00e4kerst\u00e4lla att gr\u00e4ns\u00f6verskridande handel med cannabisprodukter \u00e4r laglig.<\/li>\n<\/ul>\n<h2 id=\"-service-advantages-\"><strong>F\u00f6rdelar med tj\u00e4nsten<\/strong><\/h2>\n<ul>\n<li><strong>16 \u00e5rs direkt drift fr\u00e5n fabrik<\/strong>: daglig produktionskapacitet p\u00e5 1.000.000 stycken, st\u00f6d f\u00f6r minsta best\u00e4llning p\u00e5 500 stycken och extremt snabb leverans inom 7-14 dagar.<\/li>\n<li><strong>Fullst\u00e4ndig processtyrning<\/strong>: fr\u00e5n ritningsdesign, korrektur till massproduktion, utrustad med 1 till 1 f\u00f6rs\u00e4ljningskonsulter och kvalitetskontrollteam, som tillhandah\u00e5ller\u00a0<strong>f\u00f6rpackningar design-produktion-logistik<\/strong>\u00a0tj\u00e4nster med slutna kretslopp.<\/li>\n<\/ul>","protected":false},"excerpt":{"rendered":"<p>V\u00e5r barns\u00e4kra f\u00f6rpackning f\u00f6r cannabis vape \u00e4r utrustad med en barns\u00e4ker anordning f\u00f6r att s\u00e4kerst\u00e4lla att den \u00e4r sv\u00e5r f\u00f6r barn att \u00f6ppna men l\u00e4tt f\u00f6r vuxna att \u00f6ppna. Det \u00e4r helt f\u00f6renligt med lagar och f\u00f6rordningar. Det kan anpassas mycket f\u00f6r att passa din cannabis vape-produktf\u00f6rpackning.<\/p>","protected":false},"featured_media":569,"template":"","meta":{"_kad_post_transparent":"default","_kad_post_title":"","_kad_post_layout":"default","_kad_post_sidebar_id":"","_kad_post_content_style":"default","_kad_post_vertical_padding":"default","_kad_post_feature":"","_kad_post_feature_position":"","_kad_post_header":false,"_kad_post_footer":false,"_kad_post_classname":""},"product_brand":[],"product_cat":[15,40,17],"product_tag":[188,189,169],"class_list":{"0":"post-565","1":"product","2":"type-product","3":"status-publish","4":"has-post-thumbnail","6":"product_cat-red-light-therapy","7":"product_cat-red-light-therapy-panel","8":"product_cat-services","9":"product_tag-custom-1ml-vape-cartridge-packaging","10":"product_tag-custom-disposable-vape-boxes","11":"product_tag-vape-cartridge-packaging","13":"first","14":"instock","15":"shipping-taxable","16":"product-type-simple","17":"entry","18":"content-bg","19":"loop-entry"},"_links":{"self":[{"href":"https:\/\/red-lighttherapy.com\/sv\/wp-json\/wp\/v2\/product\/565","targetHints":{"allow":["GET"]}}],"collection":[{"href":"https:\/\/red-lighttherapy.com\/sv\/wp-json\/wp\/v2\/product"}],"about":[{"href":"https:\/\/red-lighttherapy.com\/sv\/wp-json\/wp\/v2\/types\/product"}],"wp:featuredmedia":[{"embeddable":true,"href":"https:\/\/red-lighttherapy.com\/sv\/wp-json\/wp\/v2\/media\/569"}],"wp:attachment":[{"href":"https:\/\/red-lighttherapy.com\/sv\/wp-json\/wp\/v2\/media?parent=565"}],"wp:term":[{"taxonomy":"product_brand","embeddable":true,"href":"https:\/\/red-lighttherapy.com\/sv\/wp-json\/wp\/v2\/product_brand?post=565"},{"taxonomy":"product_cat","embeddable":true,"href":"https:\/\/red-lighttherapy.com\/sv\/wp-json\/wp\/v2\/product_cat?post=565"},{"taxonomy":"product_tag","embeddable":true,"href":"https:\/\/red-lighttherapy.com\/sv\/wp-json\/wp\/v2\/product_tag?post=565"}],"curies":[{"name":"wp","href":"https:\/\/api.w.org\/{rel}","templated":true}]}}