{"id":559,"date":"2025-04-12T08:13:57","date_gmt":"2025-04-12T08:13:57","guid":{"rendered":"https:\/\/red-lighttherapy.com\/?post_type=product&#038;p=559"},"modified":"2025-04-12T08:34:31","modified_gmt":"2025-04-12T08:34:31","slug":"wholesale-premium-custom-perfume-cosmetic-boxes-supplies","status":"publish","type":"product","link":"https:\/\/red-lighttherapy.com\/sv\/wholesale-premium-custom-perfume-cosmetic-boxes-supplies\/","title":{"rendered":"Partihandel Premium anpassad parfym kosmetiska l\u00e5dor leveranser"},"content":{"rendered":"<h2 id=\"-customized-perfume-and-cosmetics-box-product-description-\"><strong>Anpassad produktbeskrivning f\u00f6r parfym- och kosmetikask<\/strong><\/h2>\n<p>F\u00f6r att tillgodose behoven av avancerade parfym- och kosmetikaf\u00f6rpackningar har vi lanserat skr\u00e4ddarsydda f\u00f6rpackningsl\u00f6sningar som kombinerar funktionalitet, estetik och varum\u00e4rkesv\u00e4rde och skapar f\u00f6ljande f\u00f6rdelar f\u00f6r grossistkunder:<\/p>\n<h2 id=\"1-coated-paper-material-sturdy-and-durable-\">1.\u00a0<strong>Bestruket pappersmaterial, robust och h\u00e5llbart<\/strong><\/h2>\n<p>Materialet \u00e4r tillverkat av bestruket papper med h\u00f6g vikt, med en sl\u00e4t och delikat yta och en f\u00e4rg\u00e5tergivningsgrad p\u00e5 mer \u00e4n 95%. Papperet har utm\u00e4rkt styvhet och b\u00e4rande prestanda. En enda l\u00e5da kan b\u00e4ra upp till 1,5 kg, vilket \u00e4r l\u00e4mpligt f\u00f6r s\u00e4ker f\u00f6rpackning av olika \u00f6mt\u00e5liga beh\u00e5llare som glasflaskor och keramikflaskor, samtidigt som de uppfyller behoven hos flerskikts staplingsdisplay.<\/p>\n<h2 id=\"2-herm-s-orange-design-strong-visual-impact-\">2.\u00a0<strong>Herm\u00e8s orange design, stark visuell effekt<\/strong><\/h2>\n<p>Den yttre l\u00e5dan anv\u00e4nder Herm\u00e8s ikoniska orange, kombinerat med matt lim eller varmst\u00e4mplingsteknik, f\u00f6r att bilda ett \"visuellt fokus\" p\u00e5 hyllan. Orange symboliserar vitalitet och lyx och kan effektivt f\u00f6rb\u00e4ttra varum\u00e4rkesigenk\u00e4nningen. Data visar att orangef\u00e4rgade f\u00f6rpackningar kan \u00f6ka konsumenternas vistelsetid med 20%. L\u00e5dtypen st\u00f6der en m\u00e4ngd olika \u00f6ppningsmetoder som topp- och bottenlock och fliplock, och matchas med varmst\u00e4mpling LOGO eller pr\u00e4glade strukturer f\u00f6r att f\u00f6rb\u00e4ttra k\u00e4nslan av unboxing ceremoni.<\/p>\n<h2 id=\"3-customized-protection-of-eva-lining-\">3.\u00a0<strong>Skr\u00e4ddarsytt skydd av EVA-foder<\/strong><\/h2>\n<p>Fodret \u00e4r tillverkat av EVA-material med h\u00f6g densitet, som har en slagt\u00e5lighet p\u00e5 1,5 g\u00e5nger industristandarden och kan absorbera 70% av transportvibrationsenergin. Det ger 25 \u00b0 till 80 \u00b0 h\u00e5rdhetsalternativ och anpassad sp\u00e5rdesign f\u00f6r parfymflaskans form f\u00f6r att s\u00e4kerst\u00e4lla fixering utan f\u00f6rskjutning; ytan kan vara flockad (s\u00e5som sammetstruktur) eller matt frostad, med h\u00e4nsyn till b\u00e5de skydd och avancerad touch.<\/p>\n<h2 id=\"4-diversified-printing-and-creative-design-\">4.\u00a0<strong>Diversifierat tryck och kreativ design<\/strong><\/h2>\n<p>St\u00f6der CMYK-fyrf\u00e4rgstryck, partiell UV, 3D-pr\u00e4gling och andra processer, och kan integreras med konstn\u00e4rliga illustrationer, minimalistisk geometri eller varum\u00e4rkesexklusiva kulturelement. Ett exempel:<\/p>\n<ul>\n<li><strong>Festivalens tema<\/strong>: Kombineras med sn\u00f6flingor och blomm\u00f6nster f\u00f6r att skapa presentaskar i begr\u00e4nsad upplaga;<\/li>\n<li><strong>Koncept f\u00f6r milj\u00f6skydd<\/strong>: Tryck med f\u00f6rnybara f\u00e4rger och matchning med logotyper av nedbrytbart material;<\/li>\n<li><strong>Smart interaktion<\/strong>: B\u00e4dda in AR QR-kod, skanna koden f\u00f6r att hoppa till varum\u00e4rkesber\u00e4ttelsen eller anv\u00e4ndarhandledningen.<\/li>\n<\/ul>\n<h2 id=\"5-one-stop-service-and-detail-control-\">5.\u00a0<strong>Service och detaljkontroll fr\u00e5n ett enda st\u00e4lle<\/strong><\/h2>\n<p>Med 20 \u00e5rs erfarenhet av f\u00f6rpackningar och tryckning erbjuder vi tj\u00e4nster f\u00f6r hela processen, fr\u00e5n design och korrektur till massproduktion:<\/p>\n<ul>\n<li><strong>Strukturell optimering<\/strong>: Verifiera l\u00e5dans b\u00e4righet och att \u00f6ppning och st\u00e4ngning g\u00e5r smidigt genom 3D-modellering;<\/li>\n<li><strong>Kvalitetskontroll<\/strong>: Laboratoriet genomf\u00f6r kompressions-, fukt- och falltester f\u00f6r att s\u00e4kerst\u00e4lla transports\u00e4kerheten;<\/li>\n<li><strong>Flexibel produktion<\/strong>: St\u00f6der en minsta best\u00e4llning p\u00e5 500, stor kvantitet och bra pris, och snabb leverans inom 7-15 dagar.<\/li>\n<\/ul>\n<h2 id=\"-why-choose-us-\"><strong>Varf\u00f6r v\u00e4lja oss?<\/strong><\/h2>\n<ul>\n<li><strong>Professionellt team<\/strong>: Designers och ingenj\u00f6rer utvecklar tillsammans och balanserar estetik och funktionalitet;<\/li>\n<li><strong>Kostnadsf\u00f6rdel<\/strong>: Fabriksdirekt drift, minskning av mellanliggande l\u00e4nkar och minskning av de totala kostnaderna med 15%-30%;<\/li>\n<li><strong>Garanti efter f\u00f6rs\u00e4ljning<\/strong>: Ge returorder\u00e5terk\u00f6pstj\u00e4nst f\u00f6r att l\u00f6sa transportskador eller tillverkningsfel.<\/li>\n<\/ul>","protected":false},"excerpt":{"rendered":"<p>Design f\u00f6r pappersl\u00e5da med l\u00e5da Slide open F\u00f6rb\u00e4ttra upplevelsen av att packa upp l\u00e5dan. L\u00e5dans kropp \u00e4r Herm\u00e8s orange, som har b\u00e5de vitalitet och v\u00e4rme. Det kan locka kundernas uppm\u00e4rksamhet p\u00e5 hyllans displaysk\u00e5p. Fodret kan anpassas efter dina behov f\u00f6r att uppn\u00e5 noll produktr\u00f6relse och skydda dina parfym- och kosmetikflaskor fr\u00e5n skador<\/p>","protected":false},"featured_media":562,"template":"","meta":{"_kad_post_transparent":"default","_kad_post_title":"","_kad_post_layout":"default","_kad_post_sidebar_id":"","_kad_post_content_style":"default","_kad_post_vertical_padding":"default","_kad_post_feature":"","_kad_post_feature_position":"","_kad_post_header":false,"_kad_post_footer":false,"_kad_post_classname":""},"product_brand":[],"product_cat":[15,28,20,17],"product_tag":[186,185,187],"class_list":{"0":"post-559","1":"product","2":"type-product","3":"status-publish","4":"has-post-thumbnail","6":"product_cat-red-light-therapy","7":"product_cat-customize","8":"product_cat-led-face-light-therapy","9":"product_cat-services","10":"product_tag-cosmetic-boxes-supplies","11":"product_tag-custom-perfume-boxes","12":"product_tag-wholesale-premium-boxes","14":"first","15":"instock","16":"shipping-taxable","17":"product-type-simple","18":"entry","19":"content-bg","20":"loop-entry"},"_links":{"self":[{"href":"https:\/\/red-lighttherapy.com\/sv\/wp-json\/wp\/v2\/product\/559","targetHints":{"allow":["GET"]}}],"collection":[{"href":"https:\/\/red-lighttherapy.com\/sv\/wp-json\/wp\/v2\/product"}],"about":[{"href":"https:\/\/red-lighttherapy.com\/sv\/wp-json\/wp\/v2\/types\/product"}],"wp:featuredmedia":[{"embeddable":true,"href":"https:\/\/red-lighttherapy.com\/sv\/wp-json\/wp\/v2\/media\/562"}],"wp:attachment":[{"href":"https:\/\/red-lighttherapy.com\/sv\/wp-json\/wp\/v2\/media?parent=559"}],"wp:term":[{"taxonomy":"product_brand","embeddable":true,"href":"https:\/\/red-lighttherapy.com\/sv\/wp-json\/wp\/v2\/product_brand?post=559"},{"taxonomy":"product_cat","embeddable":true,"href":"https:\/\/red-lighttherapy.com\/sv\/wp-json\/wp\/v2\/product_cat?post=559"},{"taxonomy":"product_tag","embeddable":true,"href":"https:\/\/red-lighttherapy.com\/sv\/wp-json\/wp\/v2\/product_tag?post=559"}],"curies":[{"name":"wp","href":"https:\/\/api.w.org\/{rel}","templated":true}]}}