{"id":546,"date":"2025-04-12T07:30:15","date_gmt":"2025-04-12T07:30:15","guid":{"rendered":"https:\/\/red-lighttherapy.com\/?post_type=product&#038;p=546"},"modified":"2025-04-12T08:13:49","modified_gmt":"2025-04-12T08:13:49","slug":"custom-lipstick-lip-balm-gloss-paper-tube-packaging-supplier","status":"publish","type":"product","link":"https:\/\/red-lighttherapy.com\/sv\/custom-lipstick-lip-balm-gloss-paper-tube-packaging-supplier\/","title":{"rendered":"Anpassad l\u00e4ppstift l\u00e4ppbalsam glans papper r\u00f6r f\u00f6rpackning leverant\u00f6r"},"content":{"rendered":"<h2 id=\"-customized-lipstick-and-lip-balm-glossy-paper-tube-packaging-product-description-\"><strong>Anpassad l\u00e4ppstift och l\u00e4ppbalsam gl\u00e4nsande pappersr\u00f6r f\u00f6rpackning produktbeskrivning<\/strong><\/h2>\n<h2 id=\"-1-structural-design-cylindrical-top-and-bottom-lid-box-easy-to-operate-with-one-hand-\"><strong>1. Strukturell design: cylindrisk topp- och bottenl\u00e5da, l\u00e4tt att man\u00f6vrera med en hand<\/strong><\/h2>\n<ul>\n<li>Den cylindriska lockstrukturen med separerade \u00f6vre och nedre lock optimerar \u00f6ppnings- och st\u00e4ngningsupplevelsen och kan enkelt man\u00f6vreras med en hand, vilket \u00f6verensst\u00e4mmer med ergonomisk design.<\/li>\n<li>St\u00f6der personlig storleksanpassning (t.ex. diameter 15-32 mm, h\u00f6jd 50-150 mm), l\u00e4mplig f\u00f6r l\u00e4ppstift och l\u00e4ppbalsamprodukter med olika specifikationer.<\/li>\n<\/ul>\n<h2 id=\"-2-visual-aesthetics-red-and-pink-contrast-and-artistic-lines-\"><strong>2. Visuell estetik: kontrast mellan r\u00f6tt och rosa och konstn\u00e4rliga linjer<\/strong><\/h2>\n<ul>\n<li>Huvudf\u00e4rgen \u00e4r h\u00f6gm\u00e4ttad r\u00f6d och rosa, kombinerad med gradient- eller splicingteknik f\u00f6r att skapa en ungdomlig och trendig visuell effekt.<\/li>\n<li>L\u00e5dans kropp inneh\u00e5ller sl\u00e4ta konstn\u00e4rliga linjer eller geometriska m\u00f6nster, och den kontrasterande f\u00e4rgdesignen f\u00f6rst\u00e4rker sk\u00f6nhetstemat och f\u00f6rmedlar varum\u00e4rkets vitalitet och konstn\u00e4rliga k\u00e4nsla.<\/li>\n<\/ul>\n<h2 id=\"-3-craft-details-hot-silver-logo-and-layering-enhancement-\"><strong>3. Hantverksdetaljer: logotyp i varm silver och skiktf\u00f6rst\u00e4rkning<\/strong><\/h2>\n<ul>\n<li>Den heta silvertekniken anv\u00e4nds f\u00f6r att exakt presentera detaljer som varum\u00e4rkeslogotyp och textlogotyp, vilket s\u00e4kerst\u00e4ller att de sm\u00e5 m\u00f6nstren \u00e4r tydliga och k\u00e4nsliga och att ber\u00f6ringen \u00e4r tredimensionell och rik p\u00e5 lager.<\/li>\n<li>UV-bel\u00e4ggning, matt film och andra ytbehandlingsprocesser kan l\u00e4ggas p\u00e5 f\u00f6r att f\u00f6rb\u00e4ttra textur och slitstyrka.<\/li>\n<\/ul>\n<h2 id=\"-4-material-and-printing-full-dimensional-customized-service-\"><strong>4. Material och utskrift: fulldimensionell anpassad tj\u00e4nst<\/strong><\/h2>\n<ul>\n<li><strong>Val av material<\/strong>: Tillhandah\u00e5lla milj\u00f6v\u00e4nligt kraftpapper, nedbrytbar plast, vit kartong och andra substrat, med h\u00e4nsyn till h\u00e5llbarhet och h\u00e5llbarhet.<\/li>\n<li><strong>Tryckprocessen<\/strong>: St\u00f6d f\u00e4rgutskrift, pr\u00e4gling, UV lokal ljus yta och andra processer, anpassa sig till komplexa m\u00f6nster och varum\u00e4rkesf\u00e4rgkrav.<\/li>\n<\/ul>\n<h2 id=\"-5-production-and-quality-control-efficient-and-stable-large-scale-delivery-capabilities-\"><strong>5. Produktions- och kvalitetskontroll: effektiv och stabil storskalig leveransf\u00f6rm\u00e5ga<\/strong><\/h2>\n<ul>\n<li><strong>Automatiserad produktionslinje<\/strong>: Utrustad med helautomatisk formsprutnings-, tryck- och monteringsutrustning, med en daglig produktionskapacitet p\u00e5 mer \u00e4n 5 miljoner stycken, vilket st\u00f6der snabb respons p\u00e5 n\u00f6dbest\u00e4llningar.<\/li>\n<li><strong>Kvalitetssystem<\/strong>: Fr\u00e5n upphandling av r\u00e5material (t.ex. milj\u00f6v\u00e4nliga bl\u00e4ck som \u00e4r certifierade av MSDS) till leverans av f\u00e4rdiga produkter genomf\u00f6rs 12 inspektionsprocesser f\u00f6r att s\u00e4kerst\u00e4lla att dimensionsfelet \u00e4r \u22640,1 mm och tryckf\u00e4rgskillnaden \u0394E\u22641,5.<\/li>\n<\/ul>\n<h2 id=\"-6-value-added-services-one-stop-brand-empowerment-\"><strong>6. Merv\u00e4rdestj\u00e4nster: en enda kontaktpunkt f\u00f6r att st\u00e4rka varum\u00e4rket<\/strong><\/h2>\n<ul>\n<li>Tillhandah\u00e5lla OEM\/ODM-tj\u00e4nster, st\u00f6dja anpassning av m\u00f6gel, godk\u00e4nnande av privata m\u00e4rken och gr\u00e4ns\u00f6verskridande specialanv\u00e4ndning.<\/li>\n<li>Tillhandah\u00e5lla st\u00f6djande l\u00f6sningar f\u00f6r ytterf\u00f6rpackningar (t.ex. dammp\u00e5sar, pappersburkar med band, innerbrickor av EVA) och logistikoptimering f\u00f6r att minska transportf\u00f6rlusterna.<\/li>\n<\/ul>","protected":false},"excerpt":{"rendered":"<p>Pappersr\u00f6rsf\u00f6rpackningen med lock och botten antar en separat struktur av \u00f6vre och nedre lock, som \u00e4r l\u00e4tt att anv\u00e4nda med en hand. L\u00e5dans stomme \u00e4r huvudsakligen r\u00f6d och rosa, vilket har en stark visuell effekt och \u00f6verensst\u00e4mmer med tonen i ett ungt och trendigt varum\u00e4rke.<\/p>","protected":false},"featured_media":548,"template":"","meta":{"_kad_post_transparent":"default","_kad_post_title":"","_kad_post_layout":"default","_kad_post_sidebar_id":"","_kad_post_content_style":"default","_kad_post_vertical_padding":"default","_kad_post_feature":"","_kad_post_feature_position":"","_kad_post_header":false,"_kad_post_footer":false,"_kad_post_classname":""},"product_brand":[],"product_cat":[15,28,17],"product_tag":[184,183,182],"class_list":{"0":"post-546","1":"product","2":"type-product","3":"status-publish","4":"has-post-thumbnail","6":"product_cat-red-light-therapy","7":"product_cat-customize","8":"product_cat-services","9":"product_tag-custom-lipstick-lip-balm-packaging-supplier","10":"product_tag-lip-balm-packaging","11":"product_tag-lipstick-paper-tube","13":"first","14":"instock","15":"shipping-taxable","16":"product-type-simple","17":"entry","18":"content-bg","19":"loop-entry"},"_links":{"self":[{"href":"https:\/\/red-lighttherapy.com\/sv\/wp-json\/wp\/v2\/product\/546","targetHints":{"allow":["GET"]}}],"collection":[{"href":"https:\/\/red-lighttherapy.com\/sv\/wp-json\/wp\/v2\/product"}],"about":[{"href":"https:\/\/red-lighttherapy.com\/sv\/wp-json\/wp\/v2\/types\/product"}],"wp:featuredmedia":[{"embeddable":true,"href":"https:\/\/red-lighttherapy.com\/sv\/wp-json\/wp\/v2\/media\/548"}],"wp:attachment":[{"href":"https:\/\/red-lighttherapy.com\/sv\/wp-json\/wp\/v2\/media?parent=546"}],"wp:term":[{"taxonomy":"product_brand","embeddable":true,"href":"https:\/\/red-lighttherapy.com\/sv\/wp-json\/wp\/v2\/product_brand?post=546"},{"taxonomy":"product_cat","embeddable":true,"href":"https:\/\/red-lighttherapy.com\/sv\/wp-json\/wp\/v2\/product_cat?post=546"},{"taxonomy":"product_tag","embeddable":true,"href":"https:\/\/red-lighttherapy.com\/sv\/wp-json\/wp\/v2\/product_tag?post=546"}],"curies":[{"name":"wp","href":"https:\/\/api.w.org\/{rel}","templated":true}]}}